{"id":2777,"date":"2016-08-18T10:56:30","date_gmt":"2016-08-18T09:56:30","guid":{"rendered":"https:\/\/www.decraafrica.com\/\/?page_id=2777"},"modified":"2021-02-09T17:28:36","modified_gmt":"2021-02-09T17:28:36","slug":"certifications-testing","status":"publish","type":"page","link":"https:\/\/www.decraafrica.com\/fr\/certifications-testing\/","title":{"rendered":"Certifications"},"content":{"rendered":"<div class=\"wpb-content-wrapper\"><p>[vc_row css=&#8221;.vc_custom_1532945193700{margin-top: 30px !important;margin-bottom: 25px !important;padding-top: 0px !important;padding-bottom: 0px !important;}&#8221;][vc_column][vc_custom_heading text=&#8221;CERTIFICATIONS&#8221; font_container=&#8221;tag:h1|font_size:34|text_align:center|color:%23104471&#8243; use_theme_fonts=&#8221;yes&#8221; el_class=&#8221;heading-title&#8221; css=&#8221;.vc_custom_1612891636243{margin-top: 20px !important;border-top-width: 0px !important;padding-top: 0px !important;padding-bottom: 0px !important;}&#8221;][\/vc_column][\/vc_row][vc_row css=&#8221;.vc_custom_1612358432682{margin-top: 50px !important;}&#8221;][vc_column][vc_tta_accordion color=&#8221;blue&#8221; c_icon=&#8221;triangle&#8221; active_section=&#8221;1&#8243; collapsible_all=&#8221;true&#8221;][vc_tta_section title=&#8221;R\u00e9sistance aux intemp\u00e9ries&#8221; tab_id=&#8221;1471514392802-e3c5e5bc-6976&#8243;][vc_column_text]<\/p>\n<p style=\"padding-left: 30px; font-size: 14px;\"><span style=\"color: #000; line-height: 16px; margin-top: 20px;\">Test de r\u00e9sistance \u00e0 l&#8217;impact des gr\u00ealons &#8211; par le Commonwealth Scientific and Industrial Research Organization (CSIRO) Australia. (AHI 9.1)<\/span><\/p>\n<p>[\/vc_column_text][\/vc_tta_section][vc_tta_section title=&#8221;S\u00e9curit\u00e9 m\u00e9t\u00e9orologique&#8221; tab_id=&#8221;1471514392889-3929ea72-e9bf&#8221;][vc_column_text]<\/p>\n<ul style=\"padding-left: 30px;\">\n<li><span style=\"color: #000000; line-height: 16px; font-size: 14px;\">Tests de p\u00e9n\u00e9tration dynamique de la pluie \u00e0 grande vitesse et de charge par vent fort &#8211; par le Laboratoire de recherche en construction Inc, Floride, \u00c9tats-Unis. (AHI 2.1.1)<\/span><\/li>\n<li><span style=\"color: #000000; line-height: 16px; font-size: 14px;\">Test de p\u00e9n\u00e9tration dynamique de la pluie \u00e0 basse vitesse &#8211; par la station de construction exp\u00e9rimentale, Australie. (AHI 2.1.9)<\/span><\/li>\n<\/ul>\n<p>[\/vc_column_text][\/vc_tta_section][vc_tta_section title=&#8221;R\u00e9sistance au vent aux ouragans \/ cyclones&#8221; tab_id=&#8221;1471514616921-ce465166-1d01&#8243;][vc_column_text]<\/p>\n<ul style=\"padding-left: 30px;\">\n<li><span style=\"color: #000000; line-height: 16px; font-size: 14px;\">Ouragan test\u00e9 par le Construction Research Laboratory Inc., Miami, Floride, \u00c9tats-Unis (AHI 2.1.1)<\/span><\/li>\n<li><span style=\"color: #000000; line-height: 16px; font-size: 14px;\">Essai de chargement cyclonique selon le code de chargement du vent, norme australienne 1170, partie 2 1975 &#8211; par la station d&#8217;essai cyclonique, Australie. (AHI 2.3.12, 2.3.13)<\/span><\/li>\n<\/ul>\n<p>[\/vc_column_text][\/vc_tta_section][vc_tta_section title=&#8221;R\u00e9sistance thermique&#8221; tab_id=&#8221;1471595642880-77cf2f1b-3b63&#8243;][vc_column_text]<\/p>\n<p style=\"padding-left: 30px; font-size: 14px;\"><span style=\"color: #000; line-height: 16px; margin-top: 20px;\">Propri\u00e9t\u00e9s thermiques avec et sans sous-couches (sarking). Tests par le centre technique AHI, Nouvelle-Z\u00e9lande. (AHI 2.5.2, 3.63)<\/span><\/p>\n<p>[\/vc_column_text][\/vc_tta_section][vc_tta_section title=&#8221;Chargement concentr\u00e9&#8221; tab_id=&#8221;1471596127268-6d4dfe81-dcbf&#8221;][vc_column_text]<\/p>\n<p style=\"padding-left: 30px; font-size: 14px;\"><span style=\"color: #000; line-height: 16px; margin-top: 20px;\">Concentrated Force on Roofing Tiles in Australian Standard 1562. Rule 5.2, 1973 by the Cyclone Testing Station, Australia. (AHI 2.2.2, 2.1.9)<\/span><\/p>\n<p>[\/vc_column_text][\/vc_tta_section][vc_tta_section title=&#8221;Qualit\u00e9 de l&#8217;eau potable&#8221; tab_id=&#8221;1471596321565-2e0f7301-c78a&#8221;][vc_column_text]<\/p>\n<p style=\"padding-left: 30px; font-size: 14px;\"><span style=\"color: #000; line-height: 16px; margin-top: 20px;\">Le ruissellement des eaux de pluie se situe bien dans les limites inf\u00e9rieures des normes de l\u2019Organisation mondiale de la sant\u00e9. Tests r\u00e9alis\u00e9s par Water Science Laboratories, Australie. (AHI 2.5.27, 2.5.28, 2.5.29, 2.5.30).<\/span><\/p>\n<p style=\"padding-left: 30px; font-size: 14px;\"><span style=\"color: #000; line-height: 16px; margin-top: 20px;\">Remarque: En raison de l&#8217;utilisation d&#8217;agents tensioactifs dans la couche de base, l&#8217;eau ne doit pas \u00eatre collect\u00e9e du toit \u00e0 des fins de boisson avant au moins trois bonnes pluies.<\/span><\/p>\n<p>[\/vc_column_text][\/vc_tta_section][vc_tta_section title=&#8221;R\u00e9sistance au feu&#8221; tab_id=&#8221;1471597034210-eb3d2c86-7000&#8243;][vc_column_text]<\/p>\n<ul style=\"padding-left: 30px;\">\n<li><span style=\"color: #000000; line-height: 16px; font-size: 14px;\">Otto Graf Institute, Allemagne &#8211; R\u00e9sistance aux feux volants et \u00e0 la chaleur radiante, Cert. Non: DIN4102 \/ 7 octobre 2000.<\/span><\/li>\n<li><span style=\"color: #000000; line-height: 16px; font-size: 14px;\">Approbation d&#8217;essai d&#8217;incendie du minist\u00e8re japonais de la construction n \u00b0: 11513, juillet 1993.<\/span><\/li>\n<li><span style=\"color: #000000; line-height: 16px; font-size: 14px;\">Classements de r\u00e9sistance au feu des classes A, B et C des Laboratoires des assureurs du Canada (ULC).<\/span><\/li>\n<li><span style=\"color: #000000; line-height: 16px; font-size: 14px;\">Indice de toit ignifuge de classe A et B, r\u00e9fection de la toiture sur les bardeaux de bois, bardeaux de bois ou bardeaux d&#8217;asphalte existants, conform\u00e9ment aux exigences de l&#8217;ICBO. (AHI 3,64).<\/span><\/li>\n<li><span style=\"color: #000000; line-height: 16px; font-size: 14px;\">Early Fire Hazard Test to Australian Standard 1530, Part 3 &#8211; par la Building Research Association of New Zealand. (AHI 2.4.4) Cotes de test sup\u00e9rieures \u00e0 celles obtenues en utilisant une sous-couche appropri\u00e9e.(AHI 3.64).<\/span><\/li>\n<\/ul>\n<p>[\/vc_column_text][\/vc_tta_section][vc_tta_section title=&#8221;R\u00e9sistance aux tremblements de terre&#8221; tab_id=&#8221;1471597334285-e5a8e35a-e792&#8243;][vc_column_text]<\/p>\n<ul style=\"padding-left: 30px;\">\n<li><span style=\"color: #000000; line-height: 16px; font-size: 14px;\">Wakefield Laboratories Limited of New Zealand \u2013 Simulated Earthquake Test 1969. (AHI 2.5.34).<\/span><\/li>\n<li><span style=\"color: #000000; line-height: 16px; font-size: 14px;\">Rapport de performance des mat\u00e9riaux de toiture pendant le tremblement de terre de 6,8 Northridge, TMC USA 1994. Rapport de performance des mat\u00e9riaux de toiture pendant le tremblement de terre de 6,8 Northridge, TMC USA 1994.<\/span><\/li>\n<\/ul>\n<p>[\/vc_column_text][\/vc_tta_section][vc_tta_section title=&#8221;Certification du b\u00e2timent&#8221; tab_id=&#8221;1471597430634-c27a8aa4-6f05&#8243;][vc_column_text]<\/p>\n<ul style=\"padding-left: 30px;\">\n<li><span style=\"color: #000000; line-height: 16px; font-size: 14px;\">British Board of Agrement, \u00e9valuation des produits pour la construction &#8211; Certificat no: 99\/3568 mars 1999. British Board of Agrement, \u00e9valuation des produits pour la construction &#8211; Certificat no: 99\/3568 mars 1999.<\/span><\/li>\n<li><span style=\"color: #000000; line-height: 16px; font-size: 14px;\">BRANZ (Building Research Association New Zealand) Appraisal Certificate No: 314, Ocotber 1998. BRANZ (Building Research Association New Zealand) Appraisal Certificate No: 314, October 1998.<\/span><\/li>\n<\/ul>\n<p>[\/vc_column_text][\/vc_tta_section][\/vc_tta_accordion][\/vc_column][\/vc_row][vc_row css=&#8221;.vc_custom_1581535844030{margin-top: 20px !important;margin-bottom: 20px !important;padding-top: 0px !important;padding-bottom: 0px !important;}&#8221;][vc_column][vc_custom_heading text=&#8221;EXPLOREZ LES TOITS DECRA&#8221; font_container=&#8221;tag:h2|font_size:40|text_align:center|color:%23104471&#8243; use_theme_fonts=&#8221;yes&#8221; el_class=&#8221;heading-title&#8221; css=&#8221;.vc_custom_1612271448983{margin-top: 0px !important;border-top-width: 0px !important;border-bottom-width: 0px !important;padding-top: 0px !important;padding-bottom: 0px !important;}&#8221;][\/vc_column][\/vc_row][vc_row gap=&#8221;10&#8243; parallax=&#8221;content-moving&#8221; css=&#8221;.vc_custom_1612357177840{margin-top: 0px !important;border-top-width: 1px !important;border-right-width: 1px !important;border-bottom-width: 1px !important;border-left-width: 1px !important;padding-right: 10px !important;padding-left: 10px !important;}&#8221;][vc_column width=&#8221;1\/4&#8243; css=&#8221;.vc_custom_1510848685064{padding-right: 10px !important;padding-left: 10px !important;}&#8221;][vc_single_image image=&#8221;12884&#8243; img_size=&#8221;full&#8221; css=&#8221;.vc_custom_1612271934988{margin-bottom: 0px !important;border-top-width: 1px !important;border-right-width: 1px !important;border-bottom-width: 1px !important;border-left-width: 1px !important;border-left-color: #e8e8e8 !important;border-left-style: solid !important;border-right-color: #e8e8e8 !important;border-right-style: solid !important;border-top-color: #e8e8e8 !important;border-top-style: solid !important;border-bottom-color: #e8e8e8 !important;border-bottom-style: solid !important;border-radius: 1px !important;}&#8221; el_class=&#8221;popmake-8948&#8243;][vc_custom_heading text=&#8221;HISTOIRE ET PATRIMOINE&#8221; font_container=&#8221;tag:h2|font_size:16|text_align:center|color:%23144071&#8243; use_theme_fonts=&#8221;yes&#8221; css=&#8221;.vc_custom_1612272391953{margin-top: 15px !important;margin-bottom: 15px !important;}&#8221;][vc_column_text]<\/p>\n<p style=\"text-align: center;\"><span style=\"color: #000; font-size: 14px;\">D\u00e9couvrez comment la tuile Decra a \u00e9t\u00e9 invent\u00e9e et comment nous avons dirig\u00e9 le monde pendant plus de 60 ans.<\/span><\/p>\n<p>[\/vc_column_text][vc_empty_space height=&#8221;26px&#8221;][vc_btn title=&#8221;QU&#8217;EST-CE QUE DECRA?&#8221; style=&#8221;classic&#8221; shape=&#8221;round&#8221; color=&#8221;black&#8221; size=&#8221;sm&#8221; align=&#8221;center&#8221; css_animation=&#8221;none&#8221; button_block=&#8221;true&#8221; custom_onclick=&#8221;true&#8221; link=&#8221;url:https%3A%2F%2Fwww.decraafrica.com%2Ffr%2Fchoose-decra%2F|title:Why%20Choose%20Decra%3F&#8221; custom_onclick_code=&#8221;return lepopup_popup_open(&#8216;VVoDWIWs9fyhabnW&#8217;);&#8221; el_class=&#8221;wppopup&#8221;][\/vc_column][vc_column width=&#8221;1\/4&#8243; css=&#8221;.vc_custom_1510848693781{padding-right: 10px !important;padding-left: 10px !important;}&#8221;][vc_single_image image=&#8221;12885&#8243; img_size=&#8221;full&#8221; onclick=&#8221;custom_link&#8221; css=&#8221;.vc_custom_1612271960485{margin-bottom: 0px !important;border-top-width: 1px !important;border-right-width: 1px !important;border-bottom-width: 1px !important;border-left-width: 1px !important;border-left-color: #dddddd !important;border-left-style: solid !important;border-right-color: #dddddd !important;border-right-style: solid !important;border-top-color: #dddddd !important;border-top-style: solid !important;border-bottom-color: #dddddd !important;border-bottom-style: solid !important;border-radius: 1px !important;}&#8221; link=&#8221;https:\/\/www.decraafrica.com\/genuine-decra\/&#8221;][vc_custom_heading text=&#8221;DECRA AUTHENTIQUE&#8221; font_container=&#8221;tag:h2|font_size:16|text_align:center|color:%23144071&#8243; use_theme_fonts=&#8221;yes&#8221; css=&#8221;.vc_custom_1612272365762{margin-top: 15px !important;margin-bottom: 15px !important;}&#8221; link=&#8221;url:https%3A%2F%2Fwww.decraafrica.com\/genuine-decra%2F|||&#8221;][vc_column_text]<\/p>\n<p style=\"text-align: center;\"><span style=\"color: #000; font-size: 14px;\">M\u00e9fiez-vous des faux tuiles Decra, ils ne fonctionneront pas selon nos normes \u00e9lev\u00e9es. D\u00e9couvrez comment faire la diff\u00e9rence.<\/span><\/p>\n<p>[\/vc_column_text][vc_btn title=&#8221;EN SAVOIR PLUS&#8221; style=&#8221;classic&#8221; shape=&#8221;round&#8221; color=&#8221;black&#8221; size=&#8221;sm&#8221; align=&#8221;center&#8221; css_animation=&#8221;none&#8221; button_block=&#8221;true&#8221; link=&#8221;url:https%3A%2F%2Fwww.decraafrica.com%2Ffr%2Fgenuine-decra%2F&#8221; css=&#8221;.vc_custom_1612272612684{margin-top: 0px !important;padding-top: 0px !important;}&#8221;][\/vc_column][vc_column width=&#8221;1\/4&#8243; css=&#8221;.vc_custom_1510850157951{padding-right: 10px !important;padding-left: 10px !important;}&#8221;][vc_single_image image=&#8221;12886&#8243; img_size=&#8221;full&#8221; onclick=&#8221;custom_link&#8221; css=&#8221;.vc_custom_1612272000898{margin-bottom: 0px !important;}&#8221; link=&#8221;https:\/\/www.decraafrica.com\/our-roof-tile\/&#8221;][vc_custom_heading text=&#8221;LA TUILE DECRA&#8221; font_container=&#8221;tag:h2|font_size:16|text_align:center|color:%23144071&#8243; use_theme_fonts=&#8221;yes&#8221; css=&#8221;.vc_custom_1612271525689{margin-top: 15px !important;margin-bottom: 15px !important;}&#8221; link=&#8221;url:https%3A%2F%2Fwww.decraafrica.com\/our-roof-tile%2F|||&#8221;][vc_column_text]<\/p>\n<p style=\"text-align: center;\"><span style=\"color: #000; font-size: 14px;\">D\u00e9couvrez comment une tuile Decra est fabriqu\u00e9e et pourquoi nos tuiles surpassent toutes les autres toitures m\u00e9talliques.<\/span><\/p>\n<p>[\/vc_column_text][vc_btn title=&#8221;POURQUOI DECRA EST LE MEILLEUR?&#8221; style=&#8221;classic&#8221; shape=&#8221;round&#8221; color=&#8221;black&#8221; size=&#8221;sm&#8221; align=&#8221;center&#8221; css_animation=&#8221;none&#8221; button_block=&#8221;true&#8221; link=&#8221;url:https%3A%2F%2Fwww.decraafrica.com%2Ffr%2Froof-explained%2F&#8221;][\/vc_column][vc_column width=&#8221;1\/4&#8243; css=&#8221;.vc_custom_1510850202928{padding-right: 10px !important;padding-left: 10px !important;}&#8221;][vc_single_image image=&#8221;12887&#8243; img_size=&#8221;full&#8221; onclick=&#8221;custom_link&#8221; css=&#8221;.vc_custom_1612272033604{margin-bottom: 0px !important;}&#8221; link=&#8221;https:\/\/www.decraafrica.com\/performance\/&#8221;][vc_custom_heading text=&#8221;PERFORMANCE&#8221; font_container=&#8221;tag:h2|font_size:16|text_align:center|color:%23144071&#8243; use_theme_fonts=&#8221;yes&#8221; css=&#8221;.vc_custom_1533548470274{margin-top: 15px !important;margin-bottom: 15px !important;}&#8221; link=&#8221;url:https%3A%2F%2Fwww.decraafrica.com\/performance%2F|||&#8221;][vc_column_text]<\/p>\n<p style=\"text-align: center;\"><span style=\"color: #000; font-size: 14px;\">Qu&#8217;il s&#8217;agisse du vent, de la pluie ou du feu, les tuiles Decra Roof sont les leaders mondiaux en mati\u00e8re de performances et sont \u00e9galement garanties 50 ans.<\/span><\/p>\n<p>[\/vc_column_text][vc_btn title=&#8221;V\u00c9RIFIER LES PERFORMANCES&#8221; style=&#8221;classic&#8221; shape=&#8221;round&#8221; color=&#8221;black&#8221; size=&#8221;sm&#8221; align=&#8221;center&#8221; css_animation=&#8221;none&#8221; button_block=&#8221;true&#8221; link=&#8221;url:https%3A%2F%2Fwww.decraafrica.com%2Ffr%2Fperformance%2F&#8221;][\/vc_column][\/vc_row][vc_row full_width=&#8221;stretch_row&#8221; css=&#8221;.vc_custom_1532943974139{margin-top: 0px !important;margin-bottom: 0px !important;padding-top: 40px !important;padding-bottom: 40px !important;background-color: #ffd500 !important;}&#8221;][vc_column width=&#8221;1\/3&#8243;][vc_single_image image=&#8221;12883&#8243; img_size=&#8221;large&#8221; alignment=&#8221;center&#8221;][\/vc_column][vc_column width=&#8221;2\/3&#8243;][vc_custom_heading text=&#8221;PROCHAINES \u00c9TAPES&#8221; font_container=&#8221;tag:h2|font_size:32|text_align:left|color:%23104471&#8243; use_theme_fonts=&#8221;yes&#8221; el_class=&#8221;heading-title&#8221; css=&#8221;.vc_custom_1612271760467{margin-top: 0px !important;border-top-width: 0px !important;border-bottom-width: 0px !important;padding-top: 0px !important;padding-bottom: 0px !important;}&#8221;][vc_column_text css=&#8221;.vc_custom_1612271775918{margin-top: 0px !important;margin-bottom: 0px !important;padding-top: 0px !important;padding-bottom: 0px !important;}&#8221;]<span style=\"font-size: 22px; color: #144071; font-weight: 500;\"><strong>Nous sommes l\u00e0 pour vous guider au long du processus de s\u00e9lection du toit qui vous convient.<\/strong><\/span>[\/vc_column_text][vc_column_text css=&#8221;.vc_custom_1612271795242{margin-top: 15px !important;margin-bottom: 15px !important;padding-top: 0px !important;padding-bottom: 0px !important;}&#8221;]<span style=\"font-size: 14px; color: #000;\">Nos distributeurs sont des professionnels qui sauront \u00e9couter vos exigences, vous faire des recommandations et calculer vos besoins en toiture, Pour votre toiture de r\u00eave, prenez rendez-vous le jour et \u00e0 l&#8217;heure qui vous conviennent &#8230;.. <\/span>[\/vc_column_text][vc_btn title=&#8221;Prenez contact avec nous&#8221; style=&#8221;flat&#8221; shape=&#8221;round&#8221; color=&#8221;primary&#8221; link=&#8221;url:https%3A%2F%2Fwww.decraafrica.com%2Ffr%2Fcontact%2F&#8221;][\/vc_column][\/vc_row]<\/p>\n<\/div>","protected":false},"excerpt":{"rendered":"<p>[vc_row css=&#8221;.vc_custom_1532945193700{margin-top: 30px !important;margin-bottom: 25px !important;padding-top: 0px !important;padding-bottom: 0px !important;}&#8221;][vc_column][vc_custom_heading text=&#8221;CERTIFICATIONS&#8221; font_container=&#8221;tag:h1|font_size:34|text_align:center|color:%23104471&#8243; use_theme_fonts=&#8221;yes&#8221; el_class=&#8221;heading-title&#8221; css=&#8221;.vc_custom_1612891636243{margin-top: 20px !important;border-top-width: 0px !important;padding-top: 0px !important;padding-bottom: 0px !important;}&#8221;][\/vc_column][\/vc_row][vc_row css=&#8221;.vc_custom_1612358432682{margin-top: 50px !important;}&#8221;][vc_column][vc_tta_accordion color=&#8221;blue&#8221; c_icon=&#8221;triangle&#8221; active_section=&#8221;1&#8243; collapsible_all=&#8221;true&#8221;][vc_tta_section title=&#8221;R\u00e9sistance aux intemp\u00e9ries&#8221; tab_id=&#8221;1471514392802-e3c5e5bc-6976&#8243;][vc_column_text] Test de r\u00e9sistance \u00e0 l&#8217;impact des gr\u00ealons &#8211; par le Commonwealth Scientific and Industrial Research Organization (CSIRO) Australia. (AHI 9.1) [\/vc_column_text][\/vc_tta_section][vc_tta_section [&hellip;]<\/p>\n","protected":false},"author":1,"featured_media":0,"parent":0,"menu_order":0,"comment_status":"closed","ping_status":"closed","template":"","meta":{"content-type":"","footnotes":""},"class_list":["post-2777","page","type-page","status-publish","hentry"],"_links":{"self":[{"href":"https:\/\/www.decraafrica.com\/fr\/wp-json\/wp\/v2\/pages\/2777","targetHints":{"allow":["GET"]}}],"collection":[{"href":"https:\/\/www.decraafrica.com\/fr\/wp-json\/wp\/v2\/pages"}],"about":[{"href":"https:\/\/www.decraafrica.com\/fr\/wp-json\/wp\/v2\/types\/page"}],"author":[{"embeddable":true,"href":"https:\/\/www.decraafrica.com\/fr\/wp-json\/wp\/v2\/users\/1"}],"replies":[{"embeddable":true,"href":"https:\/\/www.decraafrica.com\/fr\/wp-json\/wp\/v2\/comments?post=2777"}],"version-history":[{"count":5,"href":"https:\/\/www.decraafrica.com\/fr\/wp-json\/wp\/v2\/pages\/2777\/revisions"}],"predecessor-version":[{"id":13377,"href":"https:\/\/www.decraafrica.com\/fr\/wp-json\/wp\/v2\/pages\/2777\/revisions\/13377"}],"wp:attachment":[{"href":"https:\/\/www.decraafrica.com\/fr\/wp-json\/wp\/v2\/media?parent=2777"}],"curies":[{"name":"wp","href":"https:\/\/api.w.org\/{rel}","templated":true}]}}