{"id":6188,"date":"2017-11-23T19:15:23","date_gmt":"2017-11-23T16:15:23","guid":{"rendered":"https:\/\/www.decraafrica.com\/\/?page_id=6188"},"modified":"2021-02-09T18:21:24","modified_gmt":"2021-02-09T18:21:24","slug":"installers","status":"publish","type":"page","link":"https:\/\/www.decraafrica.com\/fr\/installers\/","title":{"rendered":"T\u00e9l\u00e9charger les guides d&#8217;installation"},"content":{"rendered":"<div class=\"wpb-content-wrapper\"><p>[vc_row css=&#8221;.vc_custom_1533127467740{margin-top: 40px !important;}&#8221;][vc_column width=&#8221;1\/2&#8243;][vc_row_inner css=&#8221;.vc_custom_1531219951933{margin-right: 10px !important;padding-bottom: 20px !important;background-color: #144071 !important;}&#8221;][vc_column_inner][vc_custom_heading text=&#8221;MANUEL D&#8217;INSTALLATION&#8221; font_container=&#8221;tag:h2|font_size:28|text_align:center|color:%23ffffff&#8221; use_theme_fonts=&#8221;yes&#8221; css=&#8221;.vc_custom_1612894513903{margin-top: 20px !important;margin-bottom: 20px !important;padding-bottom: 0px !important;}&#8221;][vc_single_image image=&#8221;13388&#8243; img_size=&#8221;full&#8221; css=&#8221;.vc_custom_1612894440458{padding-right: 20px !important;padding-left: 20px !important;}&#8221;][vc_btn title=&#8221;T\u00e9l\u00e9charger la brochure&#8221; style=&#8221;flat&#8221; shape=&#8221;round&#8221; color=&#8221;warning&#8221; align=&#8221;center&#8221; i_icon_fontawesome=&#8221;&#8221; button_block=&#8221;true&#8221; add_icon=&#8221;true&#8221; link=&#8221;url:https%3A%2F%2Fwww.decraafrica.com%2Ffr%2Fwp-content%2Fuploads%2Fsites%2F6%2F2021%2F02%2Fdecra-french-installation-guide.pdf|target:_blank&#8221; css=&#8221;.vc_custom_1612894525845{margin-bottom: 40px !important;}&#8221;][\/vc_column_inner][\/vc_row_inner][\/vc_column][vc_column width=&#8221;1\/2&#8243;][vc_row_inner css=&#8221;.vc_custom_1531219906226{margin-left: 10px !important;padding-bottom: 20px !important;background-color: #144071 !important;}&#8221;][vc_column_inner][vc_custom_heading text=&#8221;GUIDE DE NETTOYAGE DU TOIT&#8221; font_container=&#8221;tag:h2|font_size:28|text_align:center|color:%23ffffff&#8221; use_theme_fonts=&#8221;yes&#8221; css=&#8221;.vc_custom_1612894503626{margin-top: 20px !important;margin-bottom: 20px !important;padding-bottom: 0px !important;}&#8221;][vc_single_image image=&#8221;13390&#8243; img_size=&#8221;full&#8221; css=&#8221;.vc_custom_1612894487142{padding-right: 20px !important;padding-left: 20px !important;}&#8221;][vc_btn title=&#8221;T\u00e9l\u00e9charger le guide de nettoyage du toit&#8221; style=&#8221;flat&#8221; shape=&#8221;round&#8221; color=&#8221;warning&#8221; align=&#8221;center&#8221; i_icon_fontawesome=&#8221;&#8221; button_block=&#8221;true&#8221; add_icon=&#8221;true&#8221; link=&#8221;url:https%3A%2F%2Fwww.decraafrica.com%2Fwp-content%2Fuploads%2F2018%2F11%2FE-Decra-Generic-English-Roof-Cleaning-Guide.pdf||target:%20_blank|&#8221; css=&#8221;.vc_custom_1612894536982{margin-bottom: 40px !important;}&#8221;][\/vc_column_inner][\/vc_row_inner][\/vc_column][\/vc_row][vc_row full_width=&#8221;stretch_row&#8221; css=&#8221;.vc_custom_1511452977642{margin-top: 20px !important;margin-bottom: 20px !important;padding-top: 20px !important;padding-bottom: 20px !important;background-color: #fbc037 !important;}&#8221;][vc_column][vc_column_text]<\/p>\n<p style=\"text-align: center;\"><a href=\"https:\/\/www.decraafrica.com\/fr\/contact\/\"><span style=\"font-size: 28px; color: #144071;\"><strong>Rejoignez l&#8217;un de nos programmes de formation dans votre r\u00e9gion<\/strong><\/span><\/a><br \/>\n<span style=\"font-size: 20px; color: #144071;\"><a href=\"https:\/\/www.decraafrica.com\/fr\/contact\/\">Cliquez ici et nous vous enverrons les d\u00e9tails de votre centre de formation local<\/a><\/span><\/p>\n<p>[\/vc_column_text][\/vc_column][\/vc_row][vc_row css=&#8221;.vc_custom_1531220916130{margin-top: 30px !important;margin-bottom: 60px !important;}&#8221;][vc_column width=&#8221;1\/2&#8243;][vc_single_image image=&#8221;12916&#8243; img_size=&#8221;large&#8221; css_animation=&#8221;zoomIn&#8221;][\/vc_column][vc_column width=&#8221;1\/2&#8243;][vc_column_text]<span style=\"font-size: 24px;\"><strong><span style=\"color: #144071;\"><br \/>\nV\u00c9RIFIEZ TOUJOURS LE DOS DE VOS CARREAUX POUR LE LOGO DECRA<\/span><\/strong><\/span><br \/>\n<span style=\"font-size: 24px; color: #144071; text-align: center;\"><strong>SI CE N&#8217;EST PAS L\u00c0, CE N&#8217;EST PAS<\/strong><\/span><span style=\"font-size: 24px; color: #fbbb26;\"><strong>#GENUINEDECRA<\/strong><\/span>[\/vc_column_text][vc_btn title=&#8221;Assurez-vous que c&#8217;est #GenuineDecra&#8221; style=&#8221;flat&#8221; shape=&#8221;round&#8221; color=&#8221;black&#8221; link=&#8221;url:https%3A%2F%2Fwww.decraafrica.com%2Ffr%2Fgenuine-decra%2F|title:Make%20sure%20it%E2%80%99s%20%23GenuineDecra&#8221;][\/vc_column][\/vc_row][vc_row][vc_column][vc_custom_heading text=&#8221;VID\u00c9OS D&#8217;INSTALLATION&#8221; font_container=&#8221;tag:h2|font_size:34px|text_align:center|color:%23144071&#8243; google_fonts=&#8221;font_family:Montserrat%3Aregular%2C700|font_style:700%20bold%20regular%3A700%3Anormal&#8221; css=&#8221;.vc_custom_1612894605729{margin-top: 20px !important;margin-bottom: 20px !important;}&#8221;][vc_video link=&#8221;https:\/\/www.youtube.com\/watch?v=d5bvYw9NmeQ&amp;list=PLVFK7xmgEwmVdEXcvXVGyllse738WTpjZ&#8221; align=&#8221;center&#8221;][\/vc_column][\/vc_row][vc_row full_width=&#8221;stretch_row&#8221; css=&#8221;.vc_custom_1532943974139{margin-top: 0px !important;margin-bottom: 0px !important;padding-top: 40px !important;padding-bottom: 40px !important;background-color: #ffd500 !important;}&#8221;][vc_column width=&#8221;1\/3&#8243;][vc_single_image image=&#8221;12883&#8243; img_size=&#8221;large&#8221; alignment=&#8221;center&#8221;][\/vc_column][vc_column width=&#8221;2\/3&#8243;][vc_custom_heading text=&#8221;PROCHAINES \u00c9TAPES&#8221; font_container=&#8221;tag:h2|font_size:32|text_align:left|color:%23104471&#8243; use_theme_fonts=&#8221;yes&#8221; el_class=&#8221;heading-title&#8221; css=&#8221;.vc_custom_1612271760467{margin-top: 0px !important;border-top-width: 0px !important;border-bottom-width: 0px !important;padding-top: 0px !important;padding-bottom: 0px !important;}&#8221;][vc_column_text css=&#8221;.vc_custom_1612271775918{margin-top: 0px !important;margin-bottom: 0px !important;padding-top: 0px !important;padding-bottom: 0px !important;}&#8221;]<span style=\"font-size: 22px; color: #144071; font-weight: 500;\"><strong>Nous sommes l\u00e0 pour vous guider au long du processus de s\u00e9lection du toit qui vous convient.<\/strong><\/span>[\/vc_column_text][vc_column_text css=&#8221;.vc_custom_1612271795242{margin-top: 15px !important;margin-bottom: 15px !important;padding-top: 0px !important;padding-bottom: 0px !important;}&#8221;]<span style=\"font-size: 14px; color: #000;\">Nos distributeurs sont des professionnels qui sauront \u00e9couter vos exigences, vous faire des recommandations et calculer vos besoins en toiture, Pour votre toiture de r\u00eave, prenez rendez-vous le jour et \u00e0 l&#8217;heure qui vous conviennent &#8230;.. <\/span>[\/vc_column_text][vc_btn title=&#8221;Prenez contact avec nous&#8221; style=&#8221;flat&#8221; shape=&#8221;round&#8221; color=&#8221;primary&#8221; link=&#8221;url:https%3A%2F%2Fwww.decraafrica.com%2Ffr%2Fcontact%2F&#8221;][\/vc_column][\/vc_row]<\/p>\n<\/div>","protected":false},"excerpt":{"rendered":"<p>[vc_row css=&#8221;.vc_custom_1533127467740{margin-top: 40px !important;}&#8221;][vc_column width=&#8221;1\/2&#8243;][vc_row_inner css=&#8221;.vc_custom_1531219951933{margin-right: 10px !important;padding-bottom: 20px !important;background-color: #144071 !important;}&#8221;][vc_column_inner][vc_custom_heading text=&#8221;MANUEL D&#8217;INSTALLATION&#8221; font_container=&#8221;tag:h2|font_size:28|text_align:center|color:%23ffffff&#8221; use_theme_fonts=&#8221;yes&#8221; css=&#8221;.vc_custom_1612894513903{margin-top: 20px !important;margin-bottom: 20px !important;padding-bottom: 0px !important;}&#8221;][vc_single_image image=&#8221;13388&#8243; img_size=&#8221;full&#8221; css=&#8221;.vc_custom_1612894440458{padding-right: 20px !important;padding-left: 20px !important;}&#8221;][vc_btn title=&#8221;T\u00e9l\u00e9charger la brochure&#8221; style=&#8221;flat&#8221; shape=&#8221;round&#8221; color=&#8221;warning&#8221; align=&#8221;center&#8221; i_icon_fontawesome=&#8221;&#8221; button_block=&#8221;true&#8221; add_icon=&#8221;true&#8221; link=&#8221;url:https%3A%2F%2Fwww.decraafrica.com%2Ffr%2Fwp-content%2Fuploads%2Fsites%2F6%2F2021%2F02%2Fdecra-french-installation-guide.pdf|target:_blank&#8221; css=&#8221;.vc_custom_1612894525845{margin-bottom: 40px !important;}&#8221;][\/vc_column_inner][\/vc_row_inner][\/vc_column][vc_column width=&#8221;1\/2&#8243;][vc_row_inner css=&#8221;.vc_custom_1531219906226{margin-left: 10px !important;padding-bottom: 20px !important;background-color: #144071 !important;}&#8221;][vc_column_inner][vc_custom_heading text=&#8221;GUIDE DE NETTOYAGE [&hellip;]<\/p>\n","protected":false},"author":1,"featured_media":0,"parent":0,"menu_order":0,"comment_status":"open","ping_status":"closed","template":"","meta":{"content-type":"","footnotes":""},"class_list":["post-6188","page","type-page","status-publish","hentry"],"_links":{"self":[{"href":"https:\/\/www.decraafrica.com\/fr\/wp-json\/wp\/v2\/pages\/6188","targetHints":{"allow":["GET"]}}],"collection":[{"href":"https:\/\/www.decraafrica.com\/fr\/wp-json\/wp\/v2\/pages"}],"about":[{"href":"https:\/\/www.decraafrica.com\/fr\/wp-json\/wp\/v2\/types\/page"}],"author":[{"embeddable":true,"href":"https:\/\/www.decraafrica.com\/fr\/wp-json\/wp\/v2\/users\/1"}],"replies":[{"embeddable":true,"href":"https:\/\/www.decraafrica.com\/fr\/wp-json\/wp\/v2\/comments?post=6188"}],"version-history":[{"count":3,"href":"https:\/\/www.decraafrica.com\/fr\/wp-json\/wp\/v2\/pages\/6188\/revisions"}],"predecessor-version":[{"id":13389,"href":"https:\/\/www.decraafrica.com\/fr\/wp-json\/wp\/v2\/pages\/6188\/revisions\/13389"}],"wp:attachment":[{"href":"https:\/\/www.decraafrica.com\/fr\/wp-json\/wp\/v2\/media?parent=6188"}],"curies":[{"name":"wp","href":"https:\/\/api.w.org\/{rel}","templated":true}]}}