{"id":6289,"date":"2017-12-06T16:40:48","date_gmt":"2017-12-06T13:40:48","guid":{"rendered":"https:\/\/www.decraafrica.com\/\/?page_id=6289"},"modified":"2021-02-11T12:15:42","modified_gmt":"2021-02-11T12:15:42","slug":"architects","status":"publish","type":"page","link":"https:\/\/www.decraafrica.com\/fr\/architects\/","title":{"rendered":"Pour les architectes"},"content":{"rendered":"<div class=\"wpb-content-wrapper\"><p>[vc_row css=&#8221;.vc_custom_1613045344152{margin-top: 50px !important;}&#8221;][vc_column][vc_custom_heading text=&#8221;POUR LES ARCHITECTES&#8221; font_container=&#8221;tag:h2|font_size:36|text_align:center|color:%23104471&#8243; use_theme_fonts=&#8221;yes&#8221; el_class=&#8221;heading-title&#8221; css=&#8221;.vc_custom_1613045332587{margin-top: 20px !important;border-top-width: 0px !important;padding-top: 0px !important;padding-bottom: 0px !important;}&#8221;][\/vc_column][\/vc_row][vc_row gap=&#8221;20&#8243;][vc_column width=&#8221;1\/3&#8243; css=&#8221;.vc_custom_1524752534288{border-top-width: 1px !important;border-right-width: 1px !important;border-bottom-width: 1px !important;border-left-width: 1px !important;padding-top: 20px !important;padding-right: 0px !important;padding-bottom: 20px !important;padding-left: 0px !important;border-left-color: #cccccc !important;border-left-style: solid !important;border-right-color: #cccccc !important;border-right-style: solid !important;border-top-color: #cccccc !important;border-top-style: solid !important;border-bottom-color: #cccccc !important;border-bottom-style: solid !important;border-radius: 1px !important;}&#8221;][vc_single_image image=&#8221;13472&#8243; img_size=&#8221;285&#215;171&#8243; alignment=&#8221;center&#8221;][vc_custom_heading text=&#8221;DESSINS CAD&#8221; font_container=&#8221;tag:h1|font_size:22px|text_align:center|color:%23144071&#8243; google_fonts=&#8221;font_family:Open%20Sans%3A300%2C300italic%2Cregular%2Citalic%2C600%2C600italic%2C700%2C700italic%2C800%2C800italic|font_style:700%20bold%20regular%3A700%3Anormal&#8221; css=&#8221;.vc_custom_1613044175591{margin-top: -30px !important;}&#8221; link=&#8221;url:https%3A%2F%2Fwww.decraafrica.com%2Ffr%2Fcad-drawings%2F&#8221;][\/vc_column][vc_column width=&#8221;1\/3&#8243; css=&#8221;.vc_custom_1524752434277{border-top-width: 1px !important;border-right-width: 1px !important;border-bottom-width: 1px !important;border-left-width: 1px !important;padding-top: 20px !important;padding-right: 0px !important;padding-bottom: 20px !important;padding-left: 0px !important;border-left-color: #cccccc !important;border-left-style: solid !important;border-right-color: #cccccc !important;border-right-style: solid !important;border-top-color: #cccccc !important;border-top-style: solid !important;border-bottom-color: #cccccc !important;border-bottom-style: solid !important;border-radius: 1px !important;}&#8221;][vc_single_image image=&#8221;13473&#8243; img_size=&#8221;285&#215;171&#8243; alignment=&#8221;center&#8221;][vc_custom_heading text=&#8221;OPTIONS DE COULEUR&#8221; font_container=&#8221;tag:h1|font_size:22px|text_align:center|color:%23144071&#8243; google_fonts=&#8221;font_family:Open%20Sans%3A300%2C300italic%2Cregular%2Citalic%2C600%2C600italic%2C700%2C700italic%2C800%2C800italic|font_style:700%20bold%20regular%3A700%3Anormal&#8221; css=&#8221;.vc_custom_1613044196389{margin-top: -30px !important;}&#8221; link=&#8221;url:https%3A%2F%2Fwww.decraafrica.com%2Ffr%2Fcolour%2F&#8221;][\/vc_column][vc_column width=&#8221;1\/3&#8243; css=&#8221;.vc_custom_1524752419697{border-top-width: 1px !important;border-right-width: 1px !important;border-bottom-width: 1px !important;border-left-width: 1px !important;padding-top: 20px !important;padding-right: 0px !important;padding-bottom: 20px !important;padding-left: 0px !important;border-left-color: #cccccc !important;border-left-style: solid !important;border-right-color: #cccccc !important;border-right-style: solid !important;border-top-color: #cccccc !important;border-top-style: solid !important;border-bottom-color: #cccccc !important;border-bottom-style: solid !important;border-radius: 1px !important;}&#8221;][vc_single_image image=&#8221;13470&#8243; img_size=&#8221;285&#215;171&#8243; alignment=&#8221;center&#8221;][vc_custom_heading text=&#8221;ACCESSOIRES&#8221; font_container=&#8221;tag:h1|font_size:22px|text_align:center|color:%23144071&#8243; google_fonts=&#8221;font_family:Open%20Sans%3A300%2C300italic%2Cregular%2Citalic%2C600%2C600italic%2C700%2C700italic%2C800%2C800italic|font_style:700%20bold%20regular%3A700%3Anormal&#8221; css=&#8221;.vc_custom_1613044214486{margin-top: -30px !important;}&#8221; link=&#8221;url:https%3A%2F%2Fwww.decraafrica.com%2Ffr%2Faccessories%2F&#8221;][\/vc_column][\/vc_row][vc_row gap=&#8221;20&#8243; css=&#8221;.vc_custom_1524752510942{margin-top: -30px !important;}&#8221;][vc_column width=&#8221;1\/3&#8243; css=&#8221;.vc_custom_1524752493005{border-top-width: 1px !important;border-right-width: 1px !important;border-bottom-width: 1px !important;border-left-width: 1px !important;padding-top: 20px !important;padding-bottom: 20px !important;border-left-color: #cccccc !important;border-left-style: solid !important;border-right-color: #cccccc !important;border-right-style: solid !important;border-top-color: #cccccc !important;border-top-style: solid !important;border-bottom-color: #cccccc !important;border-bottom-style: solid !important;border-radius: 1px !important;}&#8221;][vc_single_image image=&#8221;13475&#8243; img_size=&#8221;285&#215;171&#8243; alignment=&#8221;center&#8221;][vc_custom_heading text=&#8221;TUILES DECRA&#8221; font_container=&#8221;tag:h1|font_size:22PX|text_align:center|color:%23144071&#8243; google_fonts=&#8221;font_family:Open%20Sans%3A300%2C300italic%2Cregular%2Citalic%2C600%2C600italic%2C700%2C700italic%2C800%2C800italic|font_style:700%20bold%20regular%3A700%3Anormal&#8221; css=&#8221;.vc_custom_1613044230884{margin-top: -30px !important;}&#8221; link=&#8221;url:https%3A%2F%2Fwww.decraafrica.com%2Ffr%2Four-roof-tile%2F&#8221;][\/vc_column][vc_column width=&#8221;1\/3&#8243; css=&#8221;.vc_custom_1524752556334{border-top-width: 1px !important;border-right-width: 1px !important;border-bottom-width: 1px !important;border-left-width: 1px !important;padding-top: 20px !important;padding-bottom: 20px !important;border-left-color: #cccccc !important;border-left-style: solid !important;border-right-color: #cccccc !important;border-right-style: solid !important;border-top-color: #cccccc !important;border-top-style: solid !important;border-bottom-color: #cccccc !important;border-bottom-style: solid !important;border-radius: 1px !important;}&#8221;][vc_single_image image=&#8221;13476&#8243; img_size=&#8221;285&#215;171&#8243; alignment=&#8221;center&#8221;][vc_custom_heading text=&#8221;PERFORMANCE&#8221; font_container=&#8221;tag:h1|font_size:22PX|text_align:center|color:%23144071&#8243; google_fonts=&#8221;font_family:Open%20Sans%3A300%2C300italic%2Cregular%2Citalic%2C600%2C600italic%2C700%2C700italic%2C800%2C800italic|font_style:700%20bold%20regular%3A700%3Anormal&#8221; css=&#8221;.vc_custom_1613044240490{margin-top: -30px !important;}&#8221; link=&#8221;url:https%3A%2F%2Fwww.decraafrica.com%2Ffr%2Fperformance%2F&#8221;][\/vc_column][vc_column width=&#8221;1\/3&#8243; css=&#8221;.vc_custom_1524752505050{border-top-width: 1px !important;border-right-width: 1px !important;border-bottom-width: 1px !important;border-left-width: 1px !important;padding-top: 20px !important;padding-right: 0px !important;padding-bottom: 20px !important;padding-left: 0px !important;border-left-color: #cccccc !important;border-left-style: solid !important;border-right-color: #cccccc !important;border-right-style: solid !important;border-top-color: #cccccc !important;border-top-style: solid !important;border-bottom-color: #cccccc !important;border-bottom-style: solid !important;border-radius: 1px !important;}&#8221;][vc_single_image image=&#8221;13474&#8243; img_size=&#8221;285&#215;171&#8243; alignment=&#8221;center&#8221;][vc_custom_heading text=&#8221;CARACT\u00c9RISTIQUES ET AVANTAGES&#8221; font_container=&#8221;tag:h1|font_size:22PX|text_align:center|color:%23144071&#8243; google_fonts=&#8221;font_family:Open%20Sans%3A300%2C300italic%2Cregular%2Citalic%2C600%2C600italic%2C700%2C700italic%2C800%2C800italic|font_style:700%20bold%20regular%3A700%3Anormal&#8221; css=&#8221;.vc_custom_1613044267181{margin-top: -30px !important;}&#8221; link=&#8221;url:https%3A%2F%2Fwww.decraafrica.com%2Ffr%2Fbenefits%2F&#8221;][\/vc_column][\/vc_row][vc_row full_width=&#8221;stretch_row&#8221; content_placement=&#8221;top&#8221; css=&#8221;.vc_custom_1513091451889{padding-top: 20px !important;padding-bottom: 20px !important;background-image: url(https:\/\/www.decraafrica.com\/\/wp-content\/uploads\/2017\/12\/healthy-home.jpg?id=6550) !important;background-position: center !important;background-repeat: no-repeat !important;background-size: cover !important;}&#8221;][vc_column][vc_custom_heading text=&#8221;UNE MAISON DECRA<sup>\u00ae<\/sup> EST UNE MAISON SAINE&#8221; font_container=&#8221;tag:h2|font_size:32|text_align:center|color:%23ffffff&#8221; use_theme_fonts=&#8221;yes&#8221; css_animation=&#8221;fadeInDown&#8221; css=&#8221;.vc_custom_1612448330462{margin-bottom: 15px !important;}&#8221;][vc_column_text]<\/p>\n<p style=\"text-align: center;\"><span style=\"font-size: 20px; color: #fff;\"><strong>Compl\u00e9tez votre toit Decra Classic avec nos accessoires de vie saine, con\u00e7us pour am\u00e9liorer votre cadre de vie, r\u00e9duire les co\u00fbts et s&#8217;int\u00e9grer parfaitement aux tuiles Decra.<\/strong><\/span><\/p>\n<p>[\/vc_column_text][vc_row_inner css=&#8221;.vc_custom_1612454911880{margin-right: 250px !important;margin-left: 250px !important;}&#8221;][vc_column_inner][vc_btn title=&#8221;T\u00e9l\u00e9charger la brochure Healthy Living&#8221; style=&#8221;flat&#8221; shape=&#8221;round&#8221; color=&#8221;warning&#8221; css_animation=&#8221;none&#8221; link=&#8221;url:https%3A%2F%2Fwww.decraafrica.com\/wp-content%2Fuploads%2F2018%2F07%2Fenergy-saving.pdf||target:%20_blank|rel:nofollow&#8221;][vc_btn title=&#8221;Regardez la vid\u00e9o sur une vie saine&#8221; style=&#8221;flat&#8221; shape=&#8221;round&#8221; color=&#8221;warning&#8221; css_animation=&#8221;none&#8221; custom_onclick=&#8221;true&#8221; link=&#8221;url:%23|||&#8221; custom_onclick_code=&#8221;return lepopup_popup_open(&#8216;VVoDWIWs9fyhabnW&#8217;);&#8221; css=&#8221;.vc_custom_1612448383753{margin-left: 20px !important;}&#8221;][\/vc_column_inner][\/vc_row_inner][\/vc_column][\/vc_row][vc_row gap=&#8221;10&#8243;][vc_column width=&#8221;1\/3&#8243; css=&#8221;.vc_custom_1512574880588{margin-right: 10px !important;border-top-width: 1px !important;border-right-width: 1px !important;border-bottom-width: 1px !important;border-left-width: 1px !important;padding-top: 40px !important;padding-right: 40px !important;padding-bottom: 40px !important;padding-left: 40px !important;border-left-color: #cccccc !important;border-left-style: solid !important;border-right-color: #cccccc !important;border-right-style: solid !important;border-top-color: #cccccc !important;border-top-style: solid !important;border-bottom-color: #cccccc !important;border-bottom-style: solid !important;border-radius: 1px !important;}&#8221;][vc_single_image image=&#8221;13477&#8243; img_size=&#8221;385&#215;271&#8243; alignment=&#8221;center&#8221; css=&#8221;.vc_custom_1613044334074{margin-top: -30px !important;}&#8221;][vc_custom_heading text=&#8221;NOTRE H\u00c9RITAGE&#8221; font_container=&#8221;tag:h1|font_size:22PX|text_align:center|color:%23144071&#8243; use_theme_fonts=&#8221;yes&#8221; css=&#8221;.vc_custom_1613045146100{margin-top: -30px !important;}&#8221; link=&#8221;url:https%3A%2F%2Fwww.decraafrica.com%2Ffr%2Fdecra-tile%2F&#8221; el_id=&#8221;onclick=&#8221;][\/vc_column][vc_column width=&#8221;1\/3&#8243; css=&#8221;.vc_custom_1512574982363{margin-right: 0px !important;margin-left: 5px !important;border-top-width: 1px !important;border-right-width: 1px !important;border-bottom-width: 1px !important;border-left-width: 1px !important;padding-top: 40px !important;padding-right: 40px !important;padding-bottom: 40px !important;padding-left: 40px !important;border-left-color: #cccccc !important;border-left-style: solid !important;border-right-color: #cccccc !important;border-right-style: solid !important;border-top-color: #cccccc !important;border-top-style: solid !important;border-bottom-color: #cccccc !important;border-bottom-style: solid !important;border-radius: 1px !important;}&#8221;][vc_single_image image=&#8221;13388&#8243; img_size=&#8221;385&#215;271&#8243; alignment=&#8221;center&#8221; css=&#8221;.vc_custom_1613045114692{margin-top: -30px !important;}&#8221;][vc_custom_heading text=&#8221;BROCHURES&#8221; font_container=&#8221;tag:h1|font_size:22PX|text_align:center|color:%23144071&#8243; google_fonts=&#8221;font_family:Montserrat%3Aregular%2C700|font_style:700%20bold%20regular%3A700%3Anormal&#8221; css=&#8221;.vc_custom_1613045609285{margin-top: -30px !important;}&#8221; link=&#8221;url:https%3A%2F%2Fwww.decraafrica.com%2Ffr%2Fbrochure%2F&#8221;][\/vc_column][vc_column width=&#8221;1\/3&#8243; css=&#8221;.vc_custom_1512575000384{margin-right: 10px !important;margin-left: 10px !important;border-top-width: 1px !important;border-right-width: 1px !important;border-bottom-width: 1px !important;border-left-width: 1px !important;padding-top: 40px !important;padding-right: 40px !important;padding-bottom: 40px !important;padding-left: 40px !important;border-left-color: #cccccc !important;border-left-style: solid !important;border-right-color: #cccccc !important;border-right-style: solid !important;border-top-color: #cccccc !important;border-top-style: solid !important;border-bottom-color: #cccccc !important;border-bottom-style: solid !important;border-radius: 1px !important;}&#8221;][vc_single_image image=&#8221;13478&#8243; img_size=&#8221;385&#215;271&#8243; alignment=&#8221;center&#8221; css=&#8221;.vc_custom_1613044384910{margin-top: -30px !important;}&#8221;][vc_custom_heading text=&#8221;L&#8217;ENVIRONNEMENT&#8221; font_container=&#8221;tag:h1|font_size:22PX|text_align:center|color:%23144071&#8243; google_fonts=&#8221;font_family:Montserrat%3Aregular%2C700|font_style:700%20bold%20regular%3A700%3Anormal&#8221; css=&#8221;.vc_custom_1613045210437{margin-top: -30px !important;}&#8221; link=&#8221;url:https%3A%2F%2Fwww.decraafrica.com%2Ffr%2Fenvironment%2F&#8221;][\/vc_column][\/vc_row][vc_row gap=&#8221;10&#8243;][vc_column width=&#8221;1\/3&#8243; css=&#8221;.vc_custom_1512574880588{margin-right: 10px !important;border-top-width: 1px !important;border-right-width: 1px !important;border-bottom-width: 1px !important;border-left-width: 1px !important;padding-top: 40px !important;padding-right: 40px !important;padding-bottom: 40px !important;padding-left: 40px !important;border-left-color: #cccccc !important;border-left-style: solid !important;border-right-color: #cccccc !important;border-right-style: solid !important;border-top-color: #cccccc !important;border-top-style: solid !important;border-bottom-color: #cccccc !important;border-bottom-style: solid !important;border-radius: 1px !important;}&#8221;][vc_single_image image=&#8221;13479&#8243; img_size=&#8221;385&#215;271&#8243; alignment=&#8221;center&#8221; css=&#8221;.vc_custom_1613044424895{margin-top: -30px !important;}&#8221;][vc_custom_heading text=&#8221;CERTIFICATION&#8221; font_container=&#8221;tag:h1|font_size:22PX|text_align:center|color:%23144071&#8243; google_fonts=&#8221;font_family:Montserrat%3Aregular%2C700|font_style:700%20bold%20regular%3A700%3Anormal&#8221; css=&#8221;.vc_custom_1613045224915{margin-top: -30px !important;}&#8221; link=&#8221;url:https%3A%2F%2Fwww.decraafrica.com%2Ffr%2Fcertifications%2F&#8221;][\/vc_column][vc_column width=&#8221;1\/3&#8243; css=&#8221;.vc_custom_1512574982363{margin-right: 0px !important;margin-left: 5px !important;border-top-width: 1px !important;border-right-width: 1px !important;border-bottom-width: 1px !important;border-left-width: 1px !important;padding-top: 40px !important;padding-right: 40px !important;padding-bottom: 40px !important;padding-left: 40px !important;border-left-color: #cccccc !important;border-left-style: solid !important;border-right-color: #cccccc !important;border-right-style: solid !important;border-top-color: #cccccc !important;border-top-style: solid !important;border-bottom-color: #cccccc !important;border-bottom-style: solid !important;border-radius: 1px !important;}&#8221;][vc_single_image image=&#8221;13481&#8243; img_size=&#8221;385&#215;271&#8243; alignment=&#8221;center&#8221; css=&#8221;.vc_custom_1613045046405{margin-top: -30px !important;}&#8221;][vc_custom_heading text=&#8221;GARANTIE&#8221; font_container=&#8221;tag:h1|font_size:22PX|text_align:center|color:%23144071&#8243; google_fonts=&#8221;font_family:Montserrat%3Aregular%2C700|font_style:700%20bold%20regular%3A700%3Anormal&#8221; css=&#8221;.vc_custom_1613045238741{margin-top: -30px !important;}&#8221; link=&#8221;url:https%3A%2F%2Fwww.decraafrica.com%2Ffr%2Fdecra-warranty%2F&#8221;][\/vc_column][vc_column width=&#8221;1\/3&#8243; css=&#8221;.vc_custom_1512575000384{margin-right: 10px !important;margin-left: 10px !important;border-top-width: 1px !important;border-right-width: 1px !important;border-bottom-width: 1px !important;border-left-width: 1px !important;padding-top: 40px !important;padding-right: 40px !important;padding-bottom: 40px !important;padding-left: 40px !important;border-left-color: #cccccc !important;border-left-style: solid !important;border-right-color: #cccccc !important;border-right-style: solid !important;border-top-color: #cccccc !important;border-top-style: solid !important;border-bottom-color: #cccccc !important;border-bottom-style: solid !important;border-radius: 1px !important;}&#8221;][vc_single_image image=&#8221;13443&#8243; img_size=&#8221;385&#215;271&#8243; alignment=&#8221;center&#8221; css=&#8221;.vc_custom_1613044905710{margin-top: -30px !important;}&#8221;][vc_custom_heading text=&#8221;INSTALLATION&#8221; font_container=&#8221;tag:h1|font_size:22PX|text_align:center|color:%23144071&#8243; google_fonts=&#8221;font_family:Montserrat%3Aregular%2C700|font_style:700%20bold%20regular%3A700%3Anormal&#8221; css=&#8221;.vc_custom_1613045258047{margin-top: -30px !important;}&#8221; link=&#8221;url:https%3A%2F%2Fwww.decraafrica.com%2Ffr%2Finstallers%2F&#8221;][\/vc_column][\/vc_row][vc_row full_width=&#8221;stretch_row&#8221; css=&#8221;.vc_custom_1532943974139{margin-top: 0px !important;margin-bottom: 0px !important;padding-top: 40px !important;padding-bottom: 40px !important;background-color: #ffd500 !important;}&#8221;][vc_column width=&#8221;1\/3&#8243;][vc_single_image image=&#8221;12883&#8243; img_size=&#8221;large&#8221; alignment=&#8221;center&#8221;][\/vc_column][vc_column width=&#8221;2\/3&#8243;][vc_custom_heading text=&#8221;PROCHAINES \u00c9TAPES&#8221; font_container=&#8221;tag:h2|font_size:32|text_align:left|color:%23104471&#8243; use_theme_fonts=&#8221;yes&#8221; el_class=&#8221;heading-title&#8221; css=&#8221;.vc_custom_1612271760467{margin-top: 0px !important;border-top-width: 0px !important;border-bottom-width: 0px !important;padding-top: 0px !important;padding-bottom: 0px !important;}&#8221;][vc_column_text css=&#8221;.vc_custom_1612271775918{margin-top: 0px !important;margin-bottom: 0px !important;padding-top: 0px !important;padding-bottom: 0px !important;}&#8221;]<span style=\"font-size: 22px; color: #144071; font-weight: 500;\"><strong>Nous sommes l\u00e0 pour vous guider au long du processus de s\u00e9lection du toit qui vous convient.<\/strong><\/span>[\/vc_column_text][vc_column_text css=&#8221;.vc_custom_1612271795242{margin-top: 15px !important;margin-bottom: 15px !important;padding-top: 0px !important;padding-bottom: 0px !important;}&#8221;]<span style=\"font-size: 14px; color: #000;\">Nos distributeurs sont des professionnels qui sauront \u00e9couter vos exigences, vous faire des recommandations et calculer vos besoins en toiture, Pour votre toiture de r\u00eave, prenez rendez-vous le jour et \u00e0 l&#8217;heure qui vous conviennent &#8230;.. <\/span>[\/vc_column_text][vc_btn title=&#8221;Prenez contact avec nous&#8221; style=&#8221;flat&#8221; shape=&#8221;round&#8221; color=&#8221;primary&#8221; link=&#8221;url:https%3A%2F%2Fwww.decraafrica.com%2Ffr%2Fcontact%2F&#8221;][\/vc_column][\/vc_row]<\/p>\n<\/div>","protected":false},"excerpt":{"rendered":"<p>[vc_row css=&#8221;.vc_custom_1613045344152{margin-top: 50px !important;}&#8221;][vc_column][vc_custom_heading text=&#8221;POUR LES ARCHITECTES&#8221; font_container=&#8221;tag:h2|font_size:36|text_align:center|color:%23104471&#8243; use_theme_fonts=&#8221;yes&#8221; el_class=&#8221;heading-title&#8221; css=&#8221;.vc_custom_1613045332587{margin-top: 20px !important;border-top-width: 0px !important;padding-top: 0px !important;padding-bottom: 0px !important;}&#8221;][\/vc_column][\/vc_row][vc_row gap=&#8221;20&#8243;][vc_column width=&#8221;1\/3&#8243; css=&#8221;.vc_custom_1524752534288{border-top-width: 1px !important;border-right-width: 1px !important;border-bottom-width: 1px !important;border-left-width: 1px !important;padding-top: 20px !important;padding-right: 0px !important;padding-bottom: 20px !important;padding-left: 0px !important;border-left-color: #cccccc !important;border-left-style: solid !important;border-right-color: #cccccc !important;border-right-style: solid !important;border-top-color: #cccccc !important;border-top-style: solid !important;border-bottom-color: #cccccc !important;border-bottom-style: solid !important;border-radius: 1px [&hellip;]<\/p>\n","protected":false},"author":1,"featured_media":0,"parent":0,"menu_order":0,"comment_status":"closed","ping_status":"closed","template":"","meta":{"content-type":"","footnotes":""},"class_list":["post-6289","page","type-page","status-publish","hentry"],"_links":{"self":[{"href":"https:\/\/www.decraafrica.com\/fr\/wp-json\/wp\/v2\/pages\/6289","targetHints":{"allow":["GET"]}}],"collection":[{"href":"https:\/\/www.decraafrica.com\/fr\/wp-json\/wp\/v2\/pages"}],"about":[{"href":"https:\/\/www.decraafrica.com\/fr\/wp-json\/wp\/v2\/types\/page"}],"author":[{"embeddable":true,"href":"https:\/\/www.decraafrica.com\/fr\/wp-json\/wp\/v2\/users\/1"}],"replies":[{"embeddable":true,"href":"https:\/\/www.decraafrica.com\/fr\/wp-json\/wp\/v2\/comments?post=6289"}],"version-history":[{"count":4,"href":"https:\/\/www.decraafrica.com\/fr\/wp-json\/wp\/v2\/pages\/6289\/revisions"}],"predecessor-version":[{"id":13483,"href":"https:\/\/www.decraafrica.com\/fr\/wp-json\/wp\/v2\/pages\/6289\/revisions\/13483"}],"wp:attachment":[{"href":"https:\/\/www.decraafrica.com\/fr\/wp-json\/wp\/v2\/media?parent=6289"}],"curies":[{"name":"wp","href":"https:\/\/api.w.org\/{rel}","templated":true}]}}