{"id":6374,"date":"2017-12-08T14:31:37","date_gmt":"2017-12-08T14:31:37","guid":{"rendered":"https:\/\/www.decraafrica.com\/\/?page_id=6374"},"modified":"2021-02-12T10:26:46","modified_gmt":"2021-02-12T10:26:46","slug":"choose-decra","status":"publish","type":"page","link":"https:\/\/www.decraafrica.com\/fr\/choose-decra\/","title":{"rendered":"Pourquoi choisir Decra?"},"content":{"rendered":"<div class=\"wpb-content-wrapper\"><p>[vc_row full_width=&#8221;stretch_row_content_no_spaces&#8221; css=&#8221;.vc_custom_1526381095579{padding-top: 50px !important;padding-bottom: 50px !important;background-color: #144071 !important;}&#8221;][vc_column][vc_column_text]<\/p>\n<p style=\"text-align: center;\"><span style=\"font-size: 36px; color: #fff;\"><strong>QUE SONT LES TUILES DE TOIT EN M\u00c9TAL ENDUIT DE PIERRE?<\/strong><\/span><br \/>\n<span style=\"font-size: 36px; color: #fff;\">POURQUOI JE DOIS CHOISIR DECRA? GUIDE DE L&#8217;ACHETEUR SUR LA TOITURE<\/span><\/p>\n<p>[\/vc_column_text][vc_btn title=&#8221;SAVOIR PLUS&#8221; style=&#8221;flat&#8221; shape=&#8221;round&#8221; color=&#8221;warning&#8221; align=&#8221;center&#8221; link=&#8221;url:https%3A%2F%2Fwww.decraafrica.com%2Ffr%2Froof-explained%2F&#8221;][\/vc_column][\/vc_row][vc_row gap=&#8221;10&#8243;][vc_column width=&#8221;1\/4&#8243; css=&#8221;.vc_custom_1512574880588{margin-right: 10px !important;border-top-width: 1px !important;border-right-width: 1px !important;border-bottom-width: 1px !important;border-left-width: 1px !important;padding-top: 40px !important;padding-right: 40px !important;padding-bottom: 40px !important;padding-left: 40px !important;border-left-color: #cccccc !important;border-left-style: solid !important;border-right-color: #cccccc !important;border-right-style: solid !important;border-top-color: #cccccc !important;border-top-style: solid !important;border-bottom-color: #cccccc !important;border-bottom-style: solid !important;border-radius: 1px !important;}&#8221;][vc_single_image image=&#8221;13533&#8243; img_size=&#8221;385&#215;271&#8243; alignment=&#8221;center&#8221; css=&#8221;.vc_custom_1613123614693{margin-top: -30px !important;}&#8221;][vc_custom_heading text=&#8221;NOS TUILES DE TOIT&#8221; font_container=&#8221;tag:h6|font_size:16PX|text_align:center|color:%23144071&#8243; google_fonts=&#8221;font_family:Montserrat%3Aregular%2C700|font_style:700%20bold%20regular%3A700%3Anormal&#8221; css=&#8221;.vc_custom_1613123676540{margin-top: -30px !important;}&#8221; link=&#8221;url:https%3A%2F%2Fwww.decraafrica.com%2Ffr%2Four-roof-tile%2F&#8221;][\/vc_column][vc_column width=&#8221;1\/4&#8243; css=&#8221;.vc_custom_1512574982363{margin-right: 0px !important;margin-left: 5px !important;border-top-width: 1px !important;border-right-width: 1px !important;border-bottom-width: 1px !important;border-left-width: 1px !important;padding-top: 40px !important;padding-right: 40px !important;padding-bottom: 40px !important;padding-left: 40px !important;border-left-color: #cccccc !important;border-left-style: solid !important;border-right-color: #cccccc !important;border-right-style: solid !important;border-top-color: #cccccc !important;border-top-style: solid !important;border-bottom-color: #cccccc !important;border-bottom-style: solid !important;border-radius: 1px !important;}&#8221;][vc_single_image image=&#8221;13535&#8243; img_size=&#8221;385&#215;271&#8243; alignment=&#8221;center&#8221; css=&#8221;.vc_custom_1613124458782{margin-top: -30px !important;}&#8221;][vc_custom_heading text=&#8221;LA TUILE DECRA&#8221; font_container=&#8221;tag:h6|font_size:16PX|text_align:center|color:%23144071&#8243; google_fonts=&#8221;font_family:Montserrat%3Aregular%2C700|font_style:700%20bold%20regular%3A700%3Anormal&#8221; css=&#8221;.vc_custom_1613123692525{margin-top: -30px !important;}&#8221; link=&#8221;url:https%3A%2F%2Fwww.decraafrica.com%2Ffr%2Fdecra-tile%2F&#8221;][\/vc_column][vc_column width=&#8221;1\/4&#8243; css=&#8221;.vc_custom_1512575000384{margin-right: 10px !important;margin-left: 10px !important;border-top-width: 1px !important;border-right-width: 1px !important;border-bottom-width: 1px !important;border-left-width: 1px !important;padding-top: 40px !important;padding-right: 40px !important;padding-bottom: 40px !important;padding-left: 40px !important;border-left-color: #cccccc !important;border-left-style: solid !important;border-right-color: #cccccc !important;border-right-style: solid !important;border-top-color: #cccccc !important;border-top-style: solid !important;border-bottom-color: #cccccc !important;border-bottom-style: solid !important;border-radius: 1px !important;}&#8221;][vc_single_image image=&#8221;13446&#8243; img_size=&#8221;385&#215;271&#8243; alignment=&#8221;center&#8221; css=&#8221;.vc_custom_1613123648975{margin-top: -30px !important;}&#8221;][vc_custom_heading text=&#8221;DECRA AUTHENTIQUE&#8221; font_container=&#8221;tag:h6|font_size:16PX|text_align:center|color:%23144071&#8243; google_fonts=&#8221;font_family:Montserrat%3Aregular%2C700|font_style:700%20bold%20regular%3A700%3Anormal&#8221; css=&#8221;.vc_custom_1613123709652{margin-top: -30px !important;}&#8221; link=&#8221;url:https%3A%2F%2Fwww.decraafrica.com%2Ffr%2Fgenuine-decra%2F&#8221;][\/vc_column][vc_column width=&#8221;1\/4&#8243; css=&#8221;.vc_custom_1512575016409{margin-right: 0px !important;margin-left: 15px !important;border-top-width: 1px !important;border-right-width: 1px !important;border-bottom-width: 1px !important;border-left-width: 1px !important;padding-top: 40px !important;padding-right: 40px !important;padding-bottom: 40px !important;padding-left: 40px !important;border-left-color: #cccccc !important;border-left-style: solid !important;border-right-color: #cccccc !important;border-right-style: solid !important;border-top-color: #cccccc !important;border-top-style: solid !important;border-bottom-color: #cccccc !important;border-bottom-style: solid !important;border-radius: 1px !important;}&#8221;][vc_single_image image=&#8221;13474&#8243; img_size=&#8221;385&#215;271&#8243; alignment=&#8221;center&#8221; css=&#8221;.vc_custom_1613123660216{margin-top: -30px !important;}&#8221;][vc_custom_heading text=&#8221;CARACT\u00c9RISTIQUES ET AVANTAGES&#8221; font_container=&#8221;tag:h6|font_size:16PX|text_align:center|color:%23144071&#8243; google_fonts=&#8221;font_family:Montserrat%3Aregular%2C700|font_style:700%20bold%20regular%3A700%3Anormal&#8221; css=&#8221;.vc_custom_1613123727808{margin-top: -30px !important;}&#8221; link=&#8221;url:https%3A%2F%2Fwww.decraafrica.com%2Ffr%2Fbenefits%2F|title:feature&#8221;][\/vc_column][\/vc_row][vc_row full_width=&#8221;stretch_row&#8221; content_placement=&#8221;top&#8221; css=&#8221;.vc_custom_1512576058337{padding-top: 20px !important;padding-bottom: 20px !important;background-color: #fbc037 !important;}&#8221;][vc_column][vc_column_text]<\/p>\n<p style=\"text-align: center;\"><a href=\"https:\/\/www.decraafrica.com\/fr\/brochure\/\"><span style=\"font-size: 28px; color: #144071;\"><strong>T\u00c9L\u00c9CHARGEZ NOTRE DERNI\u00c8RE BROCHURE<\/strong><\/span><\/a><\/p>\n<p>[\/vc_column_text][\/vc_column][\/vc_row][vc_row gap=&#8221;10&#8243;][vc_column width=&#8221;1\/2&#8243; css=&#8221;.vc_custom_1554129980765{border-top-width: 0px !important;border-right-width: 0px !important;border-bottom-width: 0px !important;border-left-width: 0px !important;padding-top: 250px !important;padding-bottom: 5px !important;background-image: url(https:\/\/www.decraafrica.com\/wp-content\/uploads\/2019\/04\/profile.jpg?id=11932) !important;background-position: center !important;background-repeat: no-repeat !important;background-size: cover !important;}&#8221;][vc_btn title=&#8221;<b>PROFIL DE LA SOCI\u00c9T\u00c9<\/b>&#8221; style=&#8221;flat&#8221; shape=&#8221;square&#8221; color=&#8221;warning&#8221; align=&#8221;center&#8221; button_block=&#8221;true&#8221; custom_onclick=&#8221;true&#8221; css=&#8221;.vc_custom_1613123762304{margin-right: 0px !important;margin-left: 0px !important;padding-right: 0px !important;padding-left: 0px !important;}&#8221; link=&#8221;url:%23|||&#8221; custom_onclick_code=&#8221;return lepopup_popup_open(&#8216;5RAiWGb3BvNtyGq6&#8217;);&#8221;][\/vc_column][vc_column width=&#8221;1\/2&#8243; css=&#8221;.vc_custom_1512727937214{padding-top: 250px !important;padding-bottom: 5px !important;background-image: url(https:\/\/www.decraafrica.com\/\/wp-content\/uploads\/2017\/12\/history.jpg?id=6384) !important;background-position: center !important;background-repeat: no-repeat !important;background-size: cover !important;}&#8221;][vc_btn title=&#8221;<b>D\u00c9COUVREZ PLUS DE 60 ANS D&#8217;HISTOIRE<\/b>&#8221; style=&#8221;flat&#8221; shape=&#8221;square&#8221; color=&#8221;warning&#8221; align=&#8221;center&#8221; button_block=&#8221;true&#8221; custom_onclick=&#8221;true&#8221; css=&#8221;.vc_custom_1613123775850{margin-right: 0px !important;margin-left: 0px !important;padding-right: 0px !important;padding-left: 0px !important;}&#8221; link=&#8221;url:%23|||&#8221; custom_onclick_code=&#8221;return lepopup_popup_open(&#8216;5RAiWGb3BvNtyGq6&#8217;);&#8221;][\/vc_column][\/vc_row][vc_row gap=&#8221;10&#8243;][vc_column width=&#8221;1\/2&#8243; css=&#8221;.vc_custom_1512728005600{border-top-width: 0px !important;border-right-width: 0px !important;border-bottom-width: 0px !important;border-left-width: 0px !important;padding-top: 250px !important;padding-bottom: 5px !important;background-image: url(https:\/\/www.decraafrica.com\/\/wp-content\/uploads\/2017\/12\/environment-1.jpg?id=6387) !important;background-position: center !important;background-repeat: no-repeat !important;background-size: cover !important;}&#8221;][vc_btn title=&#8221;<b>DECRA &amp; L&#8217;ENVIRONNEMENT<\/b>&#8221; style=&#8221;flat&#8221; shape=&#8221;square&#8221; color=&#8221;warning&#8221; align=&#8221;center&#8221; button_block=&#8221;true&#8221; css=&#8221;.vc_custom_1613123850717{margin-right: 0px !important;margin-left: 0px !important;padding-right: 0px !important;padding-left: 0px !important;}&#8221; link=&#8221;url:https%3A%2F%2Fwww.decraafrica.com%2Ffr%2Fenvironment%2F&#8221;][\/vc_column][vc_column width=&#8221;1\/2&#8243; css=&#8221;.vc_custom_1512728033536{padding-top: 250px !important;padding-bottom: 5px !important;background-image: url(https:\/\/www.decraafrica.com\/\/wp-content\/uploads\/2017\/12\/news.jpg?id=6385) !important;background-position: center !important;background-repeat: no-repeat !important;background-size: cover !important;}&#8221;][vc_btn title=&#8221;<b>DERNI\u00c8RES NOUVELLES<\/b>&#8221; style=&#8221;flat&#8221; shape=&#8221;square&#8221; color=&#8221;warning&#8221; align=&#8221;center&#8221; button_block=&#8221;true&#8221; css=&#8221;.vc_custom_1613123801289{margin-right: 0px !important;margin-left: 0px !important;padding-right: 0px !important;padding-left: 0px !important;}&#8221; link=&#8221;url:https%3A%2F%2Fwww.decraafrica.com\/latest-news%2F|||&#8221;][\/vc_column][\/vc_row][vc_row full_width=&#8221;stretch_row&#8221; content_placement=&#8221;top&#8221; css=&#8221;.vc_custom_1512728714401{padding-top: 20px !important;padding-bottom: 20px !important;background-color: #144071 !important;}&#8221;][vc_column][vc_column_text]<\/p>\n<p style=\"text-align: center;\"><span style=\"font-size: 32px; color: #fff;\"><strong>FAITES CONFIANCE \u00c0 DECRA<\/strong><\/span><\/p>\n<p>[\/vc_column_text][vc_row_inner gap=&#8221;15&#8243;][vc_column_inner width=&#8221;1\/3&#8243;][vc_column_text]<\/p>\n<p style=\"text-align: center;\"><span style=\"font-size: 18px; color: #fff;\"><strong>CERTIFICATS DE PRODUIT ET D&#8217;ESSAI<\/strong><\/span><\/p>\n<p>[\/vc_column_text][vc_column_text]<\/p>\n<p style=\"text-align: center;\"><span style=\"font-size: 14px; color: #fff;\">Les produits Decra sont continuellement test\u00e9s pour garantir des performances optimales. D\u00e9couvrez comment nous testons et voyez quelle certification internationale nos produits satisfont.<\/span><\/p>\n<p>[\/vc_column_text][vc_btn title=&#8221;Afficher les certificats&#8221; style=&#8221;outline&#8221; color=&#8221;white&#8221; align=&#8221;center&#8221; css=&#8221;.vc_custom_1613123945753{margin-top: 20px !important;}&#8221; link=&#8221;url:https%3A%2F%2Fwww.decraafrica.com%2Ffr%2Fcertification%2F&#8221;][\/vc_column_inner][vc_column_inner width=&#8221;1\/3&#8243;][vc_column_text]<\/p>\n<p style=\"text-align: center;\"><span style=\"font-size: 18px; color: #fff;\"><strong>GARANTIE GRATUITE DE 50 ANS<\/strong><\/span><\/p>\n<p>[\/vc_column_text][vc_column_text]<\/p>\n<p style=\"text-align: center;\"><span style=\"font-size: 14px; color: #fff;\">Chaque toit Decra est offert avec une garantie gratuite de 50 ans que nous croyons incomparable. D\u00e9couvrez ce que cela comprend ici.<\/span><\/p>\n<p>[\/vc_column_text][vc_btn title=&#8221;V\u00e9rifiez maintenant&#8221; style=&#8221;outline&#8221; color=&#8221;white&#8221; align=&#8221;center&#8221; css=&#8221;.vc_custom_1613123987732{margin-top: 20px !important;}&#8221; link=&#8221;url:https%3A%2F%2Fwww.decraafrica.com%2Ffr%2Fdecra-warranty%2F&#8221;][\/vc_column_inner][vc_column_inner width=&#8221;1\/3&#8243;][vc_column_text]<\/p>\n<p style=\"text-align: center;\"><span style=\"font-size: 18px; color: #fff;\"><strong>QUESTIONS FR\u00c9QUEMMENT POS\u00c9ES<\/strong><\/span><\/p>\n<p>[\/vc_column_text][vc_column_text]<\/p>\n<p style=\"text-align: center;\"><span style=\"font-size: 14px; color: #fff;\">Acheter le bon toit est un investissement pour l&#8217;avenir. Assurez-vous d&#8217;avoir tous les faits en consultant quelques FAQ ici.<\/span><\/p>\n<p>[\/vc_column_text][vc_btn title=&#8221;Voir toutes les FAQ&#8221; style=&#8221;outline&#8221; color=&#8221;white&#8221; align=&#8221;center&#8221; css=&#8221;.vc_custom_1613124044967{margin-top: 20px !important;}&#8221; link=&#8221;url:https%3A%2F%2Fwww.decraafrica.com%2Ffr%2Ffaqs%2F&#8221;][\/vc_column_inner][\/vc_row_inner][\/vc_column][\/vc_row][vc_row full_width=&#8221;stretch_row&#8221; content_placement=&#8221;top&#8221; css=&#8221;.vc_custom_1512729585874{padding-top: 20px !important;padding-bottom: 20px !important;}&#8221;][vc_column][vc_column_text]<\/p>\n<p style=\"text-align: center;\"><span style=\"font-size: 36px; color: #144071;\"><strong>\u00caTRE INSPIR\u00c9<\/strong><\/span><\/p>\n<p>[\/vc_column_text][\/vc_column][\/vc_row][vc_row gap=&#8221;10&#8243;][vc_column width=&#8221;1\/4&#8243;][vc_single_image image=&#8221;13536&#8243; img_size=&#8221;385&#215;271&#8243; alignment=&#8221;center&#8221;][vc_custom_heading text=&#8221;POURQUOI CHOISIR DECRA?&#8221; font_container=&#8221;tag:h6|font_size:16PX|text_align:center|color:%23144071&#8243; google_fonts=&#8221;font_family:Montserrat%3Aregular%2C700|font_style:700%20bold%20regular%3A700%3Anormal&#8221; css=&#8221;.vc_custom_1613124077478{margin-top: -30px !important;}&#8221; link=&#8221;url:https%3A%2F%2Fwww.decraafrica.com%2Ffr%2Fbenefits%2F&#8221;][\/vc_column][vc_column width=&#8221;1\/4&#8243;][vc_single_image image=&#8221;13538&#8243; img_size=&#8221;385&#215;271&#8243; alignment=&#8221;center&#8221;][vc_custom_heading text=&#8221;T\u00c9L\u00c9CHARGER LES BROCHURES&#8221; font_container=&#8221;tag:h6|font_size:16PX|text_align:center|color:%23144071&#8243; google_fonts=&#8221;font_family:Montserrat%3Aregular%2C700|font_style:700%20bold%20regular%3A700%3Anormal&#8221; css=&#8221;.vc_custom_1613124093395{margin-top: -30px !important;}&#8221; link=&#8221;url:https%3A%2F%2Fwww.decraafrica.com%2Ffr%2Fbrochure%2F&#8221;][\/vc_column][vc_column width=&#8221;1\/4&#8243;][vc_single_image image=&#8221;13539&#8243; img_size=&#8221;385&#215;271&#8243; alignment=&#8221;center&#8221;][vc_custom_heading text=&#8221;REGARDEZ NOS VID\u00c9OS&#8221; font_container=&#8221;tag:h6|font_size:16PX|text_align:center|color:%23144071&#8243; google_fonts=&#8221;font_family:Montserrat%3Aregular%2C700|font_style:700%20bold%20regular%3A700%3Anormal&#8221; css=&#8221;.vc_custom_1613124126938{margin-top: -30px !important;}&#8221; link=&#8221;url:https%3A%2F%2Fwww.youtube.com%2Fdecraafrica|target:_blank&#8221;][\/vc_column][vc_column width=&#8221;1\/4&#8243;][vc_single_image image=&#8221;13537&#8243; img_size=&#8221;385&#215;271&#8243; alignment=&#8221;center&#8221;][vc_custom_heading text=&#8221;VOIR NOTRE GALERIE&#8221; font_container=&#8221;tag:h6|font_size:16PX|text_align:center|color:%23144071&#8243; google_fonts=&#8221;font_family:Montserrat%3Aregular%2C700|font_style:700%20bold%20regular%3A700%3Anormal&#8221; css=&#8221;.vc_custom_1613124141509{margin-top: -30px !important;}&#8221; link=&#8221;url:https%3A%2F%2Fwww.decraafrica.com%2Ffr%2Fdecra-gallery-all%2F&#8221;][\/vc_column][\/vc_row][vc_row full_width=&#8221;stretch_row&#8221; content_placement=&#8221;top&#8221; css=&#8221;.vc_custom_1537441360311{margin-bottom: 0px !important;padding-top: 20px !important;padding-bottom: 20px !important;background-color: #fbc037 !important;}&#8221;][vc_column][vc_column_text]<\/p>\n<p style=\"text-align: center;\"><span style=\"font-size: 36px; color: #144071;\"><strong>PROPRI\u00c9TAIRES DE DECRA<\/strong><\/span><br \/>\n<span style=\"font-size: 16px; color: #000000; margin-top: 25px;\">\u00catre propri\u00e9taire d&#8217;un toit Decra, c&#8217;est comme appartenir \u00e0 un club exclusif. Si vous avez d\u00e9j\u00e0 investi dans un toit Decra authentique, veuillez vous inscrire pour b\u00e9n\u00e9ficier de votre garantie GRATUITE de 50 ans et consulter notre guide pour tirer le meilleur parti de votre toit.<\/span><\/p>\n<p>[\/vc_column_text][vc_row_inner content_placement=&#8221;top&#8221; css=&#8221;.vc_custom_1537441279258{margin-top: 0px !important;}&#8221;][vc_column_inner width=&#8221;1\/2&#8243; css=&#8221;.vc_custom_1512730921406{margin-left: 50px !important;}&#8221;][vc_single_image image=&#8221;13464&#8243; img_size=&#8221;300&#215;211&#8243; alignment=&#8221;center&#8221;][vc_custom_heading text=&#8221;INSCRIVEZ-VOUS POUR VOTRE GARANTIE GRATUITE DE 50 ANS&#8221; font_container=&#8221;tag:h3|font_size:18PX|text_align:center|color:%23144071&#8243; google_fonts=&#8221;font_family:Montserrat%3Aregular%2C700|font_style:700%20bold%20regular%3A700%3Anormal&#8221; css=&#8221;.vc_custom_1613124199680{margin-top: -30px !important;margin-right: 50px !important;margin-left: 50px !important;padding-right: 50px !important;padding-left: 50px !important;}&#8221; link=&#8221;url:https%3A%2F%2Fwww.decraafrica.com%2Ffr%2Fdecra-warranty%2F&#8221;][\/vc_column_inner][vc_column_inner width=&#8221;1\/2&#8243; css=&#8221;.vc_custom_1512730987723{margin-right: 50px !important;}&#8221;][vc_single_image image=&#8221;13534&#8243; img_size=&#8221;300&#215;211&#8243; alignment=&#8221;center&#8221;][vc_custom_heading text=&#8221;T\u00c9L\u00c9CHARGEZ NOTRE GUIDE D&#8217;ENTRETIEN DE VOTRE TOITURE DECRA&#8221; font_container=&#8221;tag:h3|font_size:18PX|text_align:center|color:%23144071&#8243; google_fonts=&#8221;font_family:Montserrat%3Aregular%2C700|font_style:700%20bold%20regular%3A700%3Anormal&#8221; css=&#8221;.vc_custom_1613124209958{margin-top: -30px !important;margin-right: 50px !important;margin-left: 50px !important;padding-right: 30px !important;padding-left: 30px !important;}&#8221; link=&#8221;url:https%3A%2F%2Fwww.decraafrica.com\/wp-content%2Fuploads%2F2016%2F09%2Froof-cleaning-guide.pdf||target:%20_blank|&#8221;][\/vc_column_inner][\/vc_row_inner][\/vc_column][\/vc_row]<\/p>\n<\/div>","protected":false},"excerpt":{"rendered":"<p>[vc_row full_width=&#8221;stretch_row_content_no_spaces&#8221; css=&#8221;.vc_custom_1526381095579{padding-top: 50px !important;padding-bottom: 50px !important;background-color: #144071 !important;}&#8221;][vc_column][vc_column_text] QUE SONT LES TUILES DE TOIT EN M\u00c9TAL ENDUIT DE PIERRE? POURQUOI JE DOIS CHOISIR DECRA? GUIDE DE L&#8217;ACHETEUR SUR LA TOITURE [\/vc_column_text][vc_btn title=&#8221;SAVOIR PLUS&#8221; style=&#8221;flat&#8221; shape=&#8221;round&#8221; color=&#8221;warning&#8221; align=&#8221;center&#8221; link=&#8221;url:https%3A%2F%2Fwww.decraafrica.com%2Ffr%2Froof-explained%2F&#8221;][\/vc_column][\/vc_row][vc_row gap=&#8221;10&#8243;][vc_column width=&#8221;1\/4&#8243; css=&#8221;.vc_custom_1512574880588{margin-right: 10px !important;border-top-width: 1px !important;border-right-width: 1px !important;border-bottom-width: 1px !important;border-left-width: 1px !important;padding-top: 40px !important;padding-right: 40px [&hellip;]<\/p>\n","protected":false},"author":1,"featured_media":0,"parent":0,"menu_order":0,"comment_status":"open","ping_status":"closed","template":"","meta":{"content-type":"","footnotes":""},"class_list":["post-6374","page","type-page","status-publish","hentry"],"_links":{"self":[{"href":"https:\/\/www.decraafrica.com\/fr\/wp-json\/wp\/v2\/pages\/6374","targetHints":{"allow":["GET"]}}],"collection":[{"href":"https:\/\/www.decraafrica.com\/fr\/wp-json\/wp\/v2\/pages"}],"about":[{"href":"https:\/\/www.decraafrica.com\/fr\/wp-json\/wp\/v2\/types\/page"}],"author":[{"embeddable":true,"href":"https:\/\/www.decraafrica.com\/fr\/wp-json\/wp\/v2\/users\/1"}],"replies":[{"embeddable":true,"href":"https:\/\/www.decraafrica.com\/fr\/wp-json\/wp\/v2\/comments?post=6374"}],"version-history":[{"count":2,"href":"https:\/\/www.decraafrica.com\/fr\/wp-json\/wp\/v2\/pages\/6374\/revisions"}],"predecessor-version":[{"id":13540,"href":"https:\/\/www.decraafrica.com\/fr\/wp-json\/wp\/v2\/pages\/6374\/revisions\/13540"}],"wp:attachment":[{"href":"https:\/\/www.decraafrica.com\/fr\/wp-json\/wp\/v2\/media?parent=6374"}],"curies":[{"name":"wp","href":"https:\/\/api.w.org\/{rel}","templated":true}]}}