{"id":6640,"date":"2018-05-16T14:45:06","date_gmt":"2018-05-16T11:45:06","guid":{"rendered":"https:\/\/www.decraafrica.com\/?page_id=6640"},"modified":"2021-02-03T14:42:07","modified_gmt":"2021-02-03T14:42:07","slug":"environment","status":"publish","type":"page","link":"https:\/\/www.decraafrica.com\/fr\/environment\/","title":{"rendered":"Decra et l&#8217;environnement"},"content":{"rendered":"<div class=\"wpb-content-wrapper\"><p>[vc_row full_width=&#8221;stretch_row&#8221; content_placement=&#8221;top&#8221; css=&#8221;.vc_custom_1612363309055{margin-top: 30px !important;padding-top: 20px !important;padding-bottom: 20px !important;}&#8221;][vc_column][vc_custom_heading text=&#8221;DECRA<sup>\u00ae<\/sup> ET L&#8217;ENVIRONNEMENT&#8221; font_container=&#8221;tag:h2|font_size:36|text_align:center|color:%23104471&#8243; use_theme_fonts=&#8221;yes&#8221; el_class=&#8221;heading-title&#8221; css=&#8221;.vc_custom_1612363292286{margin-top: 30px !important;border-top-width: 0px !important;padding-top: 20px !important;padding-bottom: 20px !important;}&#8221;][vc_column_text]<\/p>\n<p style=\"text-align: center;\"><span style=\"font-size: 16px;\"><span style=\"color: #000000;\">En tant qu&#8217;entreprise, nous nous engageons \u00e0 am\u00e9liorer la plan\u00e8te sur laquelle nous vivons. Nous prenons cette responsabilit\u00e9 au s\u00e9rieux et veillons \u00e0 ce que chaque \u00e9l\u00e9ment de notre cha\u00eene d&#8217;approvisionnement fonctionne selon les meilleurs standards<\/span> <\/span><\/p>\n<p>[\/vc_column_text][\/vc_column][\/vc_row][vc_row gap=&#8221;10&#8243;][vc_column width=&#8221;1\/3&#8243;][vc_single_image image=&#8221;12993&#8243; img_size=&#8221;large&#8221; alignment=&#8221;center&#8221;][vc_custom_heading text=&#8221;L&#8217;ENVIRONNEMENT&#8221; font_container=&#8221;tag:h6|font_size:22PX|text_align:center|color:%23000000&#8243; google_fonts=&#8221;font_family:Montserrat%3Aregular%2C700|font_style:700%20bold%20regular%3A700%3Anormal&#8221; css=&#8221;.vc_custom_1612362207344{margin-top: -10px !important;}&#8221;][vc_column_text css=&#8221;.vc_custom_1612362256252{margin-top: 10px !important;}&#8221;]<\/p>\n<p style=\"font-size: 14px; text-align: center;\"><span style=\"color: #000000;\">Nous sommes fiers \u00e0 juste titre de notre r\u00e9putation de premier fabricant mondial de tuiles de toiture en m\u00e9tal embouti, enduites de granul\u00e9 et de qualit\u00e9 sup\u00e9rieure, produites dans l&#8217;un des environnements les plus propres et les moins pollu\u00e9s au monde. Notre acier est fabriqu\u00e9 selon un proc\u00e9d\u00e9 unique par New Zealand Steel \u00e0 partir de sable de fer noir, trouv\u00e9 sur les plages de la c\u00f4te ouest de l&#8217;\u00eele du Nord.<\/span><\/p>\n<p>[\/vc_column_text][\/vc_column][vc_column width=&#8221;1\/3&#8243;][vc_single_image image=&#8221;12995&#8243; img_size=&#8221;large&#8221; alignment=&#8221;center&#8221;][vc_custom_heading text=&#8221;FABRICATION&#8221; font_container=&#8221;tag:h6|font_size:22PX|text_align:center|color:%23000000&#8243; use_theme_fonts=&#8221;yes&#8221; css=&#8221;.vc_custom_1612362221789{margin-top: -10px !important;}&#8221;][vc_column_text css=&#8221;.vc_custom_1612362338500{margin-top: 10px !important;}&#8221;]<\/p>\n<p style=\"font-size: 14px; text-align: center;\"><span style=\"color: #000000;\">La part importante de l&#8217;\u00e9nergie que nous utilisons provient de l&#8217;hydro\u00e9lectricit\u00e9. Les \u00e9missions dans l\u2019air et dans l\u2019eau sont conformes \u00e0 toutes les r\u00e9glementations environnementales de la Nouvelle-Z\u00e9lande. Nos mat\u00e9riaux d&#8217;emballage sont des emballages en carton et des palettes provenant de for\u00eats durables et peuvent \u00eatre recycl\u00e9s pour une utilisation ult\u00e9rieure. Les emballages en plastique sont issus de sources p\u00e9trochimiques et peuvent \u00eatre recycl\u00e9s. Le processus d&#8217;installation n&#8217;utilise aucune technique qui \u00e9met de la chaleur ou des fum\u00e9es et la plupart du processus est manuel.<\/span><\/p>\n<p>[\/vc_column_text][\/vc_column][vc_column width=&#8221;1\/3&#8243;][vc_single_image image=&#8221;12996&#8243; img_size=&#8221;large&#8221; alignment=&#8221;center&#8221;][vc_custom_heading text=&#8221;PEINTURE ET BASE&#8221; font_container=&#8221;tag:h6|font_size:22PX|text_align:center|color:%23000000&#8243; use_theme_fonts=&#8221;yes&#8221; css=&#8221;.vc_custom_1612362238324{margin-top: -10px !important;}&#8221;][vc_column_text css=&#8221;.vc_custom_1612362354546{margin-top: 10px !important;}&#8221;]<\/p>\n<p style=\"font-size: 14px; text-align: center;\"><span style=\"color: #000000;\">Le composant principal de notre syst\u00e8me de peinture est la r\u00e9sine acrylique, produite en Nouvelle-Z\u00e9lande. Tous nos rev\u00eatements sont \u00e0 base d&#8217;eau ou \u00e0 dispersion aqueuse. Le \u00abcopeau\u00bb utilis\u00e9 pour rev\u00eatir nos tuiles textur\u00e9es est de la roche naturelle concass\u00e9e, extraite en Nouvelle-Z\u00e9lande.<\/span><\/p>\n<p>[\/vc_column_text][\/vc_column][\/vc_row][vc_row gap=&#8221;10&#8243; css=&#8221;.vc_custom_1531232309101{margin-top: 30px !important;}&#8221;][vc_column width=&#8221;1\/3&#8243; css=&#8221;.vc_custom_1531232268882{margin-top: 0px !important;}&#8221;][vc_single_image image=&#8221;12997&#8243; img_size=&#8221;large&#8221; alignment=&#8221;center&#8221; css=&#8221;.vc_custom_1612362734173{margin-top: 0px !important;padding-top: 0px !important;}&#8221;][vc_custom_heading text=&#8221;RECYCLAGE&#8221; font_container=&#8221;tag:h6|font_size:22PX|text_align:center|color:%23000000&#8243; use_theme_fonts=&#8221;yes&#8221; css=&#8221;.vc_custom_1612362373171{margin-top: -10px !important;}&#8221;][vc_column_text css=&#8221;.vc_custom_1612362419985{margin-top: 10px !important;}&#8221;]<\/p>\n<p style=\"font-size: 14px; text-align: center;\"><span style=\"color: #000000;\">Le produit sur le toit n&#8217;\u00e9met pas de fum\u00e9es ni d&#8217;\u00e9missions \u00e0 base d&#8217;eau et se d\u00e9grade tr\u00e8s lentement sur plusieurs d\u00e9cennies. \u00c0 condition que le produit soit correctement install\u00e9 selon nos sp\u00e9cifications, nous accordons en toute confiance une garantie limit\u00e9e de 50 ans. L&#8217;\u00e9limination ultime des toitures en acier consiste \u00e0 les recycler dans des usines de r\u00e9cup\u00e9ration d&#8217;acier et \u00e0 les transformer en nouveaux produits en acier.<\/span><\/p>\n<p>[\/vc_column_text][\/vc_column][vc_column width=&#8221;1\/3&#8243;][vc_single_image image=&#8221;12998&#8243; img_size=&#8221;large&#8221; alignment=&#8221;center&#8221;][vc_custom_heading text=&#8221;SANT\u00c9 ET S\u00c9CURIT\u00c9&#8221; font_container=&#8221;tag:h6|font_size:22PX|text_align:center|color:%23000000&#8243; use_theme_fonts=&#8221;yes&#8221; css=&#8221;.vc_custom_1612362386420{margin-top: -10px !important;}&#8221;][vc_column_text css=&#8221;.vc_custom_1612362437937{margin-top: 10px !important;}&#8221;]<\/p>\n<p style=\"font-size: 14px; text-align: center;\"><span style=\"color: #000000;\">La s\u00e9curit\u00e9 et le bien-\u00eatre des employ\u00e9s sont une consid\u00e9ration majeure pour AHI Roofing, et des initiatives de sant\u00e9 et de s\u00e9curit\u00e9 sont en place dans nos usines.<\/span><\/p>\n<p>[\/vc_column_text][\/vc_column][vc_column width=&#8221;1\/3&#8243;][vc_single_image image=&#8221;12994&#8243; img_size=&#8221;large&#8221; alignment=&#8221;center&#8221;][vc_custom_heading text=&#8221;RUN-OFFS D&#8217;EAU DE PLUIE&#8221; font_container=&#8221;tag:h6|font_size:22PX|text_align:center|color:%23000000&#8243; use_theme_fonts=&#8221;yes&#8221; css=&#8221;.vc_custom_1612362401585{margin-top: -10px !important;}&#8221;][vc_column_text css=&#8221;.vc_custom_1612362467024{margin-top: 10px !important;}&#8221;]<\/p>\n<p style=\"font-size: 14px; text-align: center;\"><span style=\"color: #000000;\">L&#8217;effet des mat\u00e9riaux de toiture sur la qualit\u00e9 du ruissellement des eaux pluviales est d&#8217;une importance majeure. Les propri\u00e9taires peuvent collecter l&#8217;eau de pluie dans de grands r\u00e9servoirs \u00e0 usage domestique et agricole. Nous avons effectu\u00e9 des tests qui ont clairement montr\u00e9 que le ruissellement des eaux de pluie des toits Decra\u00ae \u00e9tait bien conforme aux directives de l&#8217;OMS (Organisation mondiale de la sant\u00e9).<\/span><\/p>\n<p>[\/vc_column_text][\/vc_column][\/vc_row][vc_row css=&#8221;.vc_custom_1612363088493{margin-bottom: 30px !important;}&#8221;][vc_column][vc_custom_heading text=&#8221;ACCESSOIRES DE TOITURE DECRA<sup>\u00ae<\/sup>&#8221; font_container=&#8221;tag:h2|font_size:40|text_align:center|color:%23104471&#8243; use_theme_fonts=&#8221;yes&#8221; el_class=&#8221;heading-title&#8221; css=&#8221;.vc_custom_1612363185367{margin-top: 0px !important;border-top-width: 0px !important;border-bottom-width: 0px !important;padding-top: 30px !important;padding-bottom: 30px !important;}&#8221;][vc_row_inner gap=&#8221;15&#8243; css=&#8221;.vc_custom_1513095651925{padding-bottom: 30px !important;}&#8221;][vc_column_inner width=&#8221;1\/4&#8243;][vc_single_image image=&#8221;13000&#8243; img_size=&#8221;full&#8221;][vc_custom_heading text=&#8221;DECRA FOIL&#8221; font_container=&#8221;tag:h3|font_size:18PX|text_align:center|color:%23000000&#8243; use_theme_fonts=&#8221;yes&#8221; css=&#8221;.vc_custom_1530097149252{padding-bottom: 10px !important;}&#8221;][vc_column_text]<\/p>\n<p style=\"text-align: center;\"><span style=\"font-size: 14px; color: #000;\">Refl\u00e8te 95% de la chaleur du soleil.<\/span><\/p>\n<p>[\/vc_column_text][vc_empty_space height=&#8221;22px&#8221;][vc_column_text]<\/p>\n<p style=\"text-align: center;\"><span style=\"text-align: center; font-size: 14px; color: #144071;\"><strong><i class=\"fa fa-angle-right\" aria-hidden=\"true\"><\/i> <a href=\"https:\/\/www.decraafrica.com\/fr\/decrafoil\/\">Apprendre encore plus<\/a><\/strong><\/span><\/p>\n<p>[\/vc_column_text][\/vc_column_inner][vc_column_inner width=&#8221;1\/4&#8243;][vc_single_image image=&#8221;13001&#8243; img_size=&#8221;full&#8221;][vc_custom_heading text=&#8221;ROOF WINDOW&#8221; font_container=&#8221;tag:h3|font_size:18PX|text_align:center|color:%23000000&#8243; use_theme_fonts=&#8221;yes&#8221; css=&#8221;.vc_custom_1530097175179{padding-bottom: 10px !important;}&#8221;][vc_column_text]<\/p>\n<p style=\"text-align: center;\"><span style=\"font-size: 14px; color: #000;\">Maximisez votre espace de toit et laissez entrer la lumi\u00e8re naturelle dans votre maison.<\/span><\/p>\n<p>[\/vc_column_text][vc_column_text]<\/p>\n<p style=\"text-align: center;\"><span style=\"text-align: center; font-size: 14px; color: #144071;\"><strong><i class=\"fa fa-angle-right\" aria-hidden=\"true\"><\/i> <a href=\"https:\/\/www.decraafrica.com\/fr\/roofwindows\/\">Apprendre encore plus<\/a><\/strong><\/span><\/p>\n<p>[\/vc_column_text][\/vc_column_inner][vc_column_inner width=&#8221;1\/4&#8243;][vc_single_image image=&#8221;13002&#8243; img_size=&#8221;full&#8221;][vc_custom_heading text=&#8221;SUN TUNNEL&#8221; font_container=&#8221;tag:h3|font_size:18PX|text_align:center|color:%23000000&#8243; use_theme_fonts=&#8221;yes&#8221; css=&#8221;.vc_custom_1530097186038{padding-bottom: 10px !important;}&#8221;][vc_column_text]<\/p>\n<p style=\"text-align: center;\"><span style=\"font-size: 14px; color: #000;\">Dirigez la lumi\u00e8re naturelle saine l\u00e0 o\u00f9 vous en avez besoin.<\/span><\/p>\n<p>[\/vc_column_text][vc_column_text]<\/p>\n<p style=\"text-align: center;\"><span style=\"text-align: center; font-size: 14px; color: #144071;\"><strong><i class=\"fa fa-angle-right\" aria-hidden=\"true\"><\/i> <a href=\"https:\/\/www.decraafrica.com\/fr\/suntunnels\/\">Apprendre encore plus<\/a><\/strong><\/span><\/p>\n<p>[\/vc_column_text][\/vc_column_inner][vc_column_inner width=&#8221;1\/4&#8243;][vc_single_image image=&#8221;12999&#8243; img_size=&#8221;full&#8221;][vc_custom_heading text=&#8221;VENTILATION&#8221; font_container=&#8221;tag:h3|font_size:18PX|text_align:center|color:%23000000&#8243; use_theme_fonts=&#8221;yes&#8221; css=&#8221;.vc_custom_1532953473861{padding-bottom: 10px !important;}&#8221;][vc_column_text]<\/p>\n<p style=\"text-align: center;\"><span style=\"font-size: 14px; color: #000;\">Expulsez l&#8217;air chaud et remplacez-le par de l&#8217;air frais frais.<\/span><\/p>\n<p>[\/vc_column_text][vc_column_text]<\/p>\n<p style=\"text-align: center;\"><span style=\"text-align: center; font-size: 14px; color: #144071;\"><strong><i class=\"fa fa-angle-right\" aria-hidden=\"true\"><\/i> <a href=\"https:\/\/www.decraafrica.com\/fr\/ventilation\/\">Apprendre encore plus<\/a><\/strong><\/span><\/p>\n<p>[\/vc_column_text][\/vc_column_inner][\/vc_row_inner][\/vc_column][\/vc_row][vc_row css=&#8221;.vc_custom_1531220916130{margin-top: 30px !important;margin-bottom: 60px !important;}&#8221;][vc_column width=&#8221;1\/2&#8243;][vc_single_image image=&#8221;12916&#8243; img_size=&#8221;large&#8221; css_animation=&#8221;zoomIn&#8221;][\/vc_column][vc_column width=&#8221;1\/2&#8243;][vc_column_text]<span style=\"font-size: 24px;\"><strong><span style=\"color: #144071;\"><br \/>\nV\u00c9RIFIEZ TOUJOURS LE DOS DE VOS CARREAUX POUR LE LOGO DECRA<\/span><\/strong><\/span><br \/>\n<span style=\"font-size: 24px; color: #144071; text-align: center;\"><strong>SI CE N&#8217;EST PAS L\u00c0, CE N&#8217;EST PAS<\/strong><\/span><span style=\"font-size: 24px; color: #fbbb26;\"><strong>#GENUINEDECRA<\/strong><\/span>[\/vc_column_text][vc_btn title=&#8221;Assurez-vous que c&#8217;est #GenuineDecra&#8221; style=&#8221;flat&#8221; shape=&#8221;round&#8221; color=&#8221;black&#8221; link=&#8221;url:https%3A%2F%2Fwww.decraafrica.com%2Ffr%2Fgenuine-decra%2F|title:Make%20sure%20it%E2%80%99s%20%23GenuineDecra&#8221;][\/vc_column][\/vc_row][vc_row full_width=&#8221;stretch_row&#8221; css=&#8221;.vc_custom_1532943974139{margin-top: 0px !important;margin-bottom: 0px !important;padding-top: 40px !important;padding-bottom: 40px !important;background-color: #ffd500 !important;}&#8221;][vc_column width=&#8221;1\/3&#8243;][vc_single_image image=&#8221;12883&#8243; img_size=&#8221;large&#8221; alignment=&#8221;center&#8221;][\/vc_column][vc_column width=&#8221;2\/3&#8243;][vc_custom_heading text=&#8221;PROCHAINES \u00c9TAPES&#8221; font_container=&#8221;tag:h2|font_size:32|text_align:left|color:%23104471&#8243; use_theme_fonts=&#8221;yes&#8221; el_class=&#8221;heading-title&#8221; css=&#8221;.vc_custom_1612271760467{margin-top: 0px !important;border-top-width: 0px !important;border-bottom-width: 0px !important;padding-top: 0px !important;padding-bottom: 0px !important;}&#8221;][vc_column_text css=&#8221;.vc_custom_1612271775918{margin-top: 0px !important;margin-bottom: 0px !important;padding-top: 0px !important;padding-bottom: 0px !important;}&#8221;]<span style=\"font-size: 22px; color: #144071; font-weight: 500;\"><strong>Nous sommes l\u00e0 pour vous guider au long du processus de s\u00e9lection du toit qui vous convient.<\/strong><\/span>[\/vc_column_text][vc_column_text css=&#8221;.vc_custom_1612271795242{margin-top: 15px !important;margin-bottom: 15px !important;padding-top: 0px !important;padding-bottom: 0px !important;}&#8221;]<span style=\"font-size: 14px; color: #000;\">Nos distributeurs sont des professionnels qui sauront \u00e9couter vos exigences, vous faire des recommandations et calculer vos besoins en toiture, Pour votre toiture de r\u00eave, prenez rendez-vous le jour et \u00e0 l&#8217;heure qui vous conviennent &#8230;.. <\/span>[\/vc_column_text][vc_btn title=&#8221;Prenez contact avec nous&#8221; style=&#8221;flat&#8221; shape=&#8221;round&#8221; color=&#8221;primary&#8221; link=&#8221;url:https%3A%2F%2Fwww.decraafrica.com%2Ffr%2Fcontact%2F&#8221;][\/vc_column][\/vc_row]<\/p>\n<\/div>","protected":false},"excerpt":{"rendered":"<p>[vc_row full_width=&#8221;stretch_row&#8221; content_placement=&#8221;top&#8221; css=&#8221;.vc_custom_1612363309055{margin-top: 30px !important;padding-top: 20px !important;padding-bottom: 20px !important;}&#8221;][vc_column][vc_custom_heading text=&#8221;DECRA\u00ae ET L&#8217;ENVIRONNEMENT&#8221; font_container=&#8221;tag:h2|font_size:36|text_align:center|color:%23104471&#8243; use_theme_fonts=&#8221;yes&#8221; el_class=&#8221;heading-title&#8221; css=&#8221;.vc_custom_1612363292286{margin-top: 30px !important;border-top-width: 0px !important;padding-top: 20px !important;padding-bottom: 20px !important;}&#8221;][vc_column_text] En tant qu&#8217;entreprise, nous nous engageons \u00e0 am\u00e9liorer la plan\u00e8te sur laquelle nous vivons. Nous prenons cette responsabilit\u00e9 au s\u00e9rieux et veillons \u00e0 ce que chaque \u00e9l\u00e9ment de notre cha\u00eene [&hellip;]<\/p>\n","protected":false},"author":1,"featured_media":0,"parent":0,"menu_order":0,"comment_status":"open","ping_status":"closed","template":"","meta":{"content-type":"","footnotes":""},"class_list":["post-6640","page","type-page","status-publish","hentry"],"_links":{"self":[{"href":"https:\/\/www.decraafrica.com\/fr\/wp-json\/wp\/v2\/pages\/6640","targetHints":{"allow":["GET"]}}],"collection":[{"href":"https:\/\/www.decraafrica.com\/fr\/wp-json\/wp\/v2\/pages"}],"about":[{"href":"https:\/\/www.decraafrica.com\/fr\/wp-json\/wp\/v2\/types\/page"}],"author":[{"embeddable":true,"href":"https:\/\/www.decraafrica.com\/fr\/wp-json\/wp\/v2\/users\/1"}],"replies":[{"embeddable":true,"href":"https:\/\/www.decraafrica.com\/fr\/wp-json\/wp\/v2\/comments?post=6640"}],"version-history":[{"count":3,"href":"https:\/\/www.decraafrica.com\/fr\/wp-json\/wp\/v2\/pages\/6640\/revisions"}],"predecessor-version":[{"id":13006,"href":"https:\/\/www.decraafrica.com\/fr\/wp-json\/wp\/v2\/pages\/6640\/revisions\/13006"}],"wp:attachment":[{"href":"https:\/\/www.decraafrica.com\/fr\/wp-json\/wp\/v2\/media?parent=6640"}],"curies":[{"name":"wp","href":"https:\/\/api.w.org\/{rel}","templated":true}]}}