{"id":6683,"date":"2018-05-16T18:14:29","date_gmt":"2018-05-16T17:14:29","guid":{"rendered":"https:\/\/www.decraafrica.com\/?page_id=6683"},"modified":"2021-02-10T13:31:29","modified_gmt":"2021-02-10T13:31:29","slug":"genuine-decra","status":"publish","type":"page","link":"https:\/\/www.decraafrica.com\/fr\/genuine-decra\/","title":{"rendered":"Assurez-vous que c&#8217;est #GenuineDecra"},"content":{"rendered":"<div class=\"wpb-content-wrapper\"><p>[vc_row full_width=&#8221;stretch_row&#8221; content_placement=&#8221;top&#8221; css=&#8221;.vc_custom_1612962367363{margin-top: 50px !important;}&#8221;][vc_column][vc_custom_heading text=&#8221;ASSUREZ-VOUS QUE C&#8217;EST #GENUINEDECRA&#8221; font_container=&#8221;tag:h1|font_size:36|text_align:center|color:%23104471&#8243; use_theme_fonts=&#8221;yes&#8221; el_class=&#8221;heading-title&#8221; css=&#8221;.vc_custom_1612963603082{margin-top: 0px !important;padding-top: 20px !important;padding-bottom: 20px !important;}&#8221;][vc_column_text css=&#8221;.vc_custom_1612963610877{margin-top: 15px !important;}&#8221;]<\/p>\n<p style=\"text-align: center;\"><span style=\"font-size: 16px;\"><strong><span style=\"color: #000000;\">Comme toutes les grandes marques de produits innovants et recherch\u00e9s, il existe des contrefa\u00e7ons et des copies des tuiles de toiture Decra\u00ae qui sont propos\u00e9es \u00e0 la vente comme des pi\u00e8ces r\u00e9elles. IL FAUT SE M\u00c9FIER! Parce que ces toits ne fonctionneront PAS selon nos normes \u00e9lev\u00e9es. <\/span> <\/strong><\/span><\/p>\n<p>[\/vc_column_text][\/vc_column][\/vc_row][vc_row css=&#8221;.vc_custom_1531220916130{margin-top: 30px !important;margin-bottom: 60px !important;}&#8221;][vc_column width=&#8221;1\/2&#8243;][vc_single_image image=&#8221;12916&#8243; img_size=&#8221;large&#8221; css_animation=&#8221;zoomIn&#8221;][\/vc_column][vc_column width=&#8221;1\/2&#8243;][vc_column_text]<span style=\"font-size: 24px;\"><strong><span style=\"color: #144071;\"><br \/>\nV\u00c9RIFIEZ TOUJOURS LE DOS DE VOS CARREAUX POUR LE LOGO DECRA<\/span><\/strong><\/span><br \/>\n<span style=\"font-size: 24px; color: #144071; text-align: center;\"><strong>SI CE N&#8217;EST PAS L\u00c0, CE N&#8217;EST PAS<\/strong><\/span><span style=\"font-size: 24px; color: #fbbb26;\"><strong>#GENUINEDECRA<\/strong><\/span>[\/vc_column_text][vc_btn title=&#8221;Assurez-vous que c&#8217;est #GenuineDecra&#8221; style=&#8221;flat&#8221; shape=&#8221;round&#8221; color=&#8221;black&#8221; link=&#8221;url:https%3A%2F%2Fwww.decraafrica.com%2Ffr%2Fgenuine-decra%2F|title:Make%20sure%20it%E2%80%99s%20%23GenuineDecra&#8221;][\/vc_column][\/vc_row][vc_row css=&#8221;.vc_custom_1510242430664{margin-top: 0px !important;padding-top: 0px !important;padding-bottom: 0px !important;}&#8221;][vc_column][vc_custom_heading text=&#8221;CHOISISSEZ V\u00c9RITABLE&#8221; font_container=&#8221;tag:h2|font_size:36|text_align:center|color:%23104471&#8243; use_theme_fonts=&#8221;yes&#8221; el_class=&#8221;heading-title&#8221; css=&#8221;.vc_custom_1612962461206{margin-top: 0px !important;border-top-width: 0px !important;border-bottom-width: 0px !important;padding-top: 0px !important;padding-bottom: 0px !important;}&#8221;][\/vc_column][\/vc_row][vc_row gap=&#8221;10&#8243;][vc_column width=&#8221;1\/3&#8243; css=&#8221;.vc_custom_1512744129974{border-top-width: 0px !important;border-right-width: 0px !important;border-bottom-width: 0px !important;border-left-width: 0px !important;background-position: center !important;background-repeat: no-repeat !important;background-size: cover !important;}&#8221;][vc_single_image image=&#8221;13169&#8243; img_size=&#8221;385&#215;271&#8243; alignment=&#8221;center&#8221;][vc_custom_heading text=&#8221;CONCEPTION&#8221; font_container=&#8221;tag:h3|font_size:20|text_align:center|color:%23000000&#8243; use_theme_fonts=&#8221;yes&#8221; css=&#8221;.vc_custom_1612447537752{margin-top: 15px !important;margin-bottom: 0px !important;padding-top: 0px !important;padding-bottom: 0px !important;}&#8221;][vc_column_text css=&#8221;.vc_custom_1612447683364{margin-top: 15px !important;}&#8221;]<\/p>\n<p style=\"text-align: center;\"><span style=\"color: #000; font-size: 14px;\">Con\u00e7ues pour les maisons qui ont besoin d&#8217;un toit plus audacieux et plus solide, les tuiles Decra\u00ae Classic allient innovation avant-gardiste et charme du vieux monde. Symbolisant la qualit\u00e9 et l&#8217;excellence, les tuiles Decra\u00ae Classic refl\u00e8tent le savoir-faire intemporel des g\u00e9n\u00e9rations pr\u00e9c\u00e9dentes tout en inspirant les meilleurs architectes et designers d&#8217;aujourd&#8217;hui.<\/span><\/p>\n<p>[\/vc_column_text][\/vc_column][vc_column width=&#8221;1\/3&#8243; css=&#8221;.vc_custom_1512744105073{background-position: center !important;background-repeat: no-repeat !important;background-size: cover !important;}&#8221;][vc_single_image image=&#8221;13170&#8243; img_size=&#8221;385&#215;271&#8243; alignment=&#8221;center&#8221;][vc_custom_heading text=&#8221;PIERRE NATURELLE&#8221; font_container=&#8221;tag:h3|font_size:20|text_align:center|color:%23000000&#8243; use_theme_fonts=&#8221;yes&#8221; css=&#8221;.vc_custom_1612447551363{margin-top: 15px !important;margin-bottom: 0px !important;padding-top: 0px !important;padding-bottom: 0px !important;}&#8221;][vc_column_text css=&#8221;.vc_custom_1612447700285{margin-top: 15px !important;}&#8221;]<\/p>\n<p style=\"text-align: center;\"><span style=\"color: #000; font-size: 14px;\">Les tuiles Decra\u00ae Roofing sont recouvertes de granul\u00e9 de pierre naturelle, form\u00e9s volcaniquement et provenant de carri\u00e8res en Nouvelle-Z\u00e9lande. Ces rev\u00eatements ajoutent une beaut\u00e9 naturelle au toit et une couche dure de protection contre les intemp\u00e9ries. \u00c9tant de pierre naturelle, la couleur vibrante est prot\u00e9g\u00e9e contre les UV extr\u00eames du soleil africain et ne changera jamais.<\/span><\/p>\n<p>[\/vc_column_text][\/vc_column][vc_column width=&#8221;1\/3&#8243;][vc_single_image image=&#8221;13168&#8243; img_size=&#8221;385&#215;271&#8243; alignment=&#8221;center&#8221;][vc_custom_heading text=&#8221;ACIER ALU-ZINC&#8221; font_container=&#8221;tag:h3|font_size:20|text_align:center|color:%23000000&#8243; use_theme_fonts=&#8221;yes&#8221; css=&#8221;.vc_custom_1612447568436{margin-top: 15px !important;margin-bottom: 0px !important;padding-top: 0px !important;}&#8221;][vc_column_text css=&#8221;.vc_custom_1612447717291{margin-top: 15px !important;}&#8221;]<\/p>\n<p style=\"text-align: center;\"><span style=\"color: #000; font-size: 14px;\">Tous les produits de toiture Decra\u00ae sont fabriqu\u00e9s en acier alu-zinc qui, lors d&#8217;essais, durent 6 \u00e0 9 fois plus longtemps que les produits de toiture en acier galvanis\u00e9 ordinaires. Ceci est r\u00e9alis\u00e9 en prot\u00e9geant le noyau en acier avec du zinc, lui-m\u00eame prot\u00e9g\u00e9 par une barri\u00e8re en aluminium. En tant que pionnier de l&#8217;utilisation de l&#8217;acier alu-zinc, Decra\u00ae poss\u00e8de une exp\u00e9rience in\u00e9gal\u00e9e dans la fabrication de tuiles en acier de longue dur\u00e9e.<\/span><\/p>\n<p>[\/vc_column_text][\/vc_column][\/vc_row][vc_row css=&#8221;.vc_custom_1510242430664{margin-top: 0px !important;padding-top: 0px !important;padding-bottom: 0px !important;}&#8221;][vc_column][vc_custom_heading text=&#8221;CARACT\u00c9RISTIQUES ET AVANTAGES&#8221; font_container=&#8221;tag:h2|font_size:36|text_align:center|color:%23104471&#8243; use_theme_fonts=&#8221;yes&#8221; el_class=&#8221;heading-title&#8221; css=&#8221;.vc_custom_1612962474046{margin-top: 0px !important;border-top-width: 0px !important;border-bottom-width: 0px !important;padding-top: 0px !important;padding-bottom: 0px !important;}&#8221;][\/vc_column][\/vc_row][vc_row gap=&#8221;10&#8243; css=&#8221;.vc_custom_1526486422676{margin-top: 20px !important;margin-bottom: 20px !important;}&#8221;][vc_column width=&#8221;1\/6&#8243;][vc_single_image image=&#8221;13363&#8243; img_size=&#8221;150&#215;150&#8243; alignment=&#8221;center&#8221;][vc_column_text css=&#8221;.vc_custom_1612963465545{margin-top: -15px !important;}&#8221;]<\/p>\n<p style=\"text-align: center; font-size: 12px;\"><span style=\"color: #000000;\">Parfait pour la vie c\u00f4ti\u00e8re<\/span><\/p>\n<p>[\/vc_column_text][\/vc_column][vc_column width=&#8221;1\/6&#8243;][vc_single_image image=&#8221;13447&#8243; img_size=&#8221;150&#215;150&#8243; alignment=&#8221;center&#8221;][vc_column_text css=&#8221;.vc_custom_1612963454836{margin-top: -15px !important;}&#8221;]<\/p>\n<p style=\"text-align: center; font-size: 12px;\"><span style=\"color: #000000;\">Prot\u00e9g\u00e9 contre la corrosion<\/span><\/p>\n<p>[\/vc_column_text][\/vc_column][vc_column width=&#8221;1\/6&#8243;][vc_single_image image=&#8221;13365&#8243; img_size=&#8221;150&#215;150&#8243; alignment=&#8221;center&#8221;][vc_column_text css=&#8221;.vc_custom_1612963444726{margin-top: -15px !important;}&#8221;]<\/p>\n<p style=\"text-align: center; font-size: 12px;\"><span style=\"color: #000000;\">Installation rapide<\/span><\/p>\n<p>[\/vc_column_text][\/vc_column][vc_column width=&#8221;1\/6&#8243;][vc_single_image image=&#8221;13366&#8243; img_size=&#8221;150&#215;150&#8243; alignment=&#8221;center&#8221;][vc_column_text css=&#8221;.vc_custom_1612963435192{margin-top: -15px !important;}&#8221;]<\/p>\n<p style=\"text-align: center; font-size: 12px;\"><span style=\"color: #000000;\">R\u00e9sistant au feu<\/span><\/p>\n<p>[\/vc_column_text][\/vc_column][vc_column width=&#8221;1\/6&#8243;][vc_single_image image=&#8221;13368&#8243; img_size=&#8221;150&#215;150&#8243; alignment=&#8221;center&#8221;][vc_column_text css=&#8221;.vc_custom_1612963423478{margin-top: -15px !important;}&#8221;]<\/p>\n<p style=\"text-align: center; font-size: 12px;\"><span style=\"color: #000000;\">60 ans d&#8217;h\u00e9ritage<\/span><\/p>\n<p>[\/vc_column_text][\/vc_column][vc_column width=&#8221;1\/6&#8243;][vc_single_image image=&#8221;13448&#8243; img_size=&#8221;150&#215;150&#8243; alignment=&#8221;center&#8221;][vc_column_text css=&#8221;.vc_custom_1612963412304{margin-top: -15px !important;}&#8221;]<\/p>\n<p style=\"text-align: center; font-size: 12px;\"><span style=\"color: #000000;\">Preuve d&#8217;ouragan<\/span><\/p>\n<p>[\/vc_column_text][\/vc_column][\/vc_row][vc_row gap=&#8221;10&#8243;][vc_column width=&#8221;1\/6&#8243;][vc_single_image image=&#8221;13367&#8243; img_size=&#8221;150&#215;150&#8243; alignment=&#8221;center&#8221;][vc_column_text css=&#8221;.vc_custom_1612963400830{margin-top: -15px !important;}&#8221;]<\/p>\n<p style=\"text-align: center; font-size: 12px;\"><span style=\"color: #000000;\">Poids l\u00e9ger<\/span><\/p>\n<p>[\/vc_column_text][\/vc_column][vc_column width=&#8221;1\/6&#8243;][vc_single_image image=&#8221;13449&#8243; img_size=&#8221;150&#215;150&#8243; alignment=&#8221;center&#8221;][vc_column_text css=&#8221;.vc_custom_1612963384952{margin-top: -15px !important;}&#8221;]<\/p>\n<p style=\"text-align: center; font-size: 12px;\"><span style=\"color: #000000;\">Prot\u00e9g\u00e9 contre les moussons<\/span><\/p>\n<p>[\/vc_column_text][\/vc_column][vc_column width=&#8221;1\/6&#8243;][vc_single_image image=&#8221;13370&#8243; img_size=&#8221;150&#215;150&#8243; alignment=&#8221;center&#8221;][vc_column_text css=&#8221;.vc_custom_1612963371151{margin-top: -15px !important;}&#8221;]<\/p>\n<p style=\"text-align: center; font-size: 12px;\"><span style=\"color: #000000;\">S\u00e9curise<\/span><\/p>\n<p>[\/vc_column_text][\/vc_column][vc_column width=&#8221;1\/6&#8243;][vc_single_image image=&#8221;13450&#8243; img_size=&#8221;150&#215;150&#8243; alignment=&#8221;center&#8221;][vc_column_text css=&#8221;.vc_custom_1612963321523{margin-top: -15px !important;}&#8221;]<\/p>\n<p style=\"text-align: center; font-size: 12px;\"><span style=\"color: #000000;\">Super fort<\/span><\/p>\n<p>[\/vc_column_text][\/vc_column][vc_column width=&#8221;1\/6&#8243;][vc_single_image image=&#8221;13371&#8243; img_size=&#8221;150&#215;150&#8243; alignment=&#8221;center&#8221;][vc_column_text css=&#8221;.vc_custom_1612963304370{margin-top: -15px !important;}&#8221;]<\/p>\n<p style=\"text-align: center; font-size: 12px;\"><span style=\"color: #000000;\">Test\u00e9 et inspect\u00e9<\/span><\/p>\n<p>[\/vc_column_text][\/vc_column][vc_column width=&#8221;1\/6&#8243;][vc_single_image image=&#8221;13451&#8243; img_size=&#8221;150&#215;150&#8243; alignment=&#8221;center&#8221;][vc_column_text css=&#8221;.vc_custom_1612963290021{margin-top: -15px !important;}&#8221;]<\/p>\n<p style=\"text-align: center; font-size: 12px;\"><span style=\"color: #000000;\">Imperm\u00e9abiliser<\/span><\/p>\n<p>[\/vc_column_text][\/vc_column][\/vc_row][vc_row css=&#8221;.vc_custom_1526483666003{margin-top: 20px !important;padding-top: 0px !important;padding-bottom: 0px !important;}&#8221;][vc_column][vc_custom_heading text=&#8221;M\u00c9FIEZ-VOUS DES FAUSSES&#8221; font_container=&#8221;tag:h2|font_size:36|text_align:center|color:%23104471&#8243; use_theme_fonts=&#8221;yes&#8221; el_class=&#8221;heading-title&#8221; css=&#8221;.vc_custom_1612963523527{margin-top: 0px !important;border-top-width: 0px !important;border-bottom-width: 0px !important;padding-top: 20px !important;padding-bottom: 20px !important;}&#8221;][vc_column_text css=&#8221;.vc_custom_1612962516874{margin-top: 10px !important;}&#8221;]<\/p>\n<p style=\"font-size: 14px; text-align: center;\"><span style=\"color: #000000;\">Les copies sont rarement aussi bonnes que l&#8217;original, et aucun autre fabricant ne peut \u00e9galer Decra\u00ae pour l&#8217;exp\u00e9rience ou l&#8217;h\u00e9ritage. D&#8217;autres fabricants de tuiles r\u00e9duisent la qualit\u00e9 \u00e0 l&#8217;int\u00e9rieur du tuile l\u00e0 o\u00f9 il est le plus n\u00e9cessaire pour fabriquer un tuile qui ressemble \u00e0 Decra \u00e0 l&#8217;ext\u00e9rieur. Voil\u00e0 ce qu&#8217;ils font&#8230;.. <\/span><\/p>\n<p>[\/vc_column_text][\/vc_column][\/vc_row][vc_row gap=&#8221;10&#8243;][vc_column width=&#8221;1\/3&#8243;][vc_single_image image=&#8221;13440&#8243; img_size=&#8221;large&#8221; alignment=&#8221;center&#8221;][vc_column_text css=&#8221;.vc_custom_1612962547433{margin-top: 10px !important;}&#8221;]<\/p>\n<p style=\"font-size: 14px; text-align: center;\"><span style=\"color: #000000;\">La r\u00e9duction de la quantit\u00e9 d&#8217;alu-zinc dans l&#8217;acier r\u00e9duit les co\u00fbts, mais r\u00e9duit \u00e9galement la dur\u00e9e de vie de l&#8217;acier. La r\u00e9duction de moiti\u00e9 de l&#8217;alu-zinc r\u00e9duit la dur\u00e9e de vie de l&#8217;acier de deux tiers.<\/span><\/p>\n<p>[\/vc_column_text][\/vc_column][vc_column width=&#8221;1\/3&#8243;][vc_single_image image=&#8221;13441&#8243; img_size=&#8221;large&#8221; alignment=&#8221;center&#8221;][vc_column_text css=&#8221;.vc_custom_1612962560459{margin-top: 10px !important;}&#8221;]<\/p>\n<p style=\"font-size: 14px; text-align: center;\"><span style=\"color: #000000;\">Au lieu de granul\u00e9 de pierre volcanique naturelle, d&#8217;autres fabricants utilisent de la pierre peinte pour \u00e9conomiser de l&#8217;argent. Cela change rapidement la couleur en UV.<\/span><\/p>\n<p>[\/vc_column_text][\/vc_column][vc_column width=&#8221;1\/3&#8243;][vc_single_image image=&#8221;13442&#8243; img_size=&#8221;large&#8221; alignment=&#8221;center&#8221;][vc_column_text css=&#8221;.vc_custom_1612962575655{margin-top: 10px !important;}&#8221;]<\/p>\n<p style=\"font-size: 14px; text-align: center;\"><span style=\"color: #000000;\">L&#8217;utilisation d&#8217;une couche de base g\u00e9n\u00e9rique pour coller leur rev\u00eatement sur leur acier signifie que le produit n&#8217;a pas \u00e9t\u00e9 con\u00e7u avec ce travail \u00e0 l&#8217;esprit. Le r\u00e9sultat est une perte de granul\u00e9, exposant l&#8217;acier \u00e0 la corrosion.<\/span><\/p>\n<p>[\/vc_column_text][\/vc_column][\/vc_row][vc_row gap=&#8221;10&#8243; css=&#8221;.vc_custom_1531234709040{padding-top: 20px !important;padding-right: 40px !important;padding-bottom: 20px !important;padding-left: 40px !important;background-color: #fbbb26 !important;border-radius: 5px !important;}&#8221;][vc_column width=&#8221;1\/2&#8243; css=&#8221;.vc_custom_1526471005914{margin-right: 10px !important;border-top-width: 1px !important;border-right-width: 1px !important;border-bottom-width: 1px !important;border-left-width: 1px !important;padding-top: 40px !important;padding-right: 40px !important;padding-bottom: 40px !important;padding-left: 40px !important;}&#8221;][vc_single_image image=&#8221;13443&#8243; img_size=&#8221;large&#8221;][\/vc_column][vc_column width=&#8221;1\/2&#8243; css=&#8221;.vc_custom_1531234749723{margin-right: 30px !important;border-top-width: 1px !important;border-right-width: 1px !important;border-bottom-width: 1px !important;border-left-width: 1px !important;padding-top: 40px !important;padding-right: 40px !important;padding-bottom: 40px !important;padding-left: 40px !important;}&#8221;][vc_column_text css=&#8221;.vc_custom_1612962735934{margin-top: 10px !important;}&#8221;]<\/p>\n<p style=\"font-size: 20px;\"><em><span style=\"color: #000000;\">\u201cLes gens l\u2019ont tromp\u00e9 et utilisent des g\u00e9n\u00e9riques qui ont g\u00e2ch\u00e9 son nom &#8230; Les Tanzaniens ont commenc\u00e9 \u00e0 fabriquer un profil pour\u2018 Decra \u2019avec du m\u00e9tal, puis \u00e0 le peindre et si vous l\u2019utilisez ici \u00e0 la plage dans les cinq ans, il est termin\u00e9.\u201d <\/span><\/em><\/p>\n<p style=\"font-size: 24px;\"><strong><span style=\"color: #000000;\">\u2014 Installateur Tanzanien<\/span><\/strong><\/p>\n<p>[\/vc_column_text][\/vc_column][\/vc_row][vc_row][vc_column][vc_custom_heading text=&#8221;CE QUE TU PEUX FAIRE&#8221; font_container=&#8221;tag:h2|font_size:36|text_align:center|color:%23104471&#8243; use_theme_fonts=&#8221;yes&#8221; el_class=&#8221;heading-title&#8221; css=&#8221;.vc_custom_1612962750259{margin-top: 0px !important;border-top-width: 0px !important;border-bottom-width: 0px !important;padding-top: 0px !important;padding-bottom: 0px !important;}&#8221;][\/vc_column][\/vc_row][vc_row gap=&#8221;10&#8243; css=&#8221;.vc_custom_1526486634149{margin-bottom: 60px !important;}&#8221;][vc_column width=&#8221;1\/3&#8243;][vc_single_image image=&#8221;13444&#8243; img_size=&#8221;large&#8221; alignment=&#8221;center&#8221;][vc_custom_heading text=&#8221;TEST DE MANDRILL&#8221; font_container=&#8221;tag:h2|font_size:22|text_align:center|color:%23000000&#8243; use_theme_fonts=&#8221;yes&#8221;][vc_column_text css=&#8221;.vc_custom_1612962764924{margin-top: 10px !important;}&#8221;]<\/p>\n<p style=\"font-size: 14px; text-align: center;\"><span style=\"color: #000000;\">Lorsque vous pliez une tuile Decra\u00ae, elle reste recouverte \u00e0 100% de granul\u00e9 de pierre. Sur les fausses tuiles, ce test peut exposer l&#8217;acier. Les tuiles sont pli\u00e9s lors de l&#8217;installation, c&#8217;est donc un bon test. Si l&#8217;acier est expos\u00e9, le toit pourrait rouiller d\u00e8s le premier jour.<\/span><\/p>\n<p>[\/vc_column_text][\/vc_column][vc_column width=&#8221;1\/3&#8243;][vc_single_image image=&#8221;13445&#8243; img_size=&#8221;large&#8221; alignment=&#8221;center&#8221;][vc_custom_heading text=&#8221;TEST DE SCRAPE&#8221; font_container=&#8221;tag:h2|font_size:22|text_align:center|color:%23000000&#8243; use_theme_fonts=&#8221;yes&#8221;][vc_column_text css=&#8221;.vc_custom_1612962779844{margin-top: 10px !important;}&#8221;]<\/p>\n<p style=\"font-size: 14px; text-align: center;\"><span style=\"color: #000000;\">Le grattage de la tuile r\u00e9v\u00e9lera \u00e0 quel point la puce de pierre est coll\u00e9e. Avec Decra\u00ae, la perte de granul\u00e9 sera minime, mais comparez cela \u00e0 d&#8217;autres tuiles. Sur les faux tuiles, les granul\u00e9 de pierre peuvent se laver sous une pluie battante, mais pas sur les tuiles Genuine Decra.<\/span><\/p>\n<p>[\/vc_column_text][\/vc_column][vc_column width=&#8221;1\/3&#8243;][vc_single_image image=&#8221;13446&#8243; img_size=&#8221;large&#8221; alignment=&#8221;center&#8221; css=&#8221;.vc_custom_1612962907406{margin-bottom: 40px !important;border-top-width: 1px !important;border-right-width: 1px !important;border-bottom-width: 1px !important;border-left-width: 1px !important;padding-top: 15px !important;padding-bottom: 15px !important;border-left-color: #aaaaaa !important;border-left-style: solid !important;border-right-color: #aaaaaa !important;border-right-style: solid !important;border-top-color: #aaaaaa !important;border-top-style: solid !important;border-bottom-color: #aaaaaa !important;border-bottom-style: solid !important;border-radius: 1px !important;}&#8221;][vc_custom_heading text=&#8221;V\u00c9RIFIEZ LE LOGO&#8221; font_container=&#8221;tag:h2|font_size:22|text_align:center|color:%23000000&#8243; use_theme_fonts=&#8221;yes&#8221;][vc_column_text css=&#8221;.vc_custom_1612962793816{margin-top: 10px !important;}&#8221;]<\/p>\n<p style=\"font-size: 14px; text-align: center;\"><span style=\"color: #000000;\">Les tuiles Decra\u00ae authentiques ont le logo Decra\u00ae imprim\u00e9 \u00e0 l&#8217;arri\u00e8re de la tuile afin que vous puissiez facilement identifier la chose r\u00e9elle. V\u00e9rifiez cela lors de l&#8217;achat, et \u00e9galement lorsque les tuiles sont livr\u00e9es sur votre site.<\/span><\/p>\n<p>[\/vc_column_text][\/vc_column][\/vc_row][vc_row full_width=&#8221;stretch_row&#8221; css=&#8221;.vc_custom_1537441692598{margin-top: 40px !important;margin-bottom: 0px !important;padding-top: 20px !important;padding-bottom: 20px !important;background-color: #202b59 !important;}&#8221;][vc_column width=&#8221;1\/4&#8243;][\/vc_column][vc_column width=&#8221;1\/4&#8243;][vc_btn title=&#8221;T\u00e9l\u00e9charger la brochure&#8221; style=&#8221;flat&#8221; shape=&#8221;round&#8221; color=&#8221;warning&#8221; i_icon_fontawesome=&#8221;fas fa-download&#8221; add_icon=&#8221;true&#8221; link=&#8221;url:https%3A%2F%2Fwww.decraafrica.com\/wp-content%2Fuploads%2F2018%2F07%2Fbrochure.pdf|||&#8221; css=&#8221;.vc_custom_1612452768840{margin-left: 20px !important;}&#8221;][\/vc_column][vc_column width=&#8221;1\/4&#8243;][vc_btn title=&#8221;Prenez rendez-vous&#8221; style=&#8221;flat&#8221; shape=&#8221;round&#8221; color=&#8221;warning&#8221; i_icon_fontawesome=&#8221;fas fa-mobile-alt&#8221; add_icon=&#8221;true&#8221; link=&#8221;url:https%3A%2F%2Fwww.decraafrica.com%2Ffr%2Fcontact%2F&#8221;][\/vc_column][vc_column width=&#8221;1\/4&#8243;][\/vc_column][\/vc_row][vc_row full_width=&#8221;stretch_row&#8221; css=&#8221;.vc_custom_1532943974139{margin-top: 0px !important;margin-bottom: 0px !important;padding-top: 40px !important;padding-bottom: 40px !important;background-color: #ffd500 !important;}&#8221;][vc_column width=&#8221;1\/3&#8243;][vc_single_image image=&#8221;12883&#8243; img_size=&#8221;large&#8221; alignment=&#8221;center&#8221;][\/vc_column][vc_column width=&#8221;2\/3&#8243;][vc_custom_heading text=&#8221;PROCHAINES \u00c9TAPES&#8221; font_container=&#8221;tag:h2|font_size:32|text_align:left|color:%23104471&#8243; use_theme_fonts=&#8221;yes&#8221; el_class=&#8221;heading-title&#8221; css=&#8221;.vc_custom_1612271760467{margin-top: 0px !important;border-top-width: 0px !important;border-bottom-width: 0px !important;padding-top: 0px !important;padding-bottom: 0px !important;}&#8221;][vc_column_text css=&#8221;.vc_custom_1612271775918{margin-top: 0px !important;margin-bottom: 0px !important;padding-top: 0px !important;padding-bottom: 0px !important;}&#8221;]<span style=\"font-size: 22px; color: #144071; font-weight: 500;\"><strong>Nous sommes l\u00e0 pour vous guider au long du processus de s\u00e9lection du toit qui vous convient.<\/strong><\/span>[\/vc_column_text][vc_column_text css=&#8221;.vc_custom_1612271795242{margin-top: 15px !important;margin-bottom: 15px !important;padding-top: 0px !important;padding-bottom: 0px !important;}&#8221;]<span style=\"font-size: 14px; color: #000;\">Nos distributeurs sont des professionnels qui sauront \u00e9couter vos exigences, vous faire des recommandations et calculer vos besoins en toiture, Pour votre toiture de r\u00eave, prenez rendez-vous le jour et \u00e0 l&#8217;heure qui vous conviennent &#8230;.. <\/span>[\/vc_column_text][vc_btn title=&#8221;Prenez contact avec nous&#8221; style=&#8221;flat&#8221; shape=&#8221;round&#8221; color=&#8221;primary&#8221; link=&#8221;url:https%3A%2F%2Fwww.decraafrica.com%2Ffr%2Fcontact%2F&#8221;][\/vc_column][\/vc_row]<\/p>\n<\/div>","protected":false},"excerpt":{"rendered":"<p>[vc_row full_width=&#8221;stretch_row&#8221; content_placement=&#8221;top&#8221; css=&#8221;.vc_custom_1612962367363{margin-top: 50px !important;}&#8221;][vc_column][vc_custom_heading text=&#8221;ASSUREZ-VOUS QUE C&#8217;EST #GENUINEDECRA&#8221; font_container=&#8221;tag:h1|font_size:36|text_align:center|color:%23104471&#8243; use_theme_fonts=&#8221;yes&#8221; el_class=&#8221;heading-title&#8221; css=&#8221;.vc_custom_1612963603082{margin-top: 0px !important;padding-top: 20px !important;padding-bottom: 20px !important;}&#8221;][vc_column_text css=&#8221;.vc_custom_1612963610877{margin-top: 15px !important;}&#8221;] Comme toutes les grandes marques de produits innovants et recherch\u00e9s, il existe des contrefa\u00e7ons et des copies des tuiles de toiture Decra\u00ae qui sont propos\u00e9es \u00e0 la vente comme des pi\u00e8ces r\u00e9elles. [&hellip;]<\/p>\n","protected":false},"author":1,"featured_media":0,"parent":0,"menu_order":0,"comment_status":"open","ping_status":"closed","template":"","meta":{"content-type":"","footnotes":""},"class_list":["post-6683","page","type-page","status-publish","hentry"],"_links":{"self":[{"href":"https:\/\/www.decraafrica.com\/fr\/wp-json\/wp\/v2\/pages\/6683","targetHints":{"allow":["GET"]}}],"collection":[{"href":"https:\/\/www.decraafrica.com\/fr\/wp-json\/wp\/v2\/pages"}],"about":[{"href":"https:\/\/www.decraafrica.com\/fr\/wp-json\/wp\/v2\/types\/page"}],"author":[{"embeddable":true,"href":"https:\/\/www.decraafrica.com\/fr\/wp-json\/wp\/v2\/users\/1"}],"replies":[{"embeddable":true,"href":"https:\/\/www.decraafrica.com\/fr\/wp-json\/wp\/v2\/comments?post=6683"}],"version-history":[{"count":3,"href":"https:\/\/www.decraafrica.com\/fr\/wp-json\/wp\/v2\/pages\/6683\/revisions"}],"predecessor-version":[{"id":13453,"href":"https:\/\/www.decraafrica.com\/fr\/wp-json\/wp\/v2\/pages\/6683\/revisions\/13453"}],"wp:attachment":[{"href":"https:\/\/www.decraafrica.com\/fr\/wp-json\/wp\/v2\/media?parent=6683"}],"curies":[{"name":"wp","href":"https:\/\/api.w.org\/{rel}","templated":true}]}}