{"id":6738,"date":"2018-05-17T12:07:26","date_gmt":"2018-05-17T11:07:26","guid":{"rendered":"https:\/\/www.decraafrica.com\/?page_id=6738"},"modified":"2021-02-12T09:43:41","modified_gmt":"2021-02-12T09:43:41","slug":"certification","status":"publish","type":"page","link":"https:\/\/www.decraafrica.com\/fr\/certification\/","title":{"rendered":"Test et certification"},"content":{"rendered":"<div class=\"wpb-content-wrapper\"><p>[vc_row full_width=&#8221;stretch_row&#8221; content_placement=&#8221;top&#8221; css=&#8221;.vc_custom_1612952243238{margin-top: 50px !important;}&#8221;][vc_column][vc_custom_heading text=&#8221;TEST ET CERTIFICATION&#8221; font_container=&#8221;tag:h2|font_size:36|text_align:center|color:%23104471&#8243; use_theme_fonts=&#8221;yes&#8221; el_class=&#8221;heading-title&#8221; css=&#8221;.vc_custom_1612951306786{margin-top: 15px !important;margin-bottom: 30px !important;border-top-width: 0px !important;border-bottom-width: 0px !important;padding-top: 0px !important;padding-bottom: 0px !important;}&#8221;][vc_column_text]<\/p>\n<p style=\"text-align: center;\"><span style=\"font-size: 14px; color: #000000;\">Les tuiles Decra sont r\u00e9guli\u00e8rement test\u00e9s pour la coh\u00e9rence de la qualit\u00e9 dans nos propres laboratoires et dans des stations de test ind\u00e9pendantes. Les tuiles de chaque lot produit chaque jour sont choisis au hasard et test\u00e9s pour garantir que nos normes de qualit\u00e9 sont respect\u00e9es dans une s\u00e9rie de mesures. Pour la certification internationale, des laboratoires externes ind\u00e9pendants testent les tuiles et accessoires Decra pour s&#8217;assurer qu&#8217;ils r\u00e9pondent aux normes \u00e9lev\u00e9es fix\u00e9es par eux et par les pays du monde entier.<\/span><\/p>\n<p>[\/vc_column_text][\/vc_column][\/vc_row][vc_row gap=&#8221;10&#8243;][vc_column width=&#8221;1\/3&#8243;][vc_single_image image=&#8221;13421&#8243; img_size=&#8221;large&#8221; alignment=&#8221;center&#8221;][vc_custom_heading text=&#8221;R\u00c9SISTANCE AUX INTEMP\u00c9RIES&#8221; font_container=&#8221;tag:h6|font_size:18|text_align:center|color:%23000000&#8243; use_theme_fonts=&#8221;yes&#8221; css=&#8221;.vc_custom_1612951346362{margin-top: -10px !important;}&#8221;][vc_column_text css=&#8221;.vc_custom_1612951575216{margin-top: 10px !important;}&#8221;]<\/p>\n<p style=\"font-size: 14px; text-align: center;\"><span style=\"color: #000000;\">Test de r\u00e9sistance \u00e0 l&#8217;impact des gr\u00ealons &#8211; par le Commonwealth Scientific and Industrial Research Organization (CSIRO) Australia. (AHI 9.1)<\/span><\/p>\n<p>[\/vc_column_text][vc_btn title=&#8221;T\u00e9l\u00e9charger le certificat&#8221; style=&#8221;outline&#8221; shape=&#8221;round&#8221; color=&#8221;warning&#8221; size=&#8221;sm&#8221; align=&#8221;center&#8221; i_icon_fontawesome=&#8221;&#8221; button_block=&#8221;true&#8221; add_icon=&#8221;true&#8221; link=&#8221;url:https%3A%2F%2Fwww.decraafrica.com\/wp-content%2Fuploads%2F2018%2F07%2FAHI-2.1.16-Dynamic-Weather-Resistance-AS-2050-1994.pdf||target:%20_blank|&#8221;][\/vc_column][vc_column width=&#8221;1\/3&#8243;][vc_single_image image=&#8221;13422&#8243; img_size=&#8221;large&#8221; alignment=&#8221;center&#8221;][vc_custom_heading text=&#8221;S\u00c9CURIT\u00c9 M\u00c9T\u00c9O&#8221; font_container=&#8221;tag:h6|font_size:18|text_align:center|color:%23000000&#8243; use_theme_fonts=&#8221;yes&#8221; css=&#8221;.vc_custom_1612951359908{margin-top: -10px !important;}&#8221;][vc_column_text css=&#8221;.vc_custom_1612951597311{margin-top: 10px !important;}&#8221;]<\/p>\n<p style=\"font-size: 14px; text-align: center;\"><span style=\"color: #000000;\">Tests de p\u00e9n\u00e9tration dynamique de la pluie \u00e0 grande vitesse et de charge par vent fort &#8211; par le Laboratoire de recherche en construction Inc, Floride, USA (AHI 2.1.1)<\/span><\/p>\n<p>[\/vc_column_text][vc_btn title=&#8221;T\u00e9l\u00e9charger le certificat&#8221; style=&#8221;outline&#8221; shape=&#8221;round&#8221; color=&#8221;warning&#8221; size=&#8221;sm&#8221; align=&#8221;center&#8221; i_icon_fontawesome=&#8221;&#8221; button_block=&#8221;true&#8221; add_icon=&#8221;true&#8221;][\/vc_column][vc_column width=&#8221;1\/3&#8243;][vc_single_image image=&#8221;13420&#8243; img_size=&#8221;large&#8221; alignment=&#8221;center&#8221;][vc_custom_heading text=&#8221;CERTIFICATION DE B\u00c2TIMENT&#8221; font_container=&#8221;tag:h6|font_size:18|text_align:center|color:%23000000&#8243; use_theme_fonts=&#8221;yes&#8221; css=&#8221;.vc_custom_1612951372486{margin-top: -10px !important;}&#8221;][vc_column_text css=&#8221;.vc_custom_1612951630871{margin-top: 10px !important;}&#8221;]<\/p>\n<p style=\"font-size: 14px; text-align: center;\"><span style=\"color: #000000;\">British Board of Agreement, \u00e9valuation des produits pour la construction &#8211; Certificat No: 99\/3568 mars 1999. &amp; 99\/3568 mars 1999.<\/span><\/p>\n<p>[\/vc_column_text][vc_btn title=&#8221;T\u00e9l\u00e9charger le certificat&#8221; style=&#8221;outline&#8221; shape=&#8221;round&#8221; color=&#8221;warning&#8221; size=&#8221;sm&#8221; align=&#8221;center&#8221; i_icon_fontawesome=&#8221;&#8221; button_block=&#8221;true&#8221; add_icon=&#8221;true&#8221; link=&#8221;url:https%3A%2F%2Fwww.decraafrica.com\/wp-content%2Fuploads%2F2018%2F07%2FAHI-3.94-BBA-99-3568i1.pdf||target:%20_blank|&#8221;][\/vc_column][\/vc_row][vc_row gap=&#8221;10&#8243; css=&#8221;.vc_custom_1526548034313{margin-top: 80px !important;}&#8221;][vc_column width=&#8221;1\/3&#8243; css=&#8221;.vc_custom_1526547873710{border-top-width: 1px !important;border-right-width: 1px !important;border-bottom-width: 1px !important;border-left-width: 1px !important;}&#8221;][vc_single_image image=&#8221;13424&#8243; img_size=&#8221;large&#8221; alignment=&#8221;center&#8221; css=&#8221;.vc_custom_1612951830329{margin-top: -30px !important;}&#8221;][vc_custom_heading text=&#8221;R\u00c9SISTANCE THERMIQUE&#8221; font_container=&#8221;tag:h6|font_size:18|text_align:center|color:%23000000&#8243; use_theme_fonts=&#8221;yes&#8221; css=&#8221;.vc_custom_1612951386194{margin-top: -10px !important;}&#8221;][vc_column_text css=&#8221;.vc_custom_1612951501245{margin-top: 10px !important;}&#8221;]<\/p>\n<p style=\"font-size: 14px; text-align: center;\"><span style=\"color: #000000;\">Propri\u00e9t\u00e9s thermiques avec et sans sous-couches (sarking). Tests par le centre technique AHI, Nouvelle-Z\u00e9lande. (AHI 2.5.2, 3.63)<\/span><\/p>\n<p>[\/vc_column_text][vc_btn title=&#8221;T\u00e9l\u00e9charger le certificat&#8221; style=&#8221;outline&#8221; shape=&#8221;round&#8221; color=&#8221;warning&#8221; size=&#8221;sm&#8221; align=&#8221;center&#8221; i_icon_fontawesome=&#8221;&#8221; button_block=&#8221;true&#8221; add_icon=&#8221;true&#8221; link=&#8221;url:https%3A%2F%2Fwww.decraafrica.com\/wp-content%2Fuploads%2F2018%2F07%2FAHI2.5.2-Themal-Transmittance-1984.pdf||target:%20_blank|&#8221;][\/vc_column][vc_column width=&#8221;1\/3&#8243; css=&#8221;.vc_custom_1526547882566{margin-right: 0px !important;border-top-width: 1px !important;border-right-width: 1px !important;border-bottom-width: 1px !important;border-left-width: 1px !important;}&#8221;][vc_single_image image=&#8221;13425&#8243; img_size=&#8221;large&#8221; alignment=&#8221;center&#8221; css=&#8221;.vc_custom_1612951844550{margin-top: -30px !important;}&#8221;][vc_custom_heading text=&#8221;CHARGEMENT CONCENTR\u00c9&#8221; font_container=&#8221;tag:h6|font_size:18|text_align:center|color:%23000000&#8243; use_theme_fonts=&#8221;yes&#8221; css=&#8221;.vc_custom_1612951397337{margin-top: -10px !important;}&#8221;][vc_column_text css=&#8221;.vc_custom_1531236157554{margin-top: 10px !important;}&#8221;]<\/p>\n<p style=\"font-size: 14px; text-align: center;\"><span style=\"color: #000000;\">Concentrated Force on Roofing Tiles in Australian Standard 1562. Rule 5.2, 1973 by the Cyclone Testing Station, Australia. (AHI 2.2.2, 2.1.9)<\/span><\/p>\n<p>[\/vc_column_text][vc_btn title=&#8221;T\u00e9l\u00e9charger le certificat&#8221; style=&#8221;outline&#8221; shape=&#8221;round&#8221; color=&#8221;warning&#8221; size=&#8221;sm&#8221; align=&#8221;center&#8221; i_icon_fontawesome=&#8221;&#8221; button_block=&#8221;true&#8221; add_icon=&#8221;true&#8221; link=&#8221;url:https%3A%2F%2Fwww.decraafrica.com\/wp-content%2Fuploads%2F2018%2F07%2FAHI2.1.9-Low-Speed-Dynamic-Rain-Penetration-1980.pdf||target:%20_blank|&#8221;][\/vc_column][vc_column width=&#8221;1\/3&#8243;][vc_single_image image=&#8221;13426&#8243; img_size=&#8221;large&#8221; alignment=&#8221;center&#8221; css=&#8221;.vc_custom_1612951856389{margin-top: -30px !important;}&#8221;][vc_custom_heading text=&#8221;LA QUALIT\u00c9 D&#8217;EAU&#8221; font_container=&#8221;tag:h6|font_size:18|text_align:center|color:%23000000&#8243; use_theme_fonts=&#8221;yes&#8221; css=&#8221;.vc_custom_1612951409081{margin-top: -10px !important;}&#8221;][vc_column_text css=&#8221;.vc_custom_1612951614969{margin-top: 10px !important;}&#8221;]<\/p>\n<p style=\"font-size: 14px; text-align: center;\"><span style=\"color: #000000;\">Le ruissellement des eaux de pluie se situe bien dans les limites inf\u00e9rieures des normes de l\u2019Organisation mondiale de la sant\u00e9. Tests r\u00e9alis\u00e9s par Water Science Laboratories, Australia.<\/span><\/p>\n<p>[\/vc_column_text][vc_btn title=&#8221;T\u00e9l\u00e9charger le certificat&#8221; style=&#8221;outline&#8221; shape=&#8221;round&#8221; color=&#8221;warning&#8221; size=&#8221;sm&#8221; align=&#8221;center&#8221; i_icon_fontawesome=&#8221;&#8221; button_block=&#8221;true&#8221; add_icon=&#8221;true&#8221; link=&#8221;url:https%3A%2F%2Fwww.decraafrica.com\/wp-content%2Fuploads%2F2018%2F07%2FRainwater-collection-AS_NZS-4020_2005-Test-Report.pdf||target:%20_blank|&#8221;][\/vc_column][\/vc_row][vc_row gap=&#8221;10&#8243; css=&#8221;.vc_custom_1526548027419{margin-top: 80px !important;}&#8221;][vc_column width=&#8221;1\/3&#8243; css=&#8221;.vc_custom_1526547932854{margin-right: 10px !important;border-top-width: 1px !important;border-right-width: 1px !important;border-bottom-width: 1px !important;border-left-width: 1px !important;}&#8221;][vc_single_image image=&#8221;13427&#8243; img_size=&#8221;large&#8221; alignment=&#8221;center&#8221;][vc_custom_heading text=&#8221;R\u00c9SISTANCE AU FEU&#8221; font_container=&#8221;tag:h6|font_size:18|text_align:center|color:%23000000&#8243; use_theme_fonts=&#8221;yes&#8221; css=&#8221;.vc_custom_1612951421602{margin-top: -10px !important;}&#8221;][vc_column_text css=&#8221;.vc_custom_1612951466898{margin-top: 10px !important;}&#8221;]<\/p>\n<p style=\"font-size: 14px; text-align: center;\"><span style=\"color: #000000;\">Otto Graf Institute, Allemagne &#8211; R\u00e9sistance aux feux volants et \u00e0 la chaleur radiante, Cert. Non: DIN4102 \/ 7 octobre 2000<\/span><\/p>\n<p>[\/vc_column_text][vc_btn title=&#8221;T\u00e9l\u00e9charger le certificat&#8221; style=&#8221;outline&#8221; shape=&#8221;round&#8221; color=&#8221;warning&#8221; size=&#8221;sm&#8221; align=&#8221;center&#8221; i_icon_fontawesome=&#8221;&#8221; button_block=&#8221;true&#8221; add_icon=&#8221;true&#8221; link=&#8221;url:https%3A%2F%2Fwww.decraafrica.com\/wp-content%2Fuploads%2F2018%2F07%2FFire-Resistance-Class-A-ASTME108-UL790-Class-A-Y2000.pdf||target:%20_blank|&#8221;][\/vc_column][vc_column width=&#8221;1\/3&#8243; css=&#8221;.vc_custom_1526547940866{margin-right: 0px !important;border-top-width: 1px !important;border-right-width: 1px !important;border-bottom-width: 1px !important;border-left-width: 1px !important;}&#8221;][vc_single_image image=&#8221;13428&#8243; img_size=&#8221;large&#8221; alignment=&#8221;center&#8221;][vc_custom_heading text=&#8221;R\u00c9SISTANCE AUX TREMBLES DE TERRE&#8221; font_container=&#8221;tag:h6|font_size:18|text_align:center|color:%23000000&#8243; use_theme_fonts=&#8221;yes&#8221; css=&#8221;.vc_custom_1612951436807{margin-top: -10px !important;}&#8221;][vc_column_text css=&#8221;.vc_custom_1531236252122{margin-top: 10px !important;}&#8221;]<\/p>\n<p style=\"font-size: 14px; text-align: center;\"><span style=\"color: #000000;\">Wakefield Laboratories Limited of New Zealand \u2013 Simulated Earthquake Test 1969. (AHI 2.5.34)<\/span><\/p>\n<p>[\/vc_column_text][vc_btn title=&#8221;T\u00e9l\u00e9charger le certificat&#8221; style=&#8221;outline&#8221; shape=&#8221;round&#8221; color=&#8221;warning&#8221; size=&#8221;sm&#8221; align=&#8221;center&#8221; i_icon_fontawesome=&#8221;&#8221; button_block=&#8221;true&#8221; add_icon=&#8221;true&#8221; link=&#8221;url:https%3A%2F%2Fwww.decraafrica.com%2Fwp-content%2Fuploads%2F2018%2F07%2FAHI-2.5.34-Wakefield-Labratories-Limited-Simulated-Earthquake-test.pdf||target:%20_blank|&#8221;][\/vc_column][vc_column width=&#8221;1\/3&#8243;][vc_single_image image=&#8221;13423&#8243; img_size=&#8221;large&#8221; alignment=&#8221;center&#8221;][vc_custom_heading text=&#8221;R\u00c9SISTANCE AUX OURAGANS ET AU VENT&#8221; font_container=&#8221;tag:h6|font_size:18|text_align:center|color:%23000000&#8243; use_theme_fonts=&#8221;yes&#8221; css=&#8221;.vc_custom_1612951450177{margin-top: -10px !important;}&#8221;][vc_column_text css=&#8221;.vc_custom_1612951484890{margin-top: 10px !important;}&#8221;]<\/p>\n<p style=\"font-size: 14px; text-align: center;\"><span style=\"color: #000000;\">Ouragan test\u00e9 par le Construction Research Laboratory Inc., Miami, Floride, \u00c9tats-Unis (AHI 2.1.1)<\/span><\/p>\n<p>[\/vc_column_text][vc_btn title=&#8221;T\u00e9l\u00e9charger le certificat&#8221; style=&#8221;outline&#8221; shape=&#8221;round&#8221; color=&#8221;warning&#8221; size=&#8221;sm&#8221; align=&#8221;center&#8221; i_icon_fontawesome=&#8221;&#8221; button_block=&#8221;true&#8221; add_icon=&#8221;true&#8221; link=&#8221;url:https%3A%2F%2Fwww.decraafrica.com\/wp-content%2Fuploads%2F2017%2F02%2Fsales_brochure.pdf||target:%20_blank|&#8221;][\/vc_column][\/vc_row][vc_row css=&#8221;.vc_custom_1531220916130{margin-top: 30px !important;margin-bottom: 60px !important;}&#8221;][vc_column width=&#8221;1\/2&#8243;][vc_single_image image=&#8221;12916&#8243; img_size=&#8221;large&#8221; css_animation=&#8221;zoomIn&#8221;][\/vc_column][vc_column width=&#8221;1\/2&#8243;][vc_column_text]<span style=\"font-size: 24px;\"><strong><span style=\"color: #144071;\"><br \/>\nV\u00c9RIFIEZ TOUJOURS LE DOS DE VOS CARREAUX POUR LE LOGO DECRA<\/span><\/strong><\/span><br \/>\n<span style=\"font-size: 24px; color: #144071; text-align: center;\"><strong>SI CE N&#8217;EST PAS L\u00c0, CE N&#8217;EST PAS<\/strong><\/span><span style=\"font-size: 24px; color: #fbbb26;\"><strong>#GENUINEDECRA<\/strong><\/span>[\/vc_column_text][vc_btn title=&#8221;Assurez-vous que c&#8217;est #GenuineDecra&#8221; style=&#8221;flat&#8221; shape=&#8221;round&#8221; color=&#8221;black&#8221; link=&#8221;url:https%3A%2F%2Fwww.decraafrica.com%2Ffr%2Fgenuine-decra%2F|title:Make%20sure%20it%E2%80%99s%20%23GenuineDecra&#8221;][\/vc_column][\/vc_row][vc_row full_width=&#8221;stretch_row&#8221; css=&#8221;.vc_custom_1532943974139{margin-top: 0px !important;margin-bottom: 0px !important;padding-top: 40px !important;padding-bottom: 40px !important;background-color: #ffd500 !important;}&#8221;][vc_column width=&#8221;1\/3&#8243;][vc_single_image image=&#8221;12883&#8243; img_size=&#8221;large&#8221; alignment=&#8221;center&#8221;][\/vc_column][vc_column width=&#8221;2\/3&#8243;][vc_custom_heading text=&#8221;PROCHAINES \u00c9TAPES&#8221; font_container=&#8221;tag:h2|font_size:32|text_align:left|color:%23104471&#8243; use_theme_fonts=&#8221;yes&#8221; el_class=&#8221;heading-title&#8221; css=&#8221;.vc_custom_1612271760467{margin-top: 0px !important;border-top-width: 0px !important;border-bottom-width: 0px !important;padding-top: 0px !important;padding-bottom: 0px !important;}&#8221;][vc_column_text css=&#8221;.vc_custom_1612271775918{margin-top: 0px !important;margin-bottom: 0px !important;padding-top: 0px !important;padding-bottom: 0px !important;}&#8221;]<span style=\"font-size: 22px; color: #144071; font-weight: 500;\"><strong>Nous sommes l\u00e0 pour vous guider au long du processus de s\u00e9lection du toit qui vous convient.<\/strong><\/span>[\/vc_column_text][vc_column_text css=&#8221;.vc_custom_1612271795242{margin-top: 15px !important;margin-bottom: 15px !important;padding-top: 0px !important;padding-bottom: 0px !important;}&#8221;]<span style=\"font-size: 14px; color: #000;\">Nos distributeurs sont des professionnels qui sauront \u00e9couter vos exigences, vous faire des recommandations et calculer vos besoins en toiture, Pour votre toiture de r\u00eave, prenez rendez-vous le jour et \u00e0 l&#8217;heure qui vous conviennent &#8230;.. <\/span>[\/vc_column_text][vc_btn title=&#8221;Prenez contact avec nous&#8221; style=&#8221;flat&#8221; shape=&#8221;round&#8221; color=&#8221;primary&#8221; link=&#8221;url:https%3A%2F%2Fwww.decraafrica.com%2Ffr%2Fcontact%2F&#8221;][\/vc_column][\/vc_row]<\/p>\n<\/div>","protected":false},"excerpt":{"rendered":"<p>[vc_row full_width=&#8221;stretch_row&#8221; content_placement=&#8221;top&#8221; css=&#8221;.vc_custom_1612952243238{margin-top: 50px !important;}&#8221;][vc_column][vc_custom_heading text=&#8221;TEST ET CERTIFICATION&#8221; font_container=&#8221;tag:h2|font_size:36|text_align:center|color:%23104471&#8243; use_theme_fonts=&#8221;yes&#8221; el_class=&#8221;heading-title&#8221; css=&#8221;.vc_custom_1612951306786{margin-top: 15px !important;margin-bottom: 30px !important;border-top-width: 0px !important;border-bottom-width: 0px !important;padding-top: 0px !important;padding-bottom: 0px !important;}&#8221;][vc_column_text] Les tuiles Decra sont r\u00e9guli\u00e8rement test\u00e9s pour la coh\u00e9rence de la qualit\u00e9 dans nos propres laboratoires et dans des stations de test ind\u00e9pendantes. Les tuiles de chaque lot produit chaque [&hellip;]<\/p>\n","protected":false},"author":1,"featured_media":0,"parent":0,"menu_order":0,"comment_status":"closed","ping_status":"closed","template":"","meta":{"content-type":"","footnotes":""},"class_list":["post-6738","page","type-page","status-publish","hentry"],"_links":{"self":[{"href":"https:\/\/www.decraafrica.com\/fr\/wp-json\/wp\/v2\/pages\/6738","targetHints":{"allow":["GET"]}}],"collection":[{"href":"https:\/\/www.decraafrica.com\/fr\/wp-json\/wp\/v2\/pages"}],"about":[{"href":"https:\/\/www.decraafrica.com\/fr\/wp-json\/wp\/v2\/types\/page"}],"author":[{"embeddable":true,"href":"https:\/\/www.decraafrica.com\/fr\/wp-json\/wp\/v2\/users\/1"}],"replies":[{"embeddable":true,"href":"https:\/\/www.decraafrica.com\/fr\/wp-json\/wp\/v2\/comments?post=6738"}],"version-history":[{"count":4,"href":"https:\/\/www.decraafrica.com\/fr\/wp-json\/wp\/v2\/pages\/6738\/revisions"}],"predecessor-version":[{"id":13528,"href":"https:\/\/www.decraafrica.com\/fr\/wp-json\/wp\/v2\/pages\/6738\/revisions\/13528"}],"wp:attachment":[{"href":"https:\/\/www.decraafrica.com\/fr\/wp-json\/wp\/v2\/media?parent=6738"}],"curies":[{"name":"wp","href":"https:\/\/api.w.org\/{rel}","templated":true}]}}