{"id":6819,"date":"2018-05-17T18:16:32","date_gmt":"2018-05-17T15:16:32","guid":{"rendered":"https:\/\/www.decraafrica.com\/?page_id=6819"},"modified":"2021-02-17T11:57:13","modified_gmt":"2021-02-17T11:57:13","slug":"brochure","status":"publish","type":"page","link":"https:\/\/www.decraafrica.com\/fr\/brochure\/","title":{"rendered":"T\u00e9l\u00e9chargez des brochures"},"content":{"rendered":"<div class=\"wpb-content-wrapper\"><p>[vc_row full_width=&#8221;stretch_row&#8221; content_placement=&#8221;top&#8221; css=&#8221;.vc_custom_1613557814987{margin-top: 50px !important;padding-top: 10px !important;padding-bottom: 10px !important;}&#8221;][vc_column][vc_custom_heading text=&#8221;T\u00c9L\u00c9CHARGEMENT DE LA BROCHURE&#8221; font_container=&#8221;tag:h1|font_size:32|text_align:center|color:%23104471&#8243; use_theme_fonts=&#8221;yes&#8221; el_class=&#8221;heading-title&#8221; css=&#8221;.vc_custom_1613557830844{margin-top: 5px !important;margin-bottom: 15px !important;border-top-width: 0px !important;border-bottom-width: 0px !important;padding-top: 0px !important;padding-bottom: 0px !important;}&#8221;][vc_column_text]<\/p>\n<p style=\"text-align: center;\"><span style=\"font-size: 20px;\"><strong><span style=\"color: #000000;\">Trouvez ici tous les faits, chiffres et informations dont vous avez besoin pour prendre une d\u00e9cision \u00e9clair\u00e9e sur votre toit ou regardez nos films pour vous aider \u00e0 d\u00e9cider. <\/span> <\/strong><\/span><\/p>\n<p>[\/vc_column_text][\/vc_column][\/vc_row][vc_row gap=&#8221;10&#8243;][vc_column css=&#8221;.vc_custom_1533047248796{padding-top: 10px !important;padding-bottom: 10px !important;background-color: #144071 !important;}&#8221;][vc_custom_heading text=&#8221;\u00caTRE INSPIR\u00c9&#8221; font_container=&#8221;tag:h6|font_size:24PX|text_align:center|color:%23ffffff&#8221; google_fonts=&#8221;font_family:Montserrat%3Aregular%2C700|font_style:700%20bold%20regular%3A700%3Anormal&#8221;][\/vc_column][vc_column width=&#8221;1\/4&#8243;][vc_single_image image=&#8221;13699&#8243; img_size=&#8221;large&#8221; alignment=&#8221;center&#8221; onclick=&#8221;custom_link&#8221; img_link_target=&#8221;_blank&#8221; link=&#8221;https:\/\/www.decraafrica.com\/wp-content\/uploads\/2021\/02\/decra_sales.pdf&#8221;][vc_custom_heading text=&#8221;BROCHURE D\u00c9CRA&#8221; font_container=&#8221;tag:h6|font_size:14PX|text_align:left|color:%23144071&#8243; google_fonts=&#8221;font_family:Montserrat%3Aregular%2C700|font_style:700%20bold%20regular%3A700%3Anormal&#8221; css=&#8221;.vc_custom_1613558128576{margin-top: -10px !important;}&#8221;][vc_column_text css=&#8221;.vc_custom_1613558118242{margin-top: 10px !important;}&#8221;]<\/p>\n<p style=\"font-size: 13px;\"><span style=\"color: #000000;\">Tout ce dont vous avez besoin dans une brochure.<\/span><\/p>\n<p>[\/vc_column_text][vc_btn title=&#8221;Download Brochure&#8221; style=&#8221;flat&#8221; shape=&#8221;round&#8221; color=&#8221;warning&#8221; size=&#8221;xs&#8221; i_icon_fontawesome=&#8221;&#8221; add_icon=&#8221;true&#8221; link=&#8221;url:https%3A%2F%2Fwww.decraafrica.com%2Fwp-content%2Fuploads%2F2021%2F02%2Fdecra_sales.pdf|target:_blank&#8221;][\/vc_column][vc_column width=&#8221;1\/4&#8243;][vc_single_image image=&#8221;13700&#8243; img_size=&#8221;large&#8221; alignment=&#8221;center&#8221; onclick=&#8221;custom_link&#8221; img_link_target=&#8221;_blank&#8221; link=&#8221;https:\/\/www.decraafrica.com\/wp-content\/uploads\/2021\/02\/2020-decra-flyer.pdf&#8221;][vc_custom_heading text=&#8221;DECRA FLYER&#8221; font_container=&#8221;tag:h6|font_size:14PX|text_align:left|color:%23144071&#8243; google_fonts=&#8221;font_family:Montserrat%3Aregular%2C700|font_style:700%20bold%20regular%3A700%3Anormal&#8221; css=&#8221;.vc_custom_1613560070057{margin-top: -10px !important;}&#8221;][vc_column_text css=&#8221;.vc_custom_1613560110735{margin-top: 10px !important;}&#8221;]<\/p>\n<p style=\"font-size: 13px;\"><span style=\"color: #000000;\">T\u00e9l\u00e9chargez le d\u00e9pliant Decra<\/span><\/p>\n<p>[\/vc_column_text][vc_btn title=&#8221;Download Brochure&#8221; style=&#8221;flat&#8221; shape=&#8221;round&#8221; color=&#8221;warning&#8221; size=&#8221;xs&#8221; i_icon_fontawesome=&#8221;&#8221; add_icon=&#8221;true&#8221; link=&#8221;url:https%3A%2F%2Fwww.decraafrica.com%2Fwp-content%2Fuploads%2F2021%2F02%2F2020-decra-flyer.pdf|target:_blank&#8221;][\/vc_column][vc_column width=&#8221;1\/4&#8243;][vc_single_image image=&#8221;13701&#8243; img_size=&#8221;large&#8221; alignment=&#8221;center&#8221;][vc_custom_heading text=&#8221;GUIDE DE RECHERCHE&#8221; font_container=&#8221;tag:h6|font_size:14PX|text_align:left|color:%23144071&#8243; google_fonts=&#8221;font_family:Montserrat%3Aregular%2C700|font_style:700%20bold%20regular%3A700%3Anormal&#8221; css=&#8221;.vc_custom_1613560198754{margin-top: -10px !important;}&#8221;][vc_column_text css=&#8221;.vc_custom_1613560148595{margin-top: 10px !important;}&#8221;]<\/p>\n<p style=\"font-size: 13px;\"><span style=\"color: #000000;\">Inspiration d&#8217;Afrique.<\/span><\/p>\n<p>[\/vc_column_text][vc_btn title=&#8221;Download Brochure&#8221; style=&#8221;flat&#8221; shape=&#8221;round&#8221; color=&#8221;warning&#8221; size=&#8221;xs&#8221; i_icon_fontawesome=&#8221;&#8221; add_icon=&#8221;true&#8221; link=&#8221;url:https%3A%2F%2Fwww.decraafrica.com%2Fwp-content%2Fuploads%2F2018%2F07%2Flooking_guide.pdf|target:_blank&#8221;][\/vc_column][vc_column width=&#8221;1\/4&#8243;][vc_single_image image=&#8221;13705&#8243; img_size=&#8221;large&#8221; alignment=&#8221;center&#8221; onclick=&#8221;custom_link&#8221; link=&#8221;https:\/\/www.decraafrica.com\/wp-content\/uploads\/2021\/02\/energy-saving-accessories.pdf&#8221;][vc_custom_heading text=&#8221;GAINS \u00c9NERG\u00c9TIQUES ET \u00c9CONOMIQUES&#8221; font_container=&#8221;tag:h6|font_size:14PX|text_align:left|color:%23144071&#8243; google_fonts=&#8221;font_family:Montserrat%3Aregular%2C700|font_style:700%20bold%20regular%3A700%3Anormal&#8221; css=&#8221;.vc_custom_1613560681500{margin-top: -10px !important;}&#8221;][vc_column_text css=&#8221;.vc_custom_1613560695380{margin-top: 10px !important;}&#8221;]<\/p>\n<p style=\"font-size: 13px;\"><span style=\"color: #000000;\">Faites travailler votre toit pour vous.<\/span><\/p>\n<p>[\/vc_column_text][vc_btn title=&#8221;Download Brochure&#8221; style=&#8221;flat&#8221; shape=&#8221;round&#8221; color=&#8221;warning&#8221; size=&#8221;xs&#8221; i_icon_fontawesome=&#8221;&#8221; add_icon=&#8221;true&#8221; link=&#8221;url:https%3A%2F%2Fwww.decraafrica.com%2Fwp-content%2Fuploads%2F2021%2F02%2Fenergy-saving-accessories.pdf|target:_blank&#8221;][\/vc_column][\/vc_row][vc_row gap=&#8221;10&#8243; css=&#8221;.vc_custom_1526548034313{margin-top: 80px !important;}&#8221;][vc_column width=&#8221;1\/4&#8243; css=&#8221;.vc_custom_1526547873710{border-top-width: 1px !important;border-right-width: 1px !important;border-bottom-width: 1px !important;border-left-width: 1px !important;}&#8221;][vc_single_image image=&#8221;13702&#8243; img_size=&#8221;large&#8221; alignment=&#8221;center&#8221; onclick=&#8221;custom_link&#8221; css=&#8221;.vc_custom_1613560552308{margin-top: -30px !important;}&#8221; link=&#8221;https:\/\/www.decraafrica.com\/wp-content\/uploads\/2021\/02\/comparison-brochure.pdf&#8221;][vc_custom_heading text=&#8221;BROCHURE DE COMPARAISON&#8221; font_container=&#8221;tag:h6|font_size:14PX|text_align:left|color:%23144071&#8243; google_fonts=&#8221;font_family:Montserrat%3Aregular%2C700|font_style:700%20bold%20regular%3A700%3Anormal&#8221; css=&#8221;.vc_custom_1613560576367{margin-top: -10px !important;}&#8221;][vc_column_text css=&#8221;.vc_custom_1613560564806{margin-top: 10px !important;}&#8221;]<\/p>\n<p style=\"font-size: 13px;\"><span style=\"color: #000000;\">Comparez Decra \u00e0 d&#8217;autres mat\u00e9riaux de toiture.<\/span><\/p>\n<p>[\/vc_column_text][vc_btn title=&#8221;Download Brochure&#8221; style=&#8221;flat&#8221; shape=&#8221;round&#8221; color=&#8221;warning&#8221; size=&#8221;xs&#8221; i_icon_fontawesome=&#8221;&#8221; add_icon=&#8221;true&#8221; link=&#8221;url:https%3A%2F%2Fwww.decraafrica.com%2Fwp-content%2Fuploads%2F2021%2F02%2Fcomparison-brochure.pdf|target:_blank&#8221;][\/vc_column][vc_column width=&#8221;1\/4&#8243; css=&#8221;.vc_custom_1526547882566{margin-right: 0px !important;border-top-width: 1px !important;border-right-width: 1px !important;border-bottom-width: 1px !important;border-left-width: 1px !important;}&#8221;][vc_single_image image=&#8221;13703&#8243; img_size=&#8221;large&#8221; alignment=&#8221;center&#8221; onclick=&#8221;custom_link&#8221; img_link_target=&#8221;_blank&#8221; css=&#8221;.vc_custom_1613561092410{margin-top: -30px !important;}&#8221; link=&#8221;https:\/\/www.decraafrica.com\/wp-content\/uploads\/2018\/11\/E-Hotel-Collection-Brochure.pdf&#8221;][vc_custom_heading text=&#8221;LA COLLECTION H\u00d4TEL&#8221; font_container=&#8221;tag:h6|font_size:14PX|text_align:left|color:%23144071&#8243; google_fonts=&#8221;font_family:Montserrat%3Aregular%2C700|font_style:700%20bold%20regular%3A700%3Anormal&#8221; css=&#8221;.vc_custom_1613560614655{margin-top: -10px !important;}&#8221;][vc_column_text css=&#8221;.vc_custom_1613560627192{margin-top: 10px !important;}&#8221;]<\/p>\n<p style=\"font-size: 13px; text-align: left;\"><span style=\"color: #000000;\">Pourquoi Decra est choisi pour les projets h\u00f4teliers.<\/span><\/p>\n<p>[\/vc_column_text][vc_btn title=&#8221;Download Brochure&#8221; style=&#8221;flat&#8221; shape=&#8221;round&#8221; color=&#8221;warning&#8221; size=&#8221;xs&#8221; i_icon_fontawesome=&#8221;fa fa-arrow-circle-down&#8221; add_icon=&#8221;true&#8221; link=&#8221;url:https%3A%2F%2Fwww.decraafrica.com%2Fwp-content%2Fuploads%2F2018%2F11%2FE-Hotel-Collection-Brochure.pdf||target:%20_blank|&#8221;][\/vc_column][vc_column width=&#8221;1\/4&#8243;][\/vc_column][vc_column width=&#8221;1\/4&#8243;][\/vc_column][\/vc_row][vc_row gap=&#8221;10&#8243; css=&#8221;.vc_custom_1526911221850{margin-top: 35px !important;}&#8221;][vc_column css=&#8221;.vc_custom_1533047324981{padding-top: 10px !important;padding-bottom: 10px !important;background-color: #144071 !important;}&#8221;][vc_custom_heading text=&#8221;INSTALLATION&#8221; font_container=&#8221;tag:h6|font_size:24PX|text_align:center|color:%23ffffff&#8221; google_fonts=&#8221;font_family:Montserrat%3Aregular%2C700|font_style:700%20bold%20regular%3A700%3Anormal&#8221;][\/vc_column][vc_column width=&#8221;1\/4&#8243;][vc_single_image image=&#8221;13709&#8243; img_size=&#8221;large&#8221; alignment=&#8221;center&#8221;][vc_custom_heading text=&#8221;GUIDE D&#8217;INSTALLATION FACILE&#8221; font_container=&#8221;tag:h6|font_size:14PX|text_align:left|color:%23144071&#8243; google_fonts=&#8221;font_family:Montserrat%3Aregular%2C700|font_style:700%20bold%20regular%3A700%3Anormal&#8221; css=&#8221;.vc_custom_1526916776473{margin-top: -10px !important;}&#8221;][vc_column_text css=&#8221;.vc_custom_1526916610628{margin-top: 10px !important;}&#8221;]<\/p>\n<p style=\"font-size: 13px;\"><span style=\"color: #000000;\">Guide d&#8217;installation illustr\u00e9 facile \u00e0 utiliser.<\/span><\/p>\n<p>[\/vc_column_text][vc_btn title=&#8221;Download Brochure&#8221; style=&#8221;flat&#8221; shape=&#8221;round&#8221; color=&#8221;warning&#8221; size=&#8221;xs&#8221; i_icon_fontawesome=&#8221;&#8221; add_icon=&#8221;true&#8221; link=&#8221;url:https%3A%2F%2Fwww.decraafrica.com%2Fwp-content%2Fuploads%2F2021%2F02%2Finstallation-guide.pdf|target:_blank&#8221;][\/vc_column][\/vc_row][vc_row css=&#8221;.vc_custom_1531220916130{margin-top: 30px !important;margin-bottom: 60px !important;}&#8221;][vc_column width=&#8221;1\/2&#8243;][vc_single_image image=&#8221;12916&#8243; img_size=&#8221;large&#8221; css_animation=&#8221;zoomIn&#8221;][\/vc_column][vc_column width=&#8221;1\/2&#8243;][vc_column_text]<span style=\"font-size: 24px;\"><strong><span style=\"color: #144071;\"><br \/>\nV\u00c9RIFIEZ TOUJOURS LE DOS DE VOS CARREAUX POUR LE LOGO DECRA<\/span><\/strong><\/span><br \/>\n<span style=\"font-size: 24px; color: #144071; text-align: center;\"><strong>SI CE N&#8217;EST PAS L\u00c0, CE N&#8217;EST PAS<\/strong><\/span><span style=\"font-size: 24px; color: #fbbb26;\"><strong>#GENUINEDECRA<\/strong><\/span>[\/vc_column_text][vc_btn title=&#8221;Assurez-vous que c&#8217;est #GenuineDecra&#8221; style=&#8221;flat&#8221; shape=&#8221;round&#8221; color=&#8221;black&#8221; link=&#8221;url:https%3A%2F%2Fwww.decraafrica.com%2Ffr%2Fgenuine-decra%2F|title:Make%20sure%20it%E2%80%99s%20%23GenuineDecra&#8221;][\/vc_column][\/vc_row][vc_row full_width=&#8221;stretch_row&#8221; css=&#8221;.vc_custom_1532943974139{margin-top: 0px !important;margin-bottom: 0px !important;padding-top: 40px !important;padding-bottom: 40px !important;background-color: #ffd500 !important;}&#8221;][vc_column width=&#8221;1\/3&#8243;][vc_single_image image=&#8221;12883&#8243; img_size=&#8221;large&#8221; alignment=&#8221;center&#8221;][\/vc_column][vc_column width=&#8221;2\/3&#8243;][vc_custom_heading text=&#8221;PROCHAINES \u00c9TAPES&#8221; font_container=&#8221;tag:h2|font_size:32|text_align:left|color:%23104471&#8243; use_theme_fonts=&#8221;yes&#8221; el_class=&#8221;heading-title&#8221; css=&#8221;.vc_custom_1612271760467{margin-top: 0px !important;border-top-width: 0px !important;border-bottom-width: 0px !important;padding-top: 0px !important;padding-bottom: 0px !important;}&#8221;][vc_column_text css=&#8221;.vc_custom_1612271775918{margin-top: 0px !important;margin-bottom: 0px !important;padding-top: 0px !important;padding-bottom: 0px !important;}&#8221;]<span style=\"font-size: 22px; color: #144071; font-weight: 500;\"><strong>Nous sommes l\u00e0 pour vous guider au long du processus de s\u00e9lection du toit qui vous convient.<\/strong><\/span>[\/vc_column_text][vc_column_text css=&#8221;.vc_custom_1612271795242{margin-top: 15px !important;margin-bottom: 15px !important;padding-top: 0px !important;padding-bottom: 0px !important;}&#8221;]<span style=\"font-size: 14px; color: #000;\">Nos distributeurs sont des professionnels qui sauront \u00e9couter vos exigences, vous faire des recommandations et calculer vos besoins en toiture, Pour votre toiture de r\u00eave, prenez rendez-vous le jour et \u00e0 l&#8217;heure qui vous conviennent &#8230;.. <\/span>[\/vc_column_text][vc_btn title=&#8221;Prenez contact avec nous&#8221; style=&#8221;flat&#8221; shape=&#8221;round&#8221; color=&#8221;primary&#8221; link=&#8221;url:https%3A%2F%2Fwww.decraafrica.com%2Ffr%2Fcontact%2F&#8221;][\/vc_column][\/vc_row]<\/p>\n<\/div>","protected":false},"excerpt":{"rendered":"<p>[vc_row full_width=&#8221;stretch_row&#8221; content_placement=&#8221;top&#8221; css=&#8221;.vc_custom_1613557814987{margin-top: 50px !important;padding-top: 10px !important;padding-bottom: 10px !important;}&#8221;][vc_column][vc_custom_heading text=&#8221;T\u00c9L\u00c9CHARGEMENT DE LA BROCHURE&#8221; font_container=&#8221;tag:h1|font_size:32|text_align:center|color:%23104471&#8243; use_theme_fonts=&#8221;yes&#8221; el_class=&#8221;heading-title&#8221; css=&#8221;.vc_custom_1613557830844{margin-top: 5px !important;margin-bottom: 15px !important;border-top-width: 0px !important;border-bottom-width: 0px !important;padding-top: 0px !important;padding-bottom: 0px !important;}&#8221;][vc_column_text] Trouvez ici tous les faits, chiffres et informations dont vous avez besoin pour prendre une d\u00e9cision \u00e9clair\u00e9e sur votre toit ou regardez nos films pour [&hellip;]<\/p>\n","protected":false},"author":1,"featured_media":0,"parent":0,"menu_order":0,"comment_status":"open","ping_status":"closed","template":"","meta":{"content-type":"","footnotes":""},"class_list":["post-6819","page","type-page","status-publish","hentry"],"_links":{"self":[{"href":"https:\/\/www.decraafrica.com\/fr\/wp-json\/wp\/v2\/pages\/6819","targetHints":{"allow":["GET"]}}],"collection":[{"href":"https:\/\/www.decraafrica.com\/fr\/wp-json\/wp\/v2\/pages"}],"about":[{"href":"https:\/\/www.decraafrica.com\/fr\/wp-json\/wp\/v2\/types\/page"}],"author":[{"embeddable":true,"href":"https:\/\/www.decraafrica.com\/fr\/wp-json\/wp\/v2\/users\/1"}],"replies":[{"embeddable":true,"href":"https:\/\/www.decraafrica.com\/fr\/wp-json\/wp\/v2\/comments?post=6819"}],"version-history":[{"count":4,"href":"https:\/\/www.decraafrica.com\/fr\/wp-json\/wp\/v2\/pages\/6819\/revisions"}],"predecessor-version":[{"id":13715,"href":"https:\/\/www.decraafrica.com\/fr\/wp-json\/wp\/v2\/pages\/6819\/revisions\/13715"}],"wp:attachment":[{"href":"https:\/\/www.decraafrica.com\/fr\/wp-json\/wp\/v2\/media?parent=6819"}],"curies":[{"name":"wp","href":"https:\/\/api.w.org\/{rel}","templated":true}]}}