{"id":6884,"date":"2018-05-23T14:29:01","date_gmt":"2018-05-23T13:29:01","guid":{"rendered":"https:\/\/www.decraafrica.com\/?page_id=6884"},"modified":"2021-02-09T17:31:43","modified_gmt":"2021-02-09T17:31:43","slug":"decrafoil","status":"publish","type":"page","link":"https:\/\/www.decraafrica.com\/fr\/decrafoil\/","title":{"rendered":"D\u00e9couvrez DECRA Foil"},"content":{"rendered":"<div class=\"wpb-content-wrapper\"><p>[vc_row css=&#8221;.vc_custom_1612875902398{margin-top: 50px !important;padding-top: 0px !important;padding-bottom: 0px !important;}&#8221;][vc_column][vc_custom_heading text=&#8221;CHOISISSEZ DECRA FOIL&#8221; font_container=&#8221;tag:h2|font_size:32|text_align:center|color:%23104471&#8243; use_theme_fonts=&#8221;yes&#8221; el_class=&#8221;heading-title&#8221; css=&#8221;.vc_custom_1612875946226{margin-top: 0px !important;border-top-width: 0px !important;border-bottom-width: 0px !important;padding-top: 0px !important;padding-bottom: 0px !important;}&#8221;][\/vc_column][\/vc_row][vc_row full_width=&#8221;stretch_row&#8221; content_placement=&#8221;top&#8221;][vc_column width=&#8221;1\/3&#8243;][vc_single_image image=&#8221;13329&#8243; img_size=&#8221;large&#8221; alignment=&#8221;right&#8221; onclick=&#8221;link_image&#8221;][\/vc_column][vc_column width=&#8221;2\/3&#8243;][vc_column_text css=&#8221;.vc_custom_1612876080436{margin-top: 10px !important;}&#8221;]<\/p>\n<p style=\"font-size: 14px;\"><span style=\"color: #000000;\">De la m\u00eame mani\u00e8re qu&#8217;un miroir r\u00e9fl\u00e9chit la lumi\u00e8re, Decra Foil r\u00e9fl\u00e9chit 95% de la chaleur du soleil. Avec le climat chaud de l&#8217;Afrique, Decra Foil est le moyen le plus efficace de garder les temp\u00e9ratures \u00e0 l&#8217;int\u00e9rieur de votre b\u00e2timent sous contr\u00f4le. <\/span><\/p>\n<p style=\"font-size: 14px;\"><span style=\"color: #000000;\">\u00c9tant donn\u00e9 que 60% \u00e0 70% de la chaleur d&#8217;une propri\u00e9t\u00e9 est g\u00e9n\u00e9r\u00e9e par le toit, Decra Foil r\u00e9duit consid\u00e9rablement les temp\u00e9ratures internes, ce qui peut aider \u00e0 r\u00e9duire consid\u00e9rablement le co\u00fbt de la climatisation &#8211; jusqu&#8217;\u00e0 25%. <\/span><\/p>\n<p>[\/vc_column_text][vc_btn title=&#8221;T\u00c9L\u00c9CHARGER LA BROCHURE POUR UNE VIE SAINE&#8221; style=&#8221;flat&#8221; shape=&#8221;round&#8221; color=&#8221;warning&#8221; i_icon_fontawesome=&#8221;&#8221; add_icon=&#8221;true&#8221; link=&#8221;url:https%3A%2F%2Fwww.decraafrica.com\/wp-content%2Fuploads%2F2018%2F07%2Fenergy-saving.pdf|||&#8221;][\/vc_column][\/vc_row][vc_row full_width=&#8221;stretch_row&#8221; content_placement=&#8221;top&#8221;][vc_column][vc_custom_heading text=&#8221;COMMENT \u00c7A FONCTIONNE&#8221; font_container=&#8221;tag:h2|font_size:32|text_align:center|color:%23104471&#8243; use_theme_fonts=&#8221;yes&#8221; el_class=&#8221;heading-title&#8221; css=&#8221;.vc_custom_1612876068363{margin-top: 0px !important;border-top-width: 0px !important;border-bottom-width: 0px !important;padding-top: 0px !important;padding-bottom: 0px !important;}&#8221;][\/vc_column][\/vc_row][vc_row full_width=&#8221;stretch_row&#8221; content_placement=&#8221;top&#8221;][vc_column width=&#8221;2\/3&#8243;][vc_column_text css=&#8221;.vc_custom_1612876130764{margin-top: 20px !important;}&#8221;]<\/p>\n<p style=\"font-size: 14px; text-align: right;\"><span style=\"color: #000000;\">En r\u00e9fl\u00e9chissant 95% de la chaleur du soleil, Decra Foil vous permet de baisser votre climatisation d&#8217;un quart. Cela signifie que vous utilisez moins d&#8217;\u00e9lectricit\u00e9 et que votre \u00e9quipement de climatisation devrait durer plus longtemps car il est moins utilis\u00e9.<\/span><\/p>\n<p style=\"font-size: 14px; text-align: right;\"><span style=\"color: #000000;\">Si vous ne disposez pas de la climatisation, Decra Foil peut encore avoir d&#8217;\u00e9normes avantages en r\u00e9duisant la temp\u00e9rature \u00e0 l&#8217;int\u00e9rieur de votre propri\u00e9t\u00e9 jusqu&#8217;\u00e0 5 degr\u00e9s C.<\/span><\/p>\n<p>[\/vc_column_text][vc_btn title=&#8221;REGARDER UNE VID\u00c9O DE VIE SAINE&#8221; style=&#8221;flat&#8221; shape=&#8221;round&#8221; color=&#8221;warning&#8221; align=&#8221;right&#8221; i_icon_fontawesome=&#8221;&#8221; add_icon=&#8221;true&#8221; custom_onclick=&#8221;true&#8221; link=&#8221;url:%23|||&#8221; custom_onclick_code=&#8221;return lepopup_popup_open(&#8216;VVoDWIWs9fyhabnW&#8217;);&#8221;][\/vc_column][vc_column width=&#8221;1\/3&#8243;][vc_single_image image=&#8221;13330&#8243; img_size=&#8221;large&#8221; onclick=&#8221;link_image&#8221;][\/vc_column][\/vc_row][vc_row full_width=&#8221;stretch_row&#8221; content_placement=&#8221;top&#8221;][vc_column][vc_custom_heading text=&#8221;DES AVANTAGES SUPPL\u00c9MENTAIRES&#8221; font_container=&#8221;tag:h2|font_size:32|text_align:center|color:%23104471&#8243; use_theme_fonts=&#8221;yes&#8221; el_class=&#8221;heading-title&#8221; css=&#8221;.vc_custom_1612876172747{margin-top: 0px !important;border-top-width: 0px !important;border-bottom-width: 0px !important;padding-top: 0px !important;padding-bottom: 0px !important;}&#8221;][\/vc_column][\/vc_row][vc_row full_width=&#8221;stretch_row&#8221; content_placement=&#8221;top&#8221;][vc_column width=&#8221;1\/3&#8243;][vc_single_image image=&#8221;13331&#8243; img_size=&#8221;large&#8221; alignment=&#8221;right&#8221; onclick=&#8221;link_image&#8221;][\/vc_column][vc_column width=&#8221;2\/3&#8243;][vc_column_text css=&#8221;.vc_custom_1612876222366{margin-top: 10px !important;}&#8221;]<\/p>\n<p style=\"font-size: 14px;\"><span style=\"color: #000000;\">Decra Foil est fabriqu\u00e9 \u00e0 partir d&#8217;aluminium poli de haute qualit\u00e9 et de fibre de verre renforc\u00e9e. En plus de refl\u00e9ter la chaleur du soleil, il agit \u00e9galement comme une barri\u00e8re contre l&#8217;humidit\u00e9, la vapeur d&#8217;eau, le vent, la poussi\u00e8re et les insectes. <\/span><\/p>\n<p style=\"font-size: 14px;\"><span style=\"color: #000000;\">Decra Foil est \u00e9galement r\u00e9sistant au feu.<\/span><\/p>\n<p>[\/vc_column_text][vc_btn title=&#8221;CONSIDERER D&#8217;AUTRES ACCESSOIRES&#8221; style=&#8221;flat&#8221; shape=&#8221;round&#8221; color=&#8221;warning&#8221; i_icon_fontawesome=&#8221;&#8221; add_icon=&#8221;true&#8221; link=&#8221;url:https%3A%2F%2Fwww.decraafrica.com%2Faccessories%2F|title:Energy%20Efficient%20Accessories||&#8221;][\/vc_column][\/vc_row][vc_row content_placement=&#8221;top&#8221; css=&#8221;.vc_custom_1527082011847{border-top-width: 0px !important;border-right-width: 0px !important;border-bottom-width: 0px !important;border-left-width: 0px !important;padding-top: 10px !important;padding-right: 20px !important;padding-bottom: 10px !important;padding-left: 20px !important;border-left-style: solid !important;border-right-style: solid !important;border-top-style: solid !important;border-bottom-style: solid !important;border-radius: 25px !important;}&#8221;][vc_column width=&#8221;1\/3&#8243;][vc_single_image image=&#8221;13332&#8243; img_size=&#8221;large&#8221; alignment=&#8221;center&#8221;][\/vc_column][vc_column width=&#8221;2\/3&#8243; css=&#8221;.vc_custom_1527082168509{margin-top: 20px !important;margin-right: 60px !important;border-top-width: 1px !important;border-right-width: 1px !important;border-bottom-width: 1px !important;border-left-width: 1px !important;padding-top: 15px !important;padding-right: 20px !important;padding-bottom: 15px !important;padding-left: 100px !important;background-color: #144071 !important;border-left-color: #144071 !important;border-left-style: solid !important;border-right-color: #144071 !important;border-right-style: solid !important;border-top-color: #144071 !important;border-top-style: solid !important;border-bottom-color: #144071 !important;border-bottom-style: solid !important;border-radius: 25px !important;}&#8221;][vc_column_text css=&#8221;.vc_custom_1612876282589{padding-top: 10px !important;padding-bottom: 20px !important;}&#8221;]<span style=\"font-size: 32px; color: #fff;\"><strong>SPECIFICATION<\/strong><\/span><br \/>\n<span style=\"font-size: 24px; color: #fff;\">FOURNI EN ROULEAUX<\/span><br \/>\n<span style=\"font-size: 16px; color: #fff;\">Longueur hors tout: 48m<\/span><br \/>\n<span style=\"font-size: 16px; color: #fff;\">Largeur: 1.25 m<\/span>[\/vc_column_text][\/vc_column][\/vc_row][vc_row full_width=&#8221;stretch_row&#8221; css=&#8221;.vc_custom_1510850297934{background-color: #fcc11d !important;}&#8221;][vc_column][vc_column_text css_animation=&#8221;flipInX&#8221; css=&#8221;.vc_custom_1612876322858{padding-top: 25px !important;padding-bottom: 25px !important;}&#8221;]<\/p>\n<p style=\"text-align: center; color: #144071; font-size: 30px;\"><i class=\"fa fa-search\" aria-hidden=\"true\"><\/i><strong><a style=\"text-decoration: none; color: #144071;\" href=\"https:\/\/www.decraafrica.com\/contact\/\"> Trouvez votre distributeur Decra authentique le plus proche<\/a><\/strong><\/p>\n<p>[\/vc_column_text][\/vc_column][\/vc_row][vc_row][vc_column][vc_custom_heading text=&#8221;NOUS AVONS CHOISI LES FEN\u00caTRES DECRA ROOF&#8221; font_container=&#8221;tag:h2|font_size:32|text_align:center|color:%23104471&#8243; use_theme_fonts=&#8221;yes&#8221; el_class=&#8221;heading-title&#8221; css=&#8221;.vc_custom_1612875706202{margin-top: 0px !important;border-top-width: 0px !important;border-bottom-width: 0px !important;padding-top: 0px !important;padding-bottom: 0px !important;}&#8221;][vc_row_inner gap=&#8221;15&#8243;][vc_column_inner width=&#8221;1\/3&#8243;][vc_single_image image=&#8221;13244&#8243; img_size=&#8221;209&#215;227&#8243; alignment=&#8221;center&#8221;][vc_column_text]<\/p>\n<p style=\"text-align: center;\"><span style=\"font-size: 22px; color: #000; font-weight: bolder;\"><strong>PROPRI\u00c9TAIRE DE LA MAISON<\/strong><\/span><\/p>\n<p>[\/vc_column_text][vc_column_text]<\/p>\n<p style=\"text-align: center;\"><span style=\"font-size: 14px; color: #000;\">Nous ne voulions pas gaspiller l&#8217;espace sur le toit de notre nouvelle maison, nous avons donc install\u00e9 des fen\u00eatres de toit Decra et avons 3 chambres suppl\u00e9mentaires, augmentant la valeur de notre maison. <\/span><\/p>\n<p>[\/vc_column_text][\/vc_column_inner][vc_column_inner width=&#8221;1\/3&#8243;][vc_single_image image=&#8221;13245&#8243; img_size=&#8221;209&#215;227&#8243; alignment=&#8221;center&#8221;][vc_column_text css=&#8221;.vc_custom_1612875748365{padding-top: 0px !important;padding-right: 0px !important;padding-bottom: 0px !important;}&#8221;]<\/p>\n<p style=\"text-align: center;\"><span style=\"font-size: 22px; color: #000; font-weight: bolder;\"><strong>ARCHITECTE<\/strong><\/span><\/p>\n<p>[\/vc_column_text][vc_column_text]<\/p>\n<p style=\"text-align: center;\"><span style=\"font-size: 14px; color: #000;\">L&#8217;attrait de la fen\u00eatre Decra Roof est qu&#8217;elle fait 3 travaux en 1. Parce qu&#8217;elle s&#8217;ouvre, mes clients peuvent utiliser la fen\u00eatre \u00e0 la fois pour la ventilation et une sortie de secours. <\/span><\/p>\n<p>[\/vc_column_text][\/vc_column_inner][vc_column_inner width=&#8221;1\/3&#8243;][vc_single_image image=&#8221;13243&#8243; img_size=&#8221;209&#215;227&#8243; alignment=&#8221;center&#8221;][vc_column_text]<\/p>\n<p style=\"text-align: center;\"><span style=\"font-size: 22px; color: #000000; font-weight: bolder;\"><strong>INSTALLATEUR<\/strong><\/span><\/p>\n<p>[\/vc_column_text][vc_column_text]<\/p>\n<p style=\"text-align: center;\"><span style=\"font-size: 14px; color: #000;\">La fen\u00eatre de toit tombe simplement dans l&#8217;espace que je cr\u00e9e et est s\u00e9curis\u00e9e. comme il est d\u00e9j\u00e0 install\u00e9 dans les tuiles Decra, il est enti\u00e8rement \u00e9tanche aux intemp\u00e9ries.<\/span><\/p>\n<p>[\/vc_column_text][\/vc_column_inner][\/vc_row_inner][\/vc_column][\/vc_row][vc_row full_width=&#8221;stretch_row&#8221; css=&#8221;.vc_custom_1532943974139{margin-top: 0px !important;margin-bottom: 0px !important;padding-top: 40px !important;padding-bottom: 40px !important;background-color: #ffd500 !important;}&#8221;][vc_column width=&#8221;1\/3&#8243;][vc_single_image image=&#8221;12883&#8243; img_size=&#8221;large&#8221; alignment=&#8221;center&#8221;][\/vc_column][vc_column width=&#8221;2\/3&#8243;][vc_custom_heading text=&#8221;PROCHAINES \u00c9TAPES&#8221; font_container=&#8221;tag:h2|font_size:32|text_align:left|color:%23104471&#8243; use_theme_fonts=&#8221;yes&#8221; el_class=&#8221;heading-title&#8221; css=&#8221;.vc_custom_1612271760467{margin-top: 0px !important;border-top-width: 0px !important;border-bottom-width: 0px !important;padding-top: 0px !important;padding-bottom: 0px !important;}&#8221;][vc_column_text css=&#8221;.vc_custom_1612271775918{margin-top: 0px !important;margin-bottom: 0px !important;padding-top: 0px !important;padding-bottom: 0px !important;}&#8221;]<span style=\"font-size: 22px; color: #144071; font-weight: 500;\"><strong>Nous sommes l\u00e0 pour vous guider au long du processus de s\u00e9lection du toit qui vous convient.<\/strong><\/span>[\/vc_column_text][vc_column_text css=&#8221;.vc_custom_1612271795242{margin-top: 15px !important;margin-bottom: 15px !important;padding-top: 0px !important;padding-bottom: 0px !important;}&#8221;]<span style=\"font-size: 14px; color: #000;\">Nos distributeurs sont des professionnels qui sauront \u00e9couter vos exigences, vous faire des recommandations et calculer vos besoins en toiture, Pour votre toiture de r\u00eave, prenez rendez-vous le jour et \u00e0 l&#8217;heure qui vous conviennent &#8230;.. <\/span>[\/vc_column_text][vc_btn title=&#8221;Prenez contact avec nous&#8221; style=&#8221;flat&#8221; shape=&#8221;round&#8221; color=&#8221;primary&#8221; link=&#8221;url:https%3A%2F%2Fwww.decraafrica.com%2Ffr%2Fcontact%2F&#8221;][\/vc_column][\/vc_row]<\/p>\n<\/div>","protected":false},"excerpt":{"rendered":"<p>[vc_row css=&#8221;.vc_custom_1612875902398{margin-top: 50px !important;padding-top: 0px !important;padding-bottom: 0px !important;}&#8221;][vc_column][vc_custom_heading text=&#8221;CHOISISSEZ DECRA FOIL&#8221; font_container=&#8221;tag:h2|font_size:32|text_align:center|color:%23104471&#8243; use_theme_fonts=&#8221;yes&#8221; el_class=&#8221;heading-title&#8221; css=&#8221;.vc_custom_1612875946226{margin-top: 0px !important;border-top-width: 0px !important;border-bottom-width: 0px !important;padding-top: 0px !important;padding-bottom: 0px !important;}&#8221;][\/vc_column][\/vc_row][vc_row full_width=&#8221;stretch_row&#8221; content_placement=&#8221;top&#8221;][vc_column width=&#8221;1\/3&#8243;][vc_single_image image=&#8221;13329&#8243; img_size=&#8221;large&#8221; alignment=&#8221;right&#8221; onclick=&#8221;link_image&#8221;][\/vc_column][vc_column width=&#8221;2\/3&#8243;][vc_column_text css=&#8221;.vc_custom_1612876080436{margin-top: 10px !important;}&#8221;] De la m\u00eame mani\u00e8re qu&#8217;un miroir r\u00e9fl\u00e9chit la lumi\u00e8re, Decra Foil r\u00e9fl\u00e9chit 95% de la chaleur du soleil. Avec [&hellip;]<\/p>\n","protected":false},"author":1,"featured_media":0,"parent":0,"menu_order":0,"comment_status":"open","ping_status":"closed","template":"","meta":{"content-type":"","footnotes":""},"class_list":["post-6884","page","type-page","status-publish","hentry"],"_links":{"self":[{"href":"https:\/\/www.decraafrica.com\/fr\/wp-json\/wp\/v2\/pages\/6884","targetHints":{"allow":["GET"]}}],"collection":[{"href":"https:\/\/www.decraafrica.com\/fr\/wp-json\/wp\/v2\/pages"}],"about":[{"href":"https:\/\/www.decraafrica.com\/fr\/wp-json\/wp\/v2\/types\/page"}],"author":[{"embeddable":true,"href":"https:\/\/www.decraafrica.com\/fr\/wp-json\/wp\/v2\/users\/1"}],"replies":[{"embeddable":true,"href":"https:\/\/www.decraafrica.com\/fr\/wp-json\/wp\/v2\/comments?post=6884"}],"version-history":[{"count":3,"href":"https:\/\/www.decraafrica.com\/fr\/wp-json\/wp\/v2\/pages\/6884\/revisions"}],"predecessor-version":[{"id":13338,"href":"https:\/\/www.decraafrica.com\/fr\/wp-json\/wp\/v2\/pages\/6884\/revisions\/13338"}],"wp:attachment":[{"href":"https:\/\/www.decraafrica.com\/fr\/wp-json\/wp\/v2\/media?parent=6884"}],"curies":[{"name":"wp","href":"https:\/\/api.w.org\/{rel}","templated":true}]}}