{"id":6914,"date":"2018-05-23T18:01:46","date_gmt":"2018-05-23T15:01:46","guid":{"rendered":"https:\/\/www.decraafrica.com\/?page_id=6914"},"modified":"2021-02-11T16:56:15","modified_gmt":"2021-02-11T16:56:15","slug":"roof-explained","status":"publish","type":"page","link":"https:\/\/www.decraafrica.com\/fr\/roof-explained\/","title":{"rendered":"Le toit expliqu\u00e9"},"content":{"rendered":"<div class=\"wpb-content-wrapper\"><p>[vc_row css=&#8221;.vc_custom_1613061919483{margin-top: 50px !important;padding-top: 0px !important;padding-bottom: 0px !important;}&#8221;][vc_column][vc_custom_heading text=&#8221;TYPES DE TOIT&#8221; font_container=&#8221;tag:h2|font_size:36|text_align:center|color:%23104471&#8243; use_theme_fonts=&#8221;yes&#8221; el_class=&#8221;heading-title&#8221; css=&#8221;.vc_custom_1613061945174{margin-top: 0px !important;border-top-width: 0px !important;border-bottom-width: 0px !important;padding-top: 0px !important;padding-bottom: 0px !important;}&#8221;][\/vc_column][\/vc_row][vc_row full_width=&#8221;stretch_row&#8221; content_placement=&#8221;top&#8221;][vc_column width=&#8221;1\/6&#8243;][vc_single_image image=&#8221;13514&#8243; img_size=&#8221;large&#8221; alignment=&#8221;center&#8221;][vc_column_text]<\/p>\n<p style=\"text-align: center; font-size: 14px;\"><span style=\"color: #000000;\"><strong>Gable End<\/strong><\/span><\/p>\n<p>[\/vc_column_text][\/vc_column][vc_column width=&#8221;1\/6&#8243;][vc_single_image image=&#8221;13515&#8243; img_size=&#8221;large&#8221; alignment=&#8221;center&#8221;][vc_column_text]<\/p>\n<p style=\"text-align: center; font-size: 14px;\"><strong><span style=\"color: #000000;\">Hip End<\/span><\/strong><\/p>\n<p>[\/vc_column_text][\/vc_column][vc_column width=&#8221;1\/6&#8243;][vc_single_image image=&#8221;13516&#8243; img_size=&#8221;large&#8221; alignment=&#8221;center&#8221;][vc_column_text]<\/p>\n<p style=\"text-align: center; font-size: 14px;\"><strong><span style=\"color: #000000;\">Dutch Gable<\/span><\/strong><\/p>\n<p>[\/vc_column_text][\/vc_column][vc_column width=&#8221;1\/6&#8243;][vc_single_image image=&#8221;13517&#8243; img_size=&#8221;large&#8221; alignment=&#8221;center&#8221;][vc_column_text]<\/p>\n<p style=\"text-align: center; font-size: 14px;\"><strong><span style=\"color: #000000;\">Jerkinhead<\/span><\/strong><\/p>\n<p>[\/vc_column_text][\/vc_column][vc_column width=&#8221;1\/6&#8243;][vc_single_image image=&#8221;13518&#8243; img_size=&#8221;large&#8221; alignment=&#8221;center&#8221;][vc_column_text]<\/p>\n<p style=\"text-align: center; font-size: 14px;\"><strong><span style=\"color: #000000;\">Gambrel<\/span><\/strong><\/p>\n<p>[\/vc_column_text][\/vc_column][vc_column width=&#8221;1\/6&#8243;][vc_single_image image=&#8221;13519&#8243; img_size=&#8221;large&#8221; alignment=&#8221;center&#8221;][vc_column_text]<\/p>\n<p style=\"text-align: center; font-size: 14px;\"><strong><span style=\"color: #000000;\">Mansard<\/span><\/strong><\/p>\n<p>[\/vc_column_text][\/vc_column][\/vc_row][vc_row full_width=&#8221;stretch_row&#8221; content_placement=&#8221;top&#8221;][vc_column width=&#8221;1\/6&#8243;][vc_single_image image=&#8221;13520&#8243; img_size=&#8221;large&#8221; alignment=&#8221;center&#8221;][vc_column_text]<\/p>\n<p style=\"text-align: center; font-size: 14px;\"><strong><span style=\"color: #000000;\">Pitched<\/span><\/strong><\/p>\n<p>[\/vc_column_text][\/vc_column][vc_column width=&#8221;1\/6&#8243;][vc_single_image image=&#8221;13521&#8243; img_size=&#8221;large&#8221; alignment=&#8221;center&#8221;][vc_column_text]<\/p>\n<p style=\"text-align: center; font-size: 14px;\"><strong><span style=\"color: #000000;\">Mono Pitch<\/span><\/strong><\/p>\n<p>[\/vc_column_text][\/vc_column][vc_column width=&#8221;1\/6&#8243;][vc_single_image image=&#8221;13510&#8243; img_size=&#8221;large&#8221; alignment=&#8221;center&#8221;][vc_column_text]<\/p>\n<p style=\"text-align: center; font-size: 14px;\"><strong><span style=\"color: #000000;\">Bonnet Roof<\/span><\/strong><\/p>\n<p>[\/vc_column_text][\/vc_column][vc_column width=&#8221;1\/6&#8243;][vc_single_image image=&#8221;13511&#8243; img_size=&#8221;large&#8221; alignment=&#8221;center&#8221;][vc_column_text]<\/p>\n<p style=\"text-align: center; font-size: 14px;\"><span style=\"color: #000000;\"><strong>Cross Help<\/strong><\/span><\/p>\n<p>[\/vc_column_text][\/vc_column][vc_column width=&#8221;1\/6&#8243;][vc_single_image image=&#8221;13512&#8243; img_size=&#8221;large&#8221; alignment=&#8221;center&#8221;][vc_column_text]<\/p>\n<p style=\"text-align: center; font-size: 14px;\"><span style=\"color: #000000;\"><strong>Droma<\/strong><\/span><\/p>\n<p>[\/vc_column_text][\/vc_column][vc_column width=&#8221;1\/6&#8243;][vc_single_image image=&#8221;13513&#8243; img_size=&#8221;large&#8221; alignment=&#8221;center&#8221;][vc_column_text]<\/p>\n<p style=\"text-align: center; font-size: 14px;\"><span style=\"color: #000000;\"><strong>Salt Box<\/strong><\/span><\/p>\n<p>[\/vc_column_text][\/vc_column][\/vc_row][vc_row full_width=&#8221;stretch_row&#8221; content_placement=&#8221;top&#8221;][vc_column][vc_custom_heading text=&#8221;LE TOIT DECRA EXPLIQU\u00c9&#8221; font_container=&#8221;tag:h2|font_size:36|text_align:center|color:%23104471&#8243; use_theme_fonts=&#8221;yes&#8221; el_class=&#8221;heading-title&#8221; css=&#8221;.vc_custom_1613061957863{margin-top: 0px !important;border-top-width: 0px !important;border-bottom-width: 0px !important;padding-top: 0px !important;padding-bottom: 0px !important;}&#8221;][vc_single_image image=&#8221;13509&#8243; img_size=&#8221;large&#8221; alignment=&#8221;center&#8221;][\/vc_column][\/vc_row][vc_row full_width=&#8221;stretch_row&#8221; content_placement=&#8221;top&#8221;][vc_column][vc_custom_heading text=&#8221;QU&#8217;EST-CE QU&#8217;UNE TUILE DE TOIT EN M\u00c9TAL ENDUIT DE PIERRE?&#8221; font_container=&#8221;tag:h2|font_size:36|text_align:center|color:%23104471&#8243; use_theme_fonts=&#8221;yes&#8221; el_class=&#8221;heading-title&#8221; css=&#8221;.vc_custom_1613062043272{margin-top: 0px !important;border-top-width: 0px !important;border-bottom-width: 0px !important;padding-top: 0px !important;padding-bottom: 0px !important;}&#8221;][\/vc_column][\/vc_row][vc_row full_width=&#8221;stretch_row&#8221; content_placement=&#8221;top&#8221;][vc_column width=&#8221;1\/3&#8243;][vc_single_image image=&#8221;13475&#8243; img_size=&#8221;large&#8221; alignment=&#8221;center&#8221; css=&#8221;.vc_custom_1613062135426{margin-top: 0px !important;border-top-width: 1px !important;border-right-width: 1px !important;border-bottom-width: 1px !important;border-left-width: 1px !important;}&#8221;][\/vc_column][vc_column width=&#8221;2\/3&#8243;][vc_column_text css=&#8221;.vc_custom_1613062078771{margin-top: 10px !important;}&#8221;]<\/p>\n<p style=\"font-size: 14px;\"><span style=\"color: #000000;\">Nous avons invent\u00e9 la tuile de toit en m\u00e9tal rev\u00eatu de pierre en 1957 et nous l&#8217;avons depuis am\u00e9lior\u00e9e. Il s\u2019agit essentiellement d\u2019une tuile d\u2019acier, press\u00e9e dans un profil\u00e9, recouverte d\u2019une couche de base et rev\u00eatue de granul\u00e9 de pierre. Cependant, il y a bien plus que cela \u00e0 une tuile de toit Decra authentique &#8230;<\/span><\/p>\n<p>[\/vc_column_text][vc_row_inner][vc_column_inner width=&#8221;1\/2&#8243;][vc_btn title=&#8221;Regardez l&#8217;histoire de Decra Tiles&#8221; style=&#8221;flat&#8221; shape=&#8221;round&#8221; color=&#8221;warning&#8221; align=&#8221;center&#8221; i_icon_fontawesome=&#8221;&#8221; button_block=&#8221;true&#8221; add_icon=&#8221;true&#8221; custom_onclick=&#8221;true&#8221; link=&#8221;url:%23|||&#8221; custom_onclick_code=&#8221;return lepopup_popup_open(&#8216;WxS3lfczBe9w8M33&#8217;);&#8221;][\/vc_column_inner][vc_column_inner width=&#8221;1\/2&#8243;][vc_btn title=&#8221;Comment une tuile Decra est fabriqu\u00e9e&#8221; style=&#8221;flat&#8221; shape=&#8221;round&#8221; color=&#8221;warning&#8221; align=&#8221;center&#8221; i_icon_fontawesome=&#8221;&#8221; button_block=&#8221;true&#8221; add_icon=&#8221;true&#8221; custom_onclick=&#8221;true&#8221; link=&#8221;url:%23|||&#8221; custom_onclick_code=&#8221;return lepopup_popup_open(&#8216;zrClNvGNQJ5ceNkr&#8217;);&#8221;][\/vc_column_inner][\/vc_row_inner][\/vc_column][\/vc_row][vc_row css=&#8221;.vc_custom_1531220916130{margin-top: 30px !important;margin-bottom: 60px !important;}&#8221;][vc_column width=&#8221;1\/2&#8243;][vc_single_image image=&#8221;12916&#8243; img_size=&#8221;large&#8221; css_animation=&#8221;zoomIn&#8221;][\/vc_column][vc_column width=&#8221;1\/2&#8243;][vc_column_text]<span style=\"font-size: 24px;\"><strong><span style=\"color: #144071;\"><br \/>\nV\u00c9RIFIEZ TOUJOURS LE DOS DE VOS CARREAUX POUR LE LOGO DECRA<\/span><\/strong><\/span><br \/>\n<span style=\"font-size: 24px; color: #144071; text-align: center;\"><strong>SI CE N&#8217;EST PAS L\u00c0, CE N&#8217;EST PAS<\/strong><\/span><span style=\"font-size: 24px; color: #fbbb26;\"><strong>#GENUINEDECRA<\/strong><\/span>[\/vc_column_text][vc_btn title=&#8221;Assurez-vous que c&#8217;est #GenuineDecra&#8221; style=&#8221;flat&#8221; shape=&#8221;round&#8221; color=&#8221;black&#8221; link=&#8221;url:https%3A%2F%2Fwww.decraafrica.com%2Ffr%2Fgenuine-decra%2F|title:Make%20sure%20it%E2%80%99s%20%23GenuineDecra&#8221;][\/vc_column][\/vc_row][vc_row css=&#8221;.vc_custom_1532945193700{margin-top: 30px !important;margin-bottom: 25px !important;padding-top: 0px !important;padding-bottom: 0px !important;}&#8221;][vc_column][vc_custom_heading text=&#8221;NOS CARREAUX&#8221; font_container=&#8221;tag:h2|font_size:36|text_align:center|color:%23104471&#8243; use_theme_fonts=&#8221;yes&#8221; el_class=&#8221;heading-title&#8221; css=&#8221;.vc_custom_1612349257038{margin-top: 20px !important;border-top-width: 0px !important;padding-top: 0px !important;padding-bottom: 0px !important;}&#8221;][\/vc_column][\/vc_row][vc_row gap=&#8221;10&#8243; css=&#8221;.vc_custom_1612349539281{margin-bottom: 15px !important;padding-top: 0px !important;}&#8221; el_class=&#8221;our-services&#8221;][vc_column width=&#8221;1\/3&#8243;][vc_column_text]<\/p>\n<div class=\"box\">\n<p><a class=\"profiles\" href=\"https:\/\/www.decraafrica.com\/classic\/\"><img decoding=\"async\" src=\"https:\/\/www.decraafrica.com\/wp-content\/uploads\/2017\/11\/classic.jpg\" alt=\"Decra Classic Tile\" \/><\/a><br \/>\n<img decoding=\"async\" id=\"middle\" class=\"imgB1\" style=\"width: 60px; height: auto;\" src=\"https:\/\/www.decraafrica.com\/wp-content\/uploads\/2017\/11\/decrabox.jpg\" \/><\/p>\n<div class=\"top-right\"><a class=\"profiles\" href=\"https:\/\/www.decraafrica.com\/fr\/classic\/\"><i class=\"fa fa-caret-right\" aria-hidden=\"true\"><\/i> Voir le profil<\/a><\/div>\n<div class=\"bottom-right\" style=\"text-align: left;\"><a class=\"profiles\" href=\"https:\/\/www.decraafrica.com\/fr\/classic-gallery\/\"><i class=\"fa fa-caret-right\" aria-hidden=\"true\"><\/i>\u00a0Voir la galerie<\/a><\/div>\n<div class=\"top-left\"><strong><span style=\"font-size: 24px;\">CLASSIC<\/span><\/strong><\/div>\n<\/div>\n<p>[\/vc_column_text][\/vc_column][vc_column width=&#8221;1\/3&#8243;][vc_column_text]<\/p>\n<div class=\"box\">\n<p><a href=\"https:\/\/www.decraafrica.com\/milano-profile\"><img loading=\"lazy\" decoding=\"async\" class=\"alignnone wp-image-6072 size-full\" src=\"https:\/\/www.decraafrica.com\/wp-content\/uploads\/2017\/11\/milano.jpg\" alt=\"\" width=\"400\" height=\"235\" \/><\/a><br \/>\n<img decoding=\"async\" id=\"middle\" class=\"imgB1\" style=\"width: 60px; height: auto;\" src=\"https:\/\/www.decraafrica.com\/wp-content\/uploads\/2017\/11\/decrabox.jpg\" \/><\/p>\n<div class=\"top-right\"><a class=\"profiles\" href=\"https:\/\/www.decraafrica.com\/fr\/milano-profile\"><i class=\"fa fa-caret-right\" aria-hidden=\"true\"><\/i> Voir le profil<\/a><\/div>\n<div class=\"bottom-right\" style=\"text-align: left;\"><a class=\"profiles\" href=\"https:\/\/www.decraafrica.com\/fr\/milano-gallery\/\"><i class=\"fa fa-caret-right\" aria-hidden=\"true\"><\/i> Voir la galerie<\/a><\/div>\n<div class=\"top-left\"><strong><span style=\"font-size: 24px;\">MILANO<\/span><\/strong><\/div>\n<\/div>\n<p>[\/vc_column_text][\/vc_column][vc_column width=&#8221;1\/3&#8243;][vc_column_text]<\/p>\n<div class=\"box\">\n<p><a class=\"profiles\" href=\"https:\/\/www.decraafrica.com\/shingle\/\"><img decoding=\"async\" class=\"alignnone wp-image-2331 size-full\" src=\"https:\/\/www.decraafrica.com\/wp-content\/uploads\/2017\/11\/shingle.jpg\" alt=\"Decra Shingle Tile\" \/><\/a><br \/>\n<img decoding=\"async\" id=\"middle\" class=\"imgB1\" style=\"width: 60px; height: auto;\" src=\"https:\/\/www.decraafrica.com\/wp-content\/uploads\/2017\/11\/decrabox.jpg\" \/><\/p>\n<div class=\"top-right\"><a class=\"profiles\" href=\"https:\/\/www.decraafrica.com\/fr\/shingle\/\"><i class=\"fa fa-caret-right\" aria-hidden=\"true\"><\/i> Voir le profil<\/a><\/div>\n<div class=\"bottom-right\" style=\"text-align: left;\"><a class=\"profiles\" href=\"https:\/\/www.decraafrica.com\/fr\/shingle-gallery\/\"><i class=\"fa fa-caret-right\" aria-hidden=\"true\"><\/i> Voir la galerie<\/a><\/div>\n<div class=\"top-left\"><strong><span style=\"font-size: 24px;\">SHINGLE<\/span><\/strong><\/div>\n<\/div>\n<p>[\/vc_column_text][\/vc_column][\/vc_row][vc_row el_class=&#8221;our-services&#8221; css=&#8221;.vc_custom_1605705740337{margin-bottom: 0px !important;padding-top: 10px !important;padding-bottom: 30px !important;}&#8221;][vc_column width=&#8221;1\/3&#8243;][vc_column_text]<\/p>\n<div class=\"box\">\n<p><a class=\"profiles\" href=\"https:\/\/www.decraafrica.com\/decra-slate\/\"><img decoding=\"async\" class=\"alignnone wp-image-2330 size-full\" src=\"https:\/\/www.decraafrica.com\/\/wp-content\/uploads\/2017\/11\/slate.jpg\" alt=\"Decra Slate Tile\" \/><\/a><br \/>\n<img decoding=\"async\" id=\"middle\" class=\"imgB1\" style=\"width: 60px; height: auto;\" src=\"https:\/\/www.decraafrica.com\/wp-content\/uploads\/2017\/11\/decrabox.jpg\" \/><\/p>\n<div class=\"top-right\"><a class=\"profiles\" href=\"https:\/\/www.decraafrica.com\/fr\/decra-slate\/\"><i class=\"fa fa-caret-right\" aria-hidden=\"true\"><\/i>\u00a0Voir le profil<\/a><\/div>\n<div class=\"bottom-right\" style=\"text-align: left;\"><a class=\"profiles\" href=\"https:\/\/www.decraafrica.com\/fr\/slate-gallery\/\"><i class=\"fa fa-caret-right\" aria-hidden=\"true\"><\/i>\u00a0Voir la galerie<\/a><\/div>\n<div class=\"top-left\"><strong><span style=\"font-size: 24px;\">SLATE<\/span><\/strong><\/div>\n<\/div>\n<p>[\/vc_column_text][\/vc_column][vc_column width=&#8221;1\/3&#8243;][vc_column_text]<\/p>\n<div class=\"box\">\n<p><a class=\"profiles\" href=\"https:\/\/www.decraafrica.com\/heritage\"><img decoding=\"async\" class=\"alignnone wp-image-2331 size-full\" src=\"https:\/\/www.decraafrica.com\/wp-content\/uploads\/2017\/11\/heritage.jpg\" alt=\"Decra heritage tile\" \/><\/a><br \/>\n<img decoding=\"async\" id=\"middle\" class=\"imgB1\" style=\"width: 60px; height: auto;\" src=\"https:\/\/www.decraafrica.com\/wp-content\/uploads\/2017\/11\/decrabox.jpg\" \/><\/p>\n<div class=\"top-right\"><a class=\"profiles\" href=\"https:\/\/www.decraafrica.com\/fr\/heritage\/\"><i class=\"fa fa-caret-right\" aria-hidden=\"true\"><\/i>\u00a0Voir le profil<\/a><\/div>\n<div class=\"bottom-right\" style=\"text-align: left;\"><a class=\"profiles\" href=\"https:\/\/www.decraafrica.com\/fr\/heritage-gallery\/\"><i class=\"fa fa-caret-right\" aria-hidden=\"true\"><\/i>\u00a0Voir la galerie<\/a><\/div>\n<div class=\"top-left\"><strong><span style=\"font-size: 24px;\">HERITAGE<\/span><\/strong><\/div>\n<\/div>\n<p>[\/vc_column_text][\/vc_column][vc_column width=&#8221;1\/3&#8243;][vc_column_text]<\/p>\n<div class=\"box\">\n<p><a class=\"profiles\" href=\"https:\/\/www.decraafrica.com\/shake\/\"><img decoding=\"async\" class=\"alignnone wp-image-5378 size-full\" src=\"https:\/\/www.decraafrica.com\/wp-content\/uploads\/2017\/11\/shake.jpg\" alt=\"Decra Shake Tile\" \/><\/a><br \/>\n<img decoding=\"async\" id=\"middle\" class=\"imgB1\" style=\"width: 60px; height: auto;\" src=\"https:\/\/www.decraafrica.com\/wp-content\/uploads\/2017\/11\/decrabox.jpg\" \/><\/p>\n<div class=\"top-right\"><a class=\"profiles\" href=\"https:\/\/www.decraafrica.com\/fr\/shake\/\"><i class=\"fa fa-caret-right\" aria-hidden=\"true\"><\/i>\u00a0Voir le profil<\/a><\/div>\n<div class=\"bottom-right\" style=\"text-align: left;\"><a class=\"profiles\" href=\"https:\/\/www.decraafrica.com\/fr\/shake-gallery\/\"><i class=\"fa fa-caret-right\" aria-hidden=\"true\"><\/i>\u00a0Voir la galerie<\/a><\/div>\n<div class=\"top-left\"><strong><span style=\"font-size: 24px;\">SHAKE<\/span><\/strong><\/div>\n<\/div>\n<p>[\/vc_column_text][\/vc_column][\/vc_row][vc_row full_width=&#8221;stretch_row&#8221; css=&#8221;.vc_custom_1532943974139{margin-top: 0px !important;margin-bottom: 0px !important;padding-top: 40px !important;padding-bottom: 40px !important;background-color: #ffd500 !important;}&#8221;][vc_column width=&#8221;1\/3&#8243;][vc_single_image image=&#8221;12883&#8243; img_size=&#8221;large&#8221; alignment=&#8221;center&#8221;][\/vc_column][vc_column width=&#8221;2\/3&#8243;][vc_custom_heading text=&#8221;PROCHAINES \u00c9TAPES&#8221; font_container=&#8221;tag:h2|font_size:32|text_align:left|color:%23104471&#8243; use_theme_fonts=&#8221;yes&#8221; el_class=&#8221;heading-title&#8221; css=&#8221;.vc_custom_1612271760467{margin-top: 0px !important;border-top-width: 0px !important;border-bottom-width: 0px !important;padding-top: 0px !important;padding-bottom: 0px !important;}&#8221;][vc_column_text css=&#8221;.vc_custom_1612271775918{margin-top: 0px !important;margin-bottom: 0px !important;padding-top: 0px !important;padding-bottom: 0px !important;}&#8221;]<span style=\"font-size: 22px; color: #144071; font-weight: 500;\"><strong>Nous sommes l\u00e0 pour vous guider au long du processus de s\u00e9lection du toit qui vous convient.<\/strong><\/span>[\/vc_column_text][vc_column_text css=&#8221;.vc_custom_1612271795242{margin-top: 15px !important;margin-bottom: 15px !important;padding-top: 0px !important;padding-bottom: 0px !important;}&#8221;]<span style=\"font-size: 14px; color: #000;\">Nos distributeurs sont des professionnels qui sauront \u00e9couter vos exigences, vous faire des recommandations et calculer vos besoins en toiture, Pour votre toiture de r\u00eave, prenez rendez-vous le jour et \u00e0 l&#8217;heure qui vous conviennent &#8230;.. <\/span>[\/vc_column_text][vc_btn title=&#8221;Prenez contact avec nous&#8221; style=&#8221;flat&#8221; shape=&#8221;round&#8221; color=&#8221;primary&#8221; link=&#8221;url:https%3A%2F%2Fwww.decraafrica.com%2Ffr%2Fcontact%2F&#8221;][\/vc_column][\/vc_row]<\/p>\n<\/div>","protected":false},"excerpt":{"rendered":"<p>[vc_row css=&#8221;.vc_custom_1613061919483{margin-top: 50px !important;padding-top: 0px !important;padding-bottom: 0px !important;}&#8221;][vc_column][vc_custom_heading text=&#8221;TYPES DE TOIT&#8221; font_container=&#8221;tag:h2|font_size:36|text_align:center|color:%23104471&#8243; use_theme_fonts=&#8221;yes&#8221; el_class=&#8221;heading-title&#8221; css=&#8221;.vc_custom_1613061945174{margin-top: 0px !important;border-top-width: 0px !important;border-bottom-width: 0px !important;padding-top: 0px !important;padding-bottom: 0px !important;}&#8221;][\/vc_column][\/vc_row][vc_row full_width=&#8221;stretch_row&#8221; content_placement=&#8221;top&#8221;][vc_column width=&#8221;1\/6&#8243;][vc_single_image image=&#8221;13514&#8243; img_size=&#8221;large&#8221; alignment=&#8221;center&#8221;][vc_column_text] Gable End [\/vc_column_text][\/vc_column][vc_column width=&#8221;1\/6&#8243;][vc_single_image image=&#8221;13515&#8243; img_size=&#8221;large&#8221; alignment=&#8221;center&#8221;][vc_column_text] Hip End [\/vc_column_text][\/vc_column][vc_column width=&#8221;1\/6&#8243;][vc_single_image image=&#8221;13516&#8243; img_size=&#8221;large&#8221; alignment=&#8221;center&#8221;][vc_column_text] Dutch Gable [\/vc_column_text][\/vc_column][vc_column width=&#8221;1\/6&#8243;][vc_single_image image=&#8221;13517&#8243; img_size=&#8221;large&#8221; alignment=&#8221;center&#8221;][vc_column_text] Jerkinhead [\/vc_column_text][\/vc_column][vc_column width=&#8221;1\/6&#8243;][vc_single_image [&hellip;]<\/p>\n","protected":false},"author":1,"featured_media":0,"parent":0,"menu_order":0,"comment_status":"open","ping_status":"closed","template":"","meta":{"content-type":"","footnotes":""},"class_list":["post-6914","page","type-page","status-publish","hentry"],"_links":{"self":[{"href":"https:\/\/www.decraafrica.com\/fr\/wp-json\/wp\/v2\/pages\/6914","targetHints":{"allow":["GET"]}}],"collection":[{"href":"https:\/\/www.decraafrica.com\/fr\/wp-json\/wp\/v2\/pages"}],"about":[{"href":"https:\/\/www.decraafrica.com\/fr\/wp-json\/wp\/v2\/types\/page"}],"author":[{"embeddable":true,"href":"https:\/\/www.decraafrica.com\/fr\/wp-json\/wp\/v2\/users\/1"}],"replies":[{"embeddable":true,"href":"https:\/\/www.decraafrica.com\/fr\/wp-json\/wp\/v2\/comments?post=6914"}],"version-history":[{"count":3,"href":"https:\/\/www.decraafrica.com\/fr\/wp-json\/wp\/v2\/pages\/6914\/revisions"}],"predecessor-version":[{"id":13523,"href":"https:\/\/www.decraafrica.com\/fr\/wp-json\/wp\/v2\/pages\/6914\/revisions\/13523"}],"wp:attachment":[{"href":"https:\/\/www.decraafrica.com\/fr\/wp-json\/wp\/v2\/media?parent=6914"}],"curies":[{"name":"wp","href":"https:\/\/api.w.org\/{rel}","templated":true}]}}