{"id":7442,"date":"2018-07-04T14:09:29","date_gmt":"2018-07-04T13:09:29","guid":{"rendered":"https:\/\/www.decraafrica.com\/?page_id=7442"},"modified":"2021-02-09T17:40:38","modified_gmt":"2021-02-09T17:40:38","slug":"benefits","status":"publish","type":"page","link":"https:\/\/www.decraafrica.com\/fr\/benefits\/","title":{"rendered":"Caract\u00e9ristiques et avantages"},"content":{"rendered":"<div class=\"wpb-content-wrapper\"><p>[vc_row css=&#8221;.vc_custom_1612890341239{margin-top: 50px !important;}&#8221;][vc_column][vc_custom_heading text=&#8221;CARACT\u00c9RISTIQUES ET AVANTAGES&#8221; font_container=&#8221;tag:h1|font_size:32|text_align:center|color:%23104471&#8243; use_theme_fonts=&#8221;yes&#8221; el_class=&#8221;heading-title&#8221; css=&#8221;.vc_custom_1612890662060{margin-top: 0px !important;border-top-width: 0px !important;border-bottom-width: 0px !important;padding-top: 0px !important;padding-bottom: 0px !important;}&#8221;][\/vc_column][\/vc_row][vc_row gap=&#8221;10&#8243; css=&#8221;.vc_custom_1526486422676{margin-top: 20px !important;margin-bottom: 20px !important;}&#8221;][vc_column width=&#8221;1\/6&#8243; css=&#8221;.vc_custom_1530701236341{margin-top: 0px !important;padding-top: 0px !important;}&#8221;][vc_single_image image=&#8221;13363&#8243; img_size=&#8221;150&#215;150&#8243; alignment=&#8221;right&#8221; css=&#8221;.vc_custom_1612890324512{margin-top: 0px !important;margin-bottom: 0px !important;padding-top: 0px !important;}&#8221;][\/vc_column][vc_column width=&#8221;1\/3&#8243;][vc_custom_heading text=&#8221;GARANTIE 50 ANS&#8221; font_container=&#8221;tag:h2|font_size:20|text_align:left|color:%23000000&#8243; use_theme_fonts=&#8221;yes&#8221;][vc_column_text css=&#8221;.vc_custom_1612890380224{margin-top: 15px !important;margin-bottom: 0px !important;padding-bottom: 0px !important;}&#8221;]<\/p>\n<p style=\"font-size: 14px; color: #000;\">Il est prouv\u00e9 que les tuiles Decra\u00ae ont une dur\u00e9e de vie 6 \u00e0 9 fois sup\u00e9rieure \u00e0 celle des mat\u00e9riaux de toiture galvanis\u00e9s. Si vous habitez pr\u00e8s de la c\u00f4te, Decra\u00ae est le choix parfait pour vous, en particulier avec notre garantie \u00e9crite de 50 ans.<\/p>\n<p>[\/vc_column_text][vc_btn title=&#8221;Lire la suite&#8221; style=&#8221;outline&#8221; shape=&#8221;round&#8221; color=&#8221;warning&#8221; link=&#8221;url:https%3A%2F%2Fwww.decraafrica.com%2Ffr%2Fdecra-warranty%2F&#8221; css=&#8221;.vc_custom_1612890406931{margin-top: 0px !important;padding-top: 20px !important;}&#8221;][\/vc_column][vc_column width=&#8221;1\/6&#8243;][vc_single_image image=&#8221;13365&#8243; img_size=&#8221;150&#215;150&#8243; alignment=&#8221;center&#8221;][\/vc_column][vc_column width=&#8221;1\/3&#8243;][vc_custom_heading text=&#8221;INSTALLATION RAPIDE&#8221; font_container=&#8221;tag:h2|font_size:20|text_align:left|color:%23000000&#8243; use_theme_fonts=&#8221;yes&#8221;][vc_column_text css=&#8221;.vc_custom_1612890463252{margin-top: 10px !important;margin-bottom: 0px !important;padding-bottom: 0px !important;}&#8221;]<\/p>\n<p style=\"font-size: 14px; color: #000;\">Des temps d&#8217;installation rapides peuvent conduire \u00e0 des \u00e9conomies suppl\u00e9mentaires dans la construction de votre maison. Les tuiles Decra\u00ae sont rapides \u00e0 installer, ce qui rend votre maison plus rapidement \u00e9tanche.<\/p>\n<p>[\/vc_column_text][vc_btn title=&#8221;Lire la suite&#8221; style=&#8221;outline&#8221; shape=&#8221;round&#8221; color=&#8221;warning&#8221; link=&#8221;url:https%3A%2F%2Fwww.decraafrica.com%2Ffr%2Ffast-installation%2F&#8221; css=&#8221;.vc_custom_1612890553524{margin-top: 0px !important;padding-top: 20px !important;}&#8221;][\/vc_column][\/vc_row][vc_row gap=&#8221;10&#8243; css=&#8221;.vc_custom_1533122496705{margin-top: 30px !important;margin-bottom: 20px !important;}&#8221;][vc_column width=&#8221;1\/6&#8243; css=&#8221;.vc_custom_1530701236341{margin-top: 0px !important;padding-top: 0px !important;}&#8221;][vc_single_image image=&#8221;13366&#8243; img_size=&#8221;150&#215;150&#8243; alignment=&#8221;center&#8221;][\/vc_column][vc_column width=&#8221;1\/3&#8243;][vc_custom_heading text=&#8221;FEU&#8221; font_container=&#8221;tag:h2|font_size:20|text_align:left|color:%23000000&#8243; use_theme_fonts=&#8221;yes&#8221;][vc_column_text css=&#8221;.vc_custom_1612890446166{margin-top: 15px !important;margin-bottom: 0px !important;padding-bottom: 0px !important;}&#8221;]<\/p>\n<p style=\"font-size: 14px; color: #000;\">Les tuiles Decra\u00ae sont test\u00e9s jusqu&#8217;\u00e0 760 \u00b0 C et lors des tests n&#8217;ont montr\u00e9 aucune flamme, \u00e9tincelle ou fum\u00e9e. Ceci est particuli\u00e8rement avantageux dans les zones \u00e0 haute temp\u00e9rature ou b\u00e2timents commerciales et publiques.<\/p>\n<p>[\/vc_column_text][vc_btn title=&#8221;Lire la suite&#8221; style=&#8221;outline&#8221; shape=&#8221;round&#8221; color=&#8221;warning&#8221; link=&#8221;url:https%3A%2F%2Fwww.decraafrica.com%2Ffr%2Ffire-resistance%2F&#8221; css=&#8221;.vc_custom_1612890565785{margin-top: 0px !important;padding-top: 20px !important;}&#8221;][\/vc_column][vc_column width=&#8221;1\/6&#8243;][vc_single_image image=&#8221;13367&#8243; img_size=&#8221;150&#215;150&#8243; alignment=&#8221;center&#8221;][\/vc_column][vc_column width=&#8221;1\/3&#8243;][vc_custom_heading text=&#8221;POIDS L\u00c9GER&#8221; font_container=&#8221;tag:h2|font_size:20|text_align:left|color:%23000000&#8243; use_theme_fonts=&#8221;yes&#8221;][vc_column_text css=&#8221;.vc_custom_1612890475693{margin-top: 10px !important;margin-bottom: 0px !important;padding-bottom: 0px !important;}&#8221;]<\/p>\n<p style=\"font-size: 14px; color: #000;\">\u00c0 seulement 7,0 kg \/ m\u00b2, les tuiles Decra\u00ae peuvent faire des \u00e9conomies consid\u00e9rables sur la structure du toit (chevrons, fermes, lattes, etc.), les fondations et le transport. Une tonne de tuiles Decra\u00ae \u00e9quivaut \u00e0 dix tonnes de tuiles d&#8217;argile ou de b\u00e9ton!<\/p>\n<p>[\/vc_column_text][vc_btn title=&#8221;Lire la suite&#8221; style=&#8221;outline&#8221; shape=&#8221;round&#8221; color=&#8221;warning&#8221; link=&#8221;url:https%3A%2F%2Fwww.decraafrica.com%2Ffr%2Flightweight%2F&#8221; css=&#8221;.vc_custom_1612890580519{margin-top: 0px !important;padding-top: 20px !important;}&#8221;][\/vc_column][\/vc_row][vc_row gap=&#8221;10&#8243; css=&#8221;.vc_custom_1526486422676{margin-top: 20px !important;margin-bottom: 20px !important;}&#8221;][vc_column width=&#8221;1\/6&#8243; css=&#8221;.vc_custom_1530701236341{margin-top: 0px !important;padding-top: 0px !important;}&#8221;][vc_single_image image=&#8221;13368&#8243; img_size=&#8221;150&#215;150&#8243; alignment=&#8221;center&#8221;][\/vc_column][vc_column width=&#8221;1\/3&#8243;][vc_custom_heading text=&#8221;QUALIT\u00c9&#8221; font_container=&#8221;tag:h2|font_size:20|text_align:left|color:%23000000&#8243; use_theme_fonts=&#8221;yes&#8221;][vc_column_text css=&#8221;.vc_custom_1612890487934{margin-top: 15px !important;margin-bottom: 0px !important;padding-bottom: 0px !important;}&#8221;]<\/p>\n<p style=\"font-size: 14px; color: #000;\">Nous avons invent\u00e9 la tuile en acier en 1957. Personne n&#8217;a autant d&#8217;exp\u00e9rience que nous en mati\u00e8re de qualit\u00e9 et de durabilit\u00e9.<\/p>\n<p>[\/vc_column_text][vc_btn title=&#8221;Lire la suite&#8221; style=&#8221;outline&#8221; shape=&#8221;round&#8221; color=&#8221;warning&#8221; link=&#8221;url:https%3A%2F%2Fwww.decraafrica.com%2Ffr%2Fadvance-coating%2F&#8221; css=&#8221;.vc_custom_1612890592890{margin-top: 0px !important;padding-top: 20px !important;}&#8221;][\/vc_column][vc_column width=&#8221;1\/6&#8243;][vc_single_image image=&#8221;13369&#8243; img_size=&#8221;150&#215;150&#8243; alignment=&#8221;center&#8221;][\/vc_column][vc_column width=&#8221;1\/3&#8243;][vc_custom_heading text=&#8221;OURAGAN&#8221; font_container=&#8221;tag:h2|font_size:20|text_align:left|color:%23000000&#8243; use_theme_fonts=&#8221;yes&#8221;][vc_column_text css=&#8221;.vc_custom_1612890500094{margin-top: 10px !important;}&#8221;]<\/p>\n<p style=\"font-size: 14px; color: #000;\">Nos tuiles sont test\u00e9s contre des conditions d&#8217;ouragan de 200 km \/ h au laboratoire de recherche en construction \u00e0 Miami et \u00e0 la station d&#8217;essais de cyclones en Australie.<\/p>\n<p>[\/vc_column_text][vc_btn title=&#8221;Lire la suite&#8221; style=&#8221;outline&#8221; shape=&#8221;round&#8221; color=&#8221;warning&#8221; link=&#8221;url:https%3A%2F%2Fwww.decraafrica.com%2Ffr%2Fhurricanes%2F&#8221; css=&#8221;.vc_custom_1612890606331{margin-top: 0px !important;padding-top: 20px !important;}&#8221;][\/vc_column][\/vc_row][vc_row gap=&#8221;10&#8243; css=&#8221;.vc_custom_1526486422676{margin-top: 20px !important;margin-bottom: 20px !important;}&#8221;][vc_column width=&#8221;1\/6&#8243; css=&#8221;.vc_custom_1530701236341{margin-top: 0px !important;padding-top: 0px !important;}&#8221;][vc_single_image image=&#8221;13370&#8243; img_size=&#8221;150&#215;150&#8243; alignment=&#8221;center&#8221;][\/vc_column][vc_column width=&#8221;1\/3&#8243;][vc_custom_heading text=&#8221;S\u00c9CURIT\u00c9&#8221; font_container=&#8221;tag:h2|font_size:20|text_align:left|color:%23000000&#8243; use_theme_fonts=&#8221;yes&#8221;][vc_column_text css=&#8221;.vc_custom_1612890513434{margin-top: 15px !important;margin-bottom: 0px !important;padding-bottom: 0px !important;}&#8221;]<\/p>\n<p style=\"font-size: 14px; color: #000;\">Une tuile Decra\u00ae superpos\u00e9e est fix\u00e9e aux deux tuiles de chaque c\u00f4t\u00e9, la tuile ci-dessus, la tuile inf\u00e9rieure et le chevron &#8211; rendant un toit Decra\u00ae incroyablement s\u00e9curis\u00e9 contre les intrus et les vents extr\u00eamement forts.<\/p>\n<p>[\/vc_column_text][vc_btn title=&#8221;Lire la suite&#8221; style=&#8221;outline&#8221; shape=&#8221;round&#8221; color=&#8221;warning&#8221; link=&#8221;url:https%3A%2F%2Fwww.decraafrica.com%2Ffr%2Fsecurity%2F&#8221; css=&#8221;.vc_custom_1612890620352{margin-top: 0px !important;padding-top: 20px !important;}&#8221;][\/vc_column][vc_column width=&#8221;1\/6&#8243;][vc_single_image image=&#8221;13371&#8243; img_size=&#8221;150&#215;150&#8243; alignment=&#8221;center&#8221;][\/vc_column][vc_column width=&#8221;1\/3&#8243;][vc_custom_heading text=&#8221;PERFORMANCE&#8221; font_container=&#8221;tag:h2|font_size:20|text_align:left|color:%23000000&#8243; use_theme_fonts=&#8221;yes&#8221;][vc_column_text css=&#8221;.vc_custom_1612890527996{margin-top: 10px !important;}&#8221;]<\/p>\n<p style=\"font-size: 14px; color: #000;\">Chaque tuile Decra\u00ae est inspect\u00e9e \u00e0 la main pour garantir une qualit\u00e9 constante. Nous testons \u00e9galement nos propres produits et ceux de nos concurrents dans nos laboratoires pour nous assurer que Decra\u00ae continue de fonctionner mieux que toute autre tuile m\u00e9tallique.<\/p>\n<p>[\/vc_column_text][vc_btn title=&#8221;Lire la suite&#8221; style=&#8221;outline&#8221; shape=&#8221;round&#8221; color=&#8221;warning&#8221; link=&#8221;url:https%3A%2F%2Fwww.decraafrica.com%2Ffr%2Fperformance%2F&#8221; css=&#8221;.vc_custom_1612890632265{margin-top: 0px !important;padding-top: 20px !important;}&#8221;][\/vc_column][\/vc_row][vc_row full_width=&#8221;stretch_row&#8221; css=&#8221;.vc_custom_1530801926774{margin-top: 40px !important;padding-top: 25px !important;padding-bottom: 25px !important;background-color: #144071 !important;}&#8221;][vc_column width=&#8221;1\/4&#8243;][\/vc_column][vc_column width=&#8221;1\/4&#8243; css=&#8221;.vc_custom_1531221173026{margin-bottom: 0px !important;padding-bottom: 0px !important;}&#8221;][vc_btn title=&#8221;T\u00e9l\u00e9charger la brochure&#8221; style=&#8221;flat&#8221; shape=&#8221;round&#8221; color=&#8221;warning&#8221; i_icon_fontawesome=&#8221;fas fa-download&#8221; add_icon=&#8221;true&#8221; link=&#8221;url:https%3A%2F%2Fwww.decraafrica.com\/wp-content%2Fuploads%2F2018%2F07%2Fbrochure.pdf|||&#8221; css=&#8221;.vc_custom_1612452768840{margin-left: 20px !important;}&#8221;][\/vc_column][vc_column width=&#8221;1\/4&#8243;][vc_btn title=&#8221;Prenez rendez-vous&#8221; style=&#8221;flat&#8221; shape=&#8221;round&#8221; color=&#8221;warning&#8221; i_icon_fontawesome=&#8221;fas fa-mobile-alt&#8221; add_icon=&#8221;true&#8221; link=&#8221;url:https%3A%2F%2Fwww.decraafrica.com%2Ffr%2Fcontact%2F&#8221;][\/vc_column][vc_column width=&#8221;1\/4&#8243;][\/vc_column][\/vc_row][vc_row css=&#8221;.vc_custom_1531220916130{margin-top: 30px !important;margin-bottom: 60px !important;}&#8221;][vc_column width=&#8221;1\/2&#8243;][vc_single_image image=&#8221;12916&#8243; img_size=&#8221;large&#8221; css_animation=&#8221;zoomIn&#8221;][\/vc_column][vc_column width=&#8221;1\/2&#8243;][vc_column_text]<span style=\"font-size: 24px;\"><strong><span style=\"color: #144071;\"><br \/>\nV\u00c9RIFIEZ TOUJOURS LE DOS DE VOS CARREAUX POUR LE LOGO DECRA<\/span><\/strong><\/span><br \/>\n<span style=\"font-size: 24px; color: #144071; text-align: center;\"><strong>SI CE N&#8217;EST PAS L\u00c0, CE N&#8217;EST PAS<\/strong><\/span><span style=\"font-size: 24px; color: #fbbb26;\"><strong>#GENUINEDECRA<\/strong><\/span>[\/vc_column_text][vc_btn title=&#8221;Assurez-vous que c&#8217;est #GenuineDecra&#8221; style=&#8221;flat&#8221; shape=&#8221;round&#8221; color=&#8221;black&#8221; link=&#8221;url:https%3A%2F%2Fwww.decraafrica.com%2Ffr%2Fgenuine-decra%2F|title:Make%20sure%20it%E2%80%99s%20%23GenuineDecra&#8221;][\/vc_column][\/vc_row][vc_row content_placement=&#8221;top&#8221; css=&#8221;.vc_custom_1524752651927{padding-top: 20px !important;padding-bottom: 20px !important;}&#8221;][vc_column][vc_custom_heading text=&#8221;VOIR D&#8217;AUTRES PROFILS DE TUILE DECRA<sup>\u00ae<\/sup>&#8221; font_container=&#8221;tag:h2|font_size:32|text_align:center|color:%23144071&#8243; use_theme_fonts=&#8221;yes&#8221; css_animation=&#8221;fadeInDown&#8221; css=&#8221;.vc_custom_1612449509078{margin-bottom: 15px !important;}&#8221;][vc_row_inner css=&#8221;.vc_custom_1524756003100{margin-top: 20px !important;}&#8221;][vc_column_inner width=&#8221;1\/12&#8243; css=&#8221;.vc_custom_1524752722961{padding-right: 20px !important;padding-left: 20px !important;}&#8221;][\/vc_column_inner][vc_column_inner width=&#8221;2\/12&#8243;][vc_single_image image=&#8221;13187&#8243; img_size=&#8221;large&#8221; onclick=&#8221;custom_link&#8221; link=&#8221;https:\/\/www.decraafrica.com\/shingle\/&#8221;][vc_custom_heading text=&#8221;SHINGLE&#8221; font_container=&#8221;tag:h3|font_size:20PX|text_align:center|color:%23000000&#8243; use_theme_fonts=&#8221;yes&#8221; css_animation=&#8221;bounceInUp&#8221; css=&#8221;.vc_custom_1612454433780{padding-bottom: 10px !important;}&#8221; link=&#8221;url:https%3A%2F%2Fwww.decraafrica.com%2Ffr%2Fshingle%2F&#8221;][\/vc_column_inner][vc_column_inner width=&#8221;2\/12&#8243;][vc_single_image image=&#8221;13188&#8243; img_size=&#8221;large&#8221; onclick=&#8221;custom_link&#8221; link=&#8221;https:\/\/www.decraafrica.com\/heritage\/&#8221;][vc_custom_heading text=&#8221;HERITAGE&#8221; font_container=&#8221;tag:h3|font_size:20PX|text_align:center|color:%23000000&#8243; use_theme_fonts=&#8221;yes&#8221; css_animation=&#8221;bounceInUp&#8221; css=&#8221;.vc_custom_1612454447380{padding-bottom: 10px !important;}&#8221; link=&#8221;url:https%3A%2F%2Fwww.decraafrica.com%2Ffr%2Fheritage%2F&#8221;][\/vc_column_inner][vc_column_inner width=&#8221;2\/12&#8243;][vc_single_image image=&#8221;13189&#8243; img_size=&#8221;large&#8221; onclick=&#8221;custom_link&#8221; link=&#8221;https:\/\/www.decraafrica.com\/milano-profile\/&#8221;][vc_custom_heading text=&#8221;MILANO&#8221; font_container=&#8221;tag:h3|font_size:20PX|text_align:center|color:%23000000&#8243; use_theme_fonts=&#8221;yes&#8221; css_animation=&#8221;bounceInUp&#8221; css=&#8221;.vc_custom_1612454458140{padding-bottom: 10px !important;}&#8221; link=&#8221;url:https%3A%2F%2Fwww.decraafrica.com%2Ffr%2Fmilano-profile%2F&#8221;][\/vc_column_inner][vc_column_inner width=&#8221;2\/12&#8243;][vc_single_image image=&#8221;13190&#8243; img_size=&#8221;large&#8221; onclick=&#8221;custom_link&#8221; link=&#8221;https:\/\/www.decraafrica.com\/decra-slate\/&#8221;][vc_custom_heading text=&#8221;SLATE&#8221; font_container=&#8221;tag:h3|font_size:20PX|text_align:center|color:%23000000&#8243; use_theme_fonts=&#8221;yes&#8221; css_animation=&#8221;bounceInUp&#8221; css=&#8221;.vc_custom_1612454495030{padding-bottom: 10px !important;}&#8221; link=&#8221;url:https%3A%2F%2Fwww.decraafrica.com%2Ffr%2Fdecra-slate%2F&#8221;][\/vc_column_inner][vc_column_inner width=&#8221;2\/12&#8243;][vc_single_image image=&#8221;13191&#8243; img_size=&#8221;large&#8221; onclick=&#8221;custom_link&#8221; link=&#8221;https:\/\/www.decraafrica.com\/shake\/&#8221;][vc_custom_heading text=&#8221;SHAKE&#8221; font_container=&#8221;tag:h3|font_size:20PX|text_align:center|color:%23000000&#8243; use_theme_fonts=&#8221;yes&#8221; css_animation=&#8221;bounceInUp&#8221; css=&#8221;.vc_custom_1612454505559{padding-bottom: 10px !important;}&#8221; link=&#8221;url:https%3A%2F%2Fwww.decraafrica.com%2Ffr%2Fshake%2F&#8221;][\/vc_column_inner][vc_column_inner width=&#8221;1\/12&#8243;][\/vc_column_inner][\/vc_row_inner][\/vc_column][\/vc_row][vc_row full_width=&#8221;stretch_row&#8221; css=&#8221;.vc_custom_1532943974139{margin-top: 0px !important;margin-bottom: 0px !important;padding-top: 40px !important;padding-bottom: 40px !important;background-color: #ffd500 !important;}&#8221;][vc_column width=&#8221;1\/3&#8243;][vc_single_image image=&#8221;12883&#8243; img_size=&#8221;large&#8221; alignment=&#8221;center&#8221;][\/vc_column][vc_column width=&#8221;2\/3&#8243;][vc_custom_heading text=&#8221;PROCHAINES \u00c9TAPES&#8221; font_container=&#8221;tag:h2|font_size:32|text_align:left|color:%23104471&#8243; use_theme_fonts=&#8221;yes&#8221; el_class=&#8221;heading-title&#8221; css=&#8221;.vc_custom_1612271760467{margin-top: 0px !important;border-top-width: 0px !important;border-bottom-width: 0px !important;padding-top: 0px !important;padding-bottom: 0px !important;}&#8221;][vc_column_text css=&#8221;.vc_custom_1612271775918{margin-top: 0px !important;margin-bottom: 0px !important;padding-top: 0px !important;padding-bottom: 0px !important;}&#8221;]<span style=\"font-size: 22px; color: #144071; font-weight: 500;\"><strong>Nous sommes l\u00e0 pour vous guider au long du processus de s\u00e9lection du toit qui vous convient.<\/strong><\/span>[\/vc_column_text][vc_column_text css=&#8221;.vc_custom_1612271795242{margin-top: 15px !important;margin-bottom: 15px !important;padding-top: 0px !important;padding-bottom: 0px !important;}&#8221;]<span style=\"font-size: 14px; color: #000;\">Nos distributeurs sont des professionnels qui sauront \u00e9couter vos exigences, vous faire des recommandations et calculer vos besoins en toiture, Pour votre toiture de r\u00eave, prenez rendez-vous le jour et \u00e0 l&#8217;heure qui vous conviennent &#8230;.. <\/span>[\/vc_column_text][vc_btn title=&#8221;Prenez contact avec nous&#8221; style=&#8221;flat&#8221; shape=&#8221;round&#8221; color=&#8221;primary&#8221; link=&#8221;url:https%3A%2F%2Fwww.decraafrica.com%2Ffr%2Fcontact%2F&#8221;][\/vc_column][\/vc_row]<\/p>\n<\/div>","protected":false},"excerpt":{"rendered":"<p>[vc_row css=&#8221;.vc_custom_1612890341239{margin-top: 50px !important;}&#8221;][vc_column][vc_custom_heading text=&#8221;CARACT\u00c9RISTIQUES ET AVANTAGES&#8221; font_container=&#8221;tag:h1|font_size:32|text_align:center|color:%23104471&#8243; use_theme_fonts=&#8221;yes&#8221; el_class=&#8221;heading-title&#8221; css=&#8221;.vc_custom_1612890662060{margin-top: 0px !important;border-top-width: 0px !important;border-bottom-width: 0px !important;padding-top: 0px !important;padding-bottom: 0px !important;}&#8221;][\/vc_column][\/vc_row][vc_row gap=&#8221;10&#8243; css=&#8221;.vc_custom_1526486422676{margin-top: 20px !important;margin-bottom: 20px !important;}&#8221;][vc_column width=&#8221;1\/6&#8243; css=&#8221;.vc_custom_1530701236341{margin-top: 0px !important;padding-top: 0px !important;}&#8221;][vc_single_image image=&#8221;13363&#8243; img_size=&#8221;150&#215;150&#8243; alignment=&#8221;right&#8221; css=&#8221;.vc_custom_1612890324512{margin-top: 0px !important;margin-bottom: 0px !important;padding-top: 0px !important;}&#8221;][\/vc_column][vc_column width=&#8221;1\/3&#8243;][vc_custom_heading text=&#8221;GARANTIE 50 ANS&#8221; font_container=&#8221;tag:h2|font_size:20|text_align:left|color:%23000000&#8243; use_theme_fonts=&#8221;yes&#8221;][vc_column_text css=&#8221;.vc_custom_1612890380224{margin-top: 15px !important;margin-bottom: 0px !important;padding-bottom: 0px [&hellip;]<\/p>\n","protected":false},"author":1,"featured_media":0,"parent":0,"menu_order":0,"comment_status":"open","ping_status":"closed","template":"","meta":{"content-type":"","footnotes":""},"class_list":["post-7442","page","type-page","status-publish","hentry"],"_links":{"self":[{"href":"https:\/\/www.decraafrica.com\/fr\/wp-json\/wp\/v2\/pages\/7442","targetHints":{"allow":["GET"]}}],"collection":[{"href":"https:\/\/www.decraafrica.com\/fr\/wp-json\/wp\/v2\/pages"}],"about":[{"href":"https:\/\/www.decraafrica.com\/fr\/wp-json\/wp\/v2\/types\/page"}],"author":[{"embeddable":true,"href":"https:\/\/www.decraafrica.com\/fr\/wp-json\/wp\/v2\/users\/1"}],"replies":[{"embeddable":true,"href":"https:\/\/www.decraafrica.com\/fr\/wp-json\/wp\/v2\/comments?post=7442"}],"version-history":[{"count":2,"href":"https:\/\/www.decraafrica.com\/fr\/wp-json\/wp\/v2\/pages\/7442\/revisions"}],"predecessor-version":[{"id":13364,"href":"https:\/\/www.decraafrica.com\/fr\/wp-json\/wp\/v2\/pages\/7442\/revisions\/13364"}],"wp:attachment":[{"href":"https:\/\/www.decraafrica.com\/fr\/wp-json\/wp\/v2\/media?parent=7442"}],"curies":[{"name":"wp","href":"https:\/\/api.w.org\/{rel}","templated":true}]}}