{"id":7853,"date":"2018-07-13T16:48:09","date_gmt":"2018-07-13T13:48:09","guid":{"rendered":"https:\/\/www.decraafrica.com\/?page_id=7853"},"modified":"2021-02-04T14:52:21","modified_gmt":"2021-02-04T14:52:21","slug":"heritage-gallery","status":"publish","type":"page","link":"https:\/\/www.decraafrica.com\/fr\/heritage-gallery\/","title":{"rendered":"Galerie Decra Heritage"},"content":{"rendered":"<div class=\"wpb-content-wrapper\"><p>[vc_row css=&#8221;.vc_custom_1612365342177{margin-top: 50px !important;padding-top: 0px !important;padding-bottom: 0px !important;}&#8221;][vc_column][vc_custom_heading text=&#8221;GALERIE DES TOITS H\u00c9RITAGE&#8221; font_container=&#8221;tag:h2|font_size:36|text_align:center|color:%23144071&#8243; use_theme_fonts=&#8221;yes&#8221;][vc_column_text css=&#8221;.vc_custom_1612365385416{margin-top: 15px !important;}&#8221;]<\/p>\n<p style=\"text-align: center;\"><span style=\"color: #000000;\">Avec son profil festonn\u00e9 et son choix de couleurs naturelles, il est facile de comprendre pourquoi Decra\u00ae Heritage est la tuile en acier enduite de pierre la plus vendue au monde.<\/span><\/p>\n<p>[\/vc_column_text][vc_column_text]<\/p>\n<div id='gallery-1' class='gallery galleryid-7853 gallery-columns-7 gallery-size-thumbnail'><figure class='gallery-item'>\n\t\t\t<div class='gallery-icon landscape'>\n\t\t\t\t<a href='https:\/\/www.decraafrica.com\/fr\/wp-content\/uploads\/sites\/6\/2021\/02\/20-768x372-1.gif'><img loading=\"lazy\" decoding=\"async\" width=\"150\" height=\"150\" src=\"https:\/\/www.decraafrica.com\/fr\/wp-content\/uploads\/sites\/6\/2021\/02\/20-768x372-1-150x150.gif\" class=\"attachment-thumbnail size-thumbnail\" alt=\"\" \/><\/a>\n\t\t\t<\/div><\/figure><figure class='gallery-item'>\n\t\t\t<div class='gallery-icon landscape'>\n\t\t\t\t<a href='https:\/\/www.decraafrica.com\/fr\/wp-content\/uploads\/sites\/6\/2021\/02\/19.gif'><img loading=\"lazy\" decoding=\"async\" width=\"150\" height=\"150\" src=\"https:\/\/www.decraafrica.com\/fr\/wp-content\/uploads\/sites\/6\/2021\/02\/19-150x150.gif\" class=\"attachment-thumbnail size-thumbnail\" alt=\"\" \/><\/a>\n\t\t\t<\/div><\/figure><figure class='gallery-item'>\n\t\t\t<div class='gallery-icon landscape'>\n\t\t\t\t<a href='https:\/\/www.decraafrica.com\/fr\/wp-content\/uploads\/sites\/6\/2021\/02\/18.gif'><img loading=\"lazy\" decoding=\"async\" width=\"150\" height=\"150\" src=\"https:\/\/www.decraafrica.com\/fr\/wp-content\/uploads\/sites\/6\/2021\/02\/18-150x150.gif\" class=\"attachment-thumbnail size-thumbnail\" alt=\"\" \/><\/a>\n\t\t\t<\/div><\/figure><figure class='gallery-item'>\n\t\t\t<div class='gallery-icon landscape'>\n\t\t\t\t<a href='https:\/\/www.decraafrica.com\/fr\/wp-content\/uploads\/sites\/6\/2021\/02\/17.gif'><img loading=\"lazy\" decoding=\"async\" width=\"150\" height=\"150\" src=\"https:\/\/www.decraafrica.com\/fr\/wp-content\/uploads\/sites\/6\/2021\/02\/17-150x150.gif\" class=\"attachment-thumbnail size-thumbnail\" alt=\"\" \/><\/a>\n\t\t\t<\/div><\/figure><figure class='gallery-item'>\n\t\t\t<div class='gallery-icon landscape'>\n\t\t\t\t<a href='https:\/\/www.decraafrica.com\/fr\/wp-content\/uploads\/sites\/6\/2021\/02\/16.gif'><img loading=\"lazy\" decoding=\"async\" width=\"150\" height=\"150\" src=\"https:\/\/www.decraafrica.com\/fr\/wp-content\/uploads\/sites\/6\/2021\/02\/16-150x150.gif\" class=\"attachment-thumbnail size-thumbnail\" alt=\"\" \/><\/a>\n\t\t\t<\/div><\/figure><figure class='gallery-item'>\n\t\t\t<div class='gallery-icon landscape'>\n\t\t\t\t<a href='https:\/\/www.decraafrica.com\/fr\/wp-content\/uploads\/sites\/6\/2021\/02\/15.gif'><img loading=\"lazy\" decoding=\"async\" width=\"150\" height=\"150\" src=\"https:\/\/www.decraafrica.com\/fr\/wp-content\/uploads\/sites\/6\/2021\/02\/15-150x150.gif\" class=\"attachment-thumbnail size-thumbnail\" alt=\"\" \/><\/a>\n\t\t\t<\/div><\/figure><figure class='gallery-item'>\n\t\t\t<div class='gallery-icon landscape'>\n\t\t\t\t<a href='https:\/\/www.decraafrica.com\/fr\/wp-content\/uploads\/sites\/6\/2021\/02\/14-768x372-1.gif'><img loading=\"lazy\" decoding=\"async\" width=\"150\" height=\"150\" src=\"https:\/\/www.decraafrica.com\/fr\/wp-content\/uploads\/sites\/6\/2021\/02\/14-768x372-1-150x150.gif\" class=\"attachment-thumbnail size-thumbnail\" alt=\"\" \/><\/a>\n\t\t\t<\/div><\/figure><figure class='gallery-item'>\n\t\t\t<div class='gallery-icon landscape'>\n\t\t\t\t<a href='https:\/\/www.decraafrica.com\/fr\/wp-content\/uploads\/sites\/6\/2021\/02\/13-768x372-1.gif'><img loading=\"lazy\" decoding=\"async\" width=\"150\" height=\"150\" src=\"https:\/\/www.decraafrica.com\/fr\/wp-content\/uploads\/sites\/6\/2021\/02\/13-768x372-1-150x150.gif\" class=\"attachment-thumbnail size-thumbnail\" alt=\"\" \/><\/a>\n\t\t\t<\/div><\/figure><figure class='gallery-item'>\n\t\t\t<div class='gallery-icon landscape'>\n\t\t\t\t<a href='https:\/\/www.decraafrica.com\/fr\/wp-content\/uploads\/sites\/6\/2021\/02\/12-768x372-1.gif'><img loading=\"lazy\" decoding=\"async\" width=\"150\" height=\"150\" src=\"https:\/\/www.decraafrica.com\/fr\/wp-content\/uploads\/sites\/6\/2021\/02\/12-768x372-1-150x150.gif\" class=\"attachment-thumbnail size-thumbnail\" alt=\"\" \/><\/a>\n\t\t\t<\/div><\/figure><figure class='gallery-item'>\n\t\t\t<div class='gallery-icon landscape'>\n\t\t\t\t<a href='https:\/\/www.decraafrica.com\/fr\/wp-content\/uploads\/sites\/6\/2021\/02\/11.gif'><img loading=\"lazy\" decoding=\"async\" width=\"150\" height=\"150\" src=\"https:\/\/www.decraafrica.com\/fr\/wp-content\/uploads\/sites\/6\/2021\/02\/11-150x150.gif\" class=\"attachment-thumbnail size-thumbnail\" alt=\"\" \/><\/a>\n\t\t\t<\/div><\/figure><figure class='gallery-item'>\n\t\t\t<div class='gallery-icon landscape'>\n\t\t\t\t<a href='https:\/\/www.decraafrica.com\/fr\/wp-content\/uploads\/sites\/6\/2021\/02\/10-768x372-1.gif'><img loading=\"lazy\" decoding=\"async\" width=\"150\" height=\"150\" src=\"https:\/\/www.decraafrica.com\/fr\/wp-content\/uploads\/sites\/6\/2021\/02\/10-768x372-1-150x150.gif\" class=\"attachment-thumbnail size-thumbnail\" alt=\"\" \/><\/a>\n\t\t\t<\/div><\/figure><figure class='gallery-item'>\n\t\t\t<div class='gallery-icon landscape'>\n\t\t\t\t<a href='https:\/\/www.decraafrica.com\/fr\/wp-content\/uploads\/sites\/6\/2021\/02\/9-768x372-1.gif'><img loading=\"lazy\" decoding=\"async\" width=\"150\" height=\"150\" src=\"https:\/\/www.decraafrica.com\/fr\/wp-content\/uploads\/sites\/6\/2021\/02\/9-768x372-1-150x150.gif\" class=\"attachment-thumbnail size-thumbnail\" alt=\"\" \/><\/a>\n\t\t\t<\/div><\/figure><figure class='gallery-item'>\n\t\t\t<div class='gallery-icon landscape'>\n\t\t\t\t<a href='https:\/\/www.decraafrica.com\/fr\/wp-content\/uploads\/sites\/6\/2021\/02\/8-768x372-1.gif'><img loading=\"lazy\" decoding=\"async\" width=\"150\" height=\"150\" src=\"https:\/\/www.decraafrica.com\/fr\/wp-content\/uploads\/sites\/6\/2021\/02\/8-768x372-1-150x150.gif\" class=\"attachment-thumbnail size-thumbnail\" alt=\"\" \/><\/a>\n\t\t\t<\/div><\/figure><figure class='gallery-item'>\n\t\t\t<div class='gallery-icon landscape'>\n\t\t\t\t<a href='https:\/\/www.decraafrica.com\/fr\/wp-content\/uploads\/sites\/6\/2021\/02\/7-768x372-1.gif'><img loading=\"lazy\" decoding=\"async\" width=\"150\" height=\"150\" src=\"https:\/\/www.decraafrica.com\/fr\/wp-content\/uploads\/sites\/6\/2021\/02\/7-768x372-1-150x150.gif\" class=\"attachment-thumbnail size-thumbnail\" alt=\"\" \/><\/a>\n\t\t\t<\/div><\/figure><figure class='gallery-item'>\n\t\t\t<div class='gallery-icon landscape'>\n\t\t\t\t<a href='https:\/\/www.decraafrica.com\/fr\/wp-content\/uploads\/sites\/6\/2021\/02\/6-768x372-1.gif'><img loading=\"lazy\" decoding=\"async\" width=\"150\" height=\"150\" src=\"https:\/\/www.decraafrica.com\/fr\/wp-content\/uploads\/sites\/6\/2021\/02\/6-768x372-1-150x150.gif\" class=\"attachment-thumbnail size-thumbnail\" alt=\"\" \/><\/a>\n\t\t\t<\/div><\/figure><figure class='gallery-item'>\n\t\t\t<div class='gallery-icon landscape'>\n\t\t\t\t<a href='https:\/\/www.decraafrica.com\/fr\/wp-content\/uploads\/sites\/6\/2021\/02\/5-768x372-1.gif'><img loading=\"lazy\" decoding=\"async\" width=\"150\" height=\"150\" src=\"https:\/\/www.decraafrica.com\/fr\/wp-content\/uploads\/sites\/6\/2021\/02\/5-768x372-1-150x150.gif\" class=\"attachment-thumbnail size-thumbnail\" alt=\"\" \/><\/a>\n\t\t\t<\/div><\/figure><figure class='gallery-item'>\n\t\t\t<div class='gallery-icon landscape'>\n\t\t\t\t<a href='https:\/\/www.decraafrica.com\/fr\/wp-content\/uploads\/sites\/6\/2021\/02\/4-768x372-1.gif'><img loading=\"lazy\" decoding=\"async\" width=\"150\" height=\"150\" src=\"https:\/\/www.decraafrica.com\/fr\/wp-content\/uploads\/sites\/6\/2021\/02\/4-768x372-1-150x150.gif\" class=\"attachment-thumbnail size-thumbnail\" alt=\"\" \/><\/a>\n\t\t\t<\/div><\/figure><figure class='gallery-item'>\n\t\t\t<div class='gallery-icon landscape'>\n\t\t\t\t<a href='https:\/\/www.decraafrica.com\/fr\/wp-content\/uploads\/sites\/6\/2021\/02\/3-768x372-1.gif'><img loading=\"lazy\" decoding=\"async\" width=\"150\" height=\"150\" src=\"https:\/\/www.decraafrica.com\/fr\/wp-content\/uploads\/sites\/6\/2021\/02\/3-768x372-1-150x150.gif\" class=\"attachment-thumbnail size-thumbnail\" alt=\"\" \/><\/a>\n\t\t\t<\/div><\/figure><figure class='gallery-item'>\n\t\t\t<div class='gallery-icon landscape'>\n\t\t\t\t<a href='https:\/\/www.decraafrica.com\/fr\/wp-content\/uploads\/sites\/6\/2021\/02\/2-768x372-1.gif'><img loading=\"lazy\" decoding=\"async\" width=\"150\" height=\"150\" src=\"https:\/\/www.decraafrica.com\/fr\/wp-content\/uploads\/sites\/6\/2021\/02\/2-768x372-1-150x150.gif\" class=\"attachment-thumbnail size-thumbnail\" alt=\"\" \/><\/a>\n\t\t\t<\/div><\/figure><figure class='gallery-item'>\n\t\t\t<div class='gallery-icon landscape'>\n\t\t\t\t<a href='https:\/\/www.decraafrica.com\/fr\/wp-content\/uploads\/sites\/6\/2021\/02\/1-768x372-1.gif'><img loading=\"lazy\" decoding=\"async\" width=\"150\" height=\"150\" src=\"https:\/\/www.decraafrica.com\/fr\/wp-content\/uploads\/sites\/6\/2021\/02\/1-768x372-1-150x150.gif\" class=\"attachment-thumbnail size-thumbnail\" alt=\"\" \/><\/a>\n\t\t\t<\/div><\/figure>\n\t\t<\/div>\n\n<p>[\/vc_column_text][\/vc_column][\/vc_row][vc_row css=&#8221;.vc_custom_1532945193700{margin-top: 30px !important;margin-bottom: 25px !important;padding-top: 0px !important;padding-bottom: 0px !important;}&#8221;][vc_column][vc_custom_heading text=&#8221;NOS CARREAUX&#8221; font_container=&#8221;tag:h2|font_size:36|text_align:center|color:%23104471&#8243; use_theme_fonts=&#8221;yes&#8221; el_class=&#8221;heading-title&#8221; css=&#8221;.vc_custom_1612349257038{margin-top: 20px !important;border-top-width: 0px !important;padding-top: 0px !important;padding-bottom: 0px !important;}&#8221;][\/vc_column][\/vc_row][vc_row gap=&#8221;10&#8243; css=&#8221;.vc_custom_1612349539281{margin-bottom: 15px !important;padding-top: 0px !important;}&#8221; el_class=&#8221;our-services&#8221;][vc_column width=&#8221;1\/3&#8243;][vc_column_text]<\/p>\n<div class=\"box\">\n<p><a class=\"profiles\" href=\"https:\/\/www.decraafrica.com\/classic\/\"><img decoding=\"async\" src=\"https:\/\/www.decraafrica.com\/wp-content\/uploads\/2017\/11\/classic.jpg\" alt=\"Decra Classic Tile\" \/><\/a><br \/>\n<img decoding=\"async\" id=\"middle\" class=\"imgB1\" style=\"width: 60px; height: auto;\" src=\"https:\/\/www.decraafrica.com\/wp-content\/uploads\/2017\/11\/decrabox.jpg\" \/><\/p>\n<div class=\"top-right\"><a class=\"profiles\" href=\"https:\/\/www.decraafrica.com\/fr\/classic\/\"><i class=\"fa fa-caret-right\" aria-hidden=\"true\"><\/i> Voir le profil<\/a><\/div>\n<div class=\"bottom-right\" style=\"text-align: left;\"><a class=\"profiles\" href=\"https:\/\/www.decraafrica.com\/fr\/classic-gallery\/\"><i class=\"fa fa-caret-right\" aria-hidden=\"true\"><\/i>\u00a0Voir la galerie<\/a><\/div>\n<div class=\"top-left\"><strong><span style=\"font-size: 24px;\">CLASSIC<\/span><\/strong><\/div>\n<\/div>\n<p>[\/vc_column_text][\/vc_column][vc_column width=&#8221;1\/3&#8243;][vc_column_text]<\/p>\n<div class=\"box\">\n<p><a href=\"https:\/\/www.decraafrica.com\/milano-profile\"><img loading=\"lazy\" decoding=\"async\" class=\"alignnone wp-image-6072 size-full\" src=\"https:\/\/www.decraafrica.com\/wp-content\/uploads\/2017\/11\/milano.jpg\" alt=\"\" width=\"400\" height=\"235\" \/><\/a><br \/>\n<img decoding=\"async\" id=\"middle\" class=\"imgB1\" style=\"width: 60px; height: auto;\" src=\"https:\/\/www.decraafrica.com\/wp-content\/uploads\/2017\/11\/decrabox.jpg\" \/><\/p>\n<div class=\"top-right\"><a class=\"profiles\" href=\"https:\/\/www.decraafrica.com\/fr\/milano-profile\"><i class=\"fa fa-caret-right\" aria-hidden=\"true\"><\/i> Voir le profil<\/a><\/div>\n<div class=\"bottom-right\" style=\"text-align: left;\"><a class=\"profiles\" href=\"https:\/\/www.decraafrica.com\/fr\/milano-gallery\/\"><i class=\"fa fa-caret-right\" aria-hidden=\"true\"><\/i> Voir la galerie<\/a><\/div>\n<div class=\"top-left\"><strong><span style=\"font-size: 24px;\">MILANO<\/span><\/strong><\/div>\n<\/div>\n<p>[\/vc_column_text][\/vc_column][vc_column width=&#8221;1\/3&#8243;][vc_column_text]<\/p>\n<div class=\"box\">\n<p><a class=\"profiles\" href=\"https:\/\/www.decraafrica.com\/shingle\/\"><img decoding=\"async\" class=\"alignnone wp-image-2331 size-full\" src=\"https:\/\/www.decraafrica.com\/wp-content\/uploads\/2017\/11\/shingle.jpg\" alt=\"Decra Shingle Tile\" \/><\/a><br \/>\n<img decoding=\"async\" id=\"middle\" class=\"imgB1\" style=\"width: 60px; height: auto;\" src=\"https:\/\/www.decraafrica.com\/wp-content\/uploads\/2017\/11\/decrabox.jpg\" \/><\/p>\n<div class=\"top-right\"><a class=\"profiles\" href=\"https:\/\/www.decraafrica.com\/fr\/shingle\/\"><i class=\"fa fa-caret-right\" aria-hidden=\"true\"><\/i> Voir le profil<\/a><\/div>\n<div class=\"bottom-right\" style=\"text-align: left;\"><a class=\"profiles\" href=\"https:\/\/www.decraafrica.com\/fr\/shingle-gallery\/\"><i class=\"fa fa-caret-right\" aria-hidden=\"true\"><\/i> Voir la galerie<\/a><\/div>\n<div class=\"top-left\"><strong><span style=\"font-size: 24px;\">SHINGLE<\/span><\/strong><\/div>\n<\/div>\n<p>[\/vc_column_text][\/vc_column][\/vc_row][vc_row el_class=&#8221;our-services&#8221; css=&#8221;.vc_custom_1605705740337{margin-bottom: 0px !important;padding-top: 10px !important;padding-bottom: 30px !important;}&#8221;][vc_column width=&#8221;1\/3&#8243;][vc_column_text]<\/p>\n<div class=\"box\">\n<p><a class=\"profiles\" href=\"https:\/\/www.decraafrica.com\/decra-slate\/\"><img decoding=\"async\" class=\"alignnone wp-image-2330 size-full\" src=\"https:\/\/www.decraafrica.com\/\/wp-content\/uploads\/2017\/11\/slate.jpg\" alt=\"Decra Slate Tile\" \/><\/a><br \/>\n<img decoding=\"async\" id=\"middle\" class=\"imgB1\" style=\"width: 60px; height: auto;\" src=\"https:\/\/www.decraafrica.com\/wp-content\/uploads\/2017\/11\/decrabox.jpg\" \/><\/p>\n<div class=\"top-right\"><a class=\"profiles\" href=\"https:\/\/www.decraafrica.com\/fr\/decra-slate\/\"><i class=\"fa fa-caret-right\" aria-hidden=\"true\"><\/i>\u00a0Voir le profil<\/a><\/div>\n<div class=\"bottom-right\" style=\"text-align: left;\"><a class=\"profiles\" href=\"https:\/\/www.decraafrica.com\/fr\/slate-gallery\/\"><i class=\"fa fa-caret-right\" aria-hidden=\"true\"><\/i>\u00a0Voir la galerie<\/a><\/div>\n<div class=\"top-left\"><strong><span style=\"font-size: 24px;\">SLATE<\/span><\/strong><\/div>\n<\/div>\n<p>[\/vc_column_text][\/vc_column][vc_column width=&#8221;1\/3&#8243;][vc_column_text]<\/p>\n<div class=\"box\">\n<p><a class=\"profiles\" href=\"https:\/\/www.decraafrica.com\/heritage\"><img decoding=\"async\" class=\"alignnone wp-image-2331 size-full\" src=\"https:\/\/www.decraafrica.com\/wp-content\/uploads\/2017\/11\/heritage.jpg\" alt=\"Decra heritage tile\" \/><\/a><br \/>\n<img decoding=\"async\" id=\"middle\" class=\"imgB1\" style=\"width: 60px; height: auto;\" src=\"https:\/\/www.decraafrica.com\/wp-content\/uploads\/2017\/11\/decrabox.jpg\" \/><\/p>\n<div class=\"top-right\"><a class=\"profiles\" href=\"https:\/\/www.decraafrica.com\/fr\/heritage\/\"><i class=\"fa fa-caret-right\" aria-hidden=\"true\"><\/i>\u00a0Voir le profil<\/a><\/div>\n<div class=\"bottom-right\" style=\"text-align: left;\"><a class=\"profiles\" href=\"https:\/\/www.decraafrica.com\/fr\/heritage-gallery\/\"><i class=\"fa fa-caret-right\" aria-hidden=\"true\"><\/i>\u00a0Voir la galerie<\/a><\/div>\n<div class=\"top-left\"><strong><span style=\"font-size: 24px;\">HERITAGE<\/span><\/strong><\/div>\n<\/div>\n<p>[\/vc_column_text][\/vc_column][vc_column width=&#8221;1\/3&#8243;][vc_column_text]<\/p>\n<div class=\"box\">\n<p><a class=\"profiles\" href=\"https:\/\/www.decraafrica.com\/shake\/\"><img decoding=\"async\" class=\"alignnone wp-image-5378 size-full\" src=\"https:\/\/www.decraafrica.com\/wp-content\/uploads\/2017\/11\/shake.jpg\" alt=\"Decra Shake Tile\" \/><\/a><br \/>\n<img decoding=\"async\" id=\"middle\" class=\"imgB1\" style=\"width: 60px; height: auto;\" src=\"https:\/\/www.decraafrica.com\/wp-content\/uploads\/2017\/11\/decrabox.jpg\" \/><\/p>\n<div class=\"top-right\"><a class=\"profiles\" href=\"https:\/\/www.decraafrica.com\/fr\/shake\/\"><i class=\"fa fa-caret-right\" aria-hidden=\"true\"><\/i>\u00a0Voir le profil<\/a><\/div>\n<div class=\"bottom-right\" style=\"text-align: left;\"><a class=\"profiles\" href=\"https:\/\/www.decraafrica.com\/fr\/shake-gallery\/\"><i class=\"fa fa-caret-right\" aria-hidden=\"true\"><\/i>\u00a0Voir la galerie<\/a><\/div>\n<div class=\"top-left\"><strong><span style=\"font-size: 24px;\">SHAKE<\/span><\/strong><\/div>\n<\/div>\n<p>[\/vc_column_text][\/vc_column][\/vc_row][vc_row full_width=&#8221;stretch_row&#8221; css=&#8221;.vc_custom_1532943974139{margin-top: 0px !important;margin-bottom: 0px !important;padding-top: 40px !important;padding-bottom: 40px !important;background-color: #ffd500 !important;}&#8221;][vc_column width=&#8221;1\/3&#8243;][vc_single_image image=&#8221;12883&#8243; img_size=&#8221;large&#8221; alignment=&#8221;center&#8221;][\/vc_column][vc_column width=&#8221;2\/3&#8243;][vc_custom_heading text=&#8221;PROCHAINES \u00c9TAPES&#8221; font_container=&#8221;tag:h2|font_size:32|text_align:left|color:%23104471&#8243; use_theme_fonts=&#8221;yes&#8221; el_class=&#8221;heading-title&#8221; css=&#8221;.vc_custom_1612271760467{margin-top: 0px !important;border-top-width: 0px !important;border-bottom-width: 0px !important;padding-top: 0px !important;padding-bottom: 0px !important;}&#8221;][vc_column_text css=&#8221;.vc_custom_1612271775918{margin-top: 0px !important;margin-bottom: 0px !important;padding-top: 0px !important;padding-bottom: 0px !important;}&#8221;]<span style=\"font-size: 22px; color: #144071; font-weight: 500;\"><strong>Nous sommes l\u00e0 pour vous guider au long du processus de s\u00e9lection du toit qui vous convient.<\/strong><\/span>[\/vc_column_text][vc_column_text css=&#8221;.vc_custom_1612271795242{margin-top: 15px !important;margin-bottom: 15px !important;padding-top: 0px !important;padding-bottom: 0px !important;}&#8221;]<span style=\"font-size: 14px; color: #000;\">Nos distributeurs sont des professionnels qui sauront \u00e9couter vos exigences, vous faire des recommandations et calculer vos besoins en toiture, Pour votre toiture de r\u00eave, prenez rendez-vous le jour et \u00e0 l&#8217;heure qui vous conviennent &#8230;.. <\/span>[\/vc_column_text][vc_btn title=&#8221;Prenez contact avec nous&#8221; style=&#8221;flat&#8221; shape=&#8221;round&#8221; color=&#8221;primary&#8221; link=&#8221;url:https%3A%2F%2Fwww.decraafrica.com%2Ffr%2Fcontact%2F&#8221;][\/vc_column][\/vc_row]<\/p>\n<\/div>","protected":false},"excerpt":{"rendered":"<p>[vc_row css=&#8221;.vc_custom_1612365342177{margin-top: 50px !important;padding-top: 0px !important;padding-bottom: 0px !important;}&#8221;][vc_column][vc_custom_heading text=&#8221;GALERIE DES TOITS H\u00c9RITAGE&#8221; font_container=&#8221;tag:h2|font_size:36|text_align:center|color:%23144071&#8243; use_theme_fonts=&#8221;yes&#8221;][vc_column_text css=&#8221;.vc_custom_1612365385416{margin-top: 15px !important;}&#8221;] Avec son profil festonn\u00e9 et son choix de couleurs naturelles, il est facile de comprendre pourquoi Decra\u00ae Heritage est la tuile en acier enduite de pierre la plus vendue au monde. [\/vc_column_text][vc_column_text] [\/vc_column_text][\/vc_column][\/vc_row][vc_row css=&#8221;.vc_custom_1532945193700{margin-top: 30px !important;margin-bottom: 25px !important;padding-top: [&hellip;]<\/p>\n","protected":false},"author":1,"featured_media":0,"parent":0,"menu_order":0,"comment_status":"closed","ping_status":"closed","template":"","meta":{"content-type":"","footnotes":""},"class_list":["post-7853","page","type-page","status-publish","hentry"],"_links":{"self":[{"href":"https:\/\/www.decraafrica.com\/fr\/wp-json\/wp\/v2\/pages\/7853","targetHints":{"allow":["GET"]}}],"collection":[{"href":"https:\/\/www.decraafrica.com\/fr\/wp-json\/wp\/v2\/pages"}],"about":[{"href":"https:\/\/www.decraafrica.com\/fr\/wp-json\/wp\/v2\/types\/page"}],"author":[{"embeddable":true,"href":"https:\/\/www.decraafrica.com\/fr\/wp-json\/wp\/v2\/users\/1"}],"replies":[{"embeddable":true,"href":"https:\/\/www.decraafrica.com\/fr\/wp-json\/wp\/v2\/comments?post=7853"}],"version-history":[{"count":1,"href":"https:\/\/www.decraafrica.com\/fr\/wp-json\/wp\/v2\/pages\/7853\/revisions"}],"predecessor-version":[{"id":13055,"href":"https:\/\/www.decraafrica.com\/fr\/wp-json\/wp\/v2\/pages\/7853\/revisions\/13055"}],"wp:attachment":[{"href":"https:\/\/www.decraafrica.com\/fr\/wp-json\/wp\/v2\/media?parent=7853"}],"curies":[{"name":"wp","href":"https:\/\/api.w.org\/{rel}","templated":true}]}}