{"id":8319,"date":"2018-07-17T15:58:12","date_gmt":"2018-07-17T12:58:12","guid":{"rendered":"https:\/\/www.decraafrica.com\/?page_id=8319"},"modified":"2021-02-03T13:53:29","modified_gmt":"2021-02-03T13:53:29","slug":"coastal-living","status":"publish","type":"page","link":"https:\/\/www.decraafrica.com\/fr\/coastal-living\/","title":{"rendered":"Vie c\u00f4ti\u00e8re"},"content":{"rendered":"<div class=\"wpb-content-wrapper\"><p>[vc_row full_width=&#8221;stretch_row_content_no_spaces&#8221; css=&#8221;.vc_custom_1531922944584{padding-top: 100px !important;padding-bottom: 100px !important;background-image: url(https:\/\/www.decraafrica.com\/wp-content\/uploads\/2018\/07\/coastal-living.jpg?id=8501) !important;background-position: center !important;background-repeat: no-repeat !important;background-size: cover !important;}&#8221;][vc_column width=&#8221;1\/2&#8243;][\/vc_column][vc_column width=&#8221;1\/2&#8243;][\/vc_column][\/vc_row][vc_row css=&#8221;.vc_custom_1510242430664{margin-top: 0px !important;padding-top: 0px !important;padding-bottom: 0px !important;}&#8221;][vc_column][vc_custom_heading text=&#8221;VIE C\u00d4TI\u00c8RE&#8221; font_container=&#8221;tag:h1|font_size:40|text_align:center|color:%23104471&#8243; use_theme_fonts=&#8221;yes&#8221; el_class=&#8221;heading-title&#8221; css=&#8221;.vc_custom_1612360324526{margin-top: 0px !important;border-top-width: 0px !important;border-bottom-width: 0px !important;padding-top: 0px !important;padding-bottom: 0px !important;}&#8221;][\/vc_column][\/vc_row][vc_row full_width=&#8221;stretch_row&#8221; content_placement=&#8221;top&#8221;][vc_column width=&#8221;1\/2&#8243;][vc_column_text css=&#8221;.vc_custom_1612359453927{margin-top: 20px !important;}&#8221;]<\/p>\n<p style=\"font-size: 14px;\"><span style=\"color: #000000;\">Pour les propri\u00e9t\u00e9s en bord de mer, la teneur \u00e9lev\u00e9e en sel de l&#8217;air exclut g\u00e9n\u00e9ralement les toitures m\u00e9talliques du choix du mat\u00e9riau de construction. Heureusement, les tuiles Decra\u00ae Roofing sont con\u00e7ues et fabriqu\u00e9es pour \u00eatre utilis\u00e9es dans ces environnements, de sorte que les propri\u00e9taires ne doivent manquer aucun des avantages de l&#8217;utilisation de Decra\u00ae. Venant de Nouvelle-Z\u00e9lande, les tuiles Decra\u00ae ont \u00e9t\u00e9 invent\u00e9s pour \u00eatre utilis\u00e9s sur cette petite \u00eele, de sorte qu&#8217;ils ne s&#8217;adaptent pas seulement aux environnements marins, ils y excellent, fonctionnant aussi bien qu&#8217;\u00e0 l&#8217;int\u00e9rieur des terres.<\/span><\/p>\n<p style=\"font-size: 14px;\"><span style=\"color: #000000;\">Le graphique ci-dessous montre la diff\u00e9rence de performance entre un toit Alu-zinc Decra\u00ae et un toit galvanis\u00e9. Dans les environnements marins, un toit Decra\u00ae durera plus de 4 fois plus longtemps qu&#8217;un toit galvanis\u00e9, tandis que dans les environnements marins s\u00e9v\u00e8res, la diff\u00e9rence est de 8 fois. De nombreux h\u00f4tels et propri\u00e9taires de maisons sur les c\u00f4tes africaines ont choisi Decra\u00ae pour cette raison.<\/span><\/p>\n<p>[\/vc_column_text][vc_btn title=&#8221;T\u00e9l\u00e9charger le certificat de r\u00e9sistance aux intemp\u00e9ries&#8221; style=&#8221;outline&#8221; shape=&#8221;round&#8221; color=&#8221;black&#8221; size=&#8221;sm&#8221; align=&#8221;center&#8221; i_icon_fontawesome=&#8221;&#8221; button_block=&#8221;true&#8221; add_icon=&#8221;true&#8221; link=&#8221;url:https%3A%2F%2Fwww.decraafrica.com\/wp-content%2Fuploads%2F2018%2F07%2FAHI-2.1.16-Dynamic-Weather-Resistance-AS-2050-1994.pdf|||&#8221;][\/vc_column][vc_column width=&#8221;1\/2&#8243;][vc_single_image image=&#8221;12957&#8243; img_size=&#8221;large&#8221; onclick=&#8221;link_image&#8221;][\/vc_column][\/vc_row][vc_row full_width=&#8221;stretch_row&#8221; content_placement=&#8221;top&#8221;][vc_column width=&#8221;1\/2&#8243;][vc_single_image image=&#8221;12958&#8243; img_size=&#8221;full&#8221;][\/vc_column][vc_column width=&#8221;1\/2&#8243;][vc_column_text css=&#8221;.vc_custom_1612360258650{margin-top: 20px !important;}&#8221;]<\/p>\n<p style=\"font-size: 14px;\"><span style=\"color: #000000;\">La c\u00e9l\u00e8bre garantie Decra\u00ae de 50 ans est \u00e9galement valable \u00e0 100% \u00e0 moins de 750 m des vagues de rupture. M\u00eame si votre propri\u00e9t\u00e9 se trouve \u00e0 moins de 750 m\u00e8tres des vagues, vous b\u00e9n\u00e9ficierez toujours d&#8217;une garantie gratuite et enti\u00e8rement transf\u00e9rable de 25 ans. Veuillez noter, cependant, que notre garantie n&#8217;est valable que si des clous ou des vis Decra sont utilis\u00e9s pour l&#8217;installation. Des fixations de qualit\u00e9 inf\u00e9rieure peuvent endommager la tuile. <\/span><\/p>\n<p style=\"font-size: 14px;\"><span style=\"color: #000000;\"><br \/>\nPendant des d\u00e9cennies, nous avons fourni avec succ\u00e8s des propri\u00e9t\u00e9s c\u00f4ti\u00e8res le long de la c\u00f4te est du Kenya, de la Tanzanie, du Mozambique et de l&#8217;Afrique du Sud, ainsi que sur les c\u00f4tes occidentales de l&#8217;Angola, du Gabon, du Nig\u00e9ria, du Ghana, du Lib\u00e9ria, de la C\u00f4te d&#8217;Ivoire, de la Sierra Leone, de la Gambie et du S\u00e9n\u00e9gal.<br \/>\n<\/span><\/p>\n<p>[\/vc_column_text][vc_btn title=&#8221;Envoyez-nous plus d&#8217;informations&#8221; style=&#8221;outline&#8221; shape=&#8221;round&#8221; color=&#8221;black&#8221; size=&#8221;sm&#8221; align=&#8221;center&#8221; i_icon_fontawesome=&#8221;&#8221; button_block=&#8221;true&#8221; add_icon=&#8221;true&#8221; link=&#8221;url:https%3A%2F%2Fwww.decraafrica.com\/contact%2F|||&#8221;][\/vc_column][\/vc_row][vc_row css=&#8221;.vc_custom_1531832240931{margin-top: 25px !important;}&#8221;][vc_column][vc_custom_heading text=&#8221;GALERIE COASTAL DECRA ROOF&#8221; font_container=&#8221;tag:h2|font_size:36|text_align:center|color:%23144071&#8243; use_theme_fonts=&#8221;yes&#8221;][vc_column_text]<\/p>\n<div id='gallery-1' class='gallery galleryid-8319 gallery-columns-7 gallery-size-thumbnail'><figure class='gallery-item'>\n\t\t\t<div class='gallery-icon landscape'>\n\t\t\t\t<a href='https:\/\/www.decraafrica.com\/fr\/wp-content\/uploads\/sites\/6\/2021\/02\/04-768x372-1.jpg'><img loading=\"lazy\" decoding=\"async\" width=\"150\" height=\"150\" src=\"https:\/\/www.decraafrica.com\/fr\/wp-content\/uploads\/sites\/6\/2021\/02\/04-768x372-1-150x150.jpg\" class=\"attachment-thumbnail size-thumbnail\" alt=\"\" \/><\/a>\n\t\t\t<\/div><\/figure><figure class='gallery-item'>\n\t\t\t<div class='gallery-icon landscape'>\n\t\t\t\t<a href='https:\/\/www.decraafrica.com\/fr\/wp-content\/uploads\/sites\/6\/2021\/02\/11.jpg'><img loading=\"lazy\" decoding=\"async\" width=\"150\" height=\"150\" src=\"https:\/\/www.decraafrica.com\/fr\/wp-content\/uploads\/sites\/6\/2021\/02\/11-150x150.jpg\" class=\"attachment-thumbnail size-thumbnail\" alt=\"\" \/><\/a>\n\t\t\t<\/div><\/figure><figure class='gallery-item'>\n\t\t\t<div class='gallery-icon landscape'>\n\t\t\t\t<a href='https:\/\/www.decraafrica.com\/fr\/wp-content\/uploads\/sites\/6\/2021\/02\/09-3-768x372-1.jpg'><img loading=\"lazy\" decoding=\"async\" width=\"150\" height=\"150\" src=\"https:\/\/www.decraafrica.com\/fr\/wp-content\/uploads\/sites\/6\/2021\/02\/09-3-768x372-1-150x150.jpg\" class=\"attachment-thumbnail size-thumbnail\" alt=\"\" \/><\/a>\n\t\t\t<\/div><\/figure><figure class='gallery-item'>\n\t\t\t<div class='gallery-icon landscape'>\n\t\t\t\t<a href='https:\/\/www.decraafrica.com\/fr\/wp-content\/uploads\/sites\/6\/2021\/02\/09-768x372-1.jpg'><img loading=\"lazy\" decoding=\"async\" width=\"150\" height=\"150\" src=\"https:\/\/www.decraafrica.com\/fr\/wp-content\/uploads\/sites\/6\/2021\/02\/09-768x372-1-150x150.jpg\" class=\"attachment-thumbnail size-thumbnail\" alt=\"\" \/><\/a>\n\t\t\t<\/div><\/figure><figure class='gallery-item'>\n\t\t\t<div class='gallery-icon landscape'>\n\t\t\t\t<a href='https:\/\/www.decraafrica.com\/fr\/wp-content\/uploads\/sites\/6\/2021\/02\/8-4-768x372-1.gif'><img loading=\"lazy\" decoding=\"async\" width=\"150\" height=\"150\" src=\"https:\/\/www.decraafrica.com\/fr\/wp-content\/uploads\/sites\/6\/2021\/02\/8-4-768x372-1-150x150.gif\" class=\"attachment-thumbnail size-thumbnail\" alt=\"\" \/><\/a>\n\t\t\t<\/div><\/figure><figure class='gallery-item'>\n\t\t\t<div class='gallery-icon landscape'>\n\t\t\t\t<a href='https:\/\/www.decraafrica.com\/fr\/wp-content\/uploads\/sites\/6\/2021\/02\/16-768x372-1.jpg'><img loading=\"lazy\" decoding=\"async\" width=\"150\" height=\"150\" src=\"https:\/\/www.decraafrica.com\/fr\/wp-content\/uploads\/sites\/6\/2021\/02\/16-768x372-1-150x150.jpg\" class=\"attachment-thumbnail size-thumbnail\" alt=\"\" \/><\/a>\n\t\t\t<\/div><\/figure><figure class='gallery-item'>\n\t\t\t<div class='gallery-icon landscape'>\n\t\t\t\t<a href='https:\/\/www.decraafrica.com\/fr\/wp-content\/uploads\/sites\/6\/2021\/02\/17.jpg'><img loading=\"lazy\" decoding=\"async\" width=\"150\" height=\"150\" src=\"https:\/\/www.decraafrica.com\/fr\/wp-content\/uploads\/sites\/6\/2021\/02\/17-150x150.jpg\" class=\"attachment-thumbnail size-thumbnail\" alt=\"\" \/><\/a>\n\t\t\t<\/div><\/figure><figure class='gallery-item'>\n\t\t\t<div class='gallery-icon landscape'>\n\t\t\t\t<a href='https:\/\/www.decraafrica.com\/fr\/wp-content\/uploads\/sites\/6\/2021\/02\/17-768x372-1.gif'><img loading=\"lazy\" decoding=\"async\" width=\"150\" height=\"150\" src=\"https:\/\/www.decraafrica.com\/fr\/wp-content\/uploads\/sites\/6\/2021\/02\/17-768x372-1-150x150.gif\" class=\"attachment-thumbnail size-thumbnail\" alt=\"\" \/><\/a>\n\t\t\t<\/div><\/figure><figure class='gallery-item'>\n\t\t\t<div class='gallery-icon landscape'>\n\t\t\t\t<a href='https:\/\/www.decraafrica.com\/fr\/wp-content\/uploads\/sites\/6\/2021\/02\/21-1-768x372-1.jpg'><img loading=\"lazy\" decoding=\"async\" width=\"150\" height=\"150\" src=\"https:\/\/www.decraafrica.com\/fr\/wp-content\/uploads\/sites\/6\/2021\/02\/21-1-768x372-1-150x150.jpg\" class=\"attachment-thumbnail size-thumbnail\" alt=\"\" \/><\/a>\n\t\t\t<\/div><\/figure><figure class='gallery-item'>\n\t\t\t<div class='gallery-icon landscape'>\n\t\t\t\t<a href='https:\/\/www.decraafrica.com\/fr\/wp-content\/uploads\/sites\/6\/2021\/02\/20-2-768x372-1.jpg'><img loading=\"lazy\" decoding=\"async\" width=\"150\" height=\"150\" src=\"https:\/\/www.decraafrica.com\/fr\/wp-content\/uploads\/sites\/6\/2021\/02\/20-2-768x372-1-150x150.jpg\" class=\"attachment-thumbnail size-thumbnail\" alt=\"\" \/><\/a>\n\t\t\t<\/div><\/figure><figure class='gallery-item'>\n\t\t\t<div class='gallery-icon landscape'>\n\t\t\t\t<a href='https:\/\/www.decraafrica.com\/fr\/wp-content\/uploads\/sites\/6\/2021\/02\/23-1-768x372-1.jpg'><img loading=\"lazy\" decoding=\"async\" width=\"150\" height=\"150\" src=\"https:\/\/www.decraafrica.com\/fr\/wp-content\/uploads\/sites\/6\/2021\/02\/23-1-768x372-1-150x150.jpg\" class=\"attachment-thumbnail size-thumbnail\" alt=\"\" \/><\/a>\n\t\t\t<\/div><\/figure><figure class='gallery-item'>\n\t\t\t<div class='gallery-icon landscape'>\n\t\t\t\t<a href='https:\/\/www.decraafrica.com\/fr\/wp-content\/uploads\/sites\/6\/2021\/02\/23-768x372-1.jpg'><img loading=\"lazy\" decoding=\"async\" width=\"150\" height=\"150\" src=\"https:\/\/www.decraafrica.com\/fr\/wp-content\/uploads\/sites\/6\/2021\/02\/23-768x372-1-150x150.jpg\" class=\"attachment-thumbnail size-thumbnail\" alt=\"\" \/><\/a>\n\t\t\t<\/div><\/figure><figure class='gallery-item'>\n\t\t\t<div class='gallery-icon landscape'>\n\t\t\t\t<a href='https:\/\/www.decraafrica.com\/fr\/wp-content\/uploads\/sites\/6\/2021\/02\/29-768x372-1.jpg'><img loading=\"lazy\" decoding=\"async\" width=\"150\" height=\"150\" src=\"https:\/\/www.decraafrica.com\/fr\/wp-content\/uploads\/sites\/6\/2021\/02\/29-768x372-1-150x150.jpg\" class=\"attachment-thumbnail size-thumbnail\" alt=\"\" \/><\/a>\n\t\t\t<\/div><\/figure><figure class='gallery-item'>\n\t\t\t<div class='gallery-icon landscape'>\n\t\t\t\t<a href='https:\/\/www.decraafrica.com\/fr\/wp-content\/uploads\/sites\/6\/2021\/02\/19-2-768x372-1.jpg'><img loading=\"lazy\" decoding=\"async\" width=\"150\" height=\"150\" src=\"https:\/\/www.decraafrica.com\/fr\/wp-content\/uploads\/sites\/6\/2021\/02\/19-2-768x372-1-150x150.jpg\" class=\"attachment-thumbnail size-thumbnail\" alt=\"\" \/><\/a>\n\t\t\t<\/div><\/figure><figure class='gallery-item'>\n\t\t\t<div class='gallery-icon landscape'>\n\t\t\t\t<a href='https:\/\/www.decraafrica.com\/fr\/wp-content\/uploads\/sites\/6\/2021\/02\/04-3-768x372-1.jpg'><img loading=\"lazy\" decoding=\"async\" width=\"150\" height=\"150\" src=\"https:\/\/www.decraafrica.com\/fr\/wp-content\/uploads\/sites\/6\/2021\/02\/04-3-768x372-1-150x150.jpg\" class=\"attachment-thumbnail size-thumbnail\" alt=\"\" \/><\/a>\n\t\t\t<\/div><\/figure><figure class='gallery-item'>\n\t\t\t<div class='gallery-icon landscape'>\n\t\t\t\t<a href='https:\/\/www.decraafrica.com\/fr\/wp-content\/uploads\/sites\/6\/2021\/02\/02-3-768x372-1.jpg'><img loading=\"lazy\" decoding=\"async\" width=\"150\" height=\"150\" src=\"https:\/\/www.decraafrica.com\/fr\/wp-content\/uploads\/sites\/6\/2021\/02\/02-3-768x372-1-150x150.jpg\" class=\"attachment-thumbnail size-thumbnail\" alt=\"\" \/><\/a>\n\t\t\t<\/div><\/figure><figure class='gallery-item'>\n\t\t\t<div class='gallery-icon landscape'>\n\t\t\t\t<a href='https:\/\/www.decraafrica.com\/fr\/wp-content\/uploads\/sites\/6\/2021\/02\/01-2-768x372-1.jpg'><img loading=\"lazy\" decoding=\"async\" width=\"150\" height=\"150\" src=\"https:\/\/www.decraafrica.com\/fr\/wp-content\/uploads\/sites\/6\/2021\/02\/01-2-768x372-1-150x150.jpg\" class=\"attachment-thumbnail size-thumbnail\" alt=\"\" \/><\/a>\n\t\t\t<\/div><\/figure><figure class='gallery-item'>\n\t\t\t<div class='gallery-icon landscape'>\n\t\t\t\t<a href='https:\/\/www.decraafrica.com\/fr\/wp-content\/uploads\/sites\/6\/2021\/02\/08-768x372-1.jpg'><img loading=\"lazy\" decoding=\"async\" width=\"150\" height=\"150\" src=\"https:\/\/www.decraafrica.com\/fr\/wp-content\/uploads\/sites\/6\/2021\/02\/08-768x372-1-150x150.jpg\" class=\"attachment-thumbnail size-thumbnail\" alt=\"\" \/><\/a>\n\t\t\t<\/div><\/figure><figure class='gallery-item'>\n\t\t\t<div class='gallery-icon landscape'>\n\t\t\t\t<a href='https:\/\/www.decraafrica.com\/fr\/wp-content\/uploads\/sites\/6\/2021\/02\/22-370x220-1.jpg'><img loading=\"lazy\" decoding=\"async\" width=\"150\" height=\"150\" src=\"https:\/\/www.decraafrica.com\/fr\/wp-content\/uploads\/sites\/6\/2021\/02\/22-370x220-1-150x150.jpg\" class=\"attachment-thumbnail size-thumbnail\" alt=\"\" \/><\/a>\n\t\t\t<\/div><\/figure><figure class='gallery-item'>\n\t\t\t<div class='gallery-icon landscape'>\n\t\t\t\t<a href='https:\/\/www.decraafrica.com\/fr\/wp-content\/uploads\/sites\/6\/2021\/02\/28-768x372-1.gif'><img loading=\"lazy\" decoding=\"async\" width=\"150\" height=\"150\" src=\"https:\/\/www.decraafrica.com\/fr\/wp-content\/uploads\/sites\/6\/2021\/02\/28-768x372-1-150x150.gif\" class=\"attachment-thumbnail size-thumbnail\" alt=\"\" \/><\/a>\n\t\t\t<\/div><\/figure>\n\t\t<\/div>\n\n<p>[\/vc_column_text][\/vc_column][\/vc_row][vc_row css=&#8221;.vc_custom_1532945193700{margin-top: 30px !important;margin-bottom: 25px !important;padding-top: 0px !important;padding-bottom: 0px !important;}&#8221;][vc_column][vc_custom_heading text=&#8221;NOS CARREAUX&#8221; font_container=&#8221;tag:h2|font_size:36|text_align:center|color:%23104471&#8243; use_theme_fonts=&#8221;yes&#8221; el_class=&#8221;heading-title&#8221; css=&#8221;.vc_custom_1612349257038{margin-top: 20px !important;border-top-width: 0px !important;padding-top: 0px !important;padding-bottom: 0px !important;}&#8221;][\/vc_column][\/vc_row][vc_row gap=&#8221;10&#8243; css=&#8221;.vc_custom_1612349539281{margin-bottom: 15px !important;padding-top: 0px !important;}&#8221; el_class=&#8221;our-services&#8221;][vc_column width=&#8221;1\/3&#8243;][vc_column_text]<\/p>\n<div class=\"box\">\n<p><a class=\"profiles\" href=\"https:\/\/www.decraafrica.com\/classic\/\"><img decoding=\"async\" src=\"https:\/\/www.decraafrica.com\/wp-content\/uploads\/2017\/11\/classic.jpg\" alt=\"Decra Classic Tile\" \/><\/a><br \/>\n<img decoding=\"async\" id=\"middle\" class=\"imgB1\" style=\"width: 60px; height: auto;\" src=\"https:\/\/www.decraafrica.com\/wp-content\/uploads\/2017\/11\/decrabox.jpg\" \/><\/p>\n<div class=\"top-right\"><a class=\"profiles\" href=\"https:\/\/www.decraafrica.com\/fr\/classic\/\"><i class=\"fa fa-caret-right\" aria-hidden=\"true\"><\/i> Voir le profil<\/a><\/div>\n<div class=\"bottom-right\" style=\"text-align: left;\"><a class=\"profiles\" href=\"https:\/\/www.decraafrica.com\/fr\/classic-gallery\/\"><i class=\"fa fa-caret-right\" aria-hidden=\"true\"><\/i>\u00a0Voir la galerie<\/a><\/div>\n<div class=\"top-left\"><strong><span style=\"font-size: 24px;\">CLASSIC<\/span><\/strong><\/div>\n<\/div>\n<p>[\/vc_column_text][\/vc_column][vc_column width=&#8221;1\/3&#8243;][vc_column_text]<\/p>\n<div class=\"box\">\n<p><a href=\"https:\/\/www.decraafrica.com\/milano-profile\"><img loading=\"lazy\" decoding=\"async\" class=\"alignnone wp-image-6072 size-full\" src=\"https:\/\/www.decraafrica.com\/wp-content\/uploads\/2017\/11\/milano.jpg\" alt=\"\" width=\"400\" height=\"235\" \/><\/a><br \/>\n<img decoding=\"async\" id=\"middle\" class=\"imgB1\" style=\"width: 60px; height: auto;\" src=\"https:\/\/www.decraafrica.com\/wp-content\/uploads\/2017\/11\/decrabox.jpg\" \/><\/p>\n<div class=\"top-right\"><a class=\"profiles\" href=\"https:\/\/www.decraafrica.com\/fr\/milano-profile\"><i class=\"fa fa-caret-right\" aria-hidden=\"true\"><\/i> Voir le profil<\/a><\/div>\n<div class=\"bottom-right\" style=\"text-align: left;\"><a class=\"profiles\" href=\"https:\/\/www.decraafrica.com\/fr\/milano-gallery\/\"><i class=\"fa fa-caret-right\" aria-hidden=\"true\"><\/i> Voir la galerie<\/a><\/div>\n<div class=\"top-left\"><strong><span style=\"font-size: 24px;\">MILANO<\/span><\/strong><\/div>\n<\/div>\n<p>[\/vc_column_text][\/vc_column][vc_column width=&#8221;1\/3&#8243;][vc_column_text]<\/p>\n<div class=\"box\">\n<p><a class=\"profiles\" href=\"https:\/\/www.decraafrica.com\/shingle\/\"><img decoding=\"async\" class=\"alignnone wp-image-2331 size-full\" src=\"https:\/\/www.decraafrica.com\/wp-content\/uploads\/2017\/11\/shingle.jpg\" alt=\"Decra Shingle Tile\" \/><\/a><br \/>\n<img decoding=\"async\" id=\"middle\" class=\"imgB1\" style=\"width: 60px; height: auto;\" src=\"https:\/\/www.decraafrica.com\/wp-content\/uploads\/2017\/11\/decrabox.jpg\" \/><\/p>\n<div class=\"top-right\"><a class=\"profiles\" href=\"https:\/\/www.decraafrica.com\/fr\/shingle\/\"><i class=\"fa fa-caret-right\" aria-hidden=\"true\"><\/i> Voir le profil<\/a><\/div>\n<div class=\"bottom-right\" style=\"text-align: left;\"><a class=\"profiles\" href=\"https:\/\/www.decraafrica.com\/fr\/shingle-gallery\/\"><i class=\"fa fa-caret-right\" aria-hidden=\"true\"><\/i> Voir la galerie<\/a><\/div>\n<div class=\"top-left\"><strong><span style=\"font-size: 24px;\">SHINGLE<\/span><\/strong><\/div>\n<\/div>\n<p>[\/vc_column_text][\/vc_column][\/vc_row][vc_row el_class=&#8221;our-services&#8221; css=&#8221;.vc_custom_1605705740337{margin-bottom: 0px !important;padding-top: 10px !important;padding-bottom: 30px !important;}&#8221;][vc_column width=&#8221;1\/3&#8243;][vc_column_text]<\/p>\n<div class=\"box\">\n<p><a class=\"profiles\" href=\"https:\/\/www.decraafrica.com\/decra-slate\/\"><img decoding=\"async\" class=\"alignnone wp-image-2330 size-full\" src=\"https:\/\/www.decraafrica.com\/\/wp-content\/uploads\/2017\/11\/slate.jpg\" alt=\"Decra Slate Tile\" \/><\/a><br \/>\n<img decoding=\"async\" id=\"middle\" class=\"imgB1\" style=\"width: 60px; height: auto;\" src=\"https:\/\/www.decraafrica.com\/wp-content\/uploads\/2017\/11\/decrabox.jpg\" \/><\/p>\n<div class=\"top-right\"><a class=\"profiles\" href=\"https:\/\/www.decraafrica.com\/fr\/decra-slate\/\"><i class=\"fa fa-caret-right\" aria-hidden=\"true\"><\/i>\u00a0Voir le profil<\/a><\/div>\n<div class=\"bottom-right\" style=\"text-align: left;\"><a class=\"profiles\" href=\"https:\/\/www.decraafrica.com\/fr\/slate-gallery\/\"><i class=\"fa fa-caret-right\" aria-hidden=\"true\"><\/i>\u00a0Voir la galerie<\/a><\/div>\n<div class=\"top-left\"><strong><span style=\"font-size: 24px;\">SLATE<\/span><\/strong><\/div>\n<\/div>\n<p>[\/vc_column_text][\/vc_column][vc_column width=&#8221;1\/3&#8243;][vc_column_text]<\/p>\n<div class=\"box\">\n<p><a class=\"profiles\" href=\"https:\/\/www.decraafrica.com\/heritage\"><img decoding=\"async\" class=\"alignnone wp-image-2331 size-full\" src=\"https:\/\/www.decraafrica.com\/wp-content\/uploads\/2017\/11\/heritage.jpg\" alt=\"Decra heritage tile\" \/><\/a><br \/>\n<img decoding=\"async\" id=\"middle\" class=\"imgB1\" style=\"width: 60px; height: auto;\" src=\"https:\/\/www.decraafrica.com\/wp-content\/uploads\/2017\/11\/decrabox.jpg\" \/><\/p>\n<div class=\"top-right\"><a class=\"profiles\" href=\"https:\/\/www.decraafrica.com\/fr\/heritage\/\"><i class=\"fa fa-caret-right\" aria-hidden=\"true\"><\/i>\u00a0Voir le profil<\/a><\/div>\n<div class=\"bottom-right\" style=\"text-align: left;\"><a class=\"profiles\" href=\"https:\/\/www.decraafrica.com\/fr\/heritage-gallery\/\"><i class=\"fa fa-caret-right\" aria-hidden=\"true\"><\/i>\u00a0Voir la galerie<\/a><\/div>\n<div class=\"top-left\"><strong><span style=\"font-size: 24px;\">HERITAGE<\/span><\/strong><\/div>\n<\/div>\n<p>[\/vc_column_text][\/vc_column][vc_column width=&#8221;1\/3&#8243;][vc_column_text]<\/p>\n<div class=\"box\">\n<p><a class=\"profiles\" href=\"https:\/\/www.decraafrica.com\/shake\/\"><img decoding=\"async\" class=\"alignnone wp-image-5378 size-full\" src=\"https:\/\/www.decraafrica.com\/wp-content\/uploads\/2017\/11\/shake.jpg\" alt=\"Decra Shake Tile\" \/><\/a><br \/>\n<img decoding=\"async\" id=\"middle\" class=\"imgB1\" style=\"width: 60px; height: auto;\" src=\"https:\/\/www.decraafrica.com\/wp-content\/uploads\/2017\/11\/decrabox.jpg\" \/><\/p>\n<div class=\"top-right\"><a class=\"profiles\" href=\"https:\/\/www.decraafrica.com\/fr\/shake\/\"><i class=\"fa fa-caret-right\" aria-hidden=\"true\"><\/i>\u00a0Voir le profil<\/a><\/div>\n<div class=\"bottom-right\" style=\"text-align: left;\"><a class=\"profiles\" href=\"https:\/\/www.decraafrica.com\/fr\/shake-gallery\/\"><i class=\"fa fa-caret-right\" aria-hidden=\"true\"><\/i>\u00a0Voir la galerie<\/a><\/div>\n<div class=\"top-left\"><strong><span style=\"font-size: 24px;\">SHAKE<\/span><\/strong><\/div>\n<\/div>\n<p>[\/vc_column_text][\/vc_column][\/vc_row][vc_row full_width=&#8221;stretch_row&#8221; css=&#8221;.vc_custom_1532943974139{margin-top: 0px !important;margin-bottom: 0px !important;padding-top: 40px !important;padding-bottom: 40px !important;background-color: #ffd500 !important;}&#8221;][vc_column width=&#8221;1\/3&#8243;][vc_single_image image=&#8221;12883&#8243; img_size=&#8221;large&#8221; alignment=&#8221;center&#8221;][\/vc_column][vc_column width=&#8221;2\/3&#8243;][vc_custom_heading text=&#8221;PROCHAINES \u00c9TAPES&#8221; font_container=&#8221;tag:h2|font_size:32|text_align:left|color:%23104471&#8243; use_theme_fonts=&#8221;yes&#8221; el_class=&#8221;heading-title&#8221; css=&#8221;.vc_custom_1612271760467{margin-top: 0px !important;border-top-width: 0px !important;border-bottom-width: 0px !important;padding-top: 0px !important;padding-bottom: 0px !important;}&#8221;][vc_column_text css=&#8221;.vc_custom_1612271775918{margin-top: 0px !important;margin-bottom: 0px !important;padding-top: 0px !important;padding-bottom: 0px !important;}&#8221;]<span style=\"font-size: 22px; color: #144071; font-weight: 500;\"><strong>Nous sommes l\u00e0 pour vous guider au long du processus de s\u00e9lection du toit qui vous convient.<\/strong><\/span>[\/vc_column_text][vc_column_text css=&#8221;.vc_custom_1612271795242{margin-top: 15px !important;margin-bottom: 15px !important;padding-top: 0px !important;padding-bottom: 0px !important;}&#8221;]<span style=\"font-size: 14px; color: #000;\">Nos distributeurs sont des professionnels qui sauront \u00e9couter vos exigences, vous faire des recommandations et calculer vos besoins en toiture, Pour votre toiture de r\u00eave, prenez rendez-vous le jour et \u00e0 l&#8217;heure qui vous conviennent &#8230;.. <\/span>[\/vc_column_text][vc_btn title=&#8221;Prenez contact avec nous&#8221; style=&#8221;flat&#8221; shape=&#8221;round&#8221; color=&#8221;primary&#8221; link=&#8221;url:https%3A%2F%2Fwww.decraafrica.com%2Ffr%2Fcontact%2F&#8221;][\/vc_column][\/vc_row]<\/p>\n<\/div>","protected":false},"excerpt":{"rendered":"<p>[vc_row full_width=&#8221;stretch_row_content_no_spaces&#8221; css=&#8221;.vc_custom_1531922944584{padding-top: 100px !important;padding-bottom: 100px !important;background-image: url(https:\/\/www.decraafrica.com\/wp-content\/uploads\/2018\/07\/coastal-living.jpg?id=8501) !important;background-position: center !important;background-repeat: no-repeat !important;background-size: cover !important;}&#8221;][vc_column width=&#8221;1\/2&#8243;][\/vc_column][vc_column width=&#8221;1\/2&#8243;][\/vc_column][\/vc_row][vc_row css=&#8221;.vc_custom_1510242430664{margin-top: 0px !important;padding-top: 0px !important;padding-bottom: 0px !important;}&#8221;][vc_column][vc_custom_heading text=&#8221;VIE C\u00d4TI\u00c8RE&#8221; font_container=&#8221;tag:h1|font_size:40|text_align:center|color:%23104471&#8243; use_theme_fonts=&#8221;yes&#8221; el_class=&#8221;heading-title&#8221; css=&#8221;.vc_custom_1612360324526{margin-top: 0px !important;border-top-width: 0px !important;border-bottom-width: 0px !important;padding-top: 0px !important;padding-bottom: 0px !important;}&#8221;][\/vc_column][\/vc_row][vc_row full_width=&#8221;stretch_row&#8221; content_placement=&#8221;top&#8221;][vc_column width=&#8221;1\/2&#8243;][vc_column_text css=&#8221;.vc_custom_1612359453927{margin-top: 20px !important;}&#8221;] Pour les propri\u00e9t\u00e9s en bord de mer, la teneur [&hellip;]<\/p>\n","protected":false},"author":1,"featured_media":0,"parent":0,"menu_order":0,"comment_status":"open","ping_status":"closed","template":"","meta":{"content-type":"","footnotes":""},"class_list":["post-8319","page","type-page","status-publish","hentry"],"_links":{"self":[{"href":"https:\/\/www.decraafrica.com\/fr\/wp-json\/wp\/v2\/pages\/8319","targetHints":{"allow":["GET"]}}],"collection":[{"href":"https:\/\/www.decraafrica.com\/fr\/wp-json\/wp\/v2\/pages"}],"about":[{"href":"https:\/\/www.decraafrica.com\/fr\/wp-json\/wp\/v2\/types\/page"}],"author":[{"embeddable":true,"href":"https:\/\/www.decraafrica.com\/fr\/wp-json\/wp\/v2\/users\/1"}],"replies":[{"embeddable":true,"href":"https:\/\/www.decraafrica.com\/fr\/wp-json\/wp\/v2\/comments?post=8319"}],"version-history":[{"count":3,"href":"https:\/\/www.decraafrica.com\/fr\/wp-json\/wp\/v2\/pages\/8319\/revisions"}],"predecessor-version":[{"id":12982,"href":"https:\/\/www.decraafrica.com\/fr\/wp-json\/wp\/v2\/pages\/8319\/revisions\/12982"}],"wp:attachment":[{"href":"https:\/\/www.decraafrica.com\/fr\/wp-json\/wp\/v2\/media?parent=8319"}],"curies":[{"name":"wp","href":"https:\/\/api.w.org\/{rel}","templated":true}]}}