{"id":9826,"date":"2018-09-18T16:28:53","date_gmt":"2018-09-18T15:28:53","guid":{"rendered":"https:\/\/www.decraafrica.com\/?page_id=9826"},"modified":"2021-02-09T17:39:37","modified_gmt":"2021-02-09T17:39:37","slug":"accessories","status":"publish","type":"page","link":"https:\/\/www.decraafrica.com\/fr\/accessories\/","title":{"rendered":"Accessoires \u00e9co\u00e9nerg\u00e9tiques"},"content":{"rendered":"<div class=\"wpb-content-wrapper\"><p>[vc_row css=&#8221;.vc_custom_1612878701829{margin-top: 50px !important;padding-top: 0px !important;padding-bottom: 0px !important;}&#8221;][vc_column][vc_custom_heading text=&#8221;ACCESSOIRES POUR GAINS \u00c9NERG\u00c9TIQUES ET \u00c9CONOMIQUES&#8221; font_container=&#8221;tag:h2|font_size:36|text_align:center|color:%23104471&#8243; use_theme_fonts=&#8221;yes&#8221; el_class=&#8221;heading-title&#8221; css=&#8221;.vc_custom_1612878680775{margin-top: 20px !important;border-top-width: 0px !important;padding-top: 0px !important;padding-bottom: 0px !important;}&#8221;][\/vc_column][\/vc_row][vc_row css=&#8221;.vc_custom_1612878692191{margin-top: 20px !important;}&#8221;][vc_column width=&#8221;1\/3&#8243;][vc_single_image image=&#8221;13355&#8243; img_size=&#8221;full&#8221;][vc_custom_heading text=&#8221;Decra\u00ae Foil&#8221; font_container=&#8221;tag:h2|font_size:24|text_align:left|color:%23144071&#8243; use_theme_fonts=&#8221;yes&#8221; css=&#8221;.vc_custom_1531146154164{margin-bottom: 20px !important;}&#8221;][vc_column_text]<span style=\"color: #000000;\">De la m\u00eame mani\u00e8re qu&#8217;un miroir r\u00e9fl\u00e9chit la lumi\u00e8re, Decra Foil r\u00e9fl\u00e9chit 95% de la chaleur et r\u00e9duit le flux de chaleur de 70 \u00e0 80%. Avec le climat chaud de l&#8217;Afrique, Decra Foil est une barri\u00e8re efficace contre la chaleur qui p\u00e9n\u00e8tre dans la maison.<\/span><\/p>\n<p><span style=\"color: #000000;\">\u00c9tant donn\u00e9 que 60 \u00e0 70% de la chaleur d&#8217;une propri\u00e9t\u00e9 est g\u00e9n\u00e9r\u00e9e par le toit, Decra Foil r\u00e9duit consid\u00e9rablement les temp\u00e9ratures internes, ce qui peut aider \u00e0 r\u00e9duire consid\u00e9rablement le co\u00fbt de la climatisation jusqu&#8217;\u00e0 25%. Mais Decra Foil fait bien plus. Fabriqu\u00e9 en aluminium poli de haute qualit\u00e9 et en fibre de verre renforc\u00e9e, il agit comme une barri\u00e8re contre l&#8217;humidit\u00e9, la vapeur d&#8217;eau, le vent, la poussi\u00e8re et les insectes. Il contient \u00e9galement des propri\u00e9t\u00e9s ignifuges, r\u00e9duisant le risque de dommages en cas d&#8217;incendie.<\/span>[\/vc_column_text][vc_btn title=&#8221;Savoir Plus&#8221; style=&#8221;outline&#8221; shape=&#8221;round&#8221; color=&#8221;black&#8221; align=&#8221;center&#8221; button_block=&#8221;true&#8221; link=&#8221;url:https%3A%2F%2Fwww.decraafrica.com%2Ffr%2Fdecrafoil%2F&#8221; css=&#8221;.vc_custom_1612878455452{margin-bottom: 20px !important;padding-top: 20px !important;padding-bottom: 20px !important;}&#8221;][\/vc_column][vc_column width=&#8221;1\/3&#8243;][vc_single_image image=&#8221;13356&#8243; img_size=&#8221;full&#8221;][vc_custom_heading text=&#8221;Decra\u00ae Ventilation&#8221; font_container=&#8221;tag:h2|font_size:24|text_align:left|color:%23144071&#8243; use_theme_fonts=&#8221;yes&#8221; css=&#8221;.vc_custom_1531146159884{margin-bottom: 20px !important;}&#8221;][vc_column_text]<span style=\"color: #000000;\">Les syst\u00e8mes de ventilation Decra peuvent g\u00e9n\u00e9rer des \u00e9conomies sur votre utilisation de la climatisation. En extrayant l&#8217;air chaud de votre maison, les \u00e9vents de toit Decra combin\u00e9s au Decra Foil peuvent r\u00e9duire la temp\u00e9rature moyenne des pi\u00e8ces jusqu&#8217;\u00e0 5 \u00b0 C. D\u00e9velopp\u00e9 pour fournir un d\u00e9bit d&#8217;air de grande capacit\u00e9, l&#8217;\u00e9vent sanitaire est id\u00e9al pour la ventilation de cuisine et de salle de bain.<\/span><\/p>\n<p><span style=\"color: #000000;\">Decra Cowl Vent quant \u00e0 lui est un choix discret et efficace pour la ventilation, ventilant une zone de 12 500 mm\u00b2.<\/span><\/p>\n<p><span style=\"color: #000000;\">Chaque \u00e9vent est int\u00e9gr\u00e9 dans une tuile Decra Roof enduite de pierre de sorte qu&#8217;il s&#8217;adapte parfaitement au toit et b\u00e9n\u00e9ficie d&#8217;une stabilit\u00e9 aux UV \/ couleur, tandis que la conception comprend une grille \u00e0 mailles super fines pour emp\u00eacher les insectes et la pluie de p\u00e9n\u00e9trer dans l&#8217;espace du toit.<\/span>[\/vc_column_text][vc_btn title=&#8221;Afficher Decra Ventilation&#8221; style=&#8221;outline&#8221; shape=&#8221;round&#8221; color=&#8221;black&#8221; align=&#8221;center&#8221; button_block=&#8221;true&#8221; link=&#8221;url:https%3A%2F%2Fwww.decraafrica.com%2Ffr%2Fventilation%2F&#8221; css=&#8221;.vc_custom_1612878442498{margin-bottom: 20px !important;padding-top: 20px !important;padding-bottom: 20px !important;}&#8221;][\/vc_column][vc_column width=&#8221;1\/3&#8243;][vc_single_image image=&#8221;13357&#8243; img_size=&#8221;full&#8221;][vc_custom_heading text=&#8221;Decra\u00ae Sun Tunnel&#8221; font_container=&#8221;tag:h2|font_size:24|text_align:left|color:%23144071&#8243; use_theme_fonts=&#8221;yes&#8221; css=&#8221;.vc_custom_1531146165000{margin-bottom: 20px !important;}&#8221;][vc_column_text]<span style=\"color: #000000;\">Decra Sun Tunnel apporte de la lumi\u00e8re naturelle dans la maison, offrant un environnement plus sain, tout en r\u00e9duisant les co\u00fbts d&#8217;\u00e9lectricit\u00e9.<\/span><\/p>\n<p><span style=\"color: #000000;\">Mont\u00e9 dans une v\u00e9ritable base de profil Decra, il s&#8217;adapte parfaitement \u00e0 vos toits. Le d\u00f4me l\u00e9ger capte la lumi\u00e8re naturelle du soleil sous tous les angles et la dirige m\u00eame dans les zones les plus sombres de votre maison. Un diffuseur \u00e0 double vitrage refl\u00e8te la lumi\u00e8re \u00e0 travers le plafonnier qui ressemble \u00e0 n&#8217;importe quelle lumi\u00e8re ordinaire. L&#8217;efficacit\u00e9 \u00e9nerg\u00e9tique du Decra Sun Tunnel pourrait faire chuter vos factures d&#8217;\u00e9clairage et d&#8217;\u00e9nergie. Il est facile \u00e0 installer et est livr\u00e9 en 3 parties pr\u00eates \u00e0 l&#8217;emploi: section de toit, section de grenier et section de plafond.<\/span>[\/vc_column_text][vc_btn title=&#8221;Savoir Plus&#8221; style=&#8221;outline&#8221; shape=&#8221;round&#8221; color=&#8221;black&#8221; align=&#8221;center&#8221; button_block=&#8221;true&#8221; link=&#8221;url:https%3A%2F%2Fwww.decraafrica.com%2Ffr%2Fsuntunnels%2F&#8221; css=&#8221;.vc_custom_1612878483049{margin-bottom: 20px !important;padding-top: 20px !important;padding-bottom: 20px !important;}&#8221;][\/vc_column][\/vc_row][vc_row full_width=&#8221;stretch_row&#8221; content_placement=&#8221;top&#8221; css=&#8221;.vc_custom_1513091451889{padding-top: 20px !important;padding-bottom: 20px !important;background-image: url(https:\/\/www.decraafrica.com\/\/wp-content\/uploads\/2017\/12\/healthy-home.jpg?id=6550) !important;background-position: center !important;background-repeat: no-repeat !important;background-size: cover !important;}&#8221;][vc_column][vc_custom_heading text=&#8221;UNE MAISON DECRA<sup>\u00ae<\/sup> EST UNE MAISON SAINE&#8221; font_container=&#8221;tag:h2|font_size:32|text_align:center|color:%23ffffff&#8221; use_theme_fonts=&#8221;yes&#8221; css_animation=&#8221;fadeInDown&#8221; css=&#8221;.vc_custom_1612448330462{margin-bottom: 15px !important;}&#8221;][vc_column_text]<\/p>\n<p style=\"text-align: center;\"><span style=\"font-size: 20px; color: #fff;\"><strong>Compl\u00e9tez votre toit Decra Classic avec nos accessoires de vie saine, con\u00e7us pour am\u00e9liorer votre cadre de vie, r\u00e9duire les co\u00fbts et s&#8217;int\u00e9grer parfaitement aux tuiles Decra.<\/strong><\/span><\/p>\n<p>[\/vc_column_text][vc_row_inner css=&#8221;.vc_custom_1612454911880{margin-right: 250px !important;margin-left: 250px !important;}&#8221;][vc_column_inner][vc_btn title=&#8221;T\u00e9l\u00e9charger la brochure Healthy Living&#8221; style=&#8221;flat&#8221; shape=&#8221;round&#8221; color=&#8221;warning&#8221; css_animation=&#8221;none&#8221; link=&#8221;url:https%3A%2F%2Fwww.decraafrica.com\/wp-content%2Fuploads%2F2018%2F07%2Fenergy-saving.pdf||target:%20_blank|rel:nofollow&#8221;][vc_btn title=&#8221;Regardez la vid\u00e9o sur une vie saine&#8221; style=&#8221;flat&#8221; shape=&#8221;round&#8221; color=&#8221;warning&#8221; css_animation=&#8221;none&#8221; custom_onclick=&#8221;true&#8221; link=&#8221;url:%23|||&#8221; custom_onclick_code=&#8221;return lepopup_popup_open(&#8216;VVoDWIWs9fyhabnW&#8217;);&#8221; css=&#8221;.vc_custom_1612448383753{margin-left: 20px !important;}&#8221;][\/vc_column_inner][\/vc_row_inner][\/vc_column][\/vc_row][vc_row][vc_column width=&#8221;1\/3&#8243;][vc_single_image image=&#8221;13354&#8243; img_size=&#8221;full&#8221;][vc_custom_heading text=&#8221;Roof Window&#8221; font_container=&#8221;tag:h2|font_size:24|text_align:left|color:%23144071&#8243; google_fonts=&#8221;font_family:Montserrat%3Aregular%2C700|font_style:700%20bold%20regular%3A700%3Anormal&#8221; css=&#8221;.vc_custom_1531146177289{margin-bottom: 20px !important;}&#8221;][vc_column_text]<span style=\"color: #000000;\">Permettant \u00e0 la lumi\u00e8re naturelle d&#8217;inonder votre maison, la fen\u00eatre de toit Decra s&#8217;ouvre en bas pour fournir une ventilation suppl\u00e9mentaire, une hauteur libre suppl\u00e9mentaire et des vues ininterrompues.<\/span><\/p>\n<p><span style=\"color: #000000;\">La fen\u00eatre est fabriqu\u00e9e en polycarbonate avec un filtre d&#8217;arcyclique. La combinaison a une durabilit\u00e9 et une r\u00e9sistance aux UV supr\u00eames, et r\u00e9siste aux chocs contre tous les types de conditions m\u00e9t\u00e9orologiques difficiles, y compris les pluies de mousson.<\/span><\/p>\n<p><span style=\"color: #000000;\">Facile \u00e0 installer, la fen\u00eatre de toit Decra est disponible dans tous les profil\u00e9s de tuiles de toit Decra authentiques pour assurer une s\u00e9curit\u00e9 climatique compl\u00e8te apr\u00e8s l&#8217;installation. Mesurant 510 x 466 mm, ces fen\u00eatres sont livr\u00e9es avec un cadre en bois enti\u00e8rement renforc\u00e9 et sont propos\u00e9es comme fen\u00eatre de secours pour une utilisation en cas d&#8217;incendie.<\/span>[\/vc_column_text][vc_btn title=&#8221;Voir les fen\u00eatres de toit&#8221; style=&#8221;outline&#8221; shape=&#8221;round&#8221; color=&#8221;black&#8221; align=&#8221;center&#8221; button_block=&#8221;true&#8221; link=&#8221;url:https%3A%2F%2Fwww.decraafrica.com%2Ffr%2Froofwindows%2F&#8221; css=&#8221;.vc_custom_1612878542390{margin-bottom: 20px !important;padding-top: 20px !important;padding-bottom: 20px !important;}&#8221;][\/vc_column][vc_column width=&#8221;2\/3&#8243;][\/vc_column][\/vc_row][vc_row content_placement=&#8221;top&#8221; css=&#8221;.vc_custom_1524752651927{padding-top: 20px !important;padding-bottom: 20px !important;}&#8221;][vc_column][vc_custom_heading text=&#8221;VOIR D&#8217;AUTRES PROFILS DE TUILE DECRA<sup>\u00ae<\/sup>&#8221; font_container=&#8221;tag:h2|font_size:32|text_align:center|color:%23144071&#8243; use_theme_fonts=&#8221;yes&#8221; css_animation=&#8221;fadeInDown&#8221; css=&#8221;.vc_custom_1612449509078{margin-bottom: 15px !important;}&#8221;][vc_row_inner css=&#8221;.vc_custom_1524756003100{margin-top: 20px !important;}&#8221;][vc_column_inner width=&#8221;1\/12&#8243; css=&#8221;.vc_custom_1524752722961{padding-right: 20px !important;padding-left: 20px !important;}&#8221;][\/vc_column_inner][vc_column_inner width=&#8221;2\/12&#8243;][vc_single_image image=&#8221;13187&#8243; img_size=&#8221;large&#8221; onclick=&#8221;custom_link&#8221; link=&#8221;https:\/\/www.decraafrica.com\/shingle\/&#8221;][vc_custom_heading text=&#8221;SHINGLE&#8221; font_container=&#8221;tag:h3|font_size:20PX|text_align:center|color:%23000000&#8243; use_theme_fonts=&#8221;yes&#8221; css_animation=&#8221;bounceInUp&#8221; css=&#8221;.vc_custom_1612454433780{padding-bottom: 10px !important;}&#8221; link=&#8221;url:https%3A%2F%2Fwww.decraafrica.com%2Ffr%2Fshingle%2F&#8221;][\/vc_column_inner][vc_column_inner width=&#8221;2\/12&#8243;][vc_single_image image=&#8221;13188&#8243; img_size=&#8221;large&#8221; onclick=&#8221;custom_link&#8221; link=&#8221;https:\/\/www.decraafrica.com\/heritage\/&#8221;][vc_custom_heading text=&#8221;HERITAGE&#8221; font_container=&#8221;tag:h3|font_size:20PX|text_align:center|color:%23000000&#8243; use_theme_fonts=&#8221;yes&#8221; css_animation=&#8221;bounceInUp&#8221; css=&#8221;.vc_custom_1612454447380{padding-bottom: 10px !important;}&#8221; link=&#8221;url:https%3A%2F%2Fwww.decraafrica.com%2Ffr%2Fheritage%2F&#8221;][\/vc_column_inner][vc_column_inner width=&#8221;2\/12&#8243;][vc_single_image image=&#8221;13189&#8243; img_size=&#8221;large&#8221; onclick=&#8221;custom_link&#8221; link=&#8221;https:\/\/www.decraafrica.com\/milano-profile\/&#8221;][vc_custom_heading text=&#8221;MILANO&#8221; font_container=&#8221;tag:h3|font_size:20PX|text_align:center|color:%23000000&#8243; use_theme_fonts=&#8221;yes&#8221; css_animation=&#8221;bounceInUp&#8221; css=&#8221;.vc_custom_1612454458140{padding-bottom: 10px !important;}&#8221; link=&#8221;url:https%3A%2F%2Fwww.decraafrica.com%2Ffr%2Fmilano-profile%2F&#8221;][\/vc_column_inner][vc_column_inner width=&#8221;2\/12&#8243;][vc_single_image image=&#8221;13190&#8243; img_size=&#8221;large&#8221; onclick=&#8221;custom_link&#8221; link=&#8221;https:\/\/www.decraafrica.com\/decra-slate\/&#8221;][vc_custom_heading text=&#8221;SLATE&#8221; font_container=&#8221;tag:h3|font_size:20PX|text_align:center|color:%23000000&#8243; use_theme_fonts=&#8221;yes&#8221; css_animation=&#8221;bounceInUp&#8221; css=&#8221;.vc_custom_1612454495030{padding-bottom: 10px !important;}&#8221; link=&#8221;url:https%3A%2F%2Fwww.decraafrica.com%2Ffr%2Fdecra-slate%2F&#8221;][\/vc_column_inner][vc_column_inner width=&#8221;2\/12&#8243;][vc_single_image image=&#8221;13191&#8243; img_size=&#8221;large&#8221; onclick=&#8221;custom_link&#8221; link=&#8221;https:\/\/www.decraafrica.com\/shake\/&#8221;][vc_custom_heading text=&#8221;SHAKE&#8221; font_container=&#8221;tag:h3|font_size:20PX|text_align:center|color:%23000000&#8243; use_theme_fonts=&#8221;yes&#8221; css_animation=&#8221;bounceInUp&#8221; css=&#8221;.vc_custom_1612454505559{padding-bottom: 10px !important;}&#8221; link=&#8221;url:https%3A%2F%2Fwww.decraafrica.com%2Ffr%2Fshake%2F&#8221;][\/vc_column_inner][vc_column_inner width=&#8221;1\/12&#8243;][\/vc_column_inner][\/vc_row_inner][\/vc_column][\/vc_row][vc_row full_width=&#8221;stretch_row&#8221; css=&#8221;.vc_custom_1532943974139{margin-top: 0px !important;margin-bottom: 0px !important;padding-top: 40px !important;padding-bottom: 40px !important;background-color: #ffd500 !important;}&#8221;][vc_column width=&#8221;1\/3&#8243;][vc_single_image image=&#8221;12883&#8243; img_size=&#8221;large&#8221; alignment=&#8221;center&#8221;][\/vc_column][vc_column width=&#8221;2\/3&#8243;][vc_custom_heading text=&#8221;PROCHAINES \u00c9TAPES&#8221; font_container=&#8221;tag:h2|font_size:32|text_align:left|color:%23104471&#8243; use_theme_fonts=&#8221;yes&#8221; el_class=&#8221;heading-title&#8221; css=&#8221;.vc_custom_1612271760467{margin-top: 0px !important;border-top-width: 0px !important;border-bottom-width: 0px !important;padding-top: 0px !important;padding-bottom: 0px !important;}&#8221;][vc_column_text css=&#8221;.vc_custom_1612271775918{margin-top: 0px !important;margin-bottom: 0px !important;padding-top: 0px !important;padding-bottom: 0px !important;}&#8221;]<span style=\"font-size: 22px; color: #144071; font-weight: 500;\"><strong>Nous sommes l\u00e0 pour vous guider au long du processus de s\u00e9lection du toit qui vous convient.<\/strong><\/span>[\/vc_column_text][vc_column_text css=&#8221;.vc_custom_1612271795242{margin-top: 15px !important;margin-bottom: 15px !important;padding-top: 0px !important;padding-bottom: 0px !important;}&#8221;]<span style=\"font-size: 14px; color: #000;\">Nos distributeurs sont des professionnels qui sauront \u00e9couter vos exigences, vous faire des recommandations et calculer vos besoins en toiture, Pour votre toiture de r\u00eave, prenez rendez-vous le jour et \u00e0 l&#8217;heure qui vous conviennent &#8230;.. <\/span>[\/vc_column_text][vc_btn title=&#8221;Prenez contact avec nous&#8221; style=&#8221;flat&#8221; shape=&#8221;round&#8221; color=&#8221;primary&#8221; link=&#8221;url:https%3A%2F%2Fwww.decraafrica.com%2Ffr%2Fcontact%2F&#8221;][\/vc_column][\/vc_row]<\/p>\n<\/div>","protected":false},"excerpt":{"rendered":"<p>[vc_row css=&#8221;.vc_custom_1612878701829{margin-top: 50px !important;padding-top: 0px !important;padding-bottom: 0px !important;}&#8221;][vc_column][vc_custom_heading text=&#8221;ACCESSOIRES POUR GAINS \u00c9NERG\u00c9TIQUES ET \u00c9CONOMIQUES&#8221; font_container=&#8221;tag:h2|font_size:36|text_align:center|color:%23104471&#8243; use_theme_fonts=&#8221;yes&#8221; el_class=&#8221;heading-title&#8221; css=&#8221;.vc_custom_1612878680775{margin-top: 20px !important;border-top-width: 0px !important;padding-top: 0px !important;padding-bottom: 0px !important;}&#8221;][\/vc_column][\/vc_row][vc_row css=&#8221;.vc_custom_1612878692191{margin-top: 20px !important;}&#8221;][vc_column width=&#8221;1\/3&#8243;][vc_single_image image=&#8221;13355&#8243; img_size=&#8221;full&#8221;][vc_custom_heading text=&#8221;Decra\u00ae Foil&#8221; font_container=&#8221;tag:h2|font_size:24|text_align:left|color:%23144071&#8243; use_theme_fonts=&#8221;yes&#8221; css=&#8221;.vc_custom_1531146154164{margin-bottom: 20px !important;}&#8221;][vc_column_text]De la m\u00eame mani\u00e8re qu&#8217;un miroir r\u00e9fl\u00e9chit la lumi\u00e8re, Decra Foil r\u00e9fl\u00e9chit 95% de la chaleur et [&hellip;]<\/p>\n","protected":false},"author":1,"featured_media":0,"parent":0,"menu_order":0,"comment_status":"closed","ping_status":"closed","template":"","meta":{"content-type":"","footnotes":""},"class_list":["post-9826","page","type-page","status-publish","hentry"],"_links":{"self":[{"href":"https:\/\/www.decraafrica.com\/fr\/wp-json\/wp\/v2\/pages\/9826","targetHints":{"allow":["GET"]}}],"collection":[{"href":"https:\/\/www.decraafrica.com\/fr\/wp-json\/wp\/v2\/pages"}],"about":[{"href":"https:\/\/www.decraafrica.com\/fr\/wp-json\/wp\/v2\/types\/page"}],"author":[{"embeddable":true,"href":"https:\/\/www.decraafrica.com\/fr\/wp-json\/wp\/v2\/users\/1"}],"replies":[{"embeddable":true,"href":"https:\/\/www.decraafrica.com\/fr\/wp-json\/wp\/v2\/comments?post=9826"}],"version-history":[{"count":3,"href":"https:\/\/www.decraafrica.com\/fr\/wp-json\/wp\/v2\/pages\/9826\/revisions"}],"predecessor-version":[{"id":13385,"href":"https:\/\/www.decraafrica.com\/fr\/wp-json\/wp\/v2\/pages\/9826\/revisions\/13385"}],"wp:attachment":[{"href":"https:\/\/www.decraafrica.com\/fr\/wp-json\/wp\/v2\/media?parent=9826"}],"curies":[{"name":"wp","href":"https:\/\/api.w.org\/{rel}","templated":true}]}}