{"id":15,"date":"2015-08-03T09:00:56","date_gmt":"2015-08-03T06:00:56","guid":{"rendered":"http:\/\/renovation.thememove.com\/demo\/?page_id=15"},"modified":"2021-04-29T15:25:20","modified_gmt":"2021-04-29T14:25:20","slug":"decra-home","status":"publish","type":"page","link":"https:\/\/www.decraafrica.com\/pt\/","title":{"rendered":"Decra Roofing Systems"},"content":{"rendered":"<div class=\"wpb-content-wrapper\"><p>[vc_row full_width=&#8221;stretch_row_content_no_spaces&#8221; css=&#8221;.vc_custom_1532944792109{margin-top: 0px !important;margin-bottom: 0px !important;padding-top: 0px !important;padding-bottom: 0px !important;}&#8221;][vc_column][vc_column_text]<div class=\"avt_masterslider_el \" >\n\t\t<!-- MasterSlider -->\n\t\t<div id=\"P_MS608be3aa13680\" class=\"master-slider-parent ms-parent-id-17\"  >\n\n\t\t\t\n\t\t\t<!-- MasterSlider Main -->\n\t\t\t<div id=\"MS608be3aa13680\" class=\"master-slider ms-skin-default\" >\n\t\t\t\t \t\t\t\t \n\n\t\t\t<div  class=\"ms-slide\" data-delay=\"8\" data-fill-mode=\"fill\"   >\n\t\t\t\t\t<img decoding=\"async\" src=\"https:\/\/www.decraafrica.com\/pt\/wp-content\/plugins\/masterslider\/public\/assets\/css\/blank.gif\" alt=\"\" title=\"\" data-src=\"https:\/\/www.decraafrica.com\/pt\/wp-content\/uploads\/sites\/8\/2020\/02\/Gradient-Background.png\">\n\t<a href=\"https:\/\/www.decraafrica.com\/\"     ><\/a>\n\n\t\t\t\t\t<img decoding=\"async\" class=\"ms-layer\" src=\"https:\/\/www.decraafrica.com\/pt\/wp-content\/plugins\/masterslider\/public\/assets\/css\/blank.gif\" data-src=\"http:\/\/www.decraafrica.com\/wp-content\/uploads\/2020\/02\/gold-decra-min.png\" alt=\"\" style=\"width:200px;\" data-effect=\"t(true,n,n,-1500,n,n,n,n,n,n,n,n,n,n,n)\" data-duration=\"937\" data-ease=\"easeOutQuint\" data-type=\"image\" data-offset-x=\"475\" data-offset-y=\"49\" data-origin=\"tl\">\n\n\t\t\t\t\t<img decoding=\"async\" class=\"ms-layer\" src=\"https:\/\/www.decraafrica.com\/pt\/wp-content\/plugins\/masterslider\/public\/assets\/css\/blank.gif\" data-src=\"https:\/\/www.decraafrica.com\/pt\/wp-content\/uploads\/sites\/8\/2021\/04\/sem-comparacao.png\" alt=\"\" style=\"\" data-effect=\"t(true,n,n,-1500,n,n,n,n,n,n,n,n,n,n,n)\" data-duration=\"937\" data-delay=\"75\" data-ease=\"easeOutQuint\" data-type=\"image\" data-offset-x=\"350\" data-offset-y=\"153\" data-origin=\"tl\">\n\n\n\t\t\t\t<\/div>\n\n\t\t\t<\/div>\n\t\t\t<!-- END MasterSlider Main -->\n\n\t\t\t \n\t\t<\/div>\n\t\t<!-- END MasterSlider -->\n\n\t\t<script>\n\t\t( window.MSReady = window.MSReady || [] ).push( function( $ ) {\n\n\t\t\t\"use strict\";\n\t\t\tvar masterslider_3680 = new MasterSlider();\n\n\t\t\t\/\/ slider controls\n\t\t\t\/\/ slider setup\n\t\t\tmasterslider_3680.setup(\"MS608be3aa13680\", {\n\t\t\t\twidth           : 1140,\n\t\t\t\theight          : 315,\n\t\t\t\tminHeight       : 315,\n\t\t\t\tspace           : 0,\n\t\t\t\tstart           : 1,\n\t\t\t\tgrabCursor      : true,\n\t\t\t\tswipe           : true,\n\t\t\t\tmouse           : true,\n\t\t\t\tkeyboard        : true,\n\t\t\t\tlayout          : \"fillwidth\",\n\t\t\t\twheel           : false,\n\t\t\t\tautoplay        : true,\n                instantStartLayers:false,\n\t\t\t\tmobileBGVideo:false,\n\t\t\t\tloop            : true,\n\t\t\t\tshuffle         : false,\n\t\t\t\tpreload         : 0,\n\t\t\t\theightLimit     : true,\n\t\t\t\tautoHeight      : false,\n\t\t\t\tsmoothHeight    : true,\n\t\t\t\tendPause        : false,\n\t\t\t\toverPause       : true,\n\t\t\t\tfillMode        : \"fill\",\n\t\t\t\tcenterControls  : false,\n\t\t\t\tstartOnAppear   : false,\n\t\t\t\tlayersMode      : \"center\",\n\t\t\t\tautofillTarget  : \"\",\n\t\t\t\thideLayers      : false,\n\t\t\t\tfullscreenMargin: 0,\n\t\t\t\tspeed           : 20,\n\t\t\t\tdir             : \"h\",\n\t\t\t\tresponsive      : true,\n\t\t\t\ttabletWidth     : 768,\n\t\t\t\ttabletHeight    : null,\n\t\t\t\tphoneWidth      : 480,\n\t\t\t\tphoneHeight    : null,\n\t\t\t\tsizingReference : window,\n\t\t\t\tparallaxMode    : 'swipe',\n\t\t\t\tview            : \"basic\"\n\t\t\t});\n\n\t\t\t\n\t\t\twindow.masterslider_instances = window.masterslider_instances || [];\n\t\t\twindow.masterslider_instances.push( masterslider_3680 );\n\t\t});\n\t\t<\/script>\n\n<\/div>[\/vc_column_text][\/vc_column][\/vc_row][vc_row css=&#8221;.vc_custom_1614607614784{margin-top: 36px !important;padding-top: 0px !important;padding-bottom: 0px !important;}&#8221;][vc_column][vc_custom_heading text=&#8221;CONFIE MAIS DO QUE QUALQUER OUTRA MARCA DE TELHADO NA \u00c1FRICA&#8221; font_container=&#8221;tag:h1|font_size:30|text_align:center|color:%23972411&#8243; use_theme_fonts=&#8221;yes&#8221; el_class=&#8221;heading-title&#8221; css=&#8221;.vc_custom_1614607572199{margin-top: 0px !important;margin-bottom: 0px !important;border-top-width: 0px !important;padding-top: 0px !important;padding-bottom: 0px !important;}&#8221;][vc_custom_heading text=&#8221;Mais de 25 milh\u00f5es de metros quadrados de Decra <sup>\u00ae<\/sup> mantendo as fam\u00edlias africanas seguras&#8221; font_container=&#8221;tag:div|font_size:24|text_align:center|color:%23000000&#8243; use_theme_fonts=&#8221;yes&#8221; css_animation=&#8221;fadeInUp&#8221; el_class=&#8221;heading-title&#8221; css=&#8221;.vc_custom_1614607598651{margin-top: 0px !important;margin-bottom: 0px !important;padding-top: 0px !important;padding-bottom: 0px !important;}&#8221;][\/vc_column][\/vc_row][vc_row css=&#8221;.vc_custom_1543240575602{margin-top: 0px !important;margin-bottom: 25px !important;padding-top: 0px !important;padding-bottom: 0px !important;}&#8221;][vc_column][vc_custom_heading text=&#8221;NOSSAS TELHAS&#8221; font_container=&#8221;tag:h2|font_size:36|text_align:center|color:%23104471&#8243; use_theme_fonts=&#8221;yes&#8221; el_class=&#8221;heading-title&#8221; css=&#8221;.vc_custom_1614599694446{margin-top: 0px !important;border-top-width: 0px !important;padding-top: 0px !important;padding-bottom: 0px !important;}&#8221;][\/vc_column][\/vc_row][vc_row gap=&#8221;10&#8243; css=&#8221;.vc_custom_1532945117440{margin-bottom: 15px !important;padding-top: 0px !important;}&#8221; el_class=&#8221;our-services&#8221;][vc_column width=&#8221;1\/3&#8243;][vc_column_text]<\/p>\n<div class=\"box\">\n<p><a class=\"profiles\" href=\"https:\/\/www.decraafrica.com\/pt\/classic\/\"><img decoding=\"async\" src=\"https:\/\/www.decraafrica.com\/pt\/\/wp-content\/uploads\/sites\/8\/2017\/11\/classic.png\" alt=\"Decra Classic Tile\" \/><\/a><br \/>\n<img decoding=\"async\" id=\"middle\" class=\"imgB1\" style=\"width: 60px; height: auto;\" src=\"https:\/\/www.decraafrica.com\/pt\/\/wp-content\/uploads\/sites\/8\/2017\/11\/decrabox.jpg\" alt=\"\"><\/p>\n<div class=\"top-right\"><a class=\"profiles\" href=\"https:\/\/www.decraafrica.com\/pt\/classic\/\"><i class=\"fa fa-caret-right\" aria-hidden=\"true\"><\/i>\u00a0Ver perfil<\/a><\/div>\n<div class=\"bottom-right\" style=\"text-align: left;\"><a class=\"profiles\" href=\"https:\/\/www.decraafrica.com\/pt\/classic-gallery\/\"><i class=\"fa fa-caret-right\" aria-hidden=\"true\"><\/i>\u00a0Veja a galeria<\/a><\/div>\n<div class=\"top-left\"><strong><span style=\"font-size: 24px;\">CLASSIC<\/span><\/strong><\/div>\n<\/div>\n<p>[\/vc_column_text][\/vc_column][vc_column width=&#8221;1\/3&#8243;][vc_column_text]<\/p>\n<div class=\"box\">\n<p><a class=\"profiles\" href=\"https:\/\/www.decraafrica.com\/pt\/milano-profile\/\"><img loading=\"lazy\" decoding=\"async\" class=\"alignnone wp-image-2331 size-full\" src=\"https:\/\/www.decraafrica.com\/pt\/\/wp-content\/uploads\/sites\/8\/2017\/11\/milano.png\" alt=\"Decra Milano Tile\" width=\"400\" height=\"235\" \/><\/a><br \/>\n<img decoding=\"async\" id=\"middle\" class=\"imgB1\" style=\"width: 60px; height: auto;\" src=\"https:\/\/www.decraafrica.com\/pt\/wp-content\/uploads\/sites\/8\/2017\/11\/decrabox.jpg\" alt=\"\"><\/p>\n<div class=\"top-right\"><a class=\"profiles\" href=\"https:\/\/www.decraafrica.com\/pt\/milano-profile\"><i class=\"fa fa-caret-right\" aria-hidden=\"true\"><\/i> Ver perfil<\/a><\/div>\n<div class=\"bottom-right\" style=\"text-align: left;\"><a class=\"profiles\" href=\"https:\/\/www.decraafrica.com\/pt\/milano-gallery\/\"><i class=\"fa fa-caret-right\" aria-hidden=\"true\"><\/i> Veja a galeria<\/a><\/div>\n<div class=\"top-left\"><strong><span style=\"font-size: 24px;\">MILANO<\/span><\/strong><\/div>\n<\/div>\n<p>[\/vc_column_text][\/vc_column][vc_column width=&#8221;1\/3&#8243;][vc_column_text]<\/p>\n<div class=\"box\">\n<p><a class=\"profiles\" href=\"https:\/\/www.decraafrica.com\/pt\/shingle-profile\/\"><img decoding=\"async\" class=\"alignnone wp-image-2331 size-full\" src=\"https:\/\/www.decraafrica.com\/pt\/wp-content\/uploads\/sites\/8\/2017\/11\/shingle.png\" alt=\"Decra Shingle Tile\" \/><\/a><br \/>\n<img decoding=\"async\" id=\"middle\" class=\"imgB1\" style=\"width: 60px; height: auto;\" src=\"https:\/\/www.decraafrica.com\/pt\/\/wp-content\/uploads\/sites\/8\/2017\/11\/decrabox.jpg\" alt=\"\"><\/p>\n<div class=\"top-right\"><a class=\"profiles\" href=\"https:\/\/www.decraafrica.com\/pt\/shingle-profile\/\"><i class=\"fa fa-caret-right\" aria-hidden=\"true\"><\/i> Ver perfil<\/a><\/div>\n<div class=\"bottom-right\" style=\"text-align: left;\"><a class=\"profiles\" href=\"https:\/\/www.decraafrica.com\/pt\/shingle-gallery\/\"><i class=\"fa fa-caret-right\" aria-hidden=\"true\"><\/i> Veja a galeria<\/a><\/div>\n<div class=\"top-left\"><strong><span style=\"font-size: 24px;\">SHINGLE<\/span><\/strong><\/div>\n<\/div>\n<p>[\/vc_column_text][\/vc_column][\/vc_row][vc_row el_class=&#8221;our-services&#8221; css=&#8221;.vc_custom_1510242621988{margin-bottom: 0px !important;padding-top: 10px !important;padding-bottom: 30px !important;}&#8221;][vc_column width=&#8221;1\/3&#8243;][vc_column_text]<\/p>\n<div class=\"box\">\n<p><a class=\"profiles\" href=\"https:\/\/www.decraafrica.com\/pt\/decra-slate\/\"><img decoding=\"async\" class=\"alignnone wp-image-2330 size-full\" src=\"https:\/\/www.decraafrica.com\/pt\/\/wp-content\/uploads\/sites\/8\/2017\/11\/slate.jpg\" alt=\"Decra Slate Tile\" \/><\/a><br \/>\n<img decoding=\"async\" id=\"middle\" class=\"imgB1\" style=\"width: 60px; height: auto;\" src=\"https:\/\/www.decraafrica.com\/pt\/\/wp-content\/uploads\/sites\/8\/2017\/11\/decrabox.jpg\" alt=\"\"><\/p>\n<div class=\"top-right\"><a class=\"profiles\" href=\"https:\/\/www.decraafrica.com\/pt\/decra-slate\/\"><i class=\"fa fa-caret-right\" aria-hidden=\"true\"><\/i>\u00a0Ver perfil<\/a><\/div>\n<div class=\"bottom-right\" style=\"text-align: left;\"><a class=\"profiles\" href=\"https:\/\/www.decraafrica.com\/pt\/slate-gallery\/\"><i class=\"fa fa-caret-right\" aria-hidden=\"true\"><\/i>\u00a0Veja a galeria<\/a><\/div>\n<div class=\"top-left\"><strong><span style=\"font-size: 24px;\">SLATE<\/span><\/strong><\/div>\n<\/div>\n<p>[\/vc_column_text][\/vc_column][vc_column width=&#8221;1\/3&#8243;][vc_column_text]<\/p>\n<div class=\"box\">\n<p><a class=\"profiles\" href=\"https:\/\/www.decraafrica.com\/pt\/heritage\"><img decoding=\"async\" class=\"alignnone wp-image-2331 size-full\" src=\"https:\/\/www.decraafrica.com\/pt\/wp-content\/uploads\/sites\/8\/2017\/11\/heritage.png\" alt=\"Decra heritage tile\" \/><\/a><br \/>\n<img decoding=\"async\" id=\"middle\" class=\"imgB1\" style=\"width: 60px; height: auto;\" src=\"https:\/\/www.decraafrica.com\/pt\/\/wp-content\/uploads\/sites\/8\/2017\/11\/decrabox.jpg\" alt=\"\"><\/p>\n<div class=\"top-right\"><a class=\"profiles\" href=\"https:\/\/www.decraafrica.com\/pt\/heritage\/\"><i class=\"fa fa-caret-right\" aria-hidden=\"true\"><\/i>\u00a0Ver perfil<\/a><\/div>\n<div class=\"bottom-right\" style=\"text-align: left;\"><a class=\"profiles\" href=\"https:\/\/www.decraafrica.com\/pt\/heritage-gallery\/\"><i class=\"fa fa-caret-right\" aria-hidden=\"true\"><\/i>\u00a0Veja a galeria<\/a><\/div>\n<div class=\"top-left\"><strong><span style=\"font-size: 24px;\">HERITAGE<\/span><\/strong><\/div>\n<\/div>\n<p>[\/vc_column_text][\/vc_column][vc_column width=&#8221;1\/3&#8243;][vc_column_text]<\/p>\n<div class=\"box\">\n<p><a class=\"profiles\" href=\"https:\/\/www.decraafrica.com\/pt\/shake-profile\/\"><img decoding=\"async\" class=\"alignnone wp-image-5378 size-full\" src=\"https:\/\/www.decraafrica.com\/pt\/\/wp-content\/uploads\/sites\/8\/2017\/11\/shake.png\" alt=\"Decra Shake Tile\" \/><\/a><br \/>\n<img decoding=\"async\" id=\"middle\" class=\"imgB1\" style=\"width: 60px; height: auto;\" src=\"https:\/\/www.decraafrica.com\/pt\/\/wp-content\/uploads\/sites\/8\/2017\/11\/decrabox.jpg\" alt=\"\"><\/p>\n<div class=\"top-right\"><a class=\"profiles\" href=\"https:\/\/www.decraafrica.com\/pt\/shake-profile\/\"><i class=\"fa fa-caret-right\" aria-hidden=\"true\"><\/i>\u00a0Ver perfil<\/a><\/div>\n<div class=\"bottom-right\" style=\"text-align: left;\"><a class=\"profiles\" href=\"https:\/\/www.decraafrica.com\/pt\/shake-gallery\/\"><i class=\"fa fa-caret-right\" aria-hidden=\"true\"><\/i>\u00a0Veja a galeria<\/a><\/div>\n<div class=\"top-left\"><strong><span style=\"font-size: 24px;\">SHAKE<\/span><\/strong><\/div>\n<\/div>\n<p>[\/vc_column_text][\/vc_column][\/vc_row][vc_row css=&#8221;.vc_custom_1510242430664{margin-top: 0px !important;padding-top: 0px !important;padding-bottom: 0px !important;}&#8221;][vc_column][vc_custom_heading text=&#8221;EXPLORE AS DECRA <sup>\u00ae<\/sup> TELHAS&#8221; font_container=&#8221;tag:h1|font_size:40|text_align:center|color:%23104471&#8243; use_theme_fonts=&#8221;yes&#8221; el_class=&#8221;heading-title&#8221; css=&#8221;.vc_custom_1619706270458{margin-top: 0px !important;border-top-width: 0px !important;border-bottom-width: 0px !important;padding-top: 0px !important;padding-bottom: 0px !important;}&#8221;][\/vc_column][\/vc_row][vc_row parallax=&#8221;content-moving&#8221; css=&#8221;.vc_custom_1510850180614{margin-top: 0px !important;border-top-width: 1px !important;border-right-width: 1px !important;border-bottom-width: 1px !important;border-left-width: 1px !important;padding-right: 10px !important;padding-left: 10px !important;}&#8221;][vc_column width=&#8221;1\/4&#8243; css=&#8221;.vc_custom_1510848685064{padding-right: 10px !important;padding-left: 10px !important;}&#8221;][vc_single_image image=&#8221;6179&#8243; img_size=&#8221;full&#8221; css=&#8221;.vc_custom_1530696597666{margin-bottom: 0px !important;border-top-width: 1px !important;border-right-width: 1px !important;border-bottom-width: 1px !important;border-left-width: 1px !important;border-left-color: #e8e8e8 !important;border-left-style: solid !important;border-right-color: #e8e8e8 !important;border-right-style: solid !important;border-top-color: #e8e8e8 !important;border-top-style: solid !important;border-bottom-color: #e8e8e8 !important;border-bottom-style: solid !important;border-radius: 1px !important;}&#8221;][vc_custom_heading text=&#8221;HIST\u00d3RIA E PATRIM\u00d4NIO&#8221; font_container=&#8221;tag:h2|font_size:18PX|text_align:center|color:%23144071&#8243; use_theme_fonts=&#8221;yes&#8221; css=&#8221;.vc_custom_1614602384283{margin-top: 15px !important;margin-bottom: 15px !important;}&#8221;][vc_column_text]<\/p>\n<p style=\"text-align: center;\"><span style=\"color: #000; font-size: 14px;\">Descubra como o telhas Decra\u00ae foi inventado e como lideramos o mundo por mais de 60 anos.<\/span><\/p>\n<p>[\/vc_column_text][vc_empty_space height=&#8221;25px&#8221;][vc_btn title=&#8221;ASSISTA AGORA&#8221; style=&#8221;classic&#8221; shape=&#8221;round&#8221; color=&#8221;black&#8221; size=&#8221;sm&#8221; align=&#8221;center&#8221; css_animation=&#8221;none&#8221; button_block=&#8221;true&#8221; custom_onclick=&#8221;true&#8221; link=&#8221;url:%23|||&#8221; custom_onclick_code=&#8221;return lepopup_popup_open(&#8216;5RAiWGb3BvNtyGq6&#8217;);&#8221;][\/vc_column][vc_column width=&#8221;1\/4&#8243; css=&#8221;.vc_custom_1510848693781{padding-right: 10px !important;padding-left: 10px !important;}&#8221;][vc_single_image image=&#8221;6178&#8243; img_size=&#8221;full&#8221; css=&#8221;.vc_custom_1530696683128{margin-bottom: 0px !important;border-top-width: 1px !important;border-right-width: 1px !important;border-bottom-width: 1px !important;border-left-width: 1px !important;border-left-color: #dddddd !important;border-left-style: solid !important;border-right-color: #dddddd !important;border-right-style: solid !important;border-top-color: #dddddd !important;border-top-style: solid !important;border-bottom-color: #dddddd !important;border-bottom-style: solid !important;border-radius: 1px !important;}&#8221;][vc_custom_heading text=&#8221;DECRA TILES GENU\u00cdNOS&#8221; font_container=&#8221;tag:h2|font_size:18PX|text_align:center|color:%23144071&#8243; use_theme_fonts=&#8221;yes&#8221; css=&#8221;.vc_custom_1614610243494{margin-top: 15px !important;margin-bottom: 15px !important;}&#8221;][vc_column_text]<\/p>\n<p style=\"text-align: center;\"><span style=\"color: #000; font-size: 14px;\">Cuidado com os ladrilhos Decra falsos, eles n\u00e3o ter\u00e3o um desempenho de acordo com os nossos elevados padr\u00f5es.\u00a0<\/span><\/p>\n<p>[\/vc_column_text][vc_btn title=&#8221;DESCUBRA MAIS&#8221; style=&#8221;classic&#8221; shape=&#8221;round&#8221; color=&#8221;black&#8221; size=&#8221;sm&#8221; align=&#8221;center&#8221; css_animation=&#8221;none&#8221; button_block=&#8221;true&#8221; link=&#8221;url:https%3A%2F%2Fwww.decraafrica.com\/pt\/genuine-decra%2F|||&#8221;][\/vc_column][vc_column width=&#8221;1\/4&#8243; css=&#8221;.vc_custom_1510850157951{padding-right: 10px !important;padding-left: 10px !important;}&#8221;][vc_single_image image=&#8221;6177&#8243; img_size=&#8221;full&#8221; css=&#8221;.vc_custom_1530696647689{margin-bottom: 0px !important;}&#8221;][vc_custom_heading text=&#8221;ATUA\u00c7\u00c3O&#8221; font_container=&#8221;tag:h2|font_size:18PX|text_align:center|color:%23144071&#8243; use_theme_fonts=&#8221;yes&#8221; css=&#8221;.vc_custom_1614602422519{margin-top: 15px !important;margin-bottom: 15px !important;}&#8221;][vc_column_text]<\/p>\n<p style=\"text-align: center;\"><span style=\"color: #000; font-size: 14px;\">Seja vento, chuva ou fogo, as telhas Decra\u00ae s\u00e3o l\u00edderes mundiais em desempenho e tamb\u00e9m v\u00eam com garantia de 50 anos.<\/span><\/p>\n<p>[\/vc_column_text][vc_btn title=&#8221;VERIFICAR DESEMPENHO&#8221; style=&#8221;classic&#8221; shape=&#8221;round&#8221; color=&#8221;black&#8221; size=&#8221;sm&#8221; align=&#8221;center&#8221; css_animation=&#8221;none&#8221; button_block=&#8221;true&#8221; link=&#8221;url:https%3A%2F%2Fwww.decraafrica.com\/pt\/performance%2F|||&#8221;][\/vc_column][vc_column width=&#8221;1\/4&#8243; css=&#8221;.vc_custom_1510850202928{padding-right: 10px !important;padding-left: 10px !important;}&#8221;][vc_single_image image=&#8221;6176&#8243; img_size=&#8221;full&#8221; css=&#8221;.vc_custom_1530696661004{margin-bottom: 0px !important;}&#8221;][vc_custom_heading text=&#8221;A TELHA DECRA <sup>\u00ae<\/sup>&#8221; font_container=&#8221;tag:h2|font_size:18PX|text_align:center|color:%23144071&#8243; use_theme_fonts=&#8221;yes&#8221; css=&#8221;.vc_custom_1614602445021{margin-top: 15px !important;margin-bottom: 15px !important;}&#8221;][vc_column_text]<\/p>\n<p style=\"text-align: center;\"><span style=\"color: #000; font-size: 14px;\">Descubra como uma telha Decra\u00ae \u00e9 feita e por que nossas telhas superam todas as outras telhas de metal.<\/span><\/p>\n<p>[\/vc_column_text][vc_empty_space height=&#8221;25px&#8221;][vc_btn title=&#8221;PORQUE DECRA <sup>\u00ae<\/sup> \u00c9 O MELHOR?&#8221; style=&#8221;classic&#8221; shape=&#8221;round&#8221; color=&#8221;black&#8221; size=&#8221;sm&#8221; align=&#8221;center&#8221; css_animation=&#8221;none&#8221; button_block=&#8221;true&#8221; link=&#8221;url:https%3A%2F%2Fwww.decraafrica.com\/pt%2Froof-explained%2F|||&#8221;][\/vc_column][\/vc_row][vc_row full_width=&#8221;stretch_row&#8221; disable_element=&#8221;yes&#8221; css=&#8221;.vc_custom_1532943558335{background-color: #fcc11d !important;}&#8221;][vc_column][vc_column_text css_animation=&#8221;flipInX&#8221; css=&#8221;.vc_custom_1510850332905{padding-top: 25px !important;padding-bottom: 25px !important;}&#8221;]<\/p>\n<p style=\"text-align: center; color: #144071; font-size: 25px;\">Download our APP now to check <strong>#GenuineDecra<\/strong><\/p>\n<p>[\/vc_column_text][\/vc_column][\/vc_row][vc_row full_width=&#8221;stretch_row&#8221; css=&#8221;.vc_custom_1537360374777{margin-top: 40px !important;margin-bottom: 0px !important;padding-top: 20px !important;padding-bottom: 20px !important;background-color: #144071 !important;}&#8221;][vc_column width=&#8221;1\/6&#8243;][\/vc_column][vc_column width=&#8221;1\/3&#8243;][vc_btn title=&#8221;Download Brochura&#8221; style=&#8221;flat&#8221; shape=&#8221;round&#8221; color=&#8221;warning&#8221; align=&#8221;center&#8221; i_icon_fontawesome=&#8221;fas fa-cloud-download-alt&#8221; button_block=&#8221;true&#8221; add_icon=&#8221;true&#8221; css=&#8221;.vc_custom_1619706317272{margin-left: 20px !important;}&#8221; link=&#8221;url:https%3A%2F%2Fwww.decraafrica.com\/pt%2Fwp-content%2Fuploads%2F2018%2F11%2Fdecra_brochures.pdf||target:%20_blank|&#8221;][\/vc_column][vc_column width=&#8221;1\/3&#8243;][vc_btn title=&#8221;Descubra 50 anos de garantia&#8221; style=&#8221;flat&#8221; shape=&#8221;round&#8221; color=&#8221;warning&#8221; align=&#8221;center&#8221; i_icon_fontawesome=&#8221;fas fa-book&#8221; button_block=&#8221;true&#8221; add_icon=&#8221;true&#8221; link=&#8221;url:https%3A%2F%2Fwww.decraafrica.com\/pt\/decra-warranty%2F|||&#8221;][\/vc_column][vc_column width=&#8221;1\/6&#8243;][\/vc_column][\/vc_row][vc_row full_width=&#8221;stretch_row&#8221; css=&#8221;.vc_custom_1532943974139{margin-top: 0px !important;margin-bottom: 0px !important;padding-top: 40px !important;padding-bottom: 40px !important;background-color: #ffd500 !important;}&#8221;][vc_column width=&#8221;1\/3&#8243;][vc_single_image image=&#8221;12356&#8243; img_size=&#8221;large&#8221; alignment=&#8221;center&#8221;][\/vc_column][vc_column width=&#8221;2\/3&#8243;][vc_custom_heading text=&#8221;PR\u00d3XIMOS PASSOS&#8221; font_container=&#8221;tag:h2|font_size:32|text_align:left|color:%23104471&#8243; use_theme_fonts=&#8221;yes&#8221; el_class=&#8221;heading-title&#8221; css=&#8221;.vc_custom_1614599192416{margin-top: 0px !important;border-top-width: 0px !important;border-bottom-width: 0px !important;padding-top: 0px !important;padding-bottom: 0px !important;}&#8221;][vc_column_text css=&#8221;.vc_custom_1614599204278{margin-top: 0px !important;margin-bottom: 0px !important;padding-top: 0px !important;padding-bottom: 0px !important;}&#8221;]<span style=\"font-size: 22px; color: #144071; font-weight: 500;\"><strong>Estamos aqui para orient\u00e1-lo no processo de sele\u00e7\u00e3o do telhado certo para voc\u00ea.<\/strong><\/span>[\/vc_column_text][vc_column_text css=&#8221;.vc_custom_1614599219354{margin-top: 15px !important;margin-bottom: 15px !important;padding-top: 0px !important;padding-bottom: 0px !important;}&#8221;]<span style=\"font-size: 14px; color: #000;\">Os nossos distribuidores s\u00e3o profissionais que ir\u00e3o ouvir as suas necessidades, fazer recomenda\u00e7\u00f5es e calcular as suas necessidades de cobertura. Para o telhado dos seus sonhos, marque uma reuni\u00e3o no dia e na hora que mais lhe convier &#8230;.. <\/span>[\/vc_column_text][vc_btn title=&#8221;Marque uma reuni\u00e3o agora&#8221; style=&#8221;flat&#8221; shape=&#8221;round&#8221; color=&#8221;primary&#8221; link=&#8221;url:https%3A%2F%2Fwww.decraafrica.com\/pt\/contact%2F|||&#8221;][\/vc_column][\/vc_row]<\/p>\n<\/div>","protected":false},"excerpt":{"rendered":"<p>[vc_row full_width=&#8221;stretch_row_content_no_spaces&#8221; css=&#8221;.vc_custom_1532944792109{margin-top: 0px !important;margin-bottom: 0px !important;padding-top: 0px !important;padding-bottom: 0px !important;}&#8221;][vc_column][vc_column_text][\/vc_column_text][\/vc_column][\/vc_row][vc_row css=&#8221;.vc_custom_1614607614784{margin-top: 36px !important;padding-top: 0px !important;padding-bottom: 0px !important;}&#8221;][vc_column][vc_custom_heading text=&#8221;CONFIE MAIS DO QUE QUALQUER OUTRA MARCA DE TELHADO NA \u00c1FRICA&#8221; font_container=&#8221;tag:h1|font_size:30|text_align:center|color:%23972411&#8243; use_theme_fonts=&#8221;yes&#8221; el_class=&#8221;heading-title&#8221; css=&#8221;.vc_custom_1614607572199{margin-top: 0px !important;margin-bottom: 0px !important;border-top-width: 0px !important;padding-top: 0px !important;padding-bottom: 0px !important;}&#8221;][vc_custom_heading text=&#8221;Mais de 25 milh\u00f5es de metros quadrados de Decra \u00ae mantendo as [&hellip;]<\/p>\n","protected":false},"author":1,"featured_media":0,"parent":0,"menu_order":0,"comment_status":"closed","ping_status":"closed","template":"","meta":{"content-type":"","footnotes":""},"class_list":["post-15","page","type-page","status-publish","hentry"],"_links":{"self":[{"href":"https:\/\/www.decraafrica.com\/pt\/wp-json\/wp\/v2\/pages\/15","targetHints":{"allow":["GET"]}}],"collection":[{"href":"https:\/\/www.decraafrica.com\/pt\/wp-json\/wp\/v2\/pages"}],"about":[{"href":"https:\/\/www.decraafrica.com\/pt\/wp-json\/wp\/v2\/types\/page"}],"author":[{"embeddable":true,"href":"https:\/\/www.decraafrica.com\/pt\/wp-json\/wp\/v2\/users\/1"}],"replies":[{"embeddable":true,"href":"https:\/\/www.decraafrica.com\/pt\/wp-json\/wp\/v2\/comments?post=15"}],"version-history":[{"count":21,"href":"https:\/\/www.decraafrica.com\/pt\/wp-json\/wp\/v2\/pages\/15\/revisions"}],"predecessor-version":[{"id":12982,"href":"https:\/\/www.decraafrica.com\/pt\/wp-json\/wp\/v2\/pages\/15\/revisions\/12982"}],"wp:attachment":[{"href":"https:\/\/www.decraafrica.com\/pt\/wp-json\/wp\/v2\/media?parent=15"}],"curies":[{"name":"wp","href":"https:\/\/api.w.org\/{rel}","templated":true}]}}