{"id":2777,"date":"2016-08-18T10:56:30","date_gmt":"2016-08-18T09:56:30","guid":{"rendered":"https:\/\/www.decraafrica.com\/pt\/\/?page_id=2777"},"modified":"2021-03-11T12:10:09","modified_gmt":"2021-03-11T12:10:09","slug":"certifications-testing","status":"publish","type":"page","link":"https:\/\/www.decraafrica.com\/pt\/certifications-testing\/","title":{"rendered":"Certifica\u00e7\u00f5es"},"content":{"rendered":"<div class=\"wpb-content-wrapper\"><p>[vc_row css=&#8221;.vc_custom_1613659401793{margin-top: 50px !important;padding-top: 0px !important;padding-bottom: 0px !important;}&#8221;][vc_column][vc_custom_heading text=&#8221;CERTIFICA\u00c7\u00d5ES&#8221; font_container=&#8221;tag:h1|font_size:40|text_align:center|color:%23104471&#8243; use_theme_fonts=&#8221;yes&#8221; el_class=&#8221;heading-title&#8221; css=&#8221;.vc_custom_1615464366012{margin-top: 0px !important;border-top-width: 0px !important;border-bottom-width: 0px !important;padding-top: 0px !important;padding-bottom: 0px !important;}&#8221;][\/vc_column][\/vc_row][vc_row][vc_column][vc_tta_accordion color=&#8221;blue&#8221; c_icon=&#8221;triangle&#8221; active_section=&#8221;1&#8243;][vc_tta_section title=&#8221;Resist\u00eancia \u00e0 intemp\u00e9rie&#8221; tab_id=&#8221;1471514392802-e3c5e5bc-6976&#8243;][vc_column_text]<\/p>\n<p style=\"padding-left: 30px; font-size: 14px;\"><span style=\"color: #000; line-height: 16px; margin-top: 20px;\">Resistance to Impact of Hailstones test \u2013 by the Commonwealth Scientific and Industrial Research Organisation (CSIRO) Australia. (AHI 9.1)<\/span><\/p>\n<p>[\/vc_column_text][\/vc_tta_section][vc_tta_section title=&#8221;Seguran\u00e7a clim\u00e1tica&#8221; tab_id=&#8221;1471514392889-3929ea72-e9bf&#8221;][vc_column_text]<\/p>\n<ul style=\"padding-left: 30px;\">\n<li><span style=\"color: #000000; line-height: 16px; font-size: 14px;\">High Speed Dynamic Rain Penetration and High Wind loading Tests \u2013 by the Construction Research Laboratory Inc, Florida, USA. (AHI 2.1.1)<\/span><\/li>\n<li><span style=\"color: #000000; line-height: 16px; font-size: 14px;\">Low Speed Dynamic Rain Penetration Test \u2013 by the Experimental Building Station, Australia. (AHI 2.1.9)<\/span><\/li>\n<\/ul>\n<p>[\/vc_column_text][\/vc_tta_section][vc_tta_section title=&#8221;Resist\u00eancia ao vento de furac\u00e3o \/ ciclone&#8221; tab_id=&#8221;1471514616921-ce465166-1d01&#8243;][vc_column_text]<\/p>\n<ul style=\"padding-left: 30px;\">\n<li><span style=\"color: #000000; line-height: 16px; font-size: 14px;\">Hurricane tested by the Construction Research Laboratory Inc., Miami, Florida, USA (AHI 2.1.1)<\/span><\/li>\n<li><span style=\"color: #000000; line-height: 16px; font-size: 14px;\">Cyclone Loading Test to the Wind Loading Code, Australian Standard 1170, part 2 1975 \u2013 by the Cyclone Testing Station, Australia. (AHI 2.3.12, 2.3.13)<\/span><\/li>\n<\/ul>\n<p>[\/vc_column_text][\/vc_tta_section][vc_tta_section title=&#8221;Resist\u00eancia t\u00e9rmica&#8221; tab_id=&#8221;1471595642880-77cf2f1b-3b63&#8243;][vc_column_text]<\/p>\n<p style=\"padding-left: 30px; font-size: 14px;\"><span style=\"color: #000; line-height: 16px; margin-top: 20px;\">Thermal properties with and without underlays (sarking). Tests by the AHI Technical Centre, New Zealand. (AHI 2.5.2, 3.63)<\/span><\/p>\n<p>[\/vc_column_text][\/vc_tta_section][vc_tta_section title=&#8221;Carregamento concentrado&#8221; tab_id=&#8221;1471596127268-6d4dfe81-dcbf&#8221;][vc_column_text]<\/p>\n<p style=\"padding-left: 30px; font-size: 14px;\"><span style=\"color: #000; line-height: 16px; margin-top: 20px;\">Concentrated Force on Roofing Tiles in Australian Standard 1562. Rule 5.2, 1973 by the Cyclone Testing Station, Australia. (AHI 2.2.2, 2.1.9)<\/span><\/p>\n<p>[\/vc_column_text][\/vc_tta_section][vc_tta_section title=&#8221;Qualidade da \u00e1gua pot\u00e1vel&#8221; tab_id=&#8221;1471596321565-2e0f7301-c78a&#8221;][vc_column_text]<\/p>\n<p style=\"padding-left: 30px; font-size: 14px;\"><span style=\"color: #000; line-height: 16px; margin-top: 20px;\">Rainwater run-off is well within the lower limits of the World Health Organisation\u2019s standards. Tests by Water Science Laboratories, Australia. (AHI 2.5.27, 2.5.28, 2.5.29, 2.5.30).<\/span><\/p>\n<p style=\"padding-left: 30px; font-size: 14px;\"><span style=\"color: #000; line-height: 16px; margin-top: 20px;\"> Note: Due to the use of surfactants in the basecoat, water should not be collected from the roof for drinking purposes prior to at least three good rainfalls.<\/span><\/p>\n<p>[\/vc_column_text][\/vc_tta_section][vc_tta_section title=&#8221;Resist\u00eancia ao fogo&#8221; tab_id=&#8221;1471597034210-eb3d2c86-7000&#8243;][vc_column_text]<\/p>\n<ul style=\"padding-left: 30px;\">\n<li><span style=\"color: #000000; line-height: 16px; font-size: 14px;\">Otto Graf Institute, Germany \u2013 Resistance to flying fires and radiant heat, Cert. No: DIN4102\/7 October 2000.<\/span><\/li>\n<li><span style=\"color: #000000; line-height: 16px; font-size: 14px;\">Japan Ministry of Construction Fire Test approval No: 11513, July 1993.<\/span><\/li>\n<li><span style=\"color: #000000; line-height: 16px; font-size: 14px;\">Underwriters Laboratories of Canada (ULC) Class A, B and C Fire Ratings.<\/span><\/li>\n<li><span style=\"color: #000000; line-height: 16px; font-size: 14px;\">Class A and B Fire Retardant Roof Rating, Re-roofing over existing Wood Shakes, Wood Shingle or Asphalt Shingle Roofs, in accordance with ICBO requirements. (AHI 3.64).<\/span><\/li>\n<li><span style=\"color: #000000; line-height: 16px; font-size: 14px;\">Early Fire Hazard Test to Australian Standard 1530, Part 3 \u2013 by the Building Research Association of New Zealand. (AHI 2.4.4) Above test ratings achieved utilising proper underlayment.(AHI 3.64).<\/span><\/li>\n<\/ul>\n<p>[\/vc_column_text][\/vc_tta_section][vc_tta_section title=&#8221;Resist\u00eancia a terremotos&#8221; tab_id=&#8221;1471597334285-e5a8e35a-e792&#8243;][vc_column_text]<\/p>\n<ul style=\"padding-left: 30px;\">\n<li><span style=\"color: #000000; line-height: 16px; font-size: 14px;\">Wakefield Laboratories Limited of New Zealand \u2013 Simulated Earthquake Test 1969. (AHI 2.5.34).<\/span><\/li>\n<li><span style=\"color: #000000; line-height: 16px; font-size: 14px;\">Performance report of Roofing Materials during the 6.8 Northridge Earthquake, TMC USA 1994. Performance report of Roofing Materials during the 6.8 Northridge Earthquake, TMC USA 1994.<\/span><\/li>\n<\/ul>\n<p>[\/vc_column_text][\/vc_tta_section][vc_tta_section title=&#8221;Certifica\u00e7\u00e3o de constru\u00e7\u00e3o&#8221; tab_id=&#8221;1471597430634-c27a8aa4-6f05&#8243;][vc_column_text]<\/p>\n<ul style=\"padding-left: 30px;\">\n<li><span style=\"color: #000000; line-height: 16px; font-size: 14px;\">British Board of Agrement, assessment of products for construction \u2013 Certificate No: 99\/3568 March 1999. British Board of Agrement, assessment of products for construction \u2013 Certificate No: 99\/3568 March 1999.<\/span><\/li>\n<li><span style=\"color: #000000; line-height: 16px; font-size: 14px;\">BRANZ (Building Research Association New Zealand) Appraisal Certificate No: 314, Ocotber 1998. BRANZ (Building Research Association New Zealand) Appraisal Certificate No: 314, Ocotber 1998.<\/span><\/li>\n<\/ul>\n<p>[\/vc_column_text][\/vc_tta_section][\/vc_tta_accordion][\/vc_column][\/vc_row][vc_row css=&#8221;.vc_custom_1510242430664{margin-top: 0px !important;padding-top: 0px !important;padding-bottom: 0px !important;}&#8221;][vc_column][vc_custom_heading text=&#8221;EXPLORE O DECRA <sup>\u00ae<\/sup> TELHAS&#8221; font_container=&#8221;tag:h1|font_size:40|text_align:center|color:%23104471&#8243; use_theme_fonts=&#8221;yes&#8221; el_class=&#8221;heading-title&#8221; css=&#8221;.vc_custom_1614602373973{margin-top: 0px !important;border-top-width: 0px !important;border-bottom-width: 0px !important;padding-top: 0px !important;padding-bottom: 0px !important;}&#8221;][\/vc_column][\/vc_row][vc_row parallax=&#8221;content-moving&#8221; css=&#8221;.vc_custom_1510850180614{margin-top: 0px !important;border-top-width: 1px !important;border-right-width: 1px !important;border-bottom-width: 1px !important;border-left-width: 1px !important;padding-right: 10px !important;padding-left: 10px !important;}&#8221;][vc_column width=&#8221;1\/4&#8243; css=&#8221;.vc_custom_1510848685064{padding-right: 10px !important;padding-left: 10px !important;}&#8221;][vc_single_image image=&#8221;6179&#8243; img_size=&#8221;full&#8221; css=&#8221;.vc_custom_1530696597666{margin-bottom: 0px !important;border-top-width: 1px !important;border-right-width: 1px !important;border-bottom-width: 1px !important;border-left-width: 1px !important;border-left-color: #e8e8e8 !important;border-left-style: solid !important;border-right-color: #e8e8e8 !important;border-right-style: solid !important;border-top-color: #e8e8e8 !important;border-top-style: solid !important;border-bottom-color: #e8e8e8 !important;border-bottom-style: solid !important;border-radius: 1px !important;}&#8221;][vc_custom_heading text=&#8221;HIST\u00d3RIA E PATRIM\u00d4NIO&#8221; font_container=&#8221;tag:h2|font_size:18PX|text_align:center|color:%23144071&#8243; use_theme_fonts=&#8221;yes&#8221; css=&#8221;.vc_custom_1614602384283{margin-top: 15px !important;margin-bottom: 15px !important;}&#8221;][vc_column_text]<\/p>\n<p style=\"text-align: center;\"><span style=\"color: #000; font-size: 14px;\">Descubra como o telhas Decra\u00ae foi inventado e como lideramos o mundo por mais de 60 anos.<\/span><\/p>\n<p>[\/vc_column_text][vc_empty_space height=&#8221;25px&#8221;][vc_btn title=&#8221;ASSISTA AGORA&#8221; style=&#8221;classic&#8221; shape=&#8221;round&#8221; color=&#8221;black&#8221; size=&#8221;sm&#8221; align=&#8221;center&#8221; css_animation=&#8221;none&#8221; button_block=&#8221;true&#8221; custom_onclick=&#8221;true&#8221; link=&#8221;url:%23|||&#8221; custom_onclick_code=&#8221;return lepopup_popup_open(&#8216;5RAiWGb3BvNtyGq6&#8217;);&#8221;][\/vc_column][vc_column width=&#8221;1\/4&#8243; css=&#8221;.vc_custom_1510848693781{padding-right: 10px !important;padding-left: 10px !important;}&#8221;][vc_single_image image=&#8221;6178&#8243; img_size=&#8221;full&#8221; css=&#8221;.vc_custom_1530696683128{margin-bottom: 0px !important;border-top-width: 1px !important;border-right-width: 1px !important;border-bottom-width: 1px !important;border-left-width: 1px !important;border-left-color: #dddddd !important;border-left-style: solid !important;border-right-color: #dddddd !important;border-right-style: solid !important;border-top-color: #dddddd !important;border-top-style: solid !important;border-bottom-color: #dddddd !important;border-bottom-style: solid !important;border-radius: 1px !important;}&#8221;][vc_custom_heading text=&#8221;DECRA TILES GENU\u00cdNOS&#8221; font_container=&#8221;tag:h2|font_size:18PX|text_align:center|color:%23144071&#8243; use_theme_fonts=&#8221;yes&#8221; css=&#8221;.vc_custom_1614613694894{margin-top: 15px !important;margin-bottom: 15px !important;}&#8221;][vc_column_text]<\/p>\n<p style=\"text-align: center;\"><span style=\"color: #000; font-size: 14px;\">Cuidado com os ladrilhos Decra falsos, eles n\u00e3o ter\u00e3o um desempenho de acordo com os nossos elevados padr\u00f5es.<\/span><\/p>\n<p>[\/vc_column_text][vc_btn title=&#8221;DESCUBRA MAIS&#8221; style=&#8221;classic&#8221; shape=&#8221;round&#8221; color=&#8221;black&#8221; size=&#8221;sm&#8221; align=&#8221;center&#8221; css_animation=&#8221;none&#8221; button_block=&#8221;true&#8221; link=&#8221;url:https%3A%2F%2Fwww.decraafrica.com\/pt\/genuine-decra%2F|||&#8221;][\/vc_column][vc_column width=&#8221;1\/4&#8243; css=&#8221;.vc_custom_1510850157951{padding-right: 10px !important;padding-left: 10px !important;}&#8221;][vc_single_image image=&#8221;6177&#8243; img_size=&#8221;full&#8221; css=&#8221;.vc_custom_1530696647689{margin-bottom: 0px !important;}&#8221;][vc_custom_heading text=&#8221;ATUA\u00c7\u00c3O&#8221; font_container=&#8221;tag:h2|font_size:18PX|text_align:center|color:%23144071&#8243; use_theme_fonts=&#8221;yes&#8221; css=&#8221;.vc_custom_1614602422519{margin-top: 15px !important;margin-bottom: 15px !important;}&#8221;][vc_column_text]<\/p>\n<p style=\"text-align: center;\"><span style=\"color: #000; font-size: 14px;\">Seja vento, chuva ou fogo, as telhas Decra\u00ae s\u00e3o l\u00edderes mundiais em desempenho e tamb\u00e9m v\u00eam com garantia de 50 anos.<\/span><\/p>\n<p>[\/vc_column_text][vc_btn title=&#8221;VERIFICAR DESEMPENHO&#8221; style=&#8221;classic&#8221; shape=&#8221;round&#8221; color=&#8221;black&#8221; size=&#8221;sm&#8221; align=&#8221;center&#8221; css_animation=&#8221;none&#8221; button_block=&#8221;true&#8221; link=&#8221;url:https%3A%2F%2Fwww.decraafrica.com\/pt\/performance%2F|||&#8221;][\/vc_column][vc_column width=&#8221;1\/4&#8243; css=&#8221;.vc_custom_1510850202928{padding-right: 10px !important;padding-left: 10px !important;}&#8221;][vc_single_image image=&#8221;6176&#8243; img_size=&#8221;full&#8221; css=&#8221;.vc_custom_1530696661004{margin-bottom: 0px !important;}&#8221;][vc_custom_heading text=&#8221;A TELHA DECRA <sup>\u00ae<\/sup>&#8221; font_container=&#8221;tag:h2|font_size:18PX|text_align:center|color:%23144071&#8243; use_theme_fonts=&#8221;yes&#8221; css=&#8221;.vc_custom_1614602445021{margin-top: 15px !important;margin-bottom: 15px !important;}&#8221;][vc_column_text]<\/p>\n<p style=\"text-align: center;\"><span style=\"color: #000; font-size: 14px;\">Descubra como uma telha Decra\u00ae \u00e9 feita e por que nossas telhas superam todas as outras telhas de metal.<\/span><\/p>\n<p>[\/vc_column_text][vc_empty_space height=&#8221;25px&#8221;][vc_btn title=&#8221;PORQUE DECRA <sup>\u00ae<\/sup> \u00c9 O MELHOR?&#8221; style=&#8221;classic&#8221; shape=&#8221;round&#8221; color=&#8221;black&#8221; size=&#8221;sm&#8221; align=&#8221;center&#8221; css_animation=&#8221;none&#8221; button_block=&#8221;true&#8221; link=&#8221;url:https%3A%2F%2Fwww.decraafrica.com\/pt%2Froof-explained%2F|||&#8221;][\/vc_column][\/vc_row][vc_row full_width=&#8221;stretch_row&#8221; css=&#8221;.vc_custom_1532943974139{margin-top: 0px !important;margin-bottom: 0px !important;padding-top: 40px !important;padding-bottom: 40px !important;background-color: #ffd500 !important;}&#8221;][vc_column width=&#8221;1\/3&#8243;][vc_single_image image=&#8221;12356&#8243; img_size=&#8221;large&#8221; alignment=&#8221;center&#8221;][\/vc_column][vc_column width=&#8221;2\/3&#8243;][vc_custom_heading text=&#8221;PR\u00d3XIMOS PASSOS&#8221; font_container=&#8221;tag:h2|font_size:32|text_align:left|color:%23104471&#8243; use_theme_fonts=&#8221;yes&#8221; el_class=&#8221;heading-title&#8221; css=&#8221;.vc_custom_1614599192416{margin-top: 0px !important;border-top-width: 0px !important;border-bottom-width: 0px !important;padding-top: 0px !important;padding-bottom: 0px !important;}&#8221;][vc_column_text css=&#8221;.vc_custom_1614599204278{margin-top: 0px !important;margin-bottom: 0px !important;padding-top: 0px !important;padding-bottom: 0px !important;}&#8221;]<span style=\"font-size: 22px; color: #144071; font-weight: 500;\"><strong>Estamos aqui para orient\u00e1-lo no processo de sele\u00e7\u00e3o do telhado certo para voc\u00ea.<\/strong><\/span>[\/vc_column_text][vc_column_text css=&#8221;.vc_custom_1614599219354{margin-top: 15px !important;margin-bottom: 15px !important;padding-top: 0px !important;padding-bottom: 0px !important;}&#8221;]<span style=\"font-size: 14px; color: #000;\">Os nossos distribuidores s\u00e3o profissionais que ir\u00e3o ouvir as suas necessidades, fazer recomenda\u00e7\u00f5es e calcular as suas necessidades de cobertura. Para o telhado dos seus sonhos, marque uma reuni\u00e3o no dia e na hora que mais lhe convier &#8230;.. <\/span>[\/vc_column_text][vc_btn title=&#8221;Marque uma reuni\u00e3o agora&#8221; style=&#8221;flat&#8221; shape=&#8221;round&#8221; color=&#8221;primary&#8221; link=&#8221;url:https%3A%2F%2Fwww.decraafrica.com\/pt\/contact%2F|||&#8221;][\/vc_column][\/vc_row]<\/p>\n<\/div>","protected":false},"excerpt":{"rendered":"<p>[vc_row css=&#8221;.vc_custom_1613659401793{margin-top: 50px !important;padding-top: 0px !important;padding-bottom: 0px !important;}&#8221;][vc_column][vc_custom_heading text=&#8221;CERTIFICA\u00c7\u00d5ES&#8221; font_container=&#8221;tag:h1|font_size:40|text_align:center|color:%23104471&#8243; use_theme_fonts=&#8221;yes&#8221; el_class=&#8221;heading-title&#8221; css=&#8221;.vc_custom_1615464366012{margin-top: 0px !important;border-top-width: 0px !important;border-bottom-width: 0px !important;padding-top: 0px !important;padding-bottom: 0px !important;}&#8221;][\/vc_column][\/vc_row][vc_row][vc_column][vc_tta_accordion color=&#8221;blue&#8221; c_icon=&#8221;triangle&#8221; active_section=&#8221;1&#8243;][vc_tta_section title=&#8221;Resist\u00eancia \u00e0 intemp\u00e9rie&#8221; tab_id=&#8221;1471514392802-e3c5e5bc-6976&#8243;][vc_column_text] Resistance to Impact of Hailstones test \u2013 by the Commonwealth Scientific and Industrial Research Organisation (CSIRO) Australia. (AHI 9.1) [\/vc_column_text][\/vc_tta_section][vc_tta_section title=&#8221;Seguran\u00e7a clim\u00e1tica&#8221; tab_id=&#8221;1471514392889-3929ea72-e9bf&#8221;][vc_column_text] High Speed [&hellip;]<\/p>\n","protected":false},"author":1,"featured_media":0,"parent":0,"menu_order":0,"comment_status":"closed","ping_status":"closed","template":"","meta":{"content-type":"","footnotes":""},"class_list":["post-2777","page","type-page","status-publish","hentry"],"_links":{"self":[{"href":"https:\/\/www.decraafrica.com\/pt\/wp-json\/wp\/v2\/pages\/2777","targetHints":{"allow":["GET"]}}],"collection":[{"href":"https:\/\/www.decraafrica.com\/pt\/wp-json\/wp\/v2\/pages"}],"about":[{"href":"https:\/\/www.decraafrica.com\/pt\/wp-json\/wp\/v2\/types\/page"}],"author":[{"embeddable":true,"href":"https:\/\/www.decraafrica.com\/pt\/wp-json\/wp\/v2\/users\/1"}],"replies":[{"embeddable":true,"href":"https:\/\/www.decraafrica.com\/pt\/wp-json\/wp\/v2\/comments?post=2777"}],"version-history":[{"count":7,"href":"https:\/\/www.decraafrica.com\/pt\/wp-json\/wp\/v2\/pages\/2777\/revisions"}],"predecessor-version":[{"id":12917,"href":"https:\/\/www.decraafrica.com\/pt\/wp-json\/wp\/v2\/pages\/2777\/revisions\/12917"}],"wp:attachment":[{"href":"https:\/\/www.decraafrica.com\/pt\/wp-json\/wp\/v2\/media?parent=2777"}],"curies":[{"name":"wp","href":"https:\/\/api.w.org\/{rel}","templated":true}]}}