{"id":6188,"date":"2017-11-23T19:15:23","date_gmt":"2017-11-23T16:15:23","guid":{"rendered":"https:\/\/www.decraafrica.com\/pt\/\/?page_id=6188"},"modified":"2021-03-11T14:06:54","modified_gmt":"2021-03-11T14:06:54","slug":"installers","status":"publish","type":"page","link":"https:\/\/www.decraafrica.com\/pt\/installers\/","title":{"rendered":"Baixe os guias de instala\u00e7\u00e3o"},"content":{"rendered":"<div class=\"wpb-content-wrapper\"><p>[vc_row css=&#8221;.vc_custom_1533127467740{margin-top: 40px !important;}&#8221;][vc_column width=&#8221;1\/2&#8243;][vc_row_inner css=&#8221;.vc_custom_1531219951933{margin-right: 10px !important;padding-bottom: 20px !important;background-color: #144071 !important;}&#8221;][vc_column_inner][vc_custom_heading text=&#8221;MANUAIS DE INSTALA\u00c7\u00c3O&#8221; font_container=&#8221;tag:h1|font_size:28|text_align:center|color:%23ffffff&#8221; use_theme_fonts=&#8221;yes&#8221; css=&#8221;.vc_custom_1615471599444{margin-top: 20px !important;margin-bottom: 20px !important;padding-bottom: 0px !important;}&#8221;][vc_single_image image=&#8221;10285&#8243; img_size=&#8221;full&#8221; css=&#8221;.vc_custom_1543506026512{padding-right: 20px !important;padding-left: 20px !important;}&#8221;][vc_btn title=&#8221;Download Brochura&#8221; style=&#8221;flat&#8221; shape=&#8221;round&#8221; color=&#8221;warning&#8221; align=&#8221;center&#8221; i_icon_fontawesome=&#8221;&#8221; button_block=&#8221;true&#8221; add_icon=&#8221;true&#8221; link=&#8221;url:https%3A%2F%2Fwww.decraafrica.com\/pt%2Fwp-content%2Fuploads%2F2018%2F11%2FE-Decra-Generic-English-Installation-Guide.pdf||target:%20_blank|&#8221; css=&#8221;.vc_custom_1615471554023{margin-bottom: 40px !important;}&#8221;][\/vc_column_inner][\/vc_row_inner][\/vc_column][vc_column width=&#8221;1\/2&#8243;][vc_row_inner css=&#8221;.vc_custom_1531219906226{margin-left: 10px !important;padding-bottom: 20px !important;background-color: #144071 !important;}&#8221;][vc_column_inner][vc_custom_heading text=&#8221;GUIA DE LIMPEZA DO TELHADO&#8221; font_container=&#8221;tag:h1|font_size:28|text_align:center|color:%23ffffff&#8221; use_theme_fonts=&#8221;yes&#8221; css=&#8221;.vc_custom_1615471609072{margin-top: 20px !important;margin-bottom: 20px !important;padding-bottom: 0px !important;}&#8221;][vc_single_image image=&#8221;9016&#8243; img_size=&#8221;full&#8221; css=&#8221;.vc_custom_1533127692666{padding-right: 20px !important;padding-left: 20px !important;}&#8221;][vc_btn title=&#8221;Baixe o guia de limpeza do telhado&#8221; style=&#8221;flat&#8221; shape=&#8221;round&#8221; color=&#8221;warning&#8221; align=&#8221;center&#8221; i_icon_fontawesome=&#8221;&#8221; button_block=&#8221;true&#8221; add_icon=&#8221;true&#8221; link=&#8221;url:https%3A%2F%2Fwww.decraafrica.com\/pt%2Fwp-content%2Fuploads%2F2018%2F11%2FE-Decra-Generic-English-Roof-Cleaning-Guide.pdf||target:%20_blank|&#8221; css=&#8221;.vc_custom_1615471541831{margin-bottom: 40px !important;}&#8221;][\/vc_column_inner][\/vc_row_inner][\/vc_column][\/vc_row][vc_row][vc_column][vc_custom_heading text=&#8221;V\u00cdDEOS DE INSTALA\u00c7\u00c3O&#8221; font_container=&#8221;tag:h2|font_size:34px|text_align:center|color:%23144071&#8243; google_fonts=&#8221;font_family:Montserrat%3Aregular%2C700|font_style:700%20bold%20regular%3A700%3Anormal&#8221; css=&#8221;.vc_custom_1615471371135{margin-top: 20px !important;margin-bottom: 20px !important;}&#8221;][vc_video link=&#8221;https:\/\/www.youtube.com\/watch?v=rmJ0TkBEr7s&#8221; align=&#8221;center&#8221;][\/vc_column][\/vc_row][vc_row full_width=&#8221;stretch_row&#8221; css=&#8221;.vc_custom_1511452977642{margin-top: 20px !important;margin-bottom: 20px !important;padding-top: 20px !important;padding-bottom: 20px !important;background-color: #fbc037 !important;}&#8221;][vc_column][vc_column_text]<\/p>\n<p style=\"text-align: center;\"><a href=\"https:\/\/www.decraafrica.com\/pt\/contact\/\"><span style=\"font-size: 28px; color: #144071;\"><strong>Participe de um de nossos programas de treinamento em sua \u00e1rea<\/strong><\/span><\/a><br \/>\n<span style=\"font-size: 20px; color: #144071;\">Clique aqui e enviaremos detalhes do seu centro de treinamento local<\/span><\/p>\n<p>[\/vc_column_text][\/vc_column][\/vc_row][vc_row css=&#8221;.vc_custom_1531220916130{margin-top: 30px !important;margin-bottom: 60px !important;}&#8221;][vc_column width=&#8221;1\/2&#8243;][vc_single_image image=&#8221;10238&#8243; img_size=&#8221;large&#8221; css_animation=&#8221;zoomIn&#8221;][\/vc_column][vc_column width=&#8221;1\/2&#8243;][vc_column_text]<span style=\"font-size: 24px;\"><strong><span style=\"color: #144071;\"><br \/>\nSEMPRE VERIFIQUE A PARTE DE TR\u00c1S DE SUAS TELHAS PARA O LOGOTIPO DECRA<\/span><\/strong><\/span><br \/>\n<span style=\"font-size: 24px; color: #144071; text-align: center;\"><strong>SE N\u00c3O EST\u00c1 L\u00c1, N\u00c3O EST\u00c1 <\/strong><\/span><span style=\"font-size: 24px; color: #fbbb26;\"><strong>#GENUINEDECRA<\/strong><\/span>[\/vc_column_text][vc_btn title=&#8221;Certifique-se de que \u00e9 #GenuineDecra&#8221; style=&#8221;flat&#8221; shape=&#8221;round&#8221; color=&#8221;black&#8221; link=&#8221;url:https%3A%2F%2Fwww.decraafrica.com\/pt\/genuine-decra%2F|||&#8221;][\/vc_column][\/vc_row][vc_row full_width=&#8221;stretch_row&#8221; css=&#8221;.vc_custom_1532943974139{margin-top: 0px !important;margin-bottom: 0px !important;padding-top: 40px !important;padding-bottom: 40px !important;background-color: #ffd500 !important;}&#8221;][vc_column width=&#8221;1\/3&#8243;][vc_single_image image=&#8221;12356&#8243; img_size=&#8221;large&#8221; alignment=&#8221;center&#8221;][\/vc_column][vc_column width=&#8221;2\/3&#8243;][vc_custom_heading text=&#8221;PR\u00d3XIMOS PASSOS&#8221; font_container=&#8221;tag:h2|font_size:32|text_align:left|color:%23104471&#8243; use_theme_fonts=&#8221;yes&#8221; el_class=&#8221;heading-title&#8221; css=&#8221;.vc_custom_1614599192416{margin-top: 0px !important;border-top-width: 0px !important;border-bottom-width: 0px !important;padding-top: 0px !important;padding-bottom: 0px !important;}&#8221;][vc_column_text css=&#8221;.vc_custom_1614599204278{margin-top: 0px !important;margin-bottom: 0px !important;padding-top: 0px !important;padding-bottom: 0px !important;}&#8221;]<span style=\"font-size: 22px; color: #144071; font-weight: 500;\"><strong>Estamos aqui para orient\u00e1-lo no processo de sele\u00e7\u00e3o do telhado certo para voc\u00ea.<\/strong><\/span>[\/vc_column_text][vc_column_text css=&#8221;.vc_custom_1614599219354{margin-top: 15px !important;margin-bottom: 15px !important;padding-top: 0px !important;padding-bottom: 0px !important;}&#8221;]<span style=\"font-size: 14px; color: #000;\">Os nossos distribuidores s\u00e3o profissionais que ir\u00e3o ouvir as suas necessidades, fazer recomenda\u00e7\u00f5es e calcular as suas necessidades de cobertura. Para o telhado dos seus sonhos, marque uma reuni\u00e3o no dia e na hora que mais lhe convier &#8230;.. <\/span>[\/vc_column_text][vc_btn title=&#8221;Marque uma reuni\u00e3o agora&#8221; style=&#8221;flat&#8221; shape=&#8221;round&#8221; color=&#8221;primary&#8221; link=&#8221;url:https%3A%2F%2Fwww.decraafrica.com\/pt\/contact%2F|||&#8221;][\/vc_column][\/vc_row]<\/p>\n<\/div>","protected":false},"excerpt":{"rendered":"<p>[vc_row css=&#8221;.vc_custom_1533127467740{margin-top: 40px !important;}&#8221;][vc_column width=&#8221;1\/2&#8243;][vc_row_inner css=&#8221;.vc_custom_1531219951933{margin-right: 10px !important;padding-bottom: 20px !important;background-color: #144071 !important;}&#8221;][vc_column_inner][vc_custom_heading text=&#8221;MANUAIS DE INSTALA\u00c7\u00c3O&#8221; font_container=&#8221;tag:h1|font_size:28|text_align:center|color:%23ffffff&#8221; use_theme_fonts=&#8221;yes&#8221; css=&#8221;.vc_custom_1615471599444{margin-top: 20px !important;margin-bottom: 20px !important;padding-bottom: 0px !important;}&#8221;][vc_single_image image=&#8221;10285&#8243; img_size=&#8221;full&#8221; css=&#8221;.vc_custom_1543506026512{padding-right: 20px !important;padding-left: 20px !important;}&#8221;][vc_btn title=&#8221;Download Brochura&#8221; style=&#8221;flat&#8221; shape=&#8221;round&#8221; color=&#8221;warning&#8221; align=&#8221;center&#8221; i_icon_fontawesome=&#8221;&#8221; button_block=&#8221;true&#8221; add_icon=&#8221;true&#8221; link=&#8221;url:https%3A%2F%2Fwww.decraafrica.com\/pt%2Fwp-content%2Fuploads%2F2018%2F11%2FE-Decra-Generic-English-Installation-Guide.pdf||target:%20_blank|&#8221; css=&#8221;.vc_custom_1615471554023{margin-bottom: 40px !important;}&#8221;][\/vc_column_inner][\/vc_row_inner][\/vc_column][vc_column width=&#8221;1\/2&#8243;][vc_row_inner css=&#8221;.vc_custom_1531219906226{margin-left: 10px !important;padding-bottom: 20px !important;background-color: #144071 !important;}&#8221;][vc_column_inner][vc_custom_heading text=&#8221;GUIA DE LIMPEZA [&hellip;]<\/p>\n","protected":false},"author":1,"featured_media":0,"parent":0,"menu_order":0,"comment_status":"open","ping_status":"closed","template":"","meta":{"content-type":"","footnotes":""},"class_list":["post-6188","page","type-page","status-publish","hentry"],"_links":{"self":[{"href":"https:\/\/www.decraafrica.com\/pt\/wp-json\/wp\/v2\/pages\/6188","targetHints":{"allow":["GET"]}}],"collection":[{"href":"https:\/\/www.decraafrica.com\/pt\/wp-json\/wp\/v2\/pages"}],"about":[{"href":"https:\/\/www.decraafrica.com\/pt\/wp-json\/wp\/v2\/types\/page"}],"author":[{"embeddable":true,"href":"https:\/\/www.decraafrica.com\/pt\/wp-json\/wp\/v2\/users\/1"}],"replies":[{"embeddable":true,"href":"https:\/\/www.decraafrica.com\/pt\/wp-json\/wp\/v2\/comments?post=6188"}],"version-history":[{"count":5,"href":"https:\/\/www.decraafrica.com\/pt\/wp-json\/wp\/v2\/pages\/6188\/revisions"}],"predecessor-version":[{"id":12939,"href":"https:\/\/www.decraafrica.com\/pt\/wp-json\/wp\/v2\/pages\/6188\/revisions\/12939"}],"wp:attachment":[{"href":"https:\/\/www.decraafrica.com\/pt\/wp-json\/wp\/v2\/media?parent=6188"}],"curies":[{"name":"wp","href":"https:\/\/api.w.org\/{rel}","templated":true}]}}