{"id":6374,"date":"2017-12-08T14:31:37","date_gmt":"2017-12-08T14:31:37","guid":{"rendered":"https:\/\/www.decraafrica.com\/pt\/\/?page_id=6374"},"modified":"2021-03-11T17:01:09","modified_gmt":"2021-03-11T17:01:09","slug":"choose-decra","status":"publish","type":"page","link":"https:\/\/www.decraafrica.com\/pt\/choose-decra\/","title":{"rendered":"Por que escolher Decra?"},"content":{"rendered":"<div class=\"wpb-content-wrapper\"><p>[vc_row full_width=&#8221;stretch_row_content_no_spaces&#8221; css=&#8221;.vc_custom_1526381095579{padding-top: 50px !important;padding-bottom: 50px !important;background-color: #144071 !important;}&#8221;][vc_column][vc_column_text]<\/p>\n<p style=\"text-align: center;\"><span style=\"font-size: 36px; color: #fff;\"><strong>O QUE S\u00c3O AS TELHADAS DE METAL REVESTIDAS COM PEDRA?<\/strong><\/span><br \/>\n<span style=\"font-size: 36px; color: #fff;\">PORQUE DEVO ESCOLHER O DECRA?<\/span><span style=\"font-size: 36px; color: #fff;\"> GUIA PARA COMPRADORES DE TELHADO<\/span><\/p>\n<p>[\/vc_column_text][vc_btn title=&#8221;DESCUBRA MAIS&#8221; style=&#8221;flat&#8221; shape=&#8221;round&#8221; color=&#8221;warning&#8221; align=&#8221;center&#8221; link=&#8221;url:https%3A%2F%2Fwww.decraafrica.com\/pt\/roof-explained%2F|||&#8221;][\/vc_column][\/vc_row][vc_row gap=&#8221;10&#8243;][vc_column width=&#8221;1\/4&#8243; css=&#8221;.vc_custom_1512574880588{margin-right: 10px !important;border-top-width: 1px !important;border-right-width: 1px !important;border-bottom-width: 1px !important;border-left-width: 1px !important;padding-top: 40px !important;padding-right: 40px !important;padding-bottom: 40px !important;padding-left: 40px !important;border-left-color: #cccccc !important;border-left-style: solid !important;border-right-color: #cccccc !important;border-right-style: solid !important;border-top-color: #cccccc !important;border-top-style: solid !important;border-bottom-color: #cccccc !important;border-bottom-style: solid !important;border-radius: 1px !important;}&#8221;][vc_single_image image=&#8221;6381&#8243; img_size=&#8221;385&#215;271&#8243; alignment=&#8221;center&#8221; css=&#8221;.vc_custom_1512726599605{margin-top: -30px !important;}&#8221;][vc_custom_heading text=&#8221;NOSSOS TELHADOS&#8221; font_container=&#8221;tag:h6|font_size:16PX|text_align:center|color:%23144071&#8243; google_fonts=&#8221;font_family:Montserrat%3Aregular%2C700|font_style:700%20bold%20regular%3A700%3Anormal&#8221; css=&#8221;.vc_custom_1615463468025{margin-top: -30px !important;}&#8221; link=&#8221;url:https%3A%2F%2Fwww.decraafrica.com\/pt\/our-roof-tile%2F|||&#8221;][\/vc_column][vc_column width=&#8221;1\/4&#8243; css=&#8221;.vc_custom_1512574982363{margin-right: 0px !important;margin-left: 5px !important;border-top-width: 1px !important;border-right-width: 1px !important;border-bottom-width: 1px !important;border-left-width: 1px !important;padding-top: 40px !important;padding-right: 40px !important;padding-bottom: 40px !important;padding-left: 40px !important;border-left-color: #cccccc !important;border-left-style: solid !important;border-right-color: #cccccc !important;border-right-style: solid !important;border-top-color: #cccccc !important;border-top-style: solid !important;border-bottom-color: #cccccc !important;border-bottom-style: solid !important;border-radius: 1px !important;}&#8221;][vc_single_image image=&#8221;10975&#8243; img_size=&#8221;385&#215;271&#8243; alignment=&#8221;center&#8221; css=&#8221;.vc_custom_1548067423950{margin-top: -30px !important;}&#8221;][vc_custom_heading text=&#8221;O DECRA TILE&#8221; font_container=&#8221;tag:h6|font_size:16PX|text_align:center|color:%23144071&#8243; google_fonts=&#8221;font_family:Montserrat%3Aregular%2C700|font_style:700%20bold%20regular%3A700%3Anormal&#8221; css=&#8221;.vc_custom_1615463478183{margin-top: -30px !important;}&#8221; link=&#8221;url:https%3A%2F%2Fwww.decraafrica.com\/pt\/decra-tile%2F|||&#8221;][\/vc_column][vc_column width=&#8221;1\/4&#8243; css=&#8221;.vc_custom_1512575000384{margin-right: 10px !important;margin-left: 10px !important;border-top-width: 1px !important;border-right-width: 1px !important;border-bottom-width: 1px !important;border-left-width: 1px !important;padding-top: 40px !important;padding-right: 40px !important;padding-bottom: 40px !important;padding-left: 40px !important;border-left-color: #cccccc !important;border-left-style: solid !important;border-right-color: #cccccc !important;border-right-style: solid !important;border-top-color: #cccccc !important;border-top-style: solid !important;border-bottom-color: #cccccc !important;border-bottom-style: solid !important;border-radius: 1px !important;}&#8221;][vc_single_image image=&#8221;10238&#8243; img_size=&#8221;385&#215;271&#8243; alignment=&#8221;center&#8221; css=&#8221;.vc_custom_1548067496953{margin-top: -30px !important;}&#8221;][vc_custom_heading text=&#8221;GENUINE DECRA&#8221; font_container=&#8221;tag:h6|font_size:16PX|text_align:center|color:%23144071&#8243; google_fonts=&#8221;font_family:Montserrat%3Aregular%2C700|font_style:700%20bold%20regular%3A700%3Anormal&#8221; css=&#8221;.vc_custom_1615463488436{margin-top: -30px !important;}&#8221; link=&#8221;url:https%3A%2F%2Fwww.decraafrica.com\/pt\/genuine-decra%2F|||&#8221;][\/vc_column][vc_column width=&#8221;1\/4&#8243; css=&#8221;.vc_custom_1512575016409{margin-right: 0px !important;margin-left: 15px !important;border-top-width: 1px !important;border-right-width: 1px !important;border-bottom-width: 1px !important;border-left-width: 1px !important;padding-top: 40px !important;padding-right: 40px !important;padding-bottom: 40px !important;padding-left: 40px !important;border-left-color: #cccccc !important;border-left-style: solid !important;border-right-color: #cccccc !important;border-right-style: solid !important;border-top-color: #cccccc !important;border-top-style: solid !important;border-bottom-color: #cccccc !important;border-bottom-style: solid !important;border-radius: 1px !important;}&#8221;][vc_single_image image=&#8221;6308&#8243; img_size=&#8221;385&#215;271&#8243; alignment=&#8221;center&#8221; css=&#8221;.vc_custom_1512726642782{margin-top: -30px !important;}&#8221;][vc_custom_heading text=&#8221;CARACTER\u00cdSTICAS E BENEF\u00cdCIOS&#8221; font_container=&#8221;tag:h6|font_size:16PX|text_align:center|color:%23144071&#8243; google_fonts=&#8221;font_family:Montserrat%3Aregular%2C700|font_style:700%20bold%20regular%3A700%3Anormal&#8221; css=&#8221;.vc_custom_1615463505477{margin-top: -30px !important;}&#8221; link=&#8221;url:https%3A%2F%2Fwww.decraafrica.com\/pt\/benefits%2F|title:feature||&#8221;][\/vc_column][\/vc_row][vc_row full_width=&#8221;stretch_row&#8221; content_placement=&#8221;top&#8221; css=&#8221;.vc_custom_1512576058337{padding-top: 20px !important;padding-bottom: 20px !important;background-color: #fbc037 !important;}&#8221;][vc_column][vc_column_text]<\/p>\n<p style=\"text-align: center;\"><a href=\"https:\/\/www.decraafrica.com\/pt\/brochure\/\"><span style=\"font-size: 28px; color: #144071;\"><strong>BAIXE NOSSO FOLHETO MAIS RECENTE<\/strong><\/span><\/a><\/p>\n<p>[\/vc_column_text][\/vc_column][\/vc_row][vc_row gap=&#8221;10&#8243;][vc_column width=&#8221;1\/2&#8243; css=&#8221;.vc_custom_1554129980765{border-top-width: 0px !important;border-right-width: 0px !important;border-bottom-width: 0px !important;border-left-width: 0px !important;padding-top: 250px !important;padding-bottom: 5px !important;background-image: url(https:\/\/www.decraafrica.com\/pt\/wp-content\/uploads\/sites\/8\/2019\/04\/profile.jpg?id=11932) !important;background-position: center !important;background-repeat: no-repeat !important;background-size: cover !important;}&#8221;][vc_btn title=&#8221;<b>PERFIL DE COMPANHIA<\/b>&#8221; style=&#8221;flat&#8221; shape=&#8221;square&#8221; color=&#8221;warning&#8221; align=&#8221;center&#8221; button_block=&#8221;true&#8221; custom_onclick=&#8221;true&#8221; css=&#8221;.vc_custom_1615463532782{margin-right: 0px !important;margin-left: 0px !important;padding-right: 0px !important;padding-left: 0px !important;}&#8221; link=&#8221;url:%23|||&#8221; custom_onclick_code=&#8221;return lepopup_popup_open(&#8216;5RAiWGb3BvNtyGq6&#8217;);&#8221;][\/vc_column][vc_column width=&#8221;1\/2&#8243; css=&#8221;.vc_custom_1512727937214{padding-top: 250px !important;padding-bottom: 5px !important;background-image: url(https:\/\/www.decraafrica.com\/pt\/\/wp-content\/uploads\/sites\/8\/2017\/12\/history.jpg?id=6384) !important;background-position: center !important;background-repeat: no-repeat !important;background-size: cover !important;}&#8221;][vc_btn title=&#8221;<b>DESCUBRA MAIS DE 60 ANOS DE HIST\u00d3RIA<\/b>&#8221; style=&#8221;flat&#8221; shape=&#8221;square&#8221; color=&#8221;warning&#8221; align=&#8221;center&#8221; button_block=&#8221;true&#8221; custom_onclick=&#8221;true&#8221; css=&#8221;.vc_custom_1615463544374{margin-right: 0px !important;margin-left: 0px !important;padding-right: 0px !important;padding-left: 0px !important;}&#8221; link=&#8221;url:%23|||&#8221; custom_onclick_code=&#8221;return lepopup_popup_open(&#8216;5RAiWGb3BvNtyGq6&#8217;);&#8221;][\/vc_column][\/vc_row][vc_row gap=&#8221;10&#8243;][vc_column width=&#8221;1\/2&#8243; css=&#8221;.vc_custom_1512728005600{border-top-width: 0px !important;border-right-width: 0px !important;border-bottom-width: 0px !important;border-left-width: 0px !important;padding-top: 250px !important;padding-bottom: 5px !important;background-image: url(https:\/\/www.decraafrica.com\/pt\/\/wp-content\/uploads\/sites\/8\/2017\/12\/environment-1.jpg?id=6387) !important;background-position: center !important;background-repeat: no-repeat !important;background-size: cover !important;}&#8221;][vc_btn title=&#8221;<b>DECRA E MEIO AMBIENTE<\/b>&#8221; style=&#8221;flat&#8221; shape=&#8221;square&#8221; color=&#8221;warning&#8221; align=&#8221;center&#8221; button_block=&#8221;true&#8221; css=&#8221;.vc_custom_1615463559949{margin-right: 0px !important;margin-left: 0px !important;padding-right: 0px !important;padding-left: 0px !important;}&#8221; link=&#8221;url:https%3A%2F%2Fwww.decraafrica.com\/pt\/environment%2F|||&#8221;][\/vc_column][vc_column width=&#8221;1\/2&#8243; css=&#8221;.vc_custom_1512728033536{padding-top: 250px !important;padding-bottom: 5px !important;background-image: url(https:\/\/www.decraafrica.com\/pt\/\/wp-content\/uploads\/sites\/8\/2017\/12\/news.jpg?id=6385) !important;background-position: center !important;background-repeat: no-repeat !important;background-size: cover !important;}&#8221;][vc_btn title=&#8221;<b>\u00daLTIMAS NOT\u00cdCIAS<\/b>&#8221; style=&#8221;flat&#8221; shape=&#8221;square&#8221; color=&#8221;warning&#8221; align=&#8221;center&#8221; button_block=&#8221;true&#8221; css=&#8221;.vc_custom_1615463571823{margin-right: 0px !important;margin-left: 0px !important;padding-right: 0px !important;padding-left: 0px !important;}&#8221; link=&#8221;url:https%3A%2F%2Fwww.decraafrica.com\/pt\/latest-news%2F|||&#8221;][\/vc_column][\/vc_row][vc_row full_width=&#8221;stretch_row&#8221; content_placement=&#8221;top&#8221; css=&#8221;.vc_custom_1512728714401{padding-top: 20px !important;padding-bottom: 20px !important;background-color: #144071 !important;}&#8221;][vc_column][vc_column_text]<\/p>\n<p style=\"text-align: center;\"><span style=\"font-size: 32px; color: #fff;\"><strong>TRUST DECRA<\/strong><\/span><\/p>\n<p>[\/vc_column_text][vc_row_inner gap=&#8221;15&#8243;][vc_column_inner width=&#8221;1\/3&#8243;][vc_column_text]<\/p>\n<p style=\"text-align: center;\"><span style=\"font-size: 18px; color: #fff;\"><strong>CERTIFICADOS DE PRODUTO E TESTE<\/strong><\/span><\/p>\n<p>[\/vc_column_text][vc_column_text]<\/p>\n<p style=\"text-align: center;\"><span style=\"font-size: 14px; color: #fff;\">Os produtos Decra s\u00e3o testados continuamente para garantir um desempenho ideal. Veja como testamos e qual certifica\u00e7\u00e3o internacional nossos produtos atendem.<\/span><\/p>\n<p>[\/vc_column_text][vc_btn title=&#8221;Ver certificados&#8221; style=&#8221;outline&#8221; color=&#8221;white&#8221; align=&#8221;center&#8221; css=&#8221;.vc_custom_1615463655755{margin-top: 20px !important;}&#8221; link=&#8221;url:https%3A%2F%2Fwww.decraafrica.com\/pt\/certification%2F|||&#8221;][\/vc_column_inner][vc_column_inner width=&#8221;1\/3&#8243;][vc_column_text]<\/p>\n<p style=\"text-align: center;\"><span style=\"font-size: 18px; color: #fff;\"><strong>GARANTIA GRATUITA DE 50 ANOS<\/strong><\/span><\/p>\n<p>[\/vc_column_text][vc_column_text]<\/p>\n<p style=\"text-align: center;\"><span style=\"font-size: 14px; color: #fff;\">Cada telhado Decra \u00e9 oferecido com uma garantia gratuita de 50 anos, que acreditamos n\u00e3o ser rebat\u00edvel. Descubra o que isso inclui aqui. <\/span><\/p>\n<p>[\/vc_column_text][vc_btn title=&#8221;Verifique agora&#8221; style=&#8221;outline&#8221; color=&#8221;white&#8221; align=&#8221;center&#8221; css=&#8221;.vc_custom_1615463645687{margin-top: 20px !important;}&#8221; link=&#8221;url:https%3A%2F%2Fwww.decraafrica.com\/pt\/decra-warranty%2F|||&#8221;][\/vc_column_inner][vc_column_inner width=&#8221;1\/3&#8243;][vc_column_text]<\/p>\n<p style=\"text-align: center;\"><span style=\"font-size: 18px; color: #fff;\"><strong>PERGUNTAS FREQUENTES<\/strong><\/span><\/p>\n<p>[\/vc_column_text][vc_column_text]<\/p>\n<p style=\"text-align: center;\"><span style=\"font-size: 14px; color: #fff;\">Comprar o telhado certo \u00e9 um investimento no futuro. Certifique-se de ter todos os fatos verificando algumas perguntas frequentes aqui.<\/span><\/p>\n<p>[\/vc_column_text][vc_btn title=&#8221;Ver todas as perguntas frequentes&#8221; style=&#8221;outline&#8221; color=&#8221;white&#8221; align=&#8221;center&#8221; css=&#8221;.vc_custom_1615463808055{margin-top: 20px !important;}&#8221; link=&#8221;url:https%3A%2F%2Fwww.decraafrica.com\/pt\/gerardroofs%2Ffaqs%2F|||&#8221;][\/vc_column_inner][\/vc_row_inner][\/vc_column][\/vc_row][vc_row full_width=&#8221;stretch_row&#8221; content_placement=&#8221;top&#8221; css=&#8221;.vc_custom_1512729585874{padding-top: 20px !important;padding-bottom: 20px !important;}&#8221;][vc_column][vc_column_text]<\/p>\n<p style=\"text-align: center;\"><span style=\"font-size: 36px; color: #144071;\"><strong>ESTAR INSPIRADO<\/strong><\/span><\/p>\n<p>[\/vc_column_text][\/vc_column][\/vc_row][vc_row gap=&#8221;10&#8243;][vc_column width=&#8221;1\/4&#8243;][vc_single_image image=&#8221;6426&#8243; img_size=&#8221;385&#215;271&#8243; alignment=&#8221;center&#8221;][vc_custom_heading text=&#8221;PORQUE ESCOLHER A DECRA?&#8221; font_container=&#8221;tag:h6|font_size:16PX|text_align:center|color:%23144071&#8243; google_fonts=&#8221;font_family:Montserrat%3Aregular%2C700|font_style:700%20bold%20regular%3A700%3Anormal&#8221; css=&#8221;.vc_custom_1615463873690{margin-top: -30px !important;}&#8221; link=&#8221;url:https%3A%2F%2Fwww.decraafrica.com\/pt\/benefits%2F|||&#8221;][\/vc_column][vc_column width=&#8221;1\/4&#8243;][vc_single_image image=&#8221;2710&#8243; img_size=&#8221;385&#215;271&#8243; alignment=&#8221;center&#8221;][vc_custom_heading text=&#8221;BAIXAR FOLHAS&#8221; font_container=&#8221;tag:h6|font_size:16PX|text_align:center|color:%23144071&#8243; google_fonts=&#8221;font_family:Montserrat%3Aregular%2C700|font_style:700%20bold%20regular%3A700%3Anormal&#8221; css=&#8221;.vc_custom_1615463883649{margin-top: -30px !important;}&#8221; link=&#8221;url:https%3A%2F%2Fwww.decraafrica.com\/pt\/brochure%2F|||&#8221;][\/vc_column][vc_column width=&#8221;1\/4&#8243;][vc_single_image image=&#8221;10984&#8243; img_size=&#8221;385&#215;271&#8243; alignment=&#8221;center&#8221;][vc_custom_heading text=&#8221;ASSISTA NOSSOS V\u00cdDEOS&#8221; font_container=&#8221;tag:h6|font_size:16PX|text_align:center|color:%23144071&#8243; google_fonts=&#8221;font_family:Montserrat%3Aregular%2C700|font_style:700%20bold%20regular%3A700%3Anormal&#8221; css=&#8221;.vc_custom_1615463893019{margin-top: -30px !important;}&#8221; link=&#8221;url:https%3A%2F%2Fwww.youtube.com%2Fgerardroofs||target:%20_blank|&#8221;][\/vc_column][vc_column width=&#8221;1\/4&#8243;][vc_single_image image=&#8221;6428&#8243; img_size=&#8221;385&#215;271&#8243; alignment=&#8221;center&#8221;][vc_custom_heading text=&#8221;VEJA A NOSSA GALERIA&#8221; font_container=&#8221;tag:h6|font_size:16PX|text_align:center|color:%23144071&#8243; google_fonts=&#8221;font_family:Montserrat%3Aregular%2C700|font_style:700%20bold%20regular%3A700%3Anormal&#8221; css=&#8221;.vc_custom_1615463902430{margin-top: -30px !important;}&#8221; link=&#8221;url:https%3A%2F%2Fwww.decraafrica.com\/pt\/decra-gallery-all%2F|||&#8221;][\/vc_column][\/vc_row][vc_row full_width=&#8221;stretch_row&#8221; content_placement=&#8221;top&#8221; css=&#8221;.vc_custom_1537441360311{margin-bottom: 0px !important;padding-top: 20px !important;padding-bottom: 20px !important;background-color: #fbc037 !important;}&#8221;][vc_column][vc_column_text]<\/p>\n<p style=\"text-align: center;\"><span style=\"font-size: 36px; color: #144071;\"><strong>PROPRIET\u00c1RIOS DA DECRA<\/strong><\/span><br \/>\n<span style=\"font-size: 16px; color: #000000; margin-top: 25px;\">Ser dono de uma cobertura Decra \u00e9 como pertencer a um clube exclusivo. Se j\u00e1 investiu num telhado Decra genu\u00edno, registe-se para obter a sua garantia GRATUITA de 50 anos e consulte o nosso guia para obter o m\u00e1ximo do seu telhado.<\/span><\/p>\n<p>[\/vc_column_text][vc_row_inner content_placement=&#8221;top&#8221; css=&#8221;.vc_custom_1537441279258{margin-top: 0px !important;}&#8221;][vc_column_inner width=&#8221;1\/2&#8243; css=&#8221;.vc_custom_1512730921406{margin-left: 50px !important;}&#8221;][vc_single_image image=&#8221;12859&#8243; img_size=&#8221;200X200&#8243; alignment=&#8221;center&#8221; css=&#8221;.vc_custom_1615464142679{margin-bottom: 0px !important;}&#8221;][vc_custom_heading text=&#8221;REGISTE-SE PARA A SUA GARANTIA GRATUITA DE 50 ANOS&#8221; font_container=&#8221;tag:h1|font_size:18PX|text_align:center|color:%23144071&#8243; google_fonts=&#8221;font_family:Montserrat%3Aregular%2C700|font_style:700%20bold%20regular%3A700%3Anormal&#8221; css=&#8221;.vc_custom_1615464160792{margin-top: 25px !important;margin-right: 50px !important;margin-left: 50px !important;padding-right: 50px !important;padding-left: 50px !important;}&#8221; link=&#8221;url:https%3A%2F%2Fwww.decraafrica.com\/pt\/decra-warranty%2F|||&#8221;][\/vc_column_inner][vc_column_inner width=&#8221;1\/2&#8243; css=&#8221;.vc_custom_1512730987723{margin-right: 50px !important;}&#8221;][vc_single_image image=&#8221;6441&#8243; img_size=&#8221;medium&#8221; alignment=&#8221;center&#8221;][vc_custom_heading text=&#8221;BAIXE NOSSO GUIA PARA CUIDAR DO SEU DECRA TELHADO&#8221; font_container=&#8221;tag:h1|font_size:18PX|text_align:center|color:%23144071&#8243; google_fonts=&#8221;font_family:Montserrat%3Aregular%2C700|font_style:700%20bold%20regular%3A700%3Anormal&#8221; css=&#8221;.vc_custom_1615464038639{margin-top: -30px !important;margin-right: 50px !important;margin-left: 50px !important;padding-right: 30px !important;padding-left: 30px !important;}&#8221; link=&#8221;url:https%3A%2F%2Fwww.decraafrica.com\/pt\/wp-content%2Fuploads%2F2016%2F09%2Froof-cleaning-guide.pdf||target:%20_blank|&#8221;][\/vc_column_inner][\/vc_row_inner][\/vc_column][\/vc_row][vc_row css=&#8221;.vc_custom_1531220916130{margin-top: 30px !important;margin-bottom: 60px !important;}&#8221;][vc_column width=&#8221;1\/2&#8243;][vc_single_image image=&#8221;10238&#8243; img_size=&#8221;large&#8221; css_animation=&#8221;zoomIn&#8221;][\/vc_column][vc_column width=&#8221;1\/2&#8243;][vc_column_text]<span style=\"font-size: 24px;\"><strong><span style=\"color: #144071;\"><br \/>\nSEMPRE VERIFIQUE A PARTE DE TR\u00c1S DE SUAS TELHAS PARA O LOGOTIPO DECRA<\/span><\/strong><\/span><br \/>\n<span style=\"font-size: 24px; color: #144071; text-align: center;\"><strong>SE N\u00c3O EST\u00c1 L\u00c1, N\u00c3O EST\u00c1 <\/strong><\/span><span style=\"font-size: 24px; color: #fbbb26;\"><strong>#GENUINEDECRA<\/strong><\/span>[\/vc_column_text][vc_btn title=&#8221;Certifique-se de que \u00e9 #GenuineDecra&#8221; style=&#8221;flat&#8221; shape=&#8221;round&#8221; color=&#8221;black&#8221; link=&#8221;url:https%3A%2F%2Fwww.decraafrica.com\/pt\/genuine-decra%2F|||&#8221;][\/vc_column][\/vc_row][vc_row full_width=&#8221;stretch_row&#8221; css=&#8221;.vc_custom_1532943974139{margin-top: 0px !important;margin-bottom: 0px !important;padding-top: 40px !important;padding-bottom: 40px !important;background-color: #ffd500 !important;}&#8221;][vc_column width=&#8221;1\/3&#8243;][vc_single_image image=&#8221;12356&#8243; img_size=&#8221;large&#8221; alignment=&#8221;center&#8221;][\/vc_column][vc_column width=&#8221;2\/3&#8243;][vc_custom_heading text=&#8221;PR\u00d3XIMOS PASSOS&#8221; font_container=&#8221;tag:h2|font_size:32|text_align:left|color:%23104471&#8243; use_theme_fonts=&#8221;yes&#8221; el_class=&#8221;heading-title&#8221; css=&#8221;.vc_custom_1614599192416{margin-top: 0px !important;border-top-width: 0px !important;border-bottom-width: 0px !important;padding-top: 0px !important;padding-bottom: 0px !important;}&#8221;][vc_column_text css=&#8221;.vc_custom_1614599204278{margin-top: 0px !important;margin-bottom: 0px !important;padding-top: 0px !important;padding-bottom: 0px !important;}&#8221;]<span style=\"font-size: 22px; color: #144071; font-weight: 500;\"><strong>Estamos aqui para orient\u00e1-lo no processo de sele\u00e7\u00e3o do telhado certo para voc\u00ea.<\/strong><\/span>[\/vc_column_text][vc_column_text css=&#8221;.vc_custom_1614599219354{margin-top: 15px !important;margin-bottom: 15px !important;padding-top: 0px !important;padding-bottom: 0px !important;}&#8221;]<span style=\"font-size: 14px; color: #000;\">Os nossos distribuidores s\u00e3o profissionais que ir\u00e3o ouvir as suas necessidades, fazer recomenda\u00e7\u00f5es e calcular as suas necessidades de cobertura. Para o telhado dos seus sonhos, marque uma reuni\u00e3o no dia e na hora que mais lhe convier &#8230;.. <\/span>[\/vc_column_text][vc_btn title=&#8221;Marque uma reuni\u00e3o agora&#8221; style=&#8221;flat&#8221; shape=&#8221;round&#8221; color=&#8221;primary&#8221; link=&#8221;url:https%3A%2F%2Fwww.decraafrica.com\/pt\/contact%2F|||&#8221;][\/vc_column][\/vc_row]<\/p>\n<\/div>","protected":false},"excerpt":{"rendered":"<p>[vc_row full_width=&#8221;stretch_row_content_no_spaces&#8221; css=&#8221;.vc_custom_1526381095579{padding-top: 50px !important;padding-bottom: 50px !important;background-color: #144071 !important;}&#8221;][vc_column][vc_column_text] O QUE S\u00c3O AS TELHADAS DE METAL REVESTIDAS COM PEDRA? PORQUE DEVO ESCOLHER O DECRA? GUIA PARA COMPRADORES DE TELHADO [\/vc_column_text][vc_btn title=&#8221;DESCUBRA MAIS&#8221; style=&#8221;flat&#8221; shape=&#8221;round&#8221; color=&#8221;warning&#8221; align=&#8221;center&#8221; link=&#8221;url:https%3A%2F%2Fwww.decraafrica.com\/pt\/roof-explained%2F|||&#8221;][\/vc_column][\/vc_row][vc_row gap=&#8221;10&#8243;][vc_column width=&#8221;1\/4&#8243; css=&#8221;.vc_custom_1512574880588{margin-right: 10px !important;border-top-width: 1px !important;border-right-width: 1px !important;border-bottom-width: 1px !important;border-left-width: 1px !important;padding-top: 40px !important;padding-right: 40px !important;padding-bottom: 40px [&hellip;]<\/p>\n","protected":false},"author":1,"featured_media":0,"parent":0,"menu_order":0,"comment_status":"open","ping_status":"closed","template":"","meta":{"content-type":"","footnotes":""},"class_list":["post-6374","page","type-page","status-publish","hentry"],"_links":{"self":[{"href":"https:\/\/www.decraafrica.com\/pt\/wp-json\/wp\/v2\/pages\/6374","targetHints":{"allow":["GET"]}}],"collection":[{"href":"https:\/\/www.decraafrica.com\/pt\/wp-json\/wp\/v2\/pages"}],"about":[{"href":"https:\/\/www.decraafrica.com\/pt\/wp-json\/wp\/v2\/types\/page"}],"author":[{"embeddable":true,"href":"https:\/\/www.decraafrica.com\/pt\/wp-json\/wp\/v2\/users\/1"}],"replies":[{"embeddable":true,"href":"https:\/\/www.decraafrica.com\/pt\/wp-json\/wp\/v2\/comments?post=6374"}],"version-history":[{"count":5,"href":"https:\/\/www.decraafrica.com\/pt\/wp-json\/wp\/v2\/pages\/6374\/revisions"}],"predecessor-version":[{"id":12915,"href":"https:\/\/www.decraafrica.com\/pt\/wp-json\/wp\/v2\/pages\/6374\/revisions\/12915"}],"wp:attachment":[{"href":"https:\/\/www.decraafrica.com\/pt\/wp-json\/wp\/v2\/media?parent=6374"}],"curies":[{"name":"wp","href":"https:\/\/api.w.org\/{rel}","templated":true}]}}