{"id":6683,"date":"2018-05-16T18:14:29","date_gmt":"2018-05-16T17:14:29","guid":{"rendered":"https:\/\/www.decraafrica.com\/pt\/?page_id=6683"},"modified":"2021-03-11T12:10:48","modified_gmt":"2021-03-11T12:10:48","slug":"genuine-decra","status":"publish","type":"page","link":"https:\/\/www.decraafrica.com\/pt\/genuine-decra\/","title":{"rendered":"Certifique-se de que \u00e9 #GenuineDecra"},"content":{"rendered":"<div class=\"wpb-content-wrapper\"><p>[vc_row css=&#8221;.vc_custom_1615457323422{margin-top: 50px !important;background-position: center !important;background-repeat: no-repeat !important;background-size: cover !important;}&#8221;][vc_column][vc_custom_heading text=&#8221;Certifique-se de que \u00e9 #GENUINEDECRA&#8221; font_container=&#8221;tag:h2|font_size:36|text_align:center|color:%23144071&#8243; use_theme_fonts=&#8221;yes&#8221;][vc_column_text css=&#8221;.vc_custom_1615457287848{margin-top: 20px !important;}&#8221;]<\/p>\n<p style=\"text-align: center;\"><span style=\"font-size: 16px;\"><strong><span style=\"color: #000000;\">Como todas as marcas l\u00edderes de produtos inovadores e desejados, existem falsifica\u00e7\u00f5es e c\u00f3pias das Telhas Decra\u00ae que s\u00e3o oferecidas para venda como reais. CUIDADO! Porque esses telhados N\u00c3O funcionar\u00e3o de acordo com nossos altos padr\u00f5es. <\/span> <\/strong><\/span><\/p>\n<p>[\/vc_column_text][\/vc_column][\/vc_row][vc_row css=&#8221;.vc_custom_1615457960595{margin-top: 50px !important;margin-bottom: 50px !important;}&#8221;][vc_column width=&#8221;1\/2&#8243;][vc_single_image image=&#8221;10238&#8243; img_size=&#8221;large&#8221; css_animation=&#8221;zoomIn&#8221;][\/vc_column][vc_column width=&#8221;1\/2&#8243;][vc_column_text]<span style=\"font-size: 24px;\"><strong><span style=\"color: #144071;\"><br \/>\nSEMPRE VERIFIQUE A PARTE DE TR\u00c1S DE SUAS TELHAS PARA O LOGOTIPO DECRA<\/span><\/strong><\/span><br \/>\n<span style=\"font-size: 24px; color: #144071; text-align: center;\"><strong>SE N\u00c3O EST\u00c1 L\u00c1, N\u00c3O EST\u00c1 <\/strong><\/span><span style=\"font-size: 24px; color: #fbbb26;\"><strong>#GENUINEDECRA<\/strong><\/span>[\/vc_column_text][vc_btn title=&#8221;Certifique-se de que \u00e9 #GenuineDecra&#8221; style=&#8221;flat&#8221; shape=&#8221;round&#8221; color=&#8221;black&#8221; link=&#8221;url:https%3A%2F%2Fwww.decraafrica.com\/pt\/genuine-decra%2F|||&#8221;][\/vc_column][\/vc_row][vc_row css=&#8221;.vc_custom_1510242430664{margin-top: 0px !important;padding-top: 0px !important;padding-bottom: 0px !important;}&#8221;][vc_column][vc_custom_heading text=&#8221;ESCOLHER O GENU\u00cdNO&#8221; font_container=&#8221;tag:h1|font_size:36|text_align:center|color:%23104471&#8243; use_theme_fonts=&#8221;yes&#8221; el_class=&#8221;heading-title&#8221; css=&#8221;.vc_custom_1615457343925{margin-top: 0px !important;border-top-width: 0px !important;border-bottom-width: 0px !important;padding-top: 0px !important;padding-bottom: 0px !important;}&#8221;][\/vc_column][\/vc_row][vc_row gap=&#8221;10&#8243;][vc_column width=&#8221;1\/3&#8243;][vc_single_image image=&#8221;6707&#8243; img_size=&#8221;large&#8221; alignment=&#8221;center&#8221;][vc_custom_heading text=&#8221;A\u00c7O ALU-ZINCO&#8221; font_container=&#8221;tag:h6|font_size:22PX|text_align:center|color:%23000000&#8243; use_theme_fonts=&#8221;yes&#8221; css_animation=&#8221;fadeInUp&#8221; css=&#8221;.vc_custom_1615457444509{margin-top: -10px !important;}&#8221;][vc_column_text css=&#8221;.vc_custom_1615457533248{margin-top: 10px !important;}&#8221;]<\/p>\n<p style=\"font-size: 14px; text-align: center;\"><span style=\"color: #000000;\">Todos os produtos para telhado Decra\u00ae s\u00e3o fabricados em a\u00e7o alu-zinco, que demonstrou em testes durar de 6 a 9 vezes mais do que os produtos para telhado comuns de a\u00e7o galvanizado. Isso \u00e9 obtido protegendo o n\u00facleo de a\u00e7o com zinco, que por sua vez \u00e9 protegido por uma barreira de alum\u00ednio. Como pioneira no uso de a\u00e7o alu-zinco, a Decra\u00ae tem experi\u00eancia incompar\u00e1vel na fabrica\u00e7\u00e3o de telhas de a\u00e7o de longa dura\u00e7\u00e3o.<\/span><\/p>\n<p>[\/vc_column_text][\/vc_column][vc_column width=&#8221;1\/3&#8243;][vc_single_image image=&#8221;6708&#8243; img_size=&#8221;large&#8221; alignment=&#8221;center&#8221;][vc_custom_heading text=&#8221;PEDRA NATURAL&#8221; font_container=&#8221;tag:h6|font_size:22|text_align:center|color:%23000000&#8243; use_theme_fonts=&#8221;yes&#8221; css_animation=&#8221;fadeInUp&#8221; css=&#8221;.vc_custom_1615457464474{margin-top: -10px !important;}&#8221;][vc_column_text css=&#8221;.vc_custom_1615457545441{margin-top: 10px !important;}&#8221;]<\/p>\n<p style=\"font-size: 14px; text-align: center;\"><span style=\"color: #000000;\">As telhas Decra\u00ae Roofing s\u00e3o revestidas com lascas de pedra natural, formadas vulcanicamente e retiradas de pedreiras na Nova Zel\u00e2ndia. Esses revestimentos adicionam beleza natural ao telhado e uma camada dura de prote\u00e7\u00e3o contra as intemp\u00e9ries Por ser de pedra natural, a cor vibrante \u00e9 protegida contra os raios ultravioleta do sol africano e nunca mudar\u00e1.<\/span><\/p>\n<p>[\/vc_column_text][\/vc_column][vc_column width=&#8221;1\/3&#8243;][vc_single_image image=&#8221;6709&#8243; img_size=&#8221;large&#8221; alignment=&#8221;center&#8221;][vc_custom_heading text=&#8221;TECNOLOGIA&#8221; font_container=&#8221;tag:h6|font_size:22|text_align:center|color:%23000000&#8243; use_theme_fonts=&#8221;yes&#8221; css_animation=&#8221;fadeInUp&#8221; css=&#8221;.vc_custom_1615457485848{margin-top: -10px !important;}&#8221;][vc_column_text css=&#8221;.vc_custom_1615457557858{margin-top: 10px !important;}&#8221;]<\/p>\n<p style=\"font-size: 14px; text-align: center;\"><span style=\"color: #000000;\">O desempenho a longo prazo \u00e9 o que diferencia a Decra de outros ladrilhos revestidos a pedra. Por exemplo, nossas t\u00e9cnicas de fabrica\u00e7\u00e3o avan\u00e7adas exclusivas garantem que nosso chip de pedra permane\u00e7a preso a nossos ladrilhos por toda a vida. Somos a \u00fanica empresa com 60 anos de hist\u00f3ria na fabrica\u00e7\u00e3o de telhas revestidas de pedra e empregamos a experi\u00eancia e o conhecimento adquiridos ao longo desse tempo em nossa tecnologia de fabrica\u00e7\u00e3o avan\u00e7ada.<\/span><\/p>\n<p>[\/vc_column_text][\/vc_column][\/vc_row][vc_row css=&#8221;.vc_custom_1510242430664{margin-top: 0px !important;padding-top: 0px !important;padding-bottom: 0px !important;}&#8221;][vc_column][vc_custom_heading text=&#8221;CARACTER\u00cdSTICAS E BENEF\u00cdCIOS&#8221; font_container=&#8221;tag:h2|font_size:36|text_align:center|color:%23104471&#8243; use_theme_fonts=&#8221;yes&#8221; el_class=&#8221;heading-title&#8221; css=&#8221;.vc_custom_1615457570971{margin-top: 0px !important;border-top-width: 0px !important;border-bottom-width: 0px !important;padding-top: 0px !important;padding-bottom: 0px !important;}&#8221;][\/vc_column][\/vc_row][vc_row gap=&#8221;10&#8243; css=&#8221;.vc_custom_1526486422676{margin-top: 20px !important;margin-bottom: 20px !important;}&#8221;][vc_column width=&#8221;1\/6&#8243;][vc_single_image image=&#8221;6730&#8243; img_size=&#8221;150&#215;150&#8243; alignment=&#8221;center&#8221;][vc_column_text css=&#8221;.vc_custom_1615457581345{margin-top: -15px !important;}&#8221;]<\/p>\n<p style=\"text-align: center; font-size: 12px;\"><span style=\"color: #000000;\">Perfeito para a vida costeira<\/span><\/p>\n<p>[\/vc_column_text][\/vc_column][vc_column width=&#8221;1\/6&#8243;][vc_single_image image=&#8221;6731&#8243; img_size=&#8221;150&#215;150&#8243; alignment=&#8221;center&#8221;][vc_column_text css=&#8221;.vc_custom_1615457593978{margin-top: -15px !important;}&#8221;]<\/p>\n<p style=\"text-align: center; font-size: 12px;\"><span style=\"color: #000000;\">Protegido contra corros\u00e3o<\/span><\/p>\n<p>[\/vc_column_text][\/vc_column][vc_column width=&#8221;1\/6&#8243;][vc_single_image image=&#8221;6732&#8243; img_size=&#8221;150&#215;150&#8243; alignment=&#8221;center&#8221;][vc_column_text css=&#8221;.vc_custom_1615457607475{margin-top: -15px !important;}&#8221;]<\/p>\n<p style=\"text-align: center; font-size: 12px;\"><span style=\"color: #000000;\">Instala\u00e7\u00e3o R\u00e1pida<\/span><\/p>\n<p>[\/vc_column_text][\/vc_column][vc_column width=&#8221;1\/6&#8243;][vc_single_image image=&#8221;6733&#8243; img_size=&#8221;150&#215;150&#8243; alignment=&#8221;center&#8221;][vc_column_text css=&#8221;.vc_custom_1615457617873{margin-top: -15px !important;}&#8221;]<\/p>\n<p style=\"text-align: center; font-size: 12px;\"><span style=\"color: #000000;\">Resistente ao fogo<\/span><\/p>\n<p>[\/vc_column_text][\/vc_column][vc_column width=&#8221;1\/6&#8243;][vc_single_image image=&#8221;6728&#8243; img_size=&#8221;150&#215;150&#8243; alignment=&#8221;center&#8221;][vc_column_text css=&#8221;.vc_custom_1615457628919{margin-top: -15px !important;}&#8221;]<\/p>\n<p style=\"text-align: center; font-size: 12px;\"><span style=\"color: #000000;\">60 anos de heran\u00e7a<\/span><\/p>\n<p>[\/vc_column_text][\/vc_column][vc_column width=&#8221;1\/6&#8243;][vc_single_image image=&#8221;6729&#8243; img_size=&#8221;150&#215;150&#8243; alignment=&#8221;center&#8221;][vc_column_text css=&#8221;.vc_custom_1615457640312{margin-top: -15px !important;}&#8221;]<\/p>\n<p style=\"text-align: center; font-size: 12px;\"><span style=\"color: #000000;\">\u00c0 prova de furac\u00e3o<\/span><\/p>\n<p>[\/vc_column_text][\/vc_column][\/vc_row][vc_row gap=&#8221;10&#8243;][vc_column width=&#8221;1\/6&#8243;][vc_single_image image=&#8221;6722&#8243; img_size=&#8221;150&#215;150&#8243; alignment=&#8221;center&#8221;][vc_column_text css=&#8221;.vc_custom_1615457657534{margin-top: -15px !important;}&#8221;]<\/p>\n<p style=\"text-align: center; font-size: 12px;\"><span style=\"color: #000000;\">Leve<\/span><\/p>\n<p>[\/vc_column_text][\/vc_column][vc_column width=&#8221;1\/6&#8243;][vc_single_image image=&#8221;6727&#8243; img_size=&#8221;150&#215;150&#8243; alignment=&#8221;center&#8221;][vc_column_text css=&#8221;.vc_custom_1615457669094{margin-top: -15px !important;}&#8221;]<\/p>\n<p style=\"text-align: center; font-size: 12px;\"><span style=\"color: #000000;\">Protegido contra Mon\u00e7\u00f5es<\/span><\/p>\n<p>[\/vc_column_text][\/vc_column][vc_column width=&#8221;1\/6&#8243;][vc_single_image image=&#8221;6723&#8243; img_size=&#8221;150&#215;150&#8243; alignment=&#8221;center&#8221;][vc_column_text css=&#8221;.vc_custom_1615457679787{margin-top: -15px !important;}&#8221;]<\/p>\n<p style=\"text-align: center; font-size: 12px;\"><span style=\"color: #000000;\">Seguro<\/span><\/p>\n<p>[\/vc_column_text][\/vc_column][vc_column width=&#8221;1\/6&#8243;][vc_single_image image=&#8221;6724&#8243; img_size=&#8221;150&#215;150&#8243; alignment=&#8221;center&#8221;][vc_column_text css=&#8221;.vc_custom_1615457690610{margin-top: -15px !important;}&#8221;]<\/p>\n<p style=\"text-align: center; font-size: 12px;\"><span style=\"color: #000000;\">Super forte<\/span><\/p>\n<p>[\/vc_column_text][\/vc_column][vc_column width=&#8221;1\/6&#8243;][vc_single_image image=&#8221;6725&#8243; img_size=&#8221;150&#215;150&#8243; alignment=&#8221;center&#8221;][vc_column_text css=&#8221;.vc_custom_1615457702281{margin-top: -15px !important;}&#8221;]<\/p>\n<p style=\"text-align: center; font-size: 12px;\"><span style=\"color: #000000;\">Testado e inspecionado<\/span><\/p>\n<p>[\/vc_column_text][\/vc_column][vc_column width=&#8221;1\/6&#8243;][vc_single_image image=&#8221;6726&#8243; img_size=&#8221;150&#215;150&#8243; alignment=&#8221;center&#8221;][vc_column_text css=&#8221;.vc_custom_1615457714659{margin-top: -15px !important;}&#8221;]<\/p>\n<p style=\"text-align: center; font-size: 12px;\"><span style=\"color: #000000;\">\u00c0 prova de intemp\u00e9ries<\/span><\/p>\n<p>[\/vc_column_text][\/vc_column][\/vc_row][vc_row css=&#8221;.vc_custom_1526483666003{margin-top: 20px !important;padding-top: 0px !important;padding-bottom: 0px !important;}&#8221;][vc_column][vc_custom_heading text=&#8221;CUIDADO COM AS FALSAS&#8221; font_container=&#8221;tag:h2|font_size:36|text_align:center|color:%23104471&#8243; use_theme_fonts=&#8221;yes&#8221; el_class=&#8221;heading-title&#8221; css=&#8221;.vc_custom_1615457725019{margin-top: 0px !important;border-top-width: 0px !important;border-bottom-width: 0px !important;padding-top: 20px !important;padding-bottom: 20px !important;}&#8221;][vc_column_text css=&#8221;.vc_custom_1615457736762{margin-top: 10px !important;}&#8221;]<\/p>\n<p style=\"font-size: 14px; text-align: center;\"><span style=\"color: #000000;\">As c\u00f3pias raramente s\u00e3o t\u00e3o boas quanto o original e nenhum outro fabricante pode igualar a Decra\u00ae em termos de experi\u00eancia ou heran\u00e7a. Outros fabricantes de ladrilhos reduzem a qualidade do interior do ladrilho onde \u00e9 mais necess\u00e1rio para fazer um ladrilho que se pare\u00e7a com Decra por fora. Isto \u00e9 o que eles fazem&#8230;.. <\/span><\/p>\n<p>[\/vc_column_text][\/vc_column][\/vc_row][vc_row gap=&#8221;10&#8243;][vc_column width=&#8221;1\/3&#8243;][vc_single_image image=&#8221;10374&#8243; img_size=&#8221;large&#8221; alignment=&#8221;center&#8221;][vc_column_text css=&#8221;.vc_custom_1615457749250{margin-top: 10px !important;}&#8221;]<\/p>\n<p style=\"font-size: 14px; text-align: center;\"><span style=\"color: #000000;\">Reduzir a quantidade de alu-zinco no a\u00e7o economiza custos, mas tamb\u00e9m reduz a vida \u00fatil do a\u00e7o. Cortar o alu-zinco pela metade reduz a vida \u00fatil do a\u00e7o em dois ter\u00e7os.<\/span><\/p>\n<p>[\/vc_column_text][\/vc_column][vc_column width=&#8221;1\/3&#8243;][vc_single_image image=&#8221;10372&#8243; img_size=&#8221;large&#8221; alignment=&#8221;center&#8221;][vc_column_text css=&#8221;.vc_custom_1615457760297{margin-top: 10px !important;}&#8221;]<\/p>\n<p style=\"font-size: 14px; text-align: center;\"><span style=\"color: #000000;\">Em vez de lascas de pedra vulc\u00e2nica natural, outros fabricantes usam pedra pintada para economizar dinheiro. Isso muda rapidamente de cor para UV.<\/span><\/p>\n<p>[\/vc_column_text][\/vc_column][vc_column width=&#8221;1\/3&#8243;][vc_single_image image=&#8221;10373&#8243; img_size=&#8221;large&#8221; alignment=&#8221;center&#8221;][vc_column_text css=&#8221;.vc_custom_1615457773805{margin-top: 10px !important;}&#8221;]<\/p>\n<p style=\"font-size: 14px; text-align: center;\"><span style=\"color: #000000;\">Usar um revestimento b\u00e1sico gen\u00e9rico para colar seu revestimento ao a\u00e7o significa que o produto n\u00e3o foi projetado com esse trabalho em mente. O resultado \u00e9 a perda de cavacos, expondo o a\u00e7o \u00e0 corros\u00e3o.<\/span><\/p>\n<p>[\/vc_column_text][\/vc_column][\/vc_row][vc_row gap=&#8221;10&#8243; css=&#8221;.vc_custom_1531234709040{padding-top: 20px !important;padding-right: 40px !important;padding-bottom: 20px !important;padding-left: 40px !important;background-color: #fbbb26 !important;border-radius: 5px !important;}&#8221;][vc_column width=&#8221;1\/2&#8243; css=&#8221;.vc_custom_1526471005914{margin-right: 10px !important;border-top-width: 1px !important;border-right-width: 1px !important;border-bottom-width: 1px !important;border-left-width: 1px !important;padding-top: 40px !important;padding-right: 40px !important;padding-bottom: 40px !important;padding-left: 40px !important;}&#8221;][vc_single_image image=&#8221;10302&#8243; img_size=&#8221;large&#8221;][\/vc_column][vc_column width=&#8221;1\/2&#8243; css=&#8221;.vc_custom_1531234749723{margin-right: 30px !important;border-top-width: 1px !important;border-right-width: 1px !important;border-bottom-width: 1px !important;border-left-width: 1px !important;padding-top: 40px !important;padding-right: 40px !important;padding-bottom: 40px !important;padding-left: 40px !important;}&#8221;][vc_column_text css=&#8221;.vc_custom_1615457796205{margin-top: 10px !important;}&#8221;]<\/p>\n<p style=\"font-size: 20px;\"><em><span style=\"color: #000000;\">\u201cAs pessoas o enganaram e est\u00e3o usando gen\u00e9ricos que estragaram seu nome &#8230; Os tanzanianos come\u00e7aram a fabricar um perfil para \u2018Decra\u2019 com metal e depois pint\u00e1-lo e se voc\u00ea us\u00e1-lo aqui na praia em cinco anos, ele estar\u00e1 pronto.\u201d <\/span><\/em><\/p>\n<p style=\"font-size: 24px;\"><strong><span style=\"color: #000000;\">\u2014 Instalador da Tanz\u00e2nia<\/span><\/strong><\/p>\n<p>[\/vc_column_text][\/vc_column][\/vc_row][vc_row][vc_column][vc_custom_heading text=&#8221;O QUE VOC\u00ca PODE FAZER&#8221; font_container=&#8221;tag:h2|font_size:36|text_align:center|color:%23104471&#8243; use_theme_fonts=&#8221;yes&#8221; el_class=&#8221;heading-title&#8221; css=&#8221;.vc_custom_1615457808700{margin-top: 0px !important;border-top-width: 0px !important;border-bottom-width: 0px !important;padding-top: 0px !important;padding-bottom: 0px !important;}&#8221;][\/vc_column][\/vc_row][vc_row gap=&#8221;10&#8243; css=&#8221;.vc_custom_1526486634149{margin-bottom: 60px !important;}&#8221;][vc_column width=&#8221;1\/3&#8243;][vc_single_image image=&#8221;6720&#8243; img_size=&#8221;large&#8221; alignment=&#8221;center&#8221;][vc_custom_heading text=&#8221;TESTE DE MANDRILL&#8221; font_container=&#8221;tag:h2|font_size:22|text_align:center|color:%23000000&#8243; use_theme_fonts=&#8221;yes&#8221;][vc_column_text css=&#8221;.vc_custom_1615457828512{margin-top: 10px !important;}&#8221;]<\/p>\n<p style=\"font-size: 14px; text-align: center;\"><span style=\"color: #000000;\">Quando voc\u00ea dobra uma telha Decra\u00ae, ela permanecer\u00e1 100% coberta com lascas de pedra. Em telhas falsas, este teste pode expor o a\u00e7o. Os ladrilhos s\u00e3o dobrados durante a instala\u00e7\u00e3o, ent\u00e3o este \u00e9 um bom teste. Se o a\u00e7o for exposto, o telhado pode enferrujar desde o primeiro dia.<\/span><\/p>\n<p>[\/vc_column_text][\/vc_column][vc_column width=&#8221;1\/3&#8243;][vc_single_image image=&#8221;6721&#8243; img_size=&#8221;large&#8221; alignment=&#8221;center&#8221;][vc_custom_heading text=&#8221;TESTE DE RASPE&#8221; font_container=&#8221;tag:h2|font_size:22|text_align:center|color:%23000000&#8243; use_theme_fonts=&#8221;yes&#8221;][vc_column_text css=&#8221;.vc_custom_1615457841305{margin-top: 10px !important;}&#8221;]<\/p>\n<p style=\"font-size: 14px; text-align: center;\"><span style=\"color: #000000;\">Raspar o ladrilho revelar\u00e1 como a lasca de pedra est\u00e1 bem presa. Com Decra\u00ae, a perda de cavacos ser\u00e1 m\u00ednima, mas compare isso com outras pe\u00e7as. Em ladrilhos falsos, lascas de pedra podem sair com chuva forte, mas n\u00e3o em ladrilhos Decra genu\u00ednos.<\/span><\/p>\n<p>[\/vc_column_text][\/vc_column][vc_column width=&#8221;1\/3&#8243;][vc_single_image image=&#8221;10238&#8243; img_size=&#8221;large&#8221; alignment=&#8221;center&#8221; css=&#8221;.vc_custom_1543576985081{margin-bottom: 40px !important;border-top-width: 1px !important;border-right-width: 1px !important;border-bottom-width: 1px !important;border-left-width: 1px !important;padding-top: 15px !important;padding-bottom: 15px !important;border-left-color: #aaaaaa !important;border-left-style: solid !important;border-right-color: #aaaaaa !important;border-right-style: solid !important;border-top-color: #aaaaaa !important;border-top-style: solid !important;border-bottom-color: #aaaaaa !important;border-bottom-style: solid !important;border-radius: 1px !important;}&#8221;][vc_custom_heading text=&#8221;VERIFIQUE O LOGOTIPO&#8221; font_container=&#8221;tag:h2|font_size:22|text_align:center|color:%23000000&#8243; use_theme_fonts=&#8221;yes&#8221;][vc_column_text css=&#8221;.vc_custom_1615457854057{margin-top: 10px !important;}&#8221;]<\/p>\n<p style=\"font-size: 14px; text-align: center;\"><span style=\"color: #000000;\">As telhas genu\u00ednas Decra\u00ae t\u00eam o logotipo Decra\u00ae impresso no verso da telha para que voc\u00ea possa identificar facilmente a pe\u00e7a real. Verifique isso no momento da compra e tamb\u00e9m quando os tiles s\u00e3o entregues no seu site.<\/span><\/p>\n<p>[\/vc_column_text][\/vc_column][\/vc_row][vc_row full_width=&#8221;stretch_row&#8221; css=&#8221;.vc_custom_1537441692598{margin-top: 40px !important;margin-bottom: 0px !important;padding-top: 20px !important;padding-bottom: 20px !important;background-color: #202b59 !important;}&#8221;][vc_column width=&#8221;1\/4&#8243;][\/vc_column][vc_column width=&#8221;1\/4&#8243;][vc_btn title=&#8221;Marque uma reuni\u00e3o &#8221; style=&#8221;flat&#8221; shape=&#8221;round&#8221; color=&#8221;warning&#8221; align=&#8221;center&#8221; i_icon_fontawesome=&#8221;fas fa-phone-alt&#8221; button_block=&#8221;true&#8221; add_icon=&#8221;true&#8221; link=&#8221;url:https%3A%2F%2Fwww.decraafrica.com\/pt\/contact%2F|||&#8221;][\/vc_column][vc_column width=&#8221;1\/4&#8243;][vc_btn title=&#8221;Download Brochura&#8221; style=&#8221;flat&#8221; shape=&#8221;round&#8221; color=&#8221;warning&#8221; align=&#8221;center&#8221; i_icon_fontawesome=&#8221;fas fa-download&#8221; button_block=&#8221;true&#8221; add_icon=&#8221;true&#8221; css=&#8221;.vc_custom_1615458053778{margin-left: 20px !important;}&#8221; link=&#8221;url:https%3A%2F%2Fwww.decraafrica.com\/pt%2Fwp-content%2Fuploads%2F2018%2F07%2Fbrochure.pdf||target:%20_blank|&#8221;][\/vc_column][vc_column width=&#8221;1\/4&#8243;][\/vc_column][\/vc_row][vc_row full_width=&#8221;stretch_row&#8221; css=&#8221;.vc_custom_1532943974139{margin-top: 0px !important;margin-bottom: 0px !important;padding-top: 40px !important;padding-bottom: 40px !important;background-color: #ffd500 !important;}&#8221;][vc_column width=&#8221;1\/3&#8243;][vc_single_image image=&#8221;12356&#8243; img_size=&#8221;large&#8221; alignment=&#8221;center&#8221;][\/vc_column][vc_column width=&#8221;2\/3&#8243;][vc_custom_heading text=&#8221;PR\u00d3XIMOS PASSOS&#8221; font_container=&#8221;tag:h2|font_size:32|text_align:left|color:%23104471&#8243; use_theme_fonts=&#8221;yes&#8221; el_class=&#8221;heading-title&#8221; css=&#8221;.vc_custom_1614599192416{margin-top: 0px !important;border-top-width: 0px !important;border-bottom-width: 0px !important;padding-top: 0px !important;padding-bottom: 0px !important;}&#8221;][vc_column_text css=&#8221;.vc_custom_1614599204278{margin-top: 0px !important;margin-bottom: 0px !important;padding-top: 0px !important;padding-bottom: 0px !important;}&#8221;]<span style=\"font-size: 22px; color: #144071; font-weight: 500;\"><strong>Estamos aqui para orient\u00e1-lo no processo de sele\u00e7\u00e3o do telhado certo para voc\u00ea.<\/strong><\/span>[\/vc_column_text][vc_column_text css=&#8221;.vc_custom_1614599219354{margin-top: 15px !important;margin-bottom: 15px !important;padding-top: 0px !important;padding-bottom: 0px !important;}&#8221;]<span style=\"font-size: 14px; color: #000;\">Os nossos distribuidores s\u00e3o profissionais que ir\u00e3o ouvir as suas necessidades, fazer recomenda\u00e7\u00f5es e calcular as suas necessidades de cobertura. Para o telhado dos seus sonhos, marque uma reuni\u00e3o no dia e na hora que mais lhe convier &#8230;.. <\/span>[\/vc_column_text][vc_btn title=&#8221;Marque uma reuni\u00e3o agora&#8221; style=&#8221;flat&#8221; shape=&#8221;round&#8221; color=&#8221;primary&#8221; link=&#8221;url:https%3A%2F%2Fwww.decraafrica.com\/pt\/contact%2F|||&#8221;][\/vc_column][\/vc_row]<\/p>\n<\/div>","protected":false},"excerpt":{"rendered":"<p>[vc_row css=&#8221;.vc_custom_1615457323422{margin-top: 50px !important;background-position: center !important;background-repeat: no-repeat !important;background-size: cover !important;}&#8221;][vc_column][vc_custom_heading text=&#8221;Certifique-se de que \u00e9 #GENUINEDECRA&#8221; font_container=&#8221;tag:h2|font_size:36|text_align:center|color:%23144071&#8243; use_theme_fonts=&#8221;yes&#8221;][vc_column_text css=&#8221;.vc_custom_1615457287848{margin-top: 20px !important;}&#8221;] Como todas as marcas l\u00edderes de produtos inovadores e desejados, existem falsifica\u00e7\u00f5es e c\u00f3pias das Telhas Decra\u00ae que s\u00e3o oferecidas para venda como reais. CUIDADO! Porque esses telhados N\u00c3O funcionar\u00e3o de acordo com nossos altos [&hellip;]<\/p>\n","protected":false},"author":1,"featured_media":0,"parent":0,"menu_order":0,"comment_status":"open","ping_status":"closed","template":"","meta":{"content-type":"","footnotes":""},"class_list":["post-6683","page","type-page","status-publish","hentry"],"_links":{"self":[{"href":"https:\/\/www.decraafrica.com\/pt\/wp-json\/wp\/v2\/pages\/6683","targetHints":{"allow":["GET"]}}],"collection":[{"href":"https:\/\/www.decraafrica.com\/pt\/wp-json\/wp\/v2\/pages"}],"about":[{"href":"https:\/\/www.decraafrica.com\/pt\/wp-json\/wp\/v2\/types\/page"}],"author":[{"embeddable":true,"href":"https:\/\/www.decraafrica.com\/pt\/wp-json\/wp\/v2\/users\/1"}],"replies":[{"embeddable":true,"href":"https:\/\/www.decraafrica.com\/pt\/wp-json\/wp\/v2\/comments?post=6683"}],"version-history":[{"count":7,"href":"https:\/\/www.decraafrica.com\/pt\/wp-json\/wp\/v2\/pages\/6683\/revisions"}],"predecessor-version":[{"id":12792,"href":"https:\/\/www.decraafrica.com\/pt\/wp-json\/wp\/v2\/pages\/6683\/revisions\/12792"}],"wp:attachment":[{"href":"https:\/\/www.decraafrica.com\/pt\/wp-json\/wp\/v2\/media?parent=6683"}],"curies":[{"name":"wp","href":"https:\/\/api.w.org\/{rel}","templated":true}]}}