{"id":6738,"date":"2018-05-17T12:07:26","date_gmt":"2018-05-17T09:07:26","guid":{"rendered":"https:\/\/www.decraafrica.com\/pt\/?page_id=6738"},"modified":"2021-03-11T17:17:38","modified_gmt":"2021-03-11T17:17:38","slug":"certification","status":"publish","type":"page","link":"https:\/\/www.decraafrica.com\/pt\/certification\/","title":{"rendered":"Teste e Certifica\u00e7\u00e3o"},"content":{"rendered":"<div class=\"wpb-content-wrapper\"><p>[vc_row full_width=&#8221;stretch_row&#8221; content_placement=&#8221;top&#8221; css=&#8221;.vc_custom_1526465605064{padding-top: 20px !important;padding-bottom: 20px !important;}&#8221;][vc_column][vc_custom_heading text=&#8221;TESTE E CERTIFICA\u00c7\u00c3O&#8221; font_container=&#8221;tag:h1|font_size:36|text_align:center|color:%23104471&#8243; use_theme_fonts=&#8221;yes&#8221; el_class=&#8221;heading-title&#8221; css=&#8221;.vc_custom_1615482726664{margin-top: 15px !important;margin-bottom: 30px !important;border-top-width: 0px !important;border-bottom-width: 0px !important;padding-top: 0px !important;padding-bottom: 0px !important;}&#8221;][vc_column_text]<\/p>\n<p style=\"text-align: center;\"><span style=\"font-size: 14px; color: #000000;\">Os ladrilhos Decra s\u00e3o testados de forma consistente quanto \u00e0 consist\u00eancia de qualidade em nossos pr\u00f3prios laborat\u00f3rios e esta\u00e7\u00f5es de teste independentes. As telhas de cada lote produzido todos os dias s\u00e3o selecionadas aleatoriamente e testadas para garantir que nossos padr\u00f5es de qualidade sejam atendidos em uma s\u00e9rie de medidas. Para a certifica\u00e7\u00e3o internacional, laborat\u00f3rios externos independentes testam as placas e acess\u00f3rios Decra para garantir que atendem aos altos padr\u00f5es definidos por eles e por pa\u00edses ao redor do mundo.<\/span><\/p>\n<p>[\/vc_column_text][\/vc_column][\/vc_row][vc_row gap=&#8221;10&#8243;][vc_column width=&#8221;1\/3&#8243;][vc_single_image image=&#8221;6747&#8243; img_size=&#8221;large&#8221; alignment=&#8221;center&#8221;][vc_custom_heading text=&#8221;RESIST\u00caNCIA AO TEMPO&#8221; font_container=&#8221;tag:h6|font_size:18|text_align:center|color:%23000000&#8243; use_theme_fonts=&#8221;yes&#8221; css=&#8221;.vc_custom_1615482752562{margin-top: -10px !important;}&#8221;][vc_column_text css=&#8221;.vc_custom_1615482763240{margin-top: 10px !important;}&#8221;]<\/p>\n<p style=\"font-size: 14px; text-align: center;\"><span style=\"color: #000000;\">Teste de resist\u00eancia ao impacto de pedras de granizo &#8211; pela Organiza\u00e7\u00e3o de Pesquisa Cient\u00edfica e Industrial da Commonwealth (CSIRO) Austr\u00e1lia. (AHI 9.1)<\/span><\/p>\n<p>[\/vc_column_text][vc_btn title=&#8221;Baixar certificado&#8221; style=&#8221;outline&#8221; shape=&#8221;round&#8221; color=&#8221;warning&#8221; size=&#8221;sm&#8221; align=&#8221;center&#8221; i_icon_fontawesome=&#8221;&#8221; button_block=&#8221;true&#8221; add_icon=&#8221;true&#8221; link=&#8221;url:https%3A%2F%2Fwww.decraafrica.com\/pt\/wp-content%2Fuploads%2F2018%2F07%2FAHI-2.1.16-Dynamic-Weather-Resistance-AS-2050-1994.pdf||target:%20_blank|&#8221;][\/vc_column][vc_column width=&#8221;1\/3&#8243;][vc_single_image image=&#8221;6739&#8243; img_size=&#8221;large&#8221; alignment=&#8221;center&#8221;][vc_custom_heading text=&#8221;SEGURAN\u00c7A METEOROL\u00d3GICA&#8221; font_container=&#8221;tag:h6|font_size:18|text_align:center|color:%23000000&#8243; use_theme_fonts=&#8221;yes&#8221; css=&#8221;.vc_custom_1615482774127{margin-top: -10px !important;}&#8221;][vc_column_text css=&#8221;.vc_custom_1615482786017{margin-top: 10px !important;}&#8221;]<\/p>\n<p style=\"font-size: 14px; text-align: center;\"><span style=\"color: #000000;\">Testes de penetra\u00e7\u00e3o din\u00e2mica de chuva em alta velocidade e carregamento de vento forte &#8211; pelo Construction Research Laboratory Inc, Fl\u00f3rida, EUA. (AHI 2.1.1)<\/span><\/p>\n<p>[\/vc_column_text][vc_btn title=&#8221;Baixar certificado&#8221; style=&#8221;outline&#8221; shape=&#8221;round&#8221; color=&#8221;warning&#8221; size=&#8221;sm&#8221; align=&#8221;center&#8221; i_icon_fontawesome=&#8221;&#8221; button_block=&#8221;true&#8221; add_icon=&#8221;true&#8221;][\/vc_column][vc_column width=&#8221;1\/3&#8243;][vc_single_image image=&#8221;6740&#8243; img_size=&#8221;large&#8221; alignment=&#8221;center&#8221;][vc_custom_heading text=&#8221;CERTIFICA\u00c7\u00c3O DE EDIF\u00cdCIO&#8221; font_container=&#8221;tag:h6|font_size:18|text_align:center|color:%23000000&#8243; use_theme_fonts=&#8221;yes&#8221; css=&#8221;.vc_custom_1615482815853{margin-top: -10px !important;}&#8221;][vc_column_text css=&#8221;.vc_custom_1615482798376{margin-top: 10px !important;}&#8221;]<\/p>\n<p style=\"font-size: 14px; text-align: center;\"><span style=\"color: #000000;\">British Board of Agreement, avalia\u00e7\u00e3o de produtos para constru\u00e7\u00e3o &#8211; Certificado n\u00ba: 99\/3568 de mar\u00e7o de 1999. e 99\/3568 de mar\u00e7o de 1999.<\/span><\/p>\n<p>[\/vc_column_text][vc_btn title=&#8221;Baixar certificado&#8221; style=&#8221;outline&#8221; shape=&#8221;round&#8221; color=&#8221;warning&#8221; size=&#8221;sm&#8221; align=&#8221;center&#8221; i_icon_fontawesome=&#8221;&#8221; button_block=&#8221;true&#8221; add_icon=&#8221;true&#8221; link=&#8221;url:https%3A%2F%2Fwww.decraafrica.com\/pt\/wp-content%2Fuploads%2F2018%2F07%2FAHI-3.94-BBA-99-3568i1.pdf||target:%20_blank|&#8221;][\/vc_column][\/vc_row][vc_row gap=&#8221;10&#8243; css=&#8221;.vc_custom_1526548034313{margin-top: 80px !important;}&#8221;][vc_column width=&#8221;1\/3&#8243; css=&#8221;.vc_custom_1526547873710{border-top-width: 1px !important;border-right-width: 1px !important;border-bottom-width: 1px !important;border-left-width: 1px !important;}&#8221;][vc_single_image image=&#8221;6745&#8243; img_size=&#8221;large&#8221; alignment=&#8221;center&#8221; css=&#8221;.vc_custom_1526547292731{margin-top: -30px !important;}&#8221;][vc_custom_heading text=&#8221;RESIST\u00caNCIA T\u00c9RMICA&#8221; font_container=&#8221;tag:h6|font_size:18|text_align:center|color:%23000000&#8243; use_theme_fonts=&#8221;yes&#8221; css=&#8221;.vc_custom_1615482825908{margin-top: -10px !important;}&#8221;][vc_column_text css=&#8221;.vc_custom_1615482866934{margin-top: 10px !important;}&#8221;]<\/p>\n<p style=\"font-size: 14px; text-align: center;\"><span style=\"color: #000000;\">Propriedades t\u00e9rmicas com e sem underlays (sarking). Testes pelo Centro T\u00e9cnico AHI, Nova Zel\u00e2ndia. (AHI 2.5.2, 3.63)<\/span><\/p>\n<p>[\/vc_column_text][vc_btn title=&#8221;Baixar certificado&#8221; style=&#8221;outline&#8221; shape=&#8221;round&#8221; color=&#8221;warning&#8221; size=&#8221;sm&#8221; align=&#8221;center&#8221; i_icon_fontawesome=&#8221;&#8221; button_block=&#8221;true&#8221; add_icon=&#8221;true&#8221; link=&#8221;url:https%3A%2F%2Fwww.decraafrica.com\/pt\/wp-content%2Fuploads%2F2018%2F07%2FAHI2.5.2-Themal-Transmittance-1984.pdf||target:%20_blank|&#8221;][\/vc_column][vc_column width=&#8221;1\/3&#8243; css=&#8221;.vc_custom_1526547882566{margin-right: 0px !important;border-top-width: 1px !important;border-right-width: 1px !important;border-bottom-width: 1px !important;border-left-width: 1px !important;}&#8221;][vc_single_image image=&#8221;6741&#8243; img_size=&#8221;large&#8221; alignment=&#8221;center&#8221; css=&#8221;.vc_custom_1526547389688{margin-top: -30px !important;}&#8221;][vc_custom_heading text=&#8221;CARGA CONCENTRADA&#8221; font_container=&#8221;tag:h6|font_size:18|text_align:center|color:%23000000&#8243; use_theme_fonts=&#8221;yes&#8221; css=&#8221;.vc_custom_1615482836331{margin-top: -10px !important;}&#8221;][vc_column_text css=&#8221;.vc_custom_1615482879254{margin-top: 10px !important;}&#8221;]<\/p>\n<p style=\"font-size: 14px; text-align: center;\"><span style=\"color: #000000;\">For\u00e7a concentrada em telhas no padr\u00e3o australiano 1562. Regra 5.2, 1973 pela Cyclone Testing Station, Austr\u00e1lia. (AHI 2.2.2, 2.1.9)<\/span><\/p>\n<p>[\/vc_column_text][vc_btn title=&#8221;Baixar certificado&#8221; style=&#8221;outline&#8221; shape=&#8221;round&#8221; color=&#8221;warning&#8221; size=&#8221;sm&#8221; align=&#8221;center&#8221; i_icon_fontawesome=&#8221;&#8221; button_block=&#8221;true&#8221; add_icon=&#8221;true&#8221; link=&#8221;url:https%3A%2F%2Fwww.decraafrica.com\/pt\/wp-content%2Fuploads%2F2018%2F07%2FAHI2.1.9-Low-Speed-Dynamic-Rain-Penetration-1980.pdf||target:%20_blank|&#8221;][\/vc_column][vc_column width=&#8221;1\/3&#8243;][vc_single_image image=&#8221;6746&#8243; img_size=&#8221;large&#8221; alignment=&#8221;center&#8221; css=&#8221;.vc_custom_1526547743053{margin-top: -30px !important;}&#8221;][vc_custom_heading text=&#8221;QUALIDADE DA \u00c1GUA&#8221; font_container=&#8221;tag:h6|font_size:18|text_align:center|color:%23000000&#8243; use_theme_fonts=&#8221;yes&#8221; css=&#8221;.vc_custom_1615482856480{margin-top: -10px !important;}&#8221;][vc_column_text css=&#8221;.vc_custom_1615482888836{margin-top: 10px !important;}&#8221;]<\/p>\n<p style=\"font-size: 14px; text-align: center;\"><span style=\"color: #000000;\">O escoamento da \u00e1gua da chuva est\u00e1 dentro dos limites inferiores dos padr\u00f5es da Organiza\u00e7\u00e3o Mundial de Sa\u00fade. Testes por Water Science Laboratories, Austr\u00e1lia.<\/span><\/p>\n<p>[\/vc_column_text][vc_btn title=&#8221;Baixar certificado&#8221; style=&#8221;outline&#8221; shape=&#8221;round&#8221; color=&#8221;warning&#8221; size=&#8221;sm&#8221; align=&#8221;center&#8221; i_icon_fontawesome=&#8221;&#8221; button_block=&#8221;true&#8221; add_icon=&#8221;true&#8221; link=&#8221;url:https%3A%2F%2Fwww.decraafrica.com\/pt\/wp-content%2Fuploads%2F2018%2F07%2FRainwater-collection-AS_NZS-4020_2005-Test-Report.pdf||target:%20_blank|&#8221;][\/vc_column][\/vc_row][vc_row gap=&#8221;10&#8243; css=&#8221;.vc_custom_1526548027419{margin-top: 80px !important;}&#8221;][vc_column width=&#8221;1\/3&#8243; css=&#8221;.vc_custom_1526547932854{margin-right: 10px !important;border-top-width: 1px !important;border-right-width: 1px !important;border-bottom-width: 1px !important;border-left-width: 1px !important;}&#8221;][vc_single_image image=&#8221;6743&#8243; img_size=&#8221;large&#8221; alignment=&#8221;center&#8221;][vc_custom_heading text=&#8221;RESIST\u00caNCIA AO FOGO&#8221; font_container=&#8221;tag:h6|font_size:18|text_align:center|color:%23000000&#8243; use_theme_fonts=&#8221;yes&#8221; css=&#8221;.vc_custom_1615482899275{margin-top: -10px !important;}&#8221;][vc_column_text css=&#8221;.vc_custom_1615482931584{margin-top: 10px !important;}&#8221;]<\/p>\n<p style=\"font-size: 14px; text-align: center;\"><span style=\"color: #000000;\">Instituto Otto Graf, Alemanha &#8211; Resist\u00eancia a fogos voadores e calor radiante, Cert. N\u00ba: DIN4102 \/ 7 de outubro de 2000<\/span><\/p>\n<p>[\/vc_column_text][vc_btn title=&#8221;Baixar certificado&#8221; style=&#8221;outline&#8221; shape=&#8221;round&#8221; color=&#8221;warning&#8221; size=&#8221;sm&#8221; align=&#8221;center&#8221; i_icon_fontawesome=&#8221;&#8221; button_block=&#8221;true&#8221; add_icon=&#8221;true&#8221; link=&#8221;url:https%3A%2F%2Fwww.decraafrica.com\/pt\/wp-content%2Fuploads%2F2018%2F07%2FFire-Resistance-Class-A-ASTME108-UL790-Class-A-Y2000.pdf||target:%20_blank|&#8221;][\/vc_column][vc_column width=&#8221;1\/3&#8243; css=&#8221;.vc_custom_1526547940866{margin-right: 0px !important;border-top-width: 1px !important;border-right-width: 1px !important;border-bottom-width: 1px !important;border-left-width: 1px !important;}&#8221;][vc_single_image image=&#8221;6742&#8243; img_size=&#8221;large&#8221; alignment=&#8221;center&#8221;][vc_custom_heading text=&#8221;RESIST\u00caNCIA AO TERREMOTO&#8221; font_container=&#8221;tag:h6|font_size:18|text_align:center|color:%23000000&#8243; use_theme_fonts=&#8221;yes&#8221; css=&#8221;.vc_custom_1615482911643{margin-top: -10px !important;}&#8221;][vc_column_text css=&#8221;.vc_custom_1615482942277{margin-top: 10px !important;}&#8221;]<\/p>\n<p style=\"font-size: 14px; text-align: center;\"><span style=\"color: #000000;\">Wakefield Laboratories Limited da Nova Zel\u00e2ndia &#8211; Teste Simulado de Terremoto 1969. (AHI 2.5.34)<\/span><\/p>\n<p>[\/vc_column_text][vc_btn title=&#8221;Baixar certificado&#8221; style=&#8221;outline&#8221; shape=&#8221;round&#8221; color=&#8221;warning&#8221; size=&#8221;sm&#8221; align=&#8221;center&#8221; i_icon_fontawesome=&#8221;&#8221; button_block=&#8221;true&#8221; add_icon=&#8221;true&#8221; link=&#8221;url:https%3A%2F%2Fwww.decraafrica.com\/pt%2Fwp-content%2Fuploads%2F2018%2F07%2FAHI-2.5.34-Wakefield-Labratories-Limited-Simulated-Earthquake-test.pdf||target:%20_blank|&#8221;][\/vc_column][vc_column width=&#8221;1\/3&#8243;][vc_single_image image=&#8221;6744&#8243; img_size=&#8221;large&#8221; alignment=&#8221;center&#8221;][vc_custom_heading text=&#8221;FURAC\u00c3O E RESIST\u00caNCIA DO VENTO&#8221; font_container=&#8221;tag:h6|font_size:18|text_align:center|color:%23000000&#8243; use_theme_fonts=&#8221;yes&#8221; css=&#8221;.vc_custom_1615482921258{margin-top: -10px !important;}&#8221;][vc_column_text css=&#8221;.vc_custom_1615482952211{margin-top: 10px !important;}&#8221;]<\/p>\n<p style=\"font-size: 14px; text-align: center;\"><span style=\"color: #000000;\">Furac\u00e3o testado pelo Construction Research Laboratory Inc., Miami, Fl\u00f3rida, EUA (AHI 2.1.1)<\/span><\/p>\n<p>[\/vc_column_text][vc_btn title=&#8221;Baixar certificado&#8221; style=&#8221;outline&#8221; shape=&#8221;round&#8221; color=&#8221;warning&#8221; size=&#8221;sm&#8221; align=&#8221;center&#8221; i_icon_fontawesome=&#8221;&#8221; button_block=&#8221;true&#8221; add_icon=&#8221;true&#8221; link=&#8221;url:https%3A%2F%2Fwww.decraafrica.com\/pt\/wp-content%2Fuploads%2F2017%2F02%2Fsales_brochure.pdf||target:%20_blank|&#8221;][\/vc_column][\/vc_row][vc_row full_width=&#8221;stretch_row&#8221; css=&#8221;.vc_custom_1532943974139{margin-top: 0px !important;margin-bottom: 0px !important;padding-top: 40px !important;padding-bottom: 40px !important;background-color: #ffd500 !important;}&#8221;][vc_column width=&#8221;1\/3&#8243;][vc_single_image image=&#8221;12356&#8243; img_size=&#8221;large&#8221; alignment=&#8221;center&#8221;][\/vc_column][vc_column width=&#8221;2\/3&#8243;][vc_custom_heading text=&#8221;PR\u00d3XIMOS PASSOS&#8221; font_container=&#8221;tag:h2|font_size:32|text_align:left|color:%23104471&#8243; use_theme_fonts=&#8221;yes&#8221; el_class=&#8221;heading-title&#8221; css=&#8221;.vc_custom_1614599192416{margin-top: 0px !important;border-top-width: 0px !important;border-bottom-width: 0px !important;padding-top: 0px !important;padding-bottom: 0px !important;}&#8221;][vc_column_text css=&#8221;.vc_custom_1614599204278{margin-top: 0px !important;margin-bottom: 0px !important;padding-top: 0px !important;padding-bottom: 0px !important;}&#8221;]<span style=\"font-size: 22px; color: #144071; font-weight: 500;\"><strong>Estamos aqui para orient\u00e1-lo no processo de sele\u00e7\u00e3o do telhado certo para voc\u00ea.<\/strong><\/span>[\/vc_column_text][vc_column_text css=&#8221;.vc_custom_1614599219354{margin-top: 15px !important;margin-bottom: 15px !important;padding-top: 0px !important;padding-bottom: 0px !important;}&#8221;]<span style=\"font-size: 14px; color: #000;\">Os nossos distribuidores s\u00e3o profissionais que ir\u00e3o ouvir as suas necessidades, fazer recomenda\u00e7\u00f5es e calcular as suas necessidades de cobertura. Para o telhado dos seus sonhos, marque uma reuni\u00e3o no dia e na hora que mais lhe convier &#8230;.. <\/span>[\/vc_column_text][vc_btn title=&#8221;Marque uma reuni\u00e3o agora&#8221; style=&#8221;flat&#8221; shape=&#8221;round&#8221; color=&#8221;primary&#8221; link=&#8221;url:https%3A%2F%2Fwww.decraafrica.com\/pt\/contact%2F|||&#8221;][\/vc_column][\/vc_row][vc_row css=&#8221;.vc_custom_1531220916130{margin-top: 30px !important;margin-bottom: 60px !important;}&#8221;][vc_column width=&#8221;1\/2&#8243;][vc_single_image image=&#8221;10238&#8243; img_size=&#8221;large&#8221; css_animation=&#8221;zoomIn&#8221;][\/vc_column][vc_column width=&#8221;1\/2&#8243;][vc_column_text]<span style=\"font-size: 24px;\"><strong><span style=\"color: #144071;\"><br \/>\nSEMPRE VERIFIQUE A PARTE DE TR\u00c1S DE SUAS TELHAS PARA O LOGOTIPO DECRA<\/span><\/strong><\/span><br \/>\n<span style=\"font-size: 24px; color: #144071; text-align: center;\"><strong>SE N\u00c3O EST\u00c1 L\u00c1, N\u00c3O EST\u00c1 <\/strong><\/span><span style=\"font-size: 24px; color: #fbbb26;\"><strong>#GENUINEDECRA<\/strong><\/span>[\/vc_column_text][vc_btn title=&#8221;Certifique-se de que \u00e9 #GenuineDecra&#8221; style=&#8221;flat&#8221; shape=&#8221;round&#8221; color=&#8221;black&#8221; link=&#8221;url:https%3A%2F%2Fwww.decraafrica.com\/pt\/genuine-decra%2F|||&#8221;][\/vc_column][\/vc_row]<\/p>\n<\/div>","protected":false},"excerpt":{"rendered":"<p>[vc_row full_width=&#8221;stretch_row&#8221; content_placement=&#8221;top&#8221; css=&#8221;.vc_custom_1526465605064{padding-top: 20px !important;padding-bottom: 20px !important;}&#8221;][vc_column][vc_custom_heading text=&#8221;TESTE E CERTIFICA\u00c7\u00c3O&#8221; font_container=&#8221;tag:h1|font_size:36|text_align:center|color:%23104471&#8243; use_theme_fonts=&#8221;yes&#8221; el_class=&#8221;heading-title&#8221; css=&#8221;.vc_custom_1615482726664{margin-top: 15px !important;margin-bottom: 30px !important;border-top-width: 0px !important;border-bottom-width: 0px !important;padding-top: 0px !important;padding-bottom: 0px !important;}&#8221;][vc_column_text] Os ladrilhos Decra s\u00e3o testados de forma consistente quanto \u00e0 consist\u00eancia de qualidade em nossos pr\u00f3prios laborat\u00f3rios e esta\u00e7\u00f5es de teste independentes. As telhas de cada lote produzido [&hellip;]<\/p>\n","protected":false},"author":1,"featured_media":0,"parent":0,"menu_order":0,"comment_status":"open","ping_status":"closed","template":"","meta":{"content-type":"","footnotes":""},"class_list":["post-6738","page","type-page","status-publish","hentry"],"_links":{"self":[{"href":"https:\/\/www.decraafrica.com\/pt\/wp-json\/wp\/v2\/pages\/6738","targetHints":{"allow":["GET"]}}],"collection":[{"href":"https:\/\/www.decraafrica.com\/pt\/wp-json\/wp\/v2\/pages"}],"about":[{"href":"https:\/\/www.decraafrica.com\/pt\/wp-json\/wp\/v2\/types\/page"}],"author":[{"embeddable":true,"href":"https:\/\/www.decraafrica.com\/pt\/wp-json\/wp\/v2\/users\/1"}],"replies":[{"embeddable":true,"href":"https:\/\/www.decraafrica.com\/pt\/wp-json\/wp\/v2\/comments?post=6738"}],"version-history":[{"count":6,"href":"https:\/\/www.decraafrica.com\/pt\/wp-json\/wp\/v2\/pages\/6738\/revisions"}],"predecessor-version":[{"id":12962,"href":"https:\/\/www.decraafrica.com\/pt\/wp-json\/wp\/v2\/pages\/6738\/revisions\/12962"}],"wp:attachment":[{"href":"https:\/\/www.decraafrica.com\/pt\/wp-json\/wp\/v2\/media?parent=6738"}],"curies":[{"name":"wp","href":"https:\/\/api.w.org\/{rel}","templated":true}]}}