{"id":6819,"date":"2018-05-17T18:16:32","date_gmt":"2018-05-17T15:16:32","guid":{"rendered":"https:\/\/www.decraafrica.com\/pt\/?page_id=6819"},"modified":"2021-03-12T10:13:34","modified_gmt":"2021-03-12T10:13:34","slug":"brochure","status":"publish","type":"page","link":"https:\/\/www.decraafrica.com\/pt\/brochure\/","title":{"rendered":"Baixar brochuras"},"content":{"rendered":"<div class=\"wpb-content-wrapper\"><p>[vc_row full_width=&#8221;stretch_row&#8221; content_placement=&#8221;top&#8221; css=&#8221;.vc_custom_1615540665840{margin-top: 50px !important;padding-top: 10px !important;padding-bottom: 10px !important;}&#8221;][vc_column][vc_custom_heading text=&#8221;BAIXAR FOLHETO&#8221; font_container=&#8221;tag:h1|font_size:32|text_align:center|color:%23104471&#8243; use_theme_fonts=&#8221;yes&#8221; el_class=&#8221;heading-title&#8221; css=&#8221;.vc_custom_1615540684283{margin-top: 5px !important;margin-bottom: 15px !important;border-top-width: 0px !important;border-bottom-width: 0px !important;padding-top: 0px !important;padding-bottom: 0px !important;}&#8221;][vc_column_text]<\/p>\n<p style=\"text-align: center;\"><span style=\"font-size: 20px;\"><strong><span style=\"color: #000000;\">Encontre todos os fatos, n\u00fameros e informa\u00e7\u00f5es de que voc\u00ea precisa para tomar uma decis\u00e3o informada sobre seu telhado aqui ou veja nossos filmes para ajud\u00e1-lo a decidir. <\/span> <\/strong><\/span><\/p>\n<p>[\/vc_column_text][\/vc_column][\/vc_row][vc_row gap=&#8221;10&#8243;][vc_column css=&#8221;.vc_custom_1533047248796{padding-top: 10px !important;padding-bottom: 10px !important;background-color: #144071 !important;}&#8221;][vc_custom_heading text=&#8221;ESTAR INSPIRADO&#8221; font_container=&#8221;tag:h6|font_size:24PX|text_align:center|color:%23ffffff&#8221; google_fonts=&#8221;font_family:Montserrat%3Aregular%2C700|font_style:700%20bold%20regular%3A700%3Anormal&#8221;][\/vc_column][\/vc_row][vc_row gap=&#8221;10&#8243; css=&#8221;.vc_custom_1615543396502{margin-top: 20px !important;}&#8221;][vc_column width=&#8221;1\/4&#8243; css=&#8221;.vc_custom_1615542636340{margin-top: 0px !important;border-top-width: 1px !important;border-right-width: 1px !important;border-bottom-width: 1px !important;border-left-width: 1px !important;}&#8221;][vc_single_image image=&#8221;10062&#8243; img_size=&#8221;large&#8221; alignment=&#8221;center&#8221; css=&#8221;.vc_custom_1615542739049{margin-top: 0px !important;}&#8221;][vc_custom_heading text=&#8221;DECRA BROCHURE&#8221; font_container=&#8221;tag:h6|font_size:14PX|text_align:left|color:%23144071&#8243; google_fonts=&#8221;font_family:Montserrat%3Aregular%2C700|font_style:700%20bold%20regular%3A700%3Anormal&#8221; css=&#8221;.vc_custom_1526910143505{margin-top: -10px !important;}&#8221;][vc_column_text css=&#8221;.vc_custom_1615540812947{margin-top: 10px !important;}&#8221;]<\/p>\n<p style=\"font-size: 13px;\"><span style=\"color: #000000;\">Tudo o que voc\u00ea precisa em um folheto.<\/span><\/p>\n<p>[\/vc_column_text][vc_btn title=&#8221;Download Brochura&#8221; style=&#8221;flat&#8221; shape=&#8221;round&#8221; color=&#8221;warning&#8221; size=&#8221;xs&#8221; i_icon_fontawesome=&#8221;fas fa-download&#8221; add_icon=&#8221;true&#8221; link=&#8221;url:https%3A%2F%2Fwww.decraafrica.com%2Fpt\/wp-content\/uploads\/sites\/8\/2021\/04\/decra-sales-brochure.pdf|target:_blank&#8221;][\/vc_column][vc_column width=&#8221;1\/4&#8243; css=&#8221;.vc_custom_1615542643409{margin-top: 0px !important;margin-right: 0px !important;border-top-width: 1px !important;border-right-width: 1px !important;border-bottom-width: 1px !important;border-left-width: 1px !important;}&#8221;][vc_single_image image=&#8221;10065&#8243; img_size=&#8221;large&#8221; alignment=&#8221;center&#8221;][vc_custom_heading text=&#8221;LOOKING UP GUIDE&#8221; font_container=&#8221;tag:h6|font_size:14PX|text_align:left|color:%23144071&#8243; google_fonts=&#8221;font_family:Montserrat%3Aregular%2C700|font_style:700%20bold%20regular%3A700%3Anormal&#8221; css=&#8221;.vc_custom_1602598109171{margin-top: -10px !important;}&#8221;][vc_column_text css=&#8221;.vc_custom_1615541471588{margin-top: 10px !important;}&#8221;]<\/p>\n<p style=\"font-size: 13px;\"><span style=\"color: #000000;\">Inspira\u00e7\u00e3o da \u00c1frica.<\/span><\/p>\n<p>[\/vc_column_text][vc_btn title=&#8221;Download Brochura&#8221; style=&#8221;flat&#8221; shape=&#8221;round&#8221; color=&#8221;warning&#8221; size=&#8221;xs&#8221; i_icon_fontawesome=&#8221;fas fa-download&#8221; add_icon=&#8221;true&#8221; link=&#8221;url:https%3A%2F%2Fwww.decraafrica.com\/pt%2Fwp-content%2Fuploads%2F2020%2F10%2FE-Decra-Africa-Blue-Book.pdf|target:_blank&#8221;][\/vc_column][vc_column width=&#8221;1\/4&#8243;][vc_single_image image=&#8221;12964&#8243; img_size=&#8221;large&#8221; alignment=&#8221;center&#8221;][vc_custom_heading text=&#8221;FOLHETO DE COMPARA\u00c7\u00c3O&#8221; font_container=&#8221;tag:h6|font_size:14PX|text_align:left|color:%23144071&#8243; google_fonts=&#8221;font_family:Montserrat%3Aregular%2C700|font_style:700%20bold%20regular%3A700%3Anormal&#8221; css=&#8221;.vc_custom_1615541350023{margin-top: -10px !important;}&#8221;][vc_column_text css=&#8221;.vc_custom_1615541361288{margin-top: 10px !important;}&#8221;]<\/p>\n<p style=\"font-size: 13px;\"><span style=\"color: #000000;\">Compare Decra com outros materiais de telhado.<\/span><\/p>\n<p>[\/vc_column_text][vc_btn title=&#8221;Download Brochura&#8221; style=&#8221;flat&#8221; shape=&#8221;round&#8221; color=&#8221;warning&#8221; size=&#8221;xs&#8221; i_icon_fontawesome=&#8221;fas fa-download&#8221; add_icon=&#8221;true&#8221; link=&#8221;url:https%3A%2F%2Fwww.decraafrica.com%2Fpt%2Fwp-content%2Fuploads%2Fsites%2F8%2F2021%2F03%2FE-Decra-Generic-Portuguese-Comparison-Brochure.pdf|target:_blank&#8221;][\/vc_column][vc_column width=&#8221;1\/4&#8243;][vc_single_image image=&#8221;12969&#8243; img_size=&#8221;large&#8221; alignment=&#8221;center&#8221;][vc_custom_heading text=&#8221;MELHORIAS DE ECONOMIA DE ENERGIA&#8221; font_container=&#8221;tag:h6|font_size:14PX|text_align:left|color:%23144071&#8243; google_fonts=&#8221;font_family:Montserrat%3Aregular%2C700|font_style:700%20bold%20regular%3A700%3Anormal&#8221; css=&#8221;.vc_custom_1615541072957{margin-top: -10px !important;}&#8221;][vc_column_text css=&#8221;.vc_custom_1615541084797{margin-top: 10px !important;}&#8221;]<\/p>\n<p style=\"font-size: 13px;\"><span style=\"color: #000000;\">Fa\u00e7a seu telhado trabalhar para voc\u00ea.<\/span><\/p>\n<p>[\/vc_column_text][vc_btn title=&#8221;Download Brochura&#8221; style=&#8221;flat&#8221; shape=&#8221;round&#8221; color=&#8221;warning&#8221; size=&#8221;xs&#8221; i_icon_fontawesome=&#8221;fas fa-download&#8221; add_icon=&#8221;true&#8221; link=&#8221;url:https%3A%2F%2Fwww.decraafrica.com%2Fpt\/wp-content\/uploads\/sites\/8\/2021\/04\/E-Decra-Generic-Portuguese-Energy-Saving-Flyer.pdf&#8221;][\/vc_column][\/vc_row][vc_row gap=&#8221;10&#8243; css=&#8221;.vc_custom_1526548034313{margin-top: 80px !important;}&#8221;][vc_column width=&#8221;1\/4&#8243; css=&#8221;.vc_custom_1526547873710{border-top-width: 1px !important;border-right-width: 1px !important;border-bottom-width: 1px !important;border-left-width: 1px !important;}&#8221;][vc_single_image image=&#8221;6834&#8243; img_size=&#8221;large&#8221; alignment=&#8221;center&#8221; css=&#8221;.vc_custom_1526909309245{margin-top: -30px !important;}&#8221;][vc_custom_heading text=&#8221;A COLE\u00c7\u00c3O DE HOTEL&#8221; font_container=&#8221;tag:h6|font_size:14PX|text_align:left|color:%23144071&#8243; google_fonts=&#8221;font_family:Montserrat%3Aregular%2C700|font_style:700%20bold%20regular%3A700%3Anormal&#8221; css=&#8221;.vc_custom_1615541662025{margin-top: -10px !important;}&#8221;][vc_column_text css=&#8221;.vc_custom_1615541674263{margin-top: 10px !important;}&#8221;]<\/p>\n<p style=\"font-size: 13px; text-align: left;\"><span style=\"color: #000000;\">Por que a Decra \u00e9 escolhida para projetos hoteleiros.<\/span><\/p>\n<p>[\/vc_column_text][vc_btn title=&#8221;Download Brochura&#8221; style=&#8221;flat&#8221; shape=&#8221;round&#8221; color=&#8221;warning&#8221; size=&#8221;xs&#8221; i_icon_fontawesome=&#8221;fas fa-download&#8221; add_icon=&#8221;true&#8221; link=&#8221;url:https%3A%2F%2Fwww.decraafrica.com\/pt%2Fwp-content%2Fuploads%2F2018%2F11%2FE-Hotel-Collection-Brochure.pdf||target:%20_blank|&#8221;][\/vc_column][vc_column width=&#8221;1\/4&#8243; css=&#8221;.vc_custom_1526547882566{margin-right: 0px !important;border-top-width: 1px !important;border-right-width: 1px !important;border-bottom-width: 1px !important;border-left-width: 1px !important;}&#8221;][vc_single_image image=&#8221;10863&#8243; img_size=&#8221;large&#8221; alignment=&#8221;center&#8221; css=&#8221;.vc_custom_1546962864198{margin-top: -30px !important;}&#8221;][vc_custom_heading text=&#8221;THE CONTEMPORARY COLLECTION&#8221; font_container=&#8221;tag:h6|font_size:14PX|text_align:left|color:%23144071&#8243; google_fonts=&#8221;font_family:Montserrat%3Aregular%2C700|font_style:700%20bold%20regular%3A700%3Anormal&#8221; css=&#8221;.vc_custom_1546962899671{margin-top: -10px !important;}&#8221;][vc_column_text css=&#8221;.vc_custom_1615541772675{margin-top: 10px !important;}&#8221;]<\/p>\n<p style=\"font-size: 13px;\"><span style=\"color: #000000;\">Nosso folheto mono-pitch.<\/span><\/p>\n<p>[\/vc_column_text][vc_btn title=&#8221;Download Brochura&#8221; style=&#8221;flat&#8221; shape=&#8221;round&#8221; color=&#8221;warning&#8221; size=&#8221;xs&#8221; i_icon_fontawesome=&#8221;fas fa-download&#8221; add_icon=&#8221;true&#8221; link=&#8221;url:https%3A%2F%2Fwww.decraafrica.com\/pt%2Fwp-content%2Fuploads%2F2019%2F01%2FE-Decra-Contemporary-Collection.pdf||target:%20_blank|&#8221;][\/vc_column][vc_column width=&#8221;1\/4&#8243;][\/vc_column][vc_column width=&#8221;1\/4&#8243;][\/vc_column][\/vc_row][vc_row gap=&#8221;10&#8243; css=&#8221;.vc_custom_1526911221850{margin-top: 35px !important;}&#8221;][vc_column css=&#8221;.vc_custom_1533047324981{padding-top: 10px !important;padding-bottom: 10px !important;background-color: #144071 !important;}&#8221;][vc_custom_heading text=&#8221;INSTALA\u00c7\u00c3O&#8221; font_container=&#8221;tag:h6|font_size:24PX|text_align:center|color:%23ffffff&#8221; google_fonts=&#8221;font_family:Montserrat%3Aregular%2C700|font_style:700%20bold%20regular%3A700%3Anormal&#8221;][\/vc_column][vc_column width=&#8221;1\/4&#8243; css=&#8221;.vc_custom_1615543405833{margin-top: 20px !important;}&#8221;][vc_single_image image=&#8221;12966&#8243; img_size=&#8221;large&#8221; alignment=&#8221;center&#8221;][vc_custom_heading text=&#8221;GUIA DE INSTALA\u00c7\u00c3O BROCHURAS&#8221; font_container=&#8221;tag:h6|font_size:14PX|text_align:left|color:%23144071&#8243; google_fonts=&#8221;font_family:Montserrat%3Aregular%2C700|font_style:700%20bold%20regular%3A700%3Anormal&#8221; css=&#8221;.vc_custom_1615541888743{margin-top: -10px !important;}&#8221;][vc_column_text css=&#8221;.vc_custom_1615541908836{margin-top: 10px !important;}&#8221;]<\/p>\n<p style=\"font-size: 13px;\"><span style=\"color: #000000;\">Instala\u00e7\u00e3o Decra<\/span><\/p>\n<p>[\/vc_column_text][vc_btn title=&#8221;Download Brochura&#8221; style=&#8221;flat&#8221; shape=&#8221;round&#8221; color=&#8221;warning&#8221; size=&#8221;xs&#8221; i_icon_fontawesome=&#8221;fas fa-download&#8221; add_icon=&#8221;true&#8221; link=&#8221;url:https%3A%2F%2Fwww.decraafrica.com%2Finstallation.pdf|target:_blank&#8221;][\/vc_column][\/vc_row][vc_row gap=&#8221;10&#8243; css=&#8221;.vc_custom_1526911221850{margin-top: 35px !important;}&#8221;][vc_column css=&#8221;.vc_custom_1533047335648{padding-top: 10px !important;padding-bottom: 10px !important;background-color: #144071 !important;}&#8221;][vc_custom_heading text=&#8221;MANUTEN\u00c7\u00c3O&#8221; font_container=&#8221;tag:h6|font_size:24PX|text_align:center|color:%23ffffff&#8221; google_fonts=&#8221;font_family:Montserrat%3Aregular%2C700|font_style:700%20bold%20regular%3A700%3Anormal&#8221;][\/vc_column][vc_column css=&#8221;.vc_custom_1526995159480{padding-top: 100px !important;padding-bottom: 100px !important;background-image: url(https:\/\/www.decraafrica.com\/pt\/wp-content\/uploads\/sites\/8\/2018\/05\/maintenance.jpg?id=6859) !important;background-position: center !important;background-repeat: no-repeat !important;background-size: cover !important;}&#8221;][vc_row_inner][vc_column_inner width=&#8221;2\/3&#8243;][\/vc_column_inner][vc_column_inner width=&#8221;1\/3&#8243;][vc_custom_heading text=&#8221;GUIA DE LIMPEZA DO TELHADO&#8221; font_container=&#8221;tag:h2|font_size:38PX|text_align:left|color:%23ffffff|line_height:38px&#8221; use_theme_fonts=&#8221;yes&#8221; css=&#8221;.vc_custom_1615542550042{margin-top: 40px !important;}&#8221;][vc_column_text css=&#8221;.vc_custom_1615542537412{margin-top: 10px !important;}&#8221;]<strong><span style=\"color: #ffffff; font-size: 18px;\">Mantenha o seu telhado Decra com o melhor aspecto.<\/span><\/strong>[\/vc_column_text][vc_btn title=&#8221;Download Brochura&#8221; style=&#8221;flat&#8221; shape=&#8221;round&#8221; color=&#8221;warning&#8221; i_icon_fontawesome=&#8221;fas fa-download&#8221; add_icon=&#8221;true&#8221; link=&#8221;url:https%3A%2F%2Fwww.decraafrica.com\/pt%2Fwp-content%2Fuploads%2F2018%2F11%2FE-Decra-Generic-English-Roof-Cleaning-Guide.pdf||target:%20_blank|&#8221;][\/vc_column_inner][\/vc_row_inner][\/vc_column][\/vc_row][vc_row full_width=&#8221;stretch_row&#8221; css=&#8221;.vc_custom_1532943974139{margin-top: 0px !important;margin-bottom: 0px !important;padding-top: 40px !important;padding-bottom: 40px !important;background-color: #ffd500 !important;}&#8221;][vc_column width=&#8221;1\/3&#8243;][vc_single_image image=&#8221;12356&#8243; img_size=&#8221;large&#8221; alignment=&#8221;center&#8221;][\/vc_column][vc_column width=&#8221;2\/3&#8243;][vc_custom_heading text=&#8221;PR\u00d3XIMOS PASSOS&#8221; font_container=&#8221;tag:h2|font_size:32|text_align:left|color:%23104471&#8243; use_theme_fonts=&#8221;yes&#8221; el_class=&#8221;heading-title&#8221; css=&#8221;.vc_custom_1614599192416{margin-top: 0px !important;border-top-width: 0px !important;border-bottom-width: 0px !important;padding-top: 0px !important;padding-bottom: 0px !important;}&#8221;][vc_column_text css=&#8221;.vc_custom_1614599204278{margin-top: 0px !important;margin-bottom: 0px !important;padding-top: 0px !important;padding-bottom: 0px !important;}&#8221;]<span style=\"font-size: 22px; color: #144071; font-weight: 500;\"><strong>Estamos aqui para orient\u00e1-lo no processo de sele\u00e7\u00e3o do telhado certo para voc\u00ea.<\/strong><\/span>[\/vc_column_text][vc_column_text css=&#8221;.vc_custom_1614599219354{margin-top: 15px !important;margin-bottom: 15px !important;padding-top: 0px !important;padding-bottom: 0px !important;}&#8221;]<span style=\"font-size: 14px; color: #000;\">Os nossos distribuidores s\u00e3o profissionais que ir\u00e3o ouvir as suas necessidades, fazer recomenda\u00e7\u00f5es e calcular as suas necessidades de cobertura. Para o telhado dos seus sonhos, marque uma reuni\u00e3o no dia e na hora que mais lhe convier &#8230;.. <\/span>[\/vc_column_text][vc_btn title=&#8221;Marque uma reuni\u00e3o agora&#8221; style=&#8221;flat&#8221; shape=&#8221;round&#8221; color=&#8221;primary&#8221; link=&#8221;url:https%3A%2F%2Fwww.decraafrica.com\/pt\/contact%2F|||&#8221;][\/vc_column][\/vc_row]<\/p>\n<\/div>","protected":false},"excerpt":{"rendered":"<p>[vc_row full_width=&#8221;stretch_row&#8221; content_placement=&#8221;top&#8221; css=&#8221;.vc_custom_1615540665840{margin-top: 50px !important;padding-top: 10px !important;padding-bottom: 10px !important;}&#8221;][vc_column][vc_custom_heading text=&#8221;BAIXAR FOLHETO&#8221; font_container=&#8221;tag:h1|font_size:32|text_align:center|color:%23104471&#8243; use_theme_fonts=&#8221;yes&#8221; el_class=&#8221;heading-title&#8221; css=&#8221;.vc_custom_1615540684283{margin-top: 5px !important;margin-bottom: 15px !important;border-top-width: 0px !important;border-bottom-width: 0px !important;padding-top: 0px !important;padding-bottom: 0px !important;}&#8221;][vc_column_text] Encontre todos os fatos, n\u00fameros e informa\u00e7\u00f5es de que voc\u00ea precisa para tomar uma decis\u00e3o informada sobre seu telhado aqui ou veja nossos filmes para ajud\u00e1-lo a [&hellip;]<\/p>\n","protected":false},"author":1,"featured_media":0,"parent":0,"menu_order":0,"comment_status":"open","ping_status":"closed","template":"","meta":{"content-type":"","footnotes":""},"class_list":["post-6819","page","type-page","status-publish","hentry"],"_links":{"self":[{"href":"https:\/\/www.decraafrica.com\/pt\/wp-json\/wp\/v2\/pages\/6819","targetHints":{"allow":["GET"]}}],"collection":[{"href":"https:\/\/www.decraafrica.com\/pt\/wp-json\/wp\/v2\/pages"}],"about":[{"href":"https:\/\/www.decraafrica.com\/pt\/wp-json\/wp\/v2\/types\/page"}],"author":[{"embeddable":true,"href":"https:\/\/www.decraafrica.com\/pt\/wp-json\/wp\/v2\/users\/1"}],"replies":[{"embeddable":true,"href":"https:\/\/www.decraafrica.com\/pt\/wp-json\/wp\/v2\/comments?post=6819"}],"version-history":[{"count":14,"href":"https:\/\/www.decraafrica.com\/pt\/wp-json\/wp\/v2\/pages\/6819\/revisions"}],"predecessor-version":[{"id":12990,"href":"https:\/\/www.decraafrica.com\/pt\/wp-json\/wp\/v2\/pages\/6819\/revisions\/12990"}],"wp:attachment":[{"href":"https:\/\/www.decraafrica.com\/pt\/wp-json\/wp\/v2\/media?parent=6819"}],"curies":[{"name":"wp","href":"https:\/\/api.w.org\/{rel}","templated":true}]}}