{"id":6866,"date":"2018-05-22T23:51:18","date_gmt":"2018-05-22T20:51:18","guid":{"rendered":"https:\/\/www.decraafrica.com\/pt\/?page_id=6866"},"modified":"2021-03-11T13:36:02","modified_gmt":"2021-03-11T13:36:02","slug":"roofwindows","status":"publish","type":"page","link":"https:\/\/www.decraafrica.com\/pt\/roofwindows\/","title":{"rendered":"Descubra janelas de telhado"},"content":{"rendered":"<div class=\"wpb-content-wrapper\"><p>[vc_row css=&#8221;.vc_custom_1615469527927{margin-top: 50px !important;padding-top: 0px !important;padding-bottom: 0px !important;}&#8221;][vc_column][vc_custom_heading text=&#8221;ESCOLHER JANELAS DE DECRA TELHADO&#8221; font_container=&#8221;tag:h1|font_size:32|text_align:center|color:%23104471&#8243; use_theme_fonts=&#8221;yes&#8221; el_class=&#8221;heading-title&#8221; css=&#8221;.vc_custom_1615469539146{margin-top: 0px !important;border-top-width: 0px !important;border-bottom-width: 0px !important;padding-top: 0px !important;padding-bottom: 0px !important;}&#8221;][\/vc_column][\/vc_row][vc_row full_width=&#8221;stretch_row&#8221; content_placement=&#8221;top&#8221;][vc_column width=&#8221;1\/3&#8243;][vc_single_image image=&#8221;6870&#8243; img_size=&#8221;large&#8221; alignment=&#8221;right&#8221; onclick=&#8221;link_image&#8221;][\/vc_column][vc_column width=&#8221;2\/3&#8243;][vc_column_text css=&#8221;.vc_custom_1615469559030{margin-top: 10px !important;}&#8221;]<\/p>\n<p style=\"font-size: 14px;\"><span style=\"color: #000000;\">Permitindo a entrada de luz natural em sua casa, as janelas de telhado Decra oferecem a oportunidade de iluminar sua casa com luz natural saud\u00e1vel, reduzindo o consumo de eletricidade e a depend\u00eancia de luz artificial que pode causar dores de cabe\u00e7a e outros problemas visuais. <\/span><\/p>\n<p style=\"font-size: 14px;\"><span style=\"color: #000000;\">A janela do telhado cria mais vistas de sua casa, enquanto fornece privacidade devido \u00e0 sua localiza\u00e7\u00e3o no telhado.<\/span><\/p>\n<p>[\/vc_column_text][vc_btn title=&#8221;BAIXAR FOLHETO DE VIDA SAUD\u00c1VEL&#8221; style=&#8221;flat&#8221; shape=&#8221;round&#8221; color=&#8221;warning&#8221; i_icon_fontawesome=&#8221;&#8221; add_icon=&#8221;true&#8221; link=&#8221;url:https%3A%2F%2Fwww.decraafrica.com\/pt\/wp-content%2Fuploads%2F2018%2F07%2Fenergy-saving.pdf|||&#8221;][\/vc_column][\/vc_row][vc_row full_width=&#8221;stretch_row&#8221; content_placement=&#8221;top&#8221;][vc_column][vc_custom_heading text=&#8221;HOW IT WORKS&#8221; font_container=&#8221;tag:h2|font_size:32|text_align:center|color:%23104471&#8243; use_theme_fonts=&#8221;yes&#8221; el_class=&#8221;heading-title&#8221; css=&#8221;.vc_custom_1531143866767{margin-top: 0px !important;border-top-width: 0px !important;border-bottom-width: 0px !important;padding-top: 0px !important;padding-bottom: 0px !important;}&#8221;][\/vc_column][\/vc_row][vc_row full_width=&#8221;stretch_row&#8221; content_placement=&#8221;top&#8221;][vc_column width=&#8221;2\/3&#8243;][vc_column_text css=&#8221;.vc_custom_1615469583276{margin-top: 20px !important;}&#8221;]<\/p>\n<p style=\"font-size: 14px; text-align: right;\"><span style=\"color: #000000;\">O Roof Window j\u00e1 vem instalado em dois cursos de telhas Genuine Decra. Isso significa que est\u00e1 totalmente protegido e \u00e0 prova de intemp\u00e9ries e nenhum trabalho adicional \u00e9 necess\u00e1rio durante a instala\u00e7\u00e3o. <\/span><\/p>\n<p>[\/vc_column_text][vc_btn title=&#8221;ASSISTA A UM V\u00cdDEO DE VIDA SAUD\u00c1VEL&#8221; style=&#8221;flat&#8221; shape=&#8221;round&#8221; color=&#8221;warning&#8221; align=&#8221;right&#8221; i_icon_fontawesome=&#8221;&#8221; add_icon=&#8221;true&#8221; custom_onclick=&#8221;true&#8221; link=&#8221;url:%23|||&#8221; custom_onclick_code=&#8221;return lepopup_popup_open(&#8216;VVoDWIWs9fyhabnW&#8217;);&#8221;][\/vc_column][vc_column width=&#8221;1\/3&#8243;][vc_single_image image=&#8221;6868&#8243; img_size=&#8221;large&#8221; alignment=&#8221;center&#8221; onclick=&#8221;link_image&#8221;][\/vc_column][\/vc_row][vc_row full_width=&#8221;stretch_row&#8221; content_placement=&#8221;top&#8221;][vc_column][vc_custom_heading text=&#8221;BENEF\u00cdCIOS ADICIONAIS&#8221; font_container=&#8221;tag:h2|font_size:32|text_align:center|color:%23104471&#8243; use_theme_fonts=&#8221;yes&#8221; el_class=&#8221;heading-title&#8221; css=&#8221;.vc_custom_1615469605803{margin-top: 0px !important;border-top-width: 0px !important;border-bottom-width: 0px !important;padding-top: 0px !important;padding-bottom: 0px !important;}&#8221;][\/vc_column][\/vc_row][vc_row full_width=&#8221;stretch_row&#8221; content_placement=&#8221;top&#8221;][vc_column width=&#8221;1\/3&#8243;][vc_single_image image=&#8221;6869&#8243; img_size=&#8221;large&#8221; alignment=&#8221;right&#8221; onclick=&#8221;link_image&#8221;][\/vc_column][vc_column width=&#8221;2\/3&#8243;][vc_column_text css=&#8221;.vc_custom_1615469639416{margin-top: 10px !important;}&#8221;]<\/p>\n<p style=\"font-size: 14px;\"><span style=\"color: #000000;\">A janela Decra Roof \u00e9 uma unidade com acabamento de f\u00e1brica totalmente vedada e f\u00e1cil de instalar. Al\u00e9m de permitir a entrada de luz natural saud\u00e1vel em casa, a janela do telhado tem benef\u00edcios adicionais, incluindo: <\/span><\/p>\n<p style=\"font-size: 14px;\"><span style=\"color: #000000;\">1) Ventila\u00e7\u00e3o &#8211; pode ser aberta para permitir a entrada de ar fresco <\/span><br \/>\n<span style=\"color: #000000;\">2) Sa\u00edda de inc\u00eandio &#8211; totalmente aberta <\/span><br \/>\n<span style=\"color: #000000;\">3) Unidade selada &#8211; sem chance de vazamento<\/span><\/p>\n<p>[\/vc_column_text][vc_btn title=&#8221;CONSIDERE OUTROS ACESS\u00d3RIOS&#8221; style=&#8221;flat&#8221; shape=&#8221;round&#8221; color=&#8221;warning&#8221; i_icon_fontawesome=&#8221;&#8221; add_icon=&#8221;true&#8221; link=&#8221;url:https%3A%2F%2Fwww.decraafrica.com\/pt%2Faccessories%2F|title:Energy%20Efficient%20ACESS\u00d3RIOS||&#8221;][\/vc_column][\/vc_row][vc_row full_width=&#8221;stretch_row&#8221; css=&#8221;.vc_custom_1510850297934{background-color: #fcc11d !important;}&#8221;][vc_column][vc_column_text css_animation=&#8221;flipInX&#8221; css=&#8221;.vc_custom_1615469674470{padding-top: 25px !important;padding-bottom: 25px !important;}&#8221;]<\/p>\n<p style=\"text-align: center; color: #144071; font-size: 30px;\"><i class=\"fa fa-search\" aria-hidden=\"true\"><\/i><strong><a style=\"text-decoration: none; color: #144071;\" href=\"https:\/\/www.decraafrica.com\/pt\/contact\/\"> Encontre o distribuidor Genuine Decra mais pr\u00f3ximo<\/a><\/strong><\/p>\n<p>[\/vc_column_text][\/vc_column][\/vc_row][vc_row][vc_column][vc_custom_heading text=&#8221;ESCOLHEMOS JANELAS DO DECRA TELHADO&#8221; font_container=&#8221;tag:h2|font_size:32|text_align:center|color:%23104471&#8243; use_theme_fonts=&#8221;yes&#8221; el_class=&#8221;heading-title&#8221; css=&#8221;.vc_custom_1615469686744{margin-top: 0px !important;border-top-width: 0px !important;border-bottom-width: 0px !important;padding-top: 0px !important;padding-bottom: 0px !important;}&#8221;][vc_row_inner gap=&#8221;15&#8243;][vc_column_inner width=&#8221;1\/3&#8243;][vc_single_image image=&#8221;9573&#8243; img_size=&#8221;209&#215;227&#8243; alignment=&#8221;center&#8221;][vc_custom_heading text=&#8221;PROPRIET\u00c1RIO DA CASA&#8221; font_container=&#8221;tag:h3|font_size:18PX|text_align:center|color:%23000000&#8243; use_theme_fonts=&#8221;yes&#8221; css=&#8221;.vc_custom_1614615550131{padding-bottom: 10px !important;}&#8221;][vc_column_text css=&#8221;.vc_custom_1614615493157{margin-top: 10px !important;padding-top: 0px !important;}&#8221;]<\/p>\n<p style=\"text-align: center;\"><span style=\"font-size: 14px; color: #000;\">\u201cQuer\u00edamos o melhor para a nossa nova casa, e Decra Classic \u00e9 exatamente isso. Todo mundo sabe que \u00e9 o melhor, ent\u00e3o escolher Decra Classic significou uma coisa a menos com que se preocupar.\u201d <\/span><\/p>\n<p style=\"text-align: center;\"><span style=\"font-size: 14px; color: #000;\"><strong>The George Family<\/strong><\/span><\/p>\n<p>[\/vc_column_text][\/vc_column_inner][vc_column_inner width=&#8221;1\/3&#8243;][vc_single_image image=&#8221;12476&#8243; img_size=&#8221;209&#215;227&#8243; alignment=&#8221;center&#8221;][vc_custom_heading text=&#8221;INSTALADOR&#8221; font_container=&#8221;tag:h3|font_size:18PX|text_align:center|color:%23000000&#8243; use_theme_fonts=&#8221;yes&#8221; css=&#8221;.vc_custom_1614615561402{padding-bottom: 10px !important;}&#8221;][vc_column_text css=&#8221;.vc_custom_1614615516508{margin-top: 10px !important;padding-top: 0px !important;}&#8221;]<\/p>\n<p style=\"text-align: center;\"><span style=\"font-size: 14px; color: #000;\">\u201cEu recomendo o Decra Classic para meus clientes, pois as formas tridimensionais d\u00e3o ao telhado uma apar\u00eancia diferente ao longo do dia, conforme o sol passa por cima. \u00c9 um acabamento interessante e bonito para meus edif\u00edcios.\u201d <\/span><\/p>\n<p style=\"text-align: center;\"><span style=\"font-size: 14px; color: #000;\"><strong>Abejide, Installer<\/strong><\/span><\/p>\n<p>[\/vc_column_text][\/vc_column_inner][vc_column_inner width=&#8221;1\/3&#8243;][vc_single_image image=&#8221;9572&#8243; img_size=&#8221;209&#215;227&#8243; alignment=&#8221;center&#8221;][vc_custom_heading text=&#8221;DESENVOLVEDOR&#8221; font_container=&#8221;tag:h3|font_size:18PX|text_align:center|color:%23000000&#8243; use_theme_fonts=&#8221;yes&#8221; css=&#8221;.vc_custom_1614615573626{padding-bottom: 10px !important;}&#8221;][vc_column_text css=&#8221;.vc_custom_1614615537744{margin-top: 10px !important;padding-top: 0px !important;}&#8221;]<\/p>\n<p style=\"text-align: center;\"><span style=\"font-size: 14px; color: #000;\">\u201cEu sei que com Decra Classic posso ter 100% de confian\u00e7a no telhado. Tanto em desejo quanto em desempenho. Eles sempre entregam no prazo e o servi\u00e7o \u00e9 excelente. Eles s\u00e3o minha primeira escolha todas as vezes. \u201d <\/span><\/p>\n<p style=\"text-align: center;\"><span style=\"font-size: 14px; color: #000;\"><strong>Ade Nwosu, Developer<\/strong><\/span><\/p>\n<p>[\/vc_column_text][\/vc_column_inner][\/vc_row_inner][\/vc_column][\/vc_row][vc_row full_width=&#8221;stretch_row&#8221; css=&#8221;.vc_custom_1532943974139{margin-top: 0px !important;margin-bottom: 0px !important;padding-top: 40px !important;padding-bottom: 40px !important;background-color: #ffd500 !important;}&#8221;][vc_column width=&#8221;1\/3&#8243;][vc_single_image image=&#8221;12356&#8243; img_size=&#8221;large&#8221; alignment=&#8221;center&#8221;][\/vc_column][vc_column width=&#8221;2\/3&#8243;][vc_custom_heading text=&#8221;PR\u00d3XIMOS PASSOS&#8221; font_container=&#8221;tag:h2|font_size:32|text_align:left|color:%23104471&#8243; use_theme_fonts=&#8221;yes&#8221; el_class=&#8221;heading-title&#8221; css=&#8221;.vc_custom_1614599192416{margin-top: 0px !important;border-top-width: 0px !important;border-bottom-width: 0px !important;padding-top: 0px !important;padding-bottom: 0px !important;}&#8221;][vc_column_text css=&#8221;.vc_custom_1614599204278{margin-top: 0px !important;margin-bottom: 0px !important;padding-top: 0px !important;padding-bottom: 0px !important;}&#8221;]<span style=\"font-size: 22px; color: #144071; font-weight: 500;\"><strong>Estamos aqui para orient\u00e1-lo no processo de sele\u00e7\u00e3o do telhado certo para voc\u00ea.<\/strong><\/span>[\/vc_column_text][vc_column_text css=&#8221;.vc_custom_1614599219354{margin-top: 15px !important;margin-bottom: 15px !important;padding-top: 0px !important;padding-bottom: 0px !important;}&#8221;]<span style=\"font-size: 14px; color: #000;\">Os nossos distribuidores s\u00e3o profissionais que ir\u00e3o ouvir as suas necessidades, fazer recomenda\u00e7\u00f5es e calcular as suas necessidades de cobertura. Para o telhado dos seus sonhos, marque uma reuni\u00e3o no dia e na hora que mais lhe convier &#8230;.. <\/span>[\/vc_column_text][vc_btn title=&#8221;Marque uma reuni\u00e3o agora&#8221; style=&#8221;flat&#8221; shape=&#8221;round&#8221; color=&#8221;primary&#8221; link=&#8221;url:https%3A%2F%2Fwww.decraafrica.com\/pt\/contact%2F|||&#8221;][\/vc_column][\/vc_row]<\/p>\n<\/div>","protected":false},"excerpt":{"rendered":"<p>[vc_row css=&#8221;.vc_custom_1615469527927{margin-top: 50px !important;padding-top: 0px !important;padding-bottom: 0px !important;}&#8221;][vc_column][vc_custom_heading text=&#8221;ESCOLHER JANELAS DE DECRA TELHADO&#8221; font_container=&#8221;tag:h1|font_size:32|text_align:center|color:%23104471&#8243; use_theme_fonts=&#8221;yes&#8221; el_class=&#8221;heading-title&#8221; css=&#8221;.vc_custom_1615469539146{margin-top: 0px !important;border-top-width: 0px !important;border-bottom-width: 0px !important;padding-top: 0px !important;padding-bottom: 0px !important;}&#8221;][\/vc_column][\/vc_row][vc_row full_width=&#8221;stretch_row&#8221; content_placement=&#8221;top&#8221;][vc_column width=&#8221;1\/3&#8243;][vc_single_image image=&#8221;6870&#8243; img_size=&#8221;large&#8221; alignment=&#8221;right&#8221; onclick=&#8221;link_image&#8221;][\/vc_column][vc_column width=&#8221;2\/3&#8243;][vc_column_text css=&#8221;.vc_custom_1615469559030{margin-top: 10px !important;}&#8221;] Permitindo a entrada de luz natural em sua casa, as janelas de telhado Decra oferecem a oportunidade [&hellip;]<\/p>\n","protected":false},"author":1,"featured_media":0,"parent":0,"menu_order":0,"comment_status":"open","ping_status":"closed","template":"","meta":{"content-type":"","footnotes":""},"class_list":["post-6866","page","type-page","status-publish","hentry"],"_links":{"self":[{"href":"https:\/\/www.decraafrica.com\/pt\/wp-json\/wp\/v2\/pages\/6866","targetHints":{"allow":["GET"]}}],"collection":[{"href":"https:\/\/www.decraafrica.com\/pt\/wp-json\/wp\/v2\/pages"}],"about":[{"href":"https:\/\/www.decraafrica.com\/pt\/wp-json\/wp\/v2\/types\/page"}],"author":[{"embeddable":true,"href":"https:\/\/www.decraafrica.com\/pt\/wp-json\/wp\/v2\/users\/1"}],"replies":[{"embeddable":true,"href":"https:\/\/www.decraafrica.com\/pt\/wp-json\/wp\/v2\/comments?post=6866"}],"version-history":[{"count":6,"href":"https:\/\/www.decraafrica.com\/pt\/wp-json\/wp\/v2\/pages\/6866\/revisions"}],"predecessor-version":[{"id":12930,"href":"https:\/\/www.decraafrica.com\/pt\/wp-json\/wp\/v2\/pages\/6866\/revisions\/12930"}],"wp:attachment":[{"href":"https:\/\/www.decraafrica.com\/pt\/wp-json\/wp\/v2\/media?parent=6866"}],"curies":[{"name":"wp","href":"https:\/\/api.w.org\/{rel}","templated":true}]}}