{"id":6898,"date":"2018-05-23T17:02:23","date_gmt":"2018-05-23T14:02:23","guid":{"rendered":"https:\/\/www.decraafrica.com\/pt\/?page_id=6898"},"modified":"2021-03-11T13:55:20","modified_gmt":"2021-03-11T13:55:20","slug":"ventilation","status":"publish","type":"page","link":"https:\/\/www.decraafrica.com\/pt\/ventilation\/","title":{"rendered":"Descubra a ventila\u00e7\u00e3o"},"content":{"rendered":"<div class=\"wpb-content-wrapper\"><p>[vc_row css=&#8221;.vc_custom_1615470495684{margin-top: 50px !important;padding-top: 0px !important;padding-bottom: 0px !important;}&#8221;][vc_column][vc_custom_heading text=&#8221;ESCOLHER DECRA VENTILA\u00c7\u00c3O&#8221; font_container=&#8221;tag:h1|font_size:32|text_align:center|color:%23104471&#8243; use_theme_fonts=&#8221;yes&#8221; el_class=&#8221;heading-title&#8221; css=&#8221;.vc_custom_1615470506554{margin-top: 0px !important;border-top-width: 0px !important;border-bottom-width: 0px !important;padding-top: 0px !important;padding-bottom: 0px !important;}&#8221;][\/vc_column][\/vc_row][vc_row full_width=&#8221;stretch_row&#8221; content_placement=&#8221;top&#8221;][vc_column width=&#8221;1\/3&#8243;][vc_single_image image=&#8221;6903&#8243; img_size=&#8221;medium&#8221; alignment=&#8221;right&#8221; onclick=&#8221;link_image&#8221; css=&#8221;.vc_custom_1530786880886{border-top-width: 1px !important;border-right-width: 1px !important;border-bottom-width: 1px !important;border-left-width: 1px !important;padding-top: 10px !important;padding-right: 10px !important;padding-bottom: 10px !important;padding-left: 10px !important;border-left-color: #e8e8e8 !important;border-left-style: solid !important;border-right-color: #e8e8e8 !important;border-right-style: solid !important;border-top-color: #e8e8e8 !important;border-top-style: solid !important;border-bottom-color: #e8e8e8 !important;border-bottom-style: solid !important;border-radius: 1px !important;}&#8221;][\/vc_column][vc_column width=&#8221;2\/3&#8243;][vc_column_text css=&#8221;.vc_custom_1615470532638{margin-top: 10px !important;}&#8221;]<\/p>\n<p style=\"font-size: 14px;\"><span style=\"color: #000000;\">A ventila\u00e7\u00e3o Decra funciona expelindo o ar viciado quente e permitindo o ar fresco e fresco para o espa\u00e7o do telhado, criando um ambiente de vida mais confort\u00e1vel e reduzindo a quantidade de trabalho que seu ar condicionado precisa fazer.<\/span><\/p>\n<p style=\"font-size: 14px;\"><span style=\"color: #000000;\">Cada ventila\u00e7\u00e3o \u00e9 constru\u00edda em uma telha genu\u00edna revestida de pedra Decra para que ela corresponda perfeitamente ao seu telhado e desfrute da mesma prote\u00e7\u00e3o UV \/ estabilidade de cor que as telhas genu\u00ednas Decra t\u00eam.<\/span><\/p>\n<p>[\/vc_column_text][vc_btn title=&#8221;BAIXAR FOLHETO DE VIDA SAUD\u00c1VEL&#8221; style=&#8221;flat&#8221; shape=&#8221;round&#8221; color=&#8221;warning&#8221; i_icon_fontawesome=&#8221;&#8221; add_icon=&#8221;true&#8221; link=&#8221;url:https%3A%2F%2Fwww.decraafrica.com\/pt\/wp-content%2Fuploads%2F2018%2F07%2Fenergy-saving.pdf||target:%20_blank|&#8221;][\/vc_column][\/vc_row][vc_row full_width=&#8221;stretch_row&#8221; content_placement=&#8221;top&#8221;][vc_column width=&#8221;2\/3&#8243;][vc_custom_heading text=&#8221;COMO FUNCIONA&#8221; font_container=&#8221;tag:h2|font_size:32|text_align:center|color:%23104471&#8243; use_theme_fonts=&#8221;yes&#8221; el_class=&#8221;heading-title&#8221; css=&#8221;.vc_custom_1615470603283{margin-top: 0px !important;border-top-width: 0px !important;border-bottom-width: 0px !important;padding-top: 0px !important;padding-bottom: 0px !important;}&#8221;][vc_column_text css=&#8221;.vc_custom_1615470631643{margin-top: 20px !important;}&#8221;]<\/p>\n<p style=\"font-size: 14px; text-align: right;\"><span style=\"color: #000000;\">Sem ventila\u00e7\u00e3o, a umidade do ar pode condensar no interior do telhado. Isso pode causar ac\u00famulo de umidade que pode evoluir para podrid\u00e3o e fungos generalizados e extensos. Isso destr\u00f3i as vigas do telhado e pode levar ao desabamento do telhado. A ventila\u00e7\u00e3o evita isso expelindo ar quente e \u00famido e substituindo-o por ar fresco e fresco.<\/span><\/p>\n<p>[\/vc_column_text][vc_btn title=&#8221;ASSISTA A UM V\u00cdDEO DE VIDA SAUD\u00c1VEL&#8221; style=&#8221;flat&#8221; shape=&#8221;round&#8221; color=&#8221;warning&#8221; align=&#8221;right&#8221; i_icon_fontawesome=&#8221;&#8221; add_icon=&#8221;true&#8221; custom_onclick=&#8221;true&#8221; link=&#8221;url:%23|||&#8221; custom_onclick_code=&#8221;return lepopup_popup_open(&#8216;VVoDWIWs9fyhabnW&#8217;);&#8221;][\/vc_column][vc_column width=&#8221;1\/3&#8243;][vc_single_image image=&#8221;6901&#8243; img_size=&#8221;large&#8221; onclick=&#8221;link_image&#8221; css=&#8221;.vc_custom_1530788376575{border-top-width: 1px !important;border-right-width: 1px !important;border-bottom-width: 1px !important;border-left-width: 1px !important;padding-top: 10px !important;padding-right: 10px !important;padding-bottom: 10px !important;padding-left: 10px !important;border-left-color: #e8e8e8 !important;border-left-style: solid !important;border-right-color: #e8e8e8 !important;border-right-style: solid !important;border-top-color: #e8e8e8 !important;border-top-style: solid !important;border-bottom-color: #e8e8e8 !important;border-bottom-style: solid !important;border-radius: 1px !important;}&#8221;][\/vc_column][\/vc_row][vc_row full_width=&#8221;stretch_row&#8221; content_placement=&#8221;top&#8221;][vc_column][vc_custom_heading text=&#8221;BENEF\u00cdCIOS ADICIONAIS&#8221; font_container=&#8221;tag:h2|font_size:32|text_align:center|color:%23104471&#8243; use_theme_fonts=&#8221;yes&#8221; el_class=&#8221;heading-title&#8221; css=&#8221;.vc_custom_1615470717766{margin-top: 0px !important;border-top-width: 0px !important;border-bottom-width: 0px !important;padding-top: 0px !important;padding-bottom: 0px !important;}&#8221;][\/vc_column][\/vc_row][vc_row full_width=&#8221;stretch_row&#8221; content_placement=&#8221;top&#8221;][vc_column width=&#8221;1\/3&#8243;][vc_single_image image=&#8221;6902&#8243; img_size=&#8221;medium&#8221; alignment=&#8221;right&#8221; onclick=&#8221;link_image&#8221; css=&#8221;.vc_custom_1530788399584{border-top-width: 1px !important;border-right-width: 1px !important;border-bottom-width: 1px !important;border-left-width: 1px !important;padding-top: 10px !important;padding-right: 10px !important;padding-bottom: 10px !important;padding-left: 10px !important;border-left-color: #e8e8e8 !important;border-right-color: #e8e8e8 !important;border-top-color: #e8e8e8 !important;border-bottom-color: #e8e8e8 !important;}&#8221;][\/vc_column][vc_column width=&#8221;2\/3&#8243;][vc_column_text css=&#8221;.vc_custom_1615470689240{margin-top: 10px !important;}&#8221;]<\/p>\n<p style=\"font-size: 14px;\"><span style=\"color: #000000;\">Al\u00e9m de ser revestido com lascas de pedra Decra genu\u00edno e embutido em uma telha Decra genu\u00edno, Decra Vents apresentam uma grade de malha superfina para evitar que insetos e chuva entrem no espa\u00e7o do telhado. Existem 3 raz\u00f5es pelas quais voc\u00ea deve considerar a ventila\u00e7\u00e3o Decra:<\/span><\/p>\n<p style=\"font-size: 14px;\"><span style=\"color: #000000;\">1) Financeiro &#8211; reduzindo custos de energia<\/span><br \/>\n<span style=\"color: #000000;\">2) Prote\u00e7\u00e3o &#8211; do seu edif\u00edcio contra o apodrecimento<\/span><br \/>\n<span style=\"color: #000000;\">3) Sa\u00fade &#8211; de voc\u00ea e sua fam\u00edlia<\/span><\/p>\n<p>[\/vc_column_text][vc_btn title=&#8221;CONSIDERE OUTROS ACESS\u00d3RIOS&#8221; style=&#8221;flat&#8221; shape=&#8221;round&#8221; color=&#8221;warning&#8221; i_icon_fontawesome=&#8221;&#8221; add_icon=&#8221;true&#8221; link=&#8221;url:https%3A%2F%2Fwww.decraafrica.com\/pt%2Faccessories%2F|title:Energy%20Efficient%20ACESS\u00d3RIOS||&#8221;][\/vc_column][\/vc_row][vc_row full_width=&#8221;stretch_row&#8221; content_placement=&#8221;top&#8221;][vc_column][vc_custom_heading text=&#8221;TIPOS DE VENTILA\u00c7\u00c3O&#8221; font_container=&#8221;tag:h2|font_size:32|text_align:center|color:%23104471&#8243; use_theme_fonts=&#8221;yes&#8221; el_class=&#8221;heading-title&#8221; css=&#8221;.vc_custom_1615470731426{margin-top: 0px !important;border-top-width: 0px !important;border-bottom-width: 0px !important;padding-top: 0px !important;padding-bottom: 0px !important;}&#8221;][\/vc_column][\/vc_row][vc_row full_width=&#8221;stretch_row&#8221; content_placement=&#8221;top&#8221;][vc_column width=&#8221;1\/12&#8243;][\/vc_column][vc_column width=&#8221;2\/12&#8243;][vc_single_image image=&#8221;6909&#8243; img_size=&#8221;large&#8221; onclick=&#8221;link_image&#8221; css=&#8221;.vc_custom_1531144241152{border-top-width: 1px !important;border-right-width: 1px !important;border-bottom-width: 1px !important;border-left-width: 1px !important;border-left-color: #e8e8e8 !important;border-left-style: solid !important;border-right-color: #e8e8e8 !important;border-right-style: solid !important;border-top-color: #e8e8e8 !important;border-top-style: solid !important;border-bottom-color: #e8e8e8 !important;border-bottom-style: solid !important;border-radius: 1px !important;}&#8221;][vc_custom_heading text=&#8221;Sanitary Vent&#8221; font_container=&#8221;tag:h2|font_size:20px|text_align:center|color:%23000000&#8243; use_theme_fonts=&#8221;yes&#8221;][vc_column_text]<\/p>\n<p style=\"text-align: center;\"><span style=\"color: #000; font-size: 14px;\">Para banheiros e cozinhas recebe um tubo de 110 mm<\/span><\/p>\n<p>[\/vc_column_text][\/vc_column][vc_column width=&#8221;2\/12&#8243;][vc_single_image image=&#8221;6906&#8243; img_size=&#8221;large&#8221; onclick=&#8221;link_image&#8221; css=&#8221;.vc_custom_1531144247010{border-top-width: 1px !important;border-right-width: 1px !important;border-bottom-width: 1px !important;border-left-width: 1px !important;border-left-color: #e8e8e8 !important;border-left-style: solid !important;border-right-color: #e8e8e8 !important;border-right-style: solid !important;border-top-color: #e8e8e8 !important;border-top-style: solid !important;border-bottom-color: #e8e8e8 !important;border-bottom-style: solid !important;border-radius: 1px !important;}&#8221;][vc_custom_heading text=&#8221;Cowl Vent&#8221; font_container=&#8221;tag:h2|font_size:20px|text_align:center|color:%23000000&#8243; use_theme_fonts=&#8221;yes&#8221;][vc_column_text]<\/p>\n<p style=\"text-align: center;\"><span style=\"color: #000; font-size: 14px;\">Para espa\u00e7o no telhado<\/span><\/p>\n<p>[\/vc_column_text][\/vc_column][vc_column width=&#8221;2\/12&#8243;][vc_single_image image=&#8221;6907&#8243; img_size=&#8221;large&#8221; onclick=&#8221;link_image&#8221; css=&#8221;.vc_custom_1531144253082{border-top-width: 1px !important;border-right-width: 1px !important;border-bottom-width: 1px !important;border-left-width: 1px !important;border-left-color: #e8e8e8 !important;border-left-style: solid !important;border-right-color: #e8e8e8 !important;border-right-style: solid !important;border-top-color: #e8e8e8 !important;border-top-style: solid !important;border-bottom-color: #e8e8e8 !important;border-bottom-style: solid !important;border-radius: 1px !important;}&#8221;][vc_custom_heading text=&#8221;Flat Cowl Vent&#8221; font_container=&#8221;tag:h2|font_size:20px|text_align:center|color:%23000000&#8243; use_theme_fonts=&#8221;yes&#8221;][vc_column_text]<\/p>\n<p style=\"text-align: center;\"><span style=\"color: #000; font-size: 14px;\">Para espa\u00e7o de telhado de perfil baixo <\/span><\/p>\n<p>[\/vc_column_text][\/vc_column][vc_column width=&#8221;2\/12&#8243;][vc_single_image image=&#8221;6908&#8243; img_size=&#8221;large&#8221; onclick=&#8221;link_image&#8221; css=&#8221;.vc_custom_1531144272711{border-top-width: 1px !important;border-right-width: 1px !important;border-bottom-width: 1px !important;border-left-width: 1px !important;border-left-color: #e8e8e8 !important;border-left-style: solid !important;border-right-color: #e8e8e8 !important;border-right-style: solid !important;border-top-color: #e8e8e8 !important;border-top-style: solid !important;border-bottom-color: #e8e8e8 !important;border-bottom-style: solid !important;border-radius: 1px !important;}&#8221;][vc_custom_heading text=&#8221;Gas Flu&#8221; font_container=&#8221;tag:h2|font_size:20px|text_align:center|color:%23000000&#8243; use_theme_fonts=&#8221;yes&#8221;][vc_column_text]<\/p>\n<p style=\"text-align: center;\"><span style=\"color: #000; font-size: 14px;\">Para ventila\u00e7\u00e3o de fog\u00f5es a g\u00e1s ou caldeiras<\/span><\/p>\n<p>[\/vc_column_text][\/vc_column][vc_column width=&#8221;2\/12&#8243;][vc_single_image image=&#8221;6905&#8243; img_size=&#8221;large&#8221; onclick=&#8221;link_image&#8221; css=&#8221;.vc_custom_1531144284396{border-top-width: 1px !important;border-right-width: 1px !important;border-bottom-width: 1px !important;border-left-width: 1px !important;border-left-color: #e8e8e8 !important;border-left-style: solid !important;border-right-color: #e8e8e8 !important;border-right-style: solid !important;border-top-color: #e8e8e8 !important;border-top-style: solid !important;border-bottom-color: #e8e8e8 !important;border-bottom-style: solid !important;border-radius: 1px !important;}&#8221;][vc_custom_heading text=&#8221;Aqua Sealt&#8221; font_container=&#8221;tag:h2|font_size:20px|text_align:center|color:%23000000&#8243; use_theme_fonts=&#8221;yes&#8221;][vc_column_text]<\/p>\n<p style=\"text-align: center;\"><span style=\"color: #000; font-size: 14px;\">Veda\u00e7\u00e3o de borracha para extrus\u00e3o de tubula\u00e7\u00e3o atrav\u00e9s do telhado (por exemplo, tubula\u00e7\u00e3o de solo)<\/span><\/p>\n<p>[\/vc_column_text][\/vc_column][vc_column width=&#8221;1\/12&#8243;][\/vc_column][\/vc_row][vc_row full_width=&#8221;stretch_row&#8221; css=&#8221;.vc_custom_1510850297934{background-color: #fcc11d !important;}&#8221;][vc_column][vc_column_text css_animation=&#8221;flipInX&#8221; css=&#8221;.vc_custom_1615470801022{padding-top: 25px !important;padding-bottom: 25px !important;}&#8221;]<\/p>\n<p style=\"text-align: center; color: #144071; font-size: 30px;\"><i class=\"fa fa-search\" aria-hidden=\"true\"><\/i><strong><a style=\"text-decoration: none; color: #144071;\" href=\"https:\/\/www.decraafrica.com\/pt\/contact\/\"> Encontre o distribuidor Genuine Decra mais pr\u00f3ximo<\/a><\/strong><\/p>\n<p>[\/vc_column_text][\/vc_column][\/vc_row][vc_row][vc_column][vc_custom_heading text=&#8221;WE CHOSE DECRA VENTILATION&#8221; font_container=&#8221;tag:h2|font_size:32|text_align:center|color:%23144071&#8243; use_theme_fonts=&#8221;yes&#8221;][vc_row_inner gap=&#8221;15&#8243;][vc_column_inner width=&#8221;1\/3&#8243;][vc_single_image image=&#8221;6623&#8243; img_size=&#8221;209&#215;227&#8243; alignment=&#8221;center&#8221;][vc_column_text css=&#8221;.vc_custom_1615470851909{margin-top: 0px !important;margin-bottom: 0px !important;padding-top: 0px !important;padding-bottom: 0px !important;}&#8221;]<\/p>\n<p style=\"text-align: center;\"><span style=\"font-size: 22px; color: #000000; font-weight: bolder;\"><strong>PROPRIET\u00c1RIO DA CASA<\/strong><\/span><\/p>\n<p>[\/vc_column_text][vc_column_text css=&#8221;.vc_custom_1615470820722{margin-top: 15px !important;margin-bottom: 0px !important;padding-top: 0px !important;padding-bottom: 0px !important;}&#8221;]<\/p>\n<p style=\"text-align: center;\"><span style=\"font-size: 14px; color: #000;\">Gastamos muito dinheiro construindo nossa casa, ent\u00e3o n\u00e3o quer\u00edamos que fosse danificada pelo apodrecimento. Os respiradouros Decra s\u00e3o uma forma f\u00e1cil e econ\u00f3mica de garantir ar fresco.<\/span><\/p>\n<p>[\/vc_column_text][\/vc_column_inner][vc_column_inner width=&#8221;1\/3&#8243;][vc_single_image image=&#8221;6622&#8243; img_size=&#8221;209&#215;227&#8243; alignment=&#8221;center&#8221;][vc_column_text css=&#8221;.vc_custom_1615470869427{margin-top: 0px !important;margin-bottom: 0px !important;padding-top: 0px !important;padding-right: 0px !important;padding-bottom: 0px !important;}&#8221;]<\/p>\n<p style=\"text-align: center;\"><span style=\"font-size: 22px; color: #000000; font-weight: bolder;\"><strong>ARQUITETO<\/strong><\/span><\/p>\n<p>[\/vc_column_text][vc_column_text css=&#8221;.vc_custom_1615470830392{margin-top: 15px !important;margin-bottom: 0px !important;padding-top: 0px !important;padding-bottom: 0px !important;}&#8221;]<\/p>\n<p style=\"text-align: center;\"><span style=\"font-size: 14px; color: #000;\">Uma boa ventila\u00e7\u00e3o \u00e9 essencial para a sa\u00fade e certifico-me de que todos os meus projetos est\u00e3o bem ventilados. Os respiradouros Decra s\u00e3o bons porque combinam com o telhado, por isso n\u00e3o se destacam.<\/span><\/p>\n<p>[\/vc_column_text][\/vc_column_inner][vc_column_inner width=&#8221;1\/3&#8243;][vc_single_image image=&#8221;6624&#8243; img_size=&#8221;209&#215;227&#8243; alignment=&#8221;center&#8221;][vc_column_text css=&#8221;.vc_custom_1615470879248{margin-top: 0px !important;margin-bottom: 0px !important;padding-top: 0px !important;padding-bottom: 0px !important;}&#8221;]<\/p>\n<p style=\"text-align: center;\"><span style=\"font-size: 22px; color: #000000; font-weight: bolder;\"><strong>INSTALADOR<\/strong><\/span><\/p>\n<p>[\/vc_column_text][vc_column_text css=&#8221;.vc_custom_1615470840645{margin-top: 15px !important;margin-bottom: 0px !important;padding-top: 0px !important;padding-bottom: 0px !important;}&#8221;]<\/p>\n<p style=\"text-align: center;\"><span style=\"font-size: 14px; color: #000;\">As sa\u00eddas de ar Decra s\u00e3o uma maneira f\u00e1cil e econ\u00f4mica de evitar problemas no futuro. n\u00e3o vale a pena arriscar n\u00e3o ter um telhado ventilado.<\/span><\/p>\n<p>[\/vc_column_text][\/vc_column_inner][\/vc_row_inner][\/vc_column][\/vc_row][vc_row full_width=&#8221;stretch_row&#8221; css=&#8221;.vc_custom_1532943974139{margin-top: 0px !important;margin-bottom: 0px !important;padding-top: 40px !important;padding-bottom: 40px !important;background-color: #ffd500 !important;}&#8221;][vc_column width=&#8221;1\/3&#8243;][vc_single_image image=&#8221;12356&#8243; img_size=&#8221;large&#8221; alignment=&#8221;center&#8221;][\/vc_column][vc_column width=&#8221;2\/3&#8243;][vc_custom_heading text=&#8221;PR\u00d3XIMOS PASSOS&#8221; font_container=&#8221;tag:h2|font_size:32|text_align:left|color:%23104471&#8243; use_theme_fonts=&#8221;yes&#8221; el_class=&#8221;heading-title&#8221; css=&#8221;.vc_custom_1614599192416{margin-top: 0px !important;border-top-width: 0px !important;border-bottom-width: 0px !important;padding-top: 0px !important;padding-bottom: 0px !important;}&#8221;][vc_column_text css=&#8221;.vc_custom_1614599204278{margin-top: 0px !important;margin-bottom: 0px !important;padding-top: 0px !important;padding-bottom: 0px !important;}&#8221;]<span style=\"font-size: 22px; color: #144071; font-weight: 500;\"><strong>Estamos aqui para orient\u00e1-lo no processo de sele\u00e7\u00e3o do telhado certo para voc\u00ea.<\/strong><\/span>[\/vc_column_text][vc_column_text css=&#8221;.vc_custom_1614599219354{margin-top: 15px !important;margin-bottom: 15px !important;padding-top: 0px !important;padding-bottom: 0px !important;}&#8221;]<span style=\"font-size: 14px; color: #000;\">Os nossos distribuidores s\u00e3o profissionais que ir\u00e3o ouvir as suas necessidades, fazer recomenda\u00e7\u00f5es e calcular as suas necessidades de cobertura. Para o telhado dos seus sonhos, marque uma reuni\u00e3o no dia e na hora que mais lhe convier &#8230;.. <\/span>[\/vc_column_text][vc_btn title=&#8221;Marque uma reuni\u00e3o agora&#8221; style=&#8221;flat&#8221; shape=&#8221;round&#8221; color=&#8221;primary&#8221; link=&#8221;url:https%3A%2F%2Fwww.decraafrica.com\/pt\/contact%2F|||&#8221;][\/vc_column][\/vc_row]<\/p>\n<\/div>","protected":false},"excerpt":{"rendered":"<p>[vc_row css=&#8221;.vc_custom_1615470495684{margin-top: 50px !important;padding-top: 0px !important;padding-bottom: 0px !important;}&#8221;][vc_column][vc_custom_heading text=&#8221;ESCOLHER DECRA VENTILA\u00c7\u00c3O&#8221; font_container=&#8221;tag:h1|font_size:32|text_align:center|color:%23104471&#8243; use_theme_fonts=&#8221;yes&#8221; el_class=&#8221;heading-title&#8221; css=&#8221;.vc_custom_1615470506554{margin-top: 0px !important;border-top-width: 0px !important;border-bottom-width: 0px !important;padding-top: 0px !important;padding-bottom: 0px !important;}&#8221;][\/vc_column][\/vc_row][vc_row full_width=&#8221;stretch_row&#8221; content_placement=&#8221;top&#8221;][vc_column width=&#8221;1\/3&#8243;][vc_single_image image=&#8221;6903&#8243; img_size=&#8221;medium&#8221; alignment=&#8221;right&#8221; onclick=&#8221;link_image&#8221; css=&#8221;.vc_custom_1530786880886{border-top-width: 1px !important;border-right-width: 1px !important;border-bottom-width: 1px !important;border-left-width: 1px !important;padding-top: 10px !important;padding-right: 10px !important;padding-bottom: 10px !important;padding-left: 10px !important;border-left-color: #e8e8e8 !important;border-left-style: solid !important;border-right-color: #e8e8e8 !important;border-right-style: [&hellip;]<\/p>\n","protected":false},"author":1,"featured_media":0,"parent":0,"menu_order":0,"comment_status":"open","ping_status":"closed","template":"","meta":{"content-type":"","footnotes":""},"class_list":["post-6898","page","type-page","status-publish","hentry"],"_links":{"self":[{"href":"https:\/\/www.decraafrica.com\/pt\/wp-json\/wp\/v2\/pages\/6898","targetHints":{"allow":["GET"]}}],"collection":[{"href":"https:\/\/www.decraafrica.com\/pt\/wp-json\/wp\/v2\/pages"}],"about":[{"href":"https:\/\/www.decraafrica.com\/pt\/wp-json\/wp\/v2\/types\/page"}],"author":[{"embeddable":true,"href":"https:\/\/www.decraafrica.com\/pt\/wp-json\/wp\/v2\/users\/1"}],"replies":[{"embeddable":true,"href":"https:\/\/www.decraafrica.com\/pt\/wp-json\/wp\/v2\/comments?post=6898"}],"version-history":[{"count":5,"href":"https:\/\/www.decraafrica.com\/pt\/wp-json\/wp\/v2\/pages\/6898\/revisions"}],"predecessor-version":[{"id":12935,"href":"https:\/\/www.decraafrica.com\/pt\/wp-json\/wp\/v2\/pages\/6898\/revisions\/12935"}],"wp:attachment":[{"href":"https:\/\/www.decraafrica.com\/pt\/wp-json\/wp\/v2\/media?parent=6898"}],"curies":[{"name":"wp","href":"https:\/\/api.w.org\/{rel}","templated":true}]}}