{"id":6935,"date":"2018-05-24T17:11:35","date_gmt":"2018-05-24T16:11:35","guid":{"rendered":"https:\/\/www.decraafrica.com\/pt\/?page_id=6935"},"modified":"2021-03-01T15:50:59","modified_gmt":"2021-03-01T15:50:59","slug":"decra-warranty","status":"publish","type":"page","link":"https:\/\/www.decraafrica.com\/pt\/decra-warranty\/","title":{"rendered":"Garantia Decra"},"content":{"rendered":"<div class=\"wpb-content-wrapper\"><p>[vc_row css=&#8221;.vc_custom_1614613360884{margin-top: 50px !important;padding-top: 0px !important;padding-bottom: 0px !important;}&#8221;][vc_column][vc_custom_heading text=&#8221;DECRA GARANTIA&#8221; font_container=&#8221;tag:h2|font_size:40|text_align:center|color:%23104471&#8243; use_theme_fonts=&#8221;yes&#8221; el_class=&#8221;heading-title&#8221; css=&#8221;.vc_custom_1614613351341{margin-top: 0px !important;border-top-width: 0px !important;border-bottom-width: 0px !important;padding-top: 0px !important;padding-bottom: 0px !important;}&#8221;][vc_column_text css=&#8221;.vc_custom_1614613373418{margin-top: 15px !important;}&#8221;]<span style=\"color: #000000;\">Por muitos anos, a garantia Decra Roofs foi considerada por muitos como o \u201cpadr\u00e3o ouro\u201d para a ind\u00fastria de coberturas. Seu telhado est\u00e1 mais exposto aos elementos do que qualquer outra parte da casa, ent\u00e3o a tranquilidade que vem com uma garantia de produto top de linha \u00e9 especialmente importante. Nossa garantia cobre:<\/span>[\/vc_column_text][vc_column_text css=&#8221;.vc_custom_1614613392177{margin-top: 15px !important;}&#8221;]<span style=\"color: #000000;\">Existem duas zonas de garantia, dependendo de qu\u00e3o perto o telhado est\u00e1 das ondas quebrando:<br \/>\n(o mar). Isso determinar\u00e1 a dura\u00e7\u00e3o da garantia:<\/span>[\/vc_column_text][\/vc_column][\/vc_row][vc_row full_width=&#8221;stretch_row&#8221; content_placement=&#8221;top&#8221;][vc_column width=&#8221;1\/2&#8243;][vc_column_text css=&#8221;.vc_custom_1614613439540{margin-top: 0px !important;margin-bottom: 0px !important;padding-top: 20px !important;padding-bottom: 20px !important;padding-left: 35px !important;background-color: #144071 !important;}&#8221;]<span style=\"color: #ffffff; font-size: 16px;\"><strong>ZONE 1:<\/strong> Mais de 750 m do rebentamento<\/span>[\/vc_column_text][vc_single_image image=&#8221;12859&#8243; alignment=&#8221;right&#8221; css=&#8221;.vc_custom_1614613630760{margin-top: -70px !important;margin-bottom: -80px !important;}&#8221;][vc_column_text css=&#8221;.vc_custom_1614613407310{margin-top: 0px !important;margin-bottom: 0px !important;border-right-width: 20px !important;padding-top: 250px !important;padding-bottom: 30px !important;padding-left: 35px !important;background-image: url(https:\/\/www.decraafrica.com\/pt\/wp-content\/uploads\/sites\/8\/2018\/05\/breaking-surf.jpg?id=6943) !important;background-position: center !important;background-repeat: no-repeat !important;background-size: cover !important;}&#8221;]<strong><span style=\"color: #ffffff;\"><a style=\"color: #fff; text-decoration: none;\" href=\"https:\/\/www.decraafrica.com\/pt\/decra-gallery\/\">VEJA A GALERIA<\/a><\/span><\/strong>[\/vc_column_text][vc_column_text css=&#8221;.vc_custom_1614613469036{margin-top: 15px !important;}&#8221;]<span style=\"color: #000000;\">99% das casas est\u00e3o na Zona 1 e se beneficiam de nossa garantia total de 50 anos. Isso significa que um telhado Decra genu\u00edno nesta zona tem garantia de permanecer \u00e0 prova de intemp\u00e9ries por at\u00e9 50 anos, enquanto o revestimento de superf\u00edcie tem garantia de permanecer s\u00f3lido por 20 anos.<\/span>[\/vc_column_text][\/vc_column][vc_column width=&#8221;1\/2&#8243;][vc_column_text css=&#8221;.vc_custom_1614613456226{margin-top: 0px !important;margin-bottom: 0px !important;padding-top: 20px !important;padding-bottom: 20px !important;padding-left: 35px !important;background-color: #144071 !important;}&#8221;]<span style=\"color: #ffffff; font-size: 16px;\"><strong>ZONE 2:<\/strong> A menos de 750 m das ondas quebrando<\/span>[\/vc_column_text][vc_single_image image=&#8221;11976&#8243; alignment=&#8221;right&#8221; css=&#8221;.vc_custom_1562833998777{margin-top: -70px !important;margin-bottom: -80px !important;}&#8221;][vc_column_text css=&#8221;.vc_custom_1614613416973{margin-top: 0px !important;margin-bottom: 0px !important;border-right-width: 20px !important;padding-top: 250px !important;padding-bottom: 30px !important;padding-left: 35px !important;background-image: url(https:\/\/www.decraafrica.com\/pt\/wp-content\/uploads\/sites\/8\/2018\/05\/coatsla.jpg?id=6963) !important;background-position: center !important;background-repeat: no-repeat !important;background-size: cover !important;}&#8221;]<strong><span style=\"color: #ffffff;\"><a style=\"color: #fff; text-decoration: none;\" href=\"https:\/\/www.decraafrica.com\/pt\/decra-gallery\/\">VEJA A GALERIA<\/a><\/span><\/strong>[\/vc_column_text][vc_column_text css=&#8221;.vc_custom_1614613480002{margin-top: 15px !important;}&#8221;]<span style=\"color: #000000;\">Casas constru\u00eddas em um ambiente marinho severo (dentro de 750 m do rebentamento) t\u00eam garantia de permanecer \u00e0 prova de intemp\u00e9ries por at\u00e9 25 anos, enquanto o revestimento da superf\u00edcie tem garantia de permanecer s\u00f3lido por 10 anos.<\/span>[\/vc_column_text][\/vc_column][\/vc_row][vc_row full_width=&#8221;stretch_row&#8221; content_placement=&#8221;top&#8221;][vc_column][vc_custom_heading text=&#8221;Nossa garantia se aplica apenas a telhados Decra genu\u00ednos&#8221; font_container=&#8221;tag:h1|font_size:22|text_align:center|color:%23000000&#8243; use_theme_fonts=&#8221;yes&#8221; el_class=&#8221;heading-title&#8221; css=&#8221;.vc_custom_1614613491565{margin-top: 0px !important;border-top-width: 0px !important;border-bottom-width: 0px !important;padding-top: 0px !important;padding-bottom: 0px !important;}&#8221;][\/vc_column][\/vc_row][vc_row full_width=&#8221;stretch_row&#8221; css=&#8221;.vc_custom_1531233552329{background-color: #ffd500 !important;}&#8221;][vc_column][vc_column_text css_animation=&#8221;flipInX&#8221; css=&#8221;.vc_custom_1614613504540{padding-top: 25px !important;padding-bottom: 25px !important;}&#8221;]<\/p>\n<p style=\"text-align: center; color: #144071; font-size: 25px;\"><i class=\"fa fa-search\" aria-hidden=\"true\"><\/i> <a href=\"https:\/\/www.decraafrica.com\/pt\/contact\/\"><strong>Encontre o distribuidor Genuine Decra mais pr\u00f3ximo<\/strong><\/a><\/p>\n<p>[\/vc_column_text][\/vc_column][\/vc_row][vc_row css=&#8221;.vc_custom_1510242430664{margin-top: 0px !important;padding-top: 0px !important;padding-bottom: 0px !important;}&#8221;][vc_column][vc_custom_heading text=&#8221;EXPLORE O DECRA <sup>\u00ae<\/sup> TELHAS&#8221; font_container=&#8221;tag:h1|font_size:40|text_align:center|color:%23104471&#8243; use_theme_fonts=&#8221;yes&#8221; el_class=&#8221;heading-title&#8221; css=&#8221;.vc_custom_1614602373973{margin-top: 0px !important;border-top-width: 0px !important;border-bottom-width: 0px !important;padding-top: 0px !important;padding-bottom: 0px !important;}&#8221;][\/vc_column][\/vc_row][vc_row parallax=&#8221;content-moving&#8221; css=&#8221;.vc_custom_1614613821829{margin-top: 0px !important;border-top-width: 1px !important;border-right-width: 1px !important;border-bottom-width: 1px !important;border-left-width: 1px !important;padding-right: 10px !important;padding-left: 10px !important;}&#8221;][vc_column width=&#8221;1\/4&#8243; css=&#8221;.vc_custom_1510848685064{padding-right: 10px !important;padding-left: 10px !important;}&#8221;][vc_single_image image=&#8221;6179&#8243; img_size=&#8221;full&#8221; css=&#8221;.vc_custom_1530696597666{margin-bottom: 0px !important;border-top-width: 1px !important;border-right-width: 1px !important;border-bottom-width: 1px !important;border-left-width: 1px !important;border-left-color: #e8e8e8 !important;border-left-style: solid !important;border-right-color: #e8e8e8 !important;border-right-style: solid !important;border-top-color: #e8e8e8 !important;border-top-style: solid !important;border-bottom-color: #e8e8e8 !important;border-bottom-style: solid !important;border-radius: 1px !important;}&#8221;][vc_custom_heading text=&#8221;HIST\u00d3RIA E PATRIM\u00d4NIO&#8221; font_container=&#8221;tag:h2|font_size:18PX|text_align:center|color:%23144071&#8243; use_theme_fonts=&#8221;yes&#8221; css=&#8221;.vc_custom_1614602384283{margin-top: 15px !important;margin-bottom: 15px !important;}&#8221;][vc_column_text]<\/p>\n<p style=\"text-align: center;\"><span style=\"color: #000; font-size: 14px;\">Descubra como o telhas Decra\u00ae foi inventado e como lideramos o mundo por mais de 60 anos.<\/span><\/p>\n<p>[\/vc_column_text][vc_empty_space height=&#8221;25px&#8221;][vc_btn title=&#8221;ASSISTA AGORA&#8221; style=&#8221;classic&#8221; shape=&#8221;round&#8221; color=&#8221;black&#8221; size=&#8221;sm&#8221; align=&#8221;center&#8221; css_animation=&#8221;none&#8221; button_block=&#8221;true&#8221; custom_onclick=&#8221;true&#8221; link=&#8221;url:%23|||&#8221; custom_onclick_code=&#8221;return lepopup_popup_open(&#8216;5RAiWGb3BvNtyGq6&#8217;);&#8221;][\/vc_column][vc_column width=&#8221;1\/4&#8243; css=&#8221;.vc_custom_1510848693781{padding-right: 10px !important;padding-left: 10px !important;}&#8221;][vc_single_image image=&#8221;6178&#8243; img_size=&#8221;full&#8221; css=&#8221;.vc_custom_1530696683128{margin-bottom: 0px !important;border-top-width: 1px !important;border-right-width: 1px !important;border-bottom-width: 1px !important;border-left-width: 1px !important;border-left-color: #dddddd !important;border-left-style: solid !important;border-right-color: #dddddd !important;border-right-style: solid !important;border-top-color: #dddddd !important;border-top-style: solid !important;border-bottom-color: #dddddd !important;border-bottom-style: solid !important;border-radius: 1px !important;}&#8221;][vc_custom_heading text=&#8221;DECRA TILES GENU\u00cdNOS&#8221; font_container=&#8221;tag:h2|font_size:18PX|text_align:center|color:%23144071&#8243; use_theme_fonts=&#8221;yes&#8221; css=&#8221;.vc_custom_1614613694894{margin-top: 15px !important;margin-bottom: 15px !important;}&#8221;][vc_column_text]<\/p>\n<p style=\"text-align: center;\"><span style=\"color: #000; font-size: 14px;\">Cuidado com os ladrilhos Decra falsos, eles n\u00e3o ter\u00e3o um desempenho de acordo com os nossos elevados padr\u00f5es.<\/span><\/p>\n<p>[\/vc_column_text][vc_btn title=&#8221;DESCUBRA MAIS&#8221; style=&#8221;classic&#8221; shape=&#8221;round&#8221; color=&#8221;black&#8221; size=&#8221;sm&#8221; align=&#8221;center&#8221; css_animation=&#8221;none&#8221; button_block=&#8221;true&#8221; link=&#8221;url:https%3A%2F%2Fwww.decraafrica.com\/pt\/genuine-decra%2F|||&#8221;][\/vc_column][vc_column width=&#8221;1\/4&#8243; css=&#8221;.vc_custom_1510850157951{padding-right: 10px !important;padding-left: 10px !important;}&#8221;][vc_single_image image=&#8221;6177&#8243; img_size=&#8221;full&#8221; css=&#8221;.vc_custom_1530696647689{margin-bottom: 0px !important;}&#8221;][vc_custom_heading text=&#8221;ATUA\u00c7\u00c3O&#8221; font_container=&#8221;tag:h2|font_size:18PX|text_align:center|color:%23144071&#8243; use_theme_fonts=&#8221;yes&#8221; css=&#8221;.vc_custom_1614602422519{margin-top: 15px !important;margin-bottom: 15px !important;}&#8221;][vc_column_text]<\/p>\n<p style=\"text-align: center;\"><span style=\"color: #000; font-size: 14px;\">Seja vento, chuva ou fogo, as telhas Decra\u00ae s\u00e3o l\u00edderes mundiais em desempenho e tamb\u00e9m v\u00eam com garantia de 50 anos.<\/span><\/p>\n<p>[\/vc_column_text][vc_btn title=&#8221;VERIFICAR DESEMPENHO&#8221; style=&#8221;classic&#8221; shape=&#8221;round&#8221; color=&#8221;black&#8221; size=&#8221;sm&#8221; align=&#8221;center&#8221; css_animation=&#8221;none&#8221; button_block=&#8221;true&#8221; link=&#8221;url:https%3A%2F%2Fwww.decraafrica.com\/pt\/performance%2F|||&#8221;][\/vc_column][vc_column width=&#8221;1\/4&#8243; css=&#8221;.vc_custom_1510850202928{padding-right: 10px !important;padding-left: 10px !important;}&#8221;][vc_single_image image=&#8221;6176&#8243; img_size=&#8221;full&#8221; css=&#8221;.vc_custom_1530696661004{margin-bottom: 0px !important;}&#8221;][vc_custom_heading text=&#8221;A TELHA DECRA <sup>\u00ae<\/sup>&#8221; font_container=&#8221;tag:h2|font_size:18PX|text_align:center|color:%23144071&#8243; use_theme_fonts=&#8221;yes&#8221; css=&#8221;.vc_custom_1614602445021{margin-top: 15px !important;margin-bottom: 15px !important;}&#8221;][vc_column_text]<\/p>\n<p style=\"text-align: center;\"><span style=\"color: #000; font-size: 14px;\">Descubra como uma telha Decra\u00ae \u00e9 feita e por que nossas telhas superam todas as outras telhas de metal.<\/span><\/p>\n<p>[\/vc_column_text][vc_empty_space height=&#8221;25px&#8221;][vc_btn title=&#8221;PORQUE DECRA <sup>\u00ae<\/sup> \u00c9 O MELHOR?&#8221; style=&#8221;classic&#8221; shape=&#8221;round&#8221; color=&#8221;black&#8221; size=&#8221;sm&#8221; align=&#8221;center&#8221; css_animation=&#8221;none&#8221; button_block=&#8221;true&#8221; link=&#8221;url:https%3A%2F%2Fwww.decraafrica.com\/pt%2Froof-explained%2F|||&#8221;][\/vc_column][\/vc_row][vc_row css=&#8221;.vc_custom_1543240575602{margin-top: 0px !important;margin-bottom: 25px !important;padding-top: 0px !important;padding-bottom: 0px !important;}&#8221;][vc_column][vc_custom_heading text=&#8221;NOSSAS TELHAS&#8221; font_container=&#8221;tag:h2|font_size:36|text_align:center|color:%23104471&#8243; use_theme_fonts=&#8221;yes&#8221; el_class=&#8221;heading-title&#8221; css=&#8221;.vc_custom_1614599694446{margin-top: 0px !important;border-top-width: 0px !important;padding-top: 0px !important;padding-bottom: 0px !important;}&#8221;][\/vc_column][\/vc_row][vc_row gap=&#8221;10&#8243; css=&#8221;.vc_custom_1532945117440{margin-bottom: 15px !important;padding-top: 0px !important;}&#8221; el_class=&#8221;our-services&#8221;][vc_column width=&#8221;1\/3&#8243;][vc_column_text]<\/p>\n<div class=\"box\">\n<p><a class=\"profiles\" href=\"https:\/\/www.decraafrica.com\/pt\/classic\/\"><img decoding=\"async\" src=\"https:\/\/www.decraafrica.com\/pt\/\/wp-content\/uploads\/sites\/8\/2017\/11\/classic.png\" alt=\"Decra Classic Tile\" \/><\/a><br \/>\n<img decoding=\"async\" id=\"middle\" class=\"imgB1\" style=\"width: 60px; height: auto;\" src=\"https:\/\/www.decraafrica.com\/pt\/\/wp-content\/uploads\/sites\/8\/2017\/11\/decrabox.jpg\" alt=\"\"><\/p>\n<div class=\"top-right\"><a class=\"profiles\" href=\"https:\/\/www.decraafrica.com\/pt\/classic\/\"><i class=\"fa fa-caret-right\" aria-hidden=\"true\"><\/i>\u00a0Ver perfil<\/a><\/div>\n<div class=\"bottom-right\" style=\"text-align: left;\"><a class=\"profiles\" href=\"https:\/\/www.decraafrica.com\/pt\/classic-gallery\/\"><i class=\"fa fa-caret-right\" aria-hidden=\"true\"><\/i>\u00a0Veja a galeria<\/a><\/div>\n<div class=\"top-left\"><strong><span style=\"font-size: 24px;\">CLASSIC<\/span><\/strong><\/div>\n<\/div>\n<p>[\/vc_column_text][\/vc_column][vc_column width=&#8221;1\/3&#8243;][vc_column_text]<\/p>\n<div class=\"box\">\n<p><a class=\"profiles\" href=\"https:\/\/www.decraafrica.com\/pt\/milano-profile\/\"><img loading=\"lazy\" decoding=\"async\" class=\"alignnone wp-image-2331 size-full\" src=\"https:\/\/www.decraafrica.com\/pt\/\/wp-content\/uploads\/sites\/8\/2017\/11\/milano.png\" alt=\"Decra Milano Tile\" width=\"400\" height=\"235\" \/><\/a><br \/>\n<img decoding=\"async\" id=\"middle\" class=\"imgB1\" style=\"width: 60px; height: auto;\" src=\"https:\/\/www.decraafrica.com\/pt\/wp-content\/uploads\/sites\/8\/2017\/11\/decrabox.jpg\" alt=\"\"><\/p>\n<div class=\"top-right\"><a class=\"profiles\" href=\"https:\/\/www.decraafrica.com\/pt\/milano-profile\"><i class=\"fa fa-caret-right\" aria-hidden=\"true\"><\/i> Ver perfil<\/a><\/div>\n<div class=\"bottom-right\" style=\"text-align: left;\"><a class=\"profiles\" href=\"https:\/\/www.decraafrica.com\/pt\/milano-gallery\/\"><i class=\"fa fa-caret-right\" aria-hidden=\"true\"><\/i> Veja a galeria<\/a><\/div>\n<div class=\"top-left\"><strong><span style=\"font-size: 24px;\">MILANO<\/span><\/strong><\/div>\n<\/div>\n<p>[\/vc_column_text][\/vc_column][vc_column width=&#8221;1\/3&#8243;][vc_column_text]<\/p>\n<div class=\"box\">\n<p><a class=\"profiles\" href=\"https:\/\/www.decraafrica.com\/pt\/shingle-profile\/\"><img decoding=\"async\" class=\"alignnone wp-image-2331 size-full\" src=\"https:\/\/www.decraafrica.com\/pt\/wp-content\/uploads\/sites\/8\/2017\/11\/shingle.png\" alt=\"Decra Shingle Tile\" \/><\/a><br \/>\n<img decoding=\"async\" id=\"middle\" class=\"imgB1\" style=\"width: 60px; height: auto;\" src=\"https:\/\/www.decraafrica.com\/pt\/\/wp-content\/uploads\/sites\/8\/2017\/11\/decrabox.jpg\" alt=\"\"><\/p>\n<div class=\"top-right\"><a class=\"profiles\" href=\"https:\/\/www.decraafrica.com\/pt\/shingle-profile\/\"><i class=\"fa fa-caret-right\" aria-hidden=\"true\"><\/i> Ver perfil<\/a><\/div>\n<div class=\"bottom-right\" style=\"text-align: left;\"><a class=\"profiles\" href=\"https:\/\/www.decraafrica.com\/pt\/shingle-gallery\/\"><i class=\"fa fa-caret-right\" aria-hidden=\"true\"><\/i> Veja a galeria<\/a><\/div>\n<div class=\"top-left\"><strong><span style=\"font-size: 24px;\">SHINGLE<\/span><\/strong><\/div>\n<\/div>\n<p>[\/vc_column_text][\/vc_column][\/vc_row][vc_row el_class=&#8221;our-services&#8221; css=&#8221;.vc_custom_1510242621988{margin-bottom: 0px !important;padding-top: 10px !important;padding-bottom: 30px !important;}&#8221;][vc_column width=&#8221;1\/3&#8243;][vc_column_text]<\/p>\n<div class=\"box\">\n<p><a class=\"profiles\" href=\"https:\/\/www.decraafrica.com\/pt\/decra-slate\/\"><img decoding=\"async\" class=\"alignnone wp-image-2330 size-full\" src=\"https:\/\/www.decraafrica.com\/pt\/\/wp-content\/uploads\/sites\/8\/2017\/11\/slate.jpg\" alt=\"Decra Slate Tile\" \/><\/a><br \/>\n<img decoding=\"async\" id=\"middle\" class=\"imgB1\" style=\"width: 60px; height: auto;\" src=\"https:\/\/www.decraafrica.com\/pt\/\/wp-content\/uploads\/sites\/8\/2017\/11\/decrabox.jpg\" alt=\"\"><\/p>\n<div class=\"top-right\"><a class=\"profiles\" href=\"https:\/\/www.decraafrica.com\/pt\/decra-slate\/\"><i class=\"fa fa-caret-right\" aria-hidden=\"true\"><\/i>\u00a0Ver perfil<\/a><\/div>\n<div class=\"bottom-right\" style=\"text-align: left;\"><a class=\"profiles\" href=\"https:\/\/www.decraafrica.com\/pt\/slate-gallery\/\"><i class=\"fa fa-caret-right\" aria-hidden=\"true\"><\/i>\u00a0Veja a galeria<\/a><\/div>\n<div class=\"top-left\"><strong><span style=\"font-size: 24px;\">SLATE<\/span><\/strong><\/div>\n<\/div>\n<p>[\/vc_column_text][\/vc_column][vc_column width=&#8221;1\/3&#8243;][vc_column_text]<\/p>\n<div class=\"box\">\n<p><a class=\"profiles\" href=\"https:\/\/www.decraafrica.com\/pt\/heritage\"><img decoding=\"async\" class=\"alignnone wp-image-2331 size-full\" src=\"https:\/\/www.decraafrica.com\/pt\/wp-content\/uploads\/sites\/8\/2017\/11\/heritage.png\" alt=\"Decra heritage tile\" \/><\/a><br \/>\n<img decoding=\"async\" id=\"middle\" class=\"imgB1\" style=\"width: 60px; height: auto;\" src=\"https:\/\/www.decraafrica.com\/pt\/\/wp-content\/uploads\/sites\/8\/2017\/11\/decrabox.jpg\" alt=\"\"><\/p>\n<div class=\"top-right\"><a class=\"profiles\" href=\"https:\/\/www.decraafrica.com\/pt\/heritage\/\"><i class=\"fa fa-caret-right\" aria-hidden=\"true\"><\/i>\u00a0Ver perfil<\/a><\/div>\n<div class=\"bottom-right\" style=\"text-align: left;\"><a class=\"profiles\" href=\"https:\/\/www.decraafrica.com\/pt\/heritage-gallery\/\"><i class=\"fa fa-caret-right\" aria-hidden=\"true\"><\/i>\u00a0Veja a galeria<\/a><\/div>\n<div class=\"top-left\"><strong><span style=\"font-size: 24px;\">HERITAGE<\/span><\/strong><\/div>\n<\/div>\n<p>[\/vc_column_text][\/vc_column][vc_column width=&#8221;1\/3&#8243;][vc_column_text]<\/p>\n<div class=\"box\">\n<p><a class=\"profiles\" href=\"https:\/\/www.decraafrica.com\/pt\/shake-profile\/\"><img decoding=\"async\" class=\"alignnone wp-image-5378 size-full\" src=\"https:\/\/www.decraafrica.com\/pt\/\/wp-content\/uploads\/sites\/8\/2017\/11\/shake.png\" alt=\"Decra Shake Tile\" \/><\/a><br \/>\n<img decoding=\"async\" id=\"middle\" class=\"imgB1\" style=\"width: 60px; height: auto;\" src=\"https:\/\/www.decraafrica.com\/pt\/\/wp-content\/uploads\/sites\/8\/2017\/11\/decrabox.jpg\" alt=\"\"><\/p>\n<div class=\"top-right\"><a class=\"profiles\" href=\"https:\/\/www.decraafrica.com\/pt\/shake-profile\/\"><i class=\"fa fa-caret-right\" aria-hidden=\"true\"><\/i>\u00a0Ver perfil<\/a><\/div>\n<div class=\"bottom-right\" style=\"text-align: left;\"><a class=\"profiles\" href=\"https:\/\/www.decraafrica.com\/pt\/shake-gallery\/\"><i class=\"fa fa-caret-right\" aria-hidden=\"true\"><\/i>\u00a0Veja a galeria<\/a><\/div>\n<div class=\"top-left\"><strong><span style=\"font-size: 24px;\">SHAKE<\/span><\/strong><\/div>\n<\/div>\n<p>[\/vc_column_text][\/vc_column][\/vc_row][vc_row full_width=&#8221;stretch_row&#8221; css=&#8221;.vc_custom_1532943974139{margin-top: 0px !important;margin-bottom: 0px !important;padding-top: 40px !important;padding-bottom: 40px !important;background-color: #ffd500 !important;}&#8221;][vc_column width=&#8221;1\/3&#8243;][vc_single_image image=&#8221;12356&#8243; img_size=&#8221;large&#8221; alignment=&#8221;center&#8221;][\/vc_column][vc_column width=&#8221;2\/3&#8243;][vc_custom_heading text=&#8221;PR\u00d3XIMOS PASSOS&#8221; font_container=&#8221;tag:h2|font_size:32|text_align:left|color:%23104471&#8243; use_theme_fonts=&#8221;yes&#8221; el_class=&#8221;heading-title&#8221; css=&#8221;.vc_custom_1614599192416{margin-top: 0px !important;border-top-width: 0px !important;border-bottom-width: 0px !important;padding-top: 0px !important;padding-bottom: 0px !important;}&#8221;][vc_column_text css=&#8221;.vc_custom_1614599204278{margin-top: 0px !important;margin-bottom: 0px !important;padding-top: 0px !important;padding-bottom: 0px !important;}&#8221;]<span style=\"font-size: 22px; color: #144071; font-weight: 500;\"><strong>Estamos aqui para orient\u00e1-lo no processo de sele\u00e7\u00e3o do telhado certo para voc\u00ea.<\/strong><\/span>[\/vc_column_text][vc_column_text css=&#8221;.vc_custom_1614599219354{margin-top: 15px !important;margin-bottom: 15px !important;padding-top: 0px !important;padding-bottom: 0px !important;}&#8221;]<span style=\"font-size: 14px; color: #000;\">Os nossos distribuidores s\u00e3o profissionais que ir\u00e3o ouvir as suas necessidades, fazer recomenda\u00e7\u00f5es e calcular as suas necessidades de cobertura. Para o telhado dos seus sonhos, marque uma reuni\u00e3o no dia e na hora que mais lhe convier &#8230;.. <\/span>[\/vc_column_text][vc_btn title=&#8221;Marque uma reuni\u00e3o agora&#8221; style=&#8221;flat&#8221; shape=&#8221;round&#8221; color=&#8221;primary&#8221; link=&#8221;url:https%3A%2F%2Fwww.decraafrica.com\/pt\/contact%2F|||&#8221;][\/vc_column][\/vc_row]<\/p>\n<\/div>","protected":false},"excerpt":{"rendered":"<p>[vc_row css=&#8221;.vc_custom_1614613360884{margin-top: 50px !important;padding-top: 0px !important;padding-bottom: 0px !important;}&#8221;][vc_column][vc_custom_heading text=&#8221;DECRA GARANTIA&#8221; font_container=&#8221;tag:h2|font_size:40|text_align:center|color:%23104471&#8243; use_theme_fonts=&#8221;yes&#8221; el_class=&#8221;heading-title&#8221; css=&#8221;.vc_custom_1614613351341{margin-top: 0px !important;border-top-width: 0px !important;border-bottom-width: 0px !important;padding-top: 0px !important;padding-bottom: 0px !important;}&#8221;][vc_column_text css=&#8221;.vc_custom_1614613373418{margin-top: 15px !important;}&#8221;]Por muitos anos, a garantia Decra Roofs foi considerada por muitos como o \u201cpadr\u00e3o ouro\u201d para a ind\u00fastria de coberturas. Seu telhado est\u00e1 mais exposto aos elementos do que [&hellip;]<\/p>\n","protected":false},"author":1,"featured_media":0,"parent":0,"menu_order":0,"comment_status":"open","ping_status":"closed","template":"","meta":{"content-type":"","footnotes":""},"class_list":["post-6935","page","type-page","status-publish","hentry"],"_links":{"self":[{"href":"https:\/\/www.decraafrica.com\/pt\/wp-json\/wp\/v2\/pages\/6935","targetHints":{"allow":["GET"]}}],"collection":[{"href":"https:\/\/www.decraafrica.com\/pt\/wp-json\/wp\/v2\/pages"}],"about":[{"href":"https:\/\/www.decraafrica.com\/pt\/wp-json\/wp\/v2\/types\/page"}],"author":[{"embeddable":true,"href":"https:\/\/www.decraafrica.com\/pt\/wp-json\/wp\/v2\/users\/1"}],"replies":[{"embeddable":true,"href":"https:\/\/www.decraafrica.com\/pt\/wp-json\/wp\/v2\/comments?post=6935"}],"version-history":[{"count":6,"href":"https:\/\/www.decraafrica.com\/pt\/wp-json\/wp\/v2\/pages\/6935\/revisions"}],"predecessor-version":[{"id":12861,"href":"https:\/\/www.decraafrica.com\/pt\/wp-json\/wp\/v2\/pages\/6935\/revisions\/12861"}],"wp:attachment":[{"href":"https:\/\/www.decraafrica.com\/pt\/wp-json\/wp\/v2\/media?parent=6935"}],"curies":[{"name":"wp","href":"https:\/\/api.w.org\/{rel}","templated":true}]}}