{"id":6977,"date":"2018-05-24T18:00:02","date_gmt":"2018-05-24T17:00:02","guid":{"rendered":"https:\/\/www.decraafrica.com\/pt\/?page_id=6977"},"modified":"2021-03-11T13:47:53","modified_gmt":"2021-03-11T13:47:53","slug":"decra-tile","status":"publish","type":"page","link":"https:\/\/www.decraafrica.com\/pt\/decra-tile\/","title":{"rendered":"Descubra a pe\u00e7a Decra"},"content":{"rendered":"<div class=\"wpb-content-wrapper\"><p>[vc_row full_width=&#8221;stretch_row&#8221; content_placement=&#8221;top&#8221; css=&#8221;.vc_custom_1615470200714{margin-top: 50px !important;padding-top: 0px !important;padding-bottom: 20px !important;}&#8221;][vc_column][vc_custom_heading text=&#8221;60 ANOS NA FABRICA\u00c7\u00c3O&#8221; font_container=&#8221;tag:h1|font_size:32|text_align:center|color:%23144071&#8243; use_theme_fonts=&#8221;yes&#8221; css=&#8221;.vc_custom_1615470210976{margin-top: 0px !important;margin-bottom: 20px !important;}&#8221;][vc_column_text]<\/p>\n<p style=\"text-align: center;\"><span style=\"font-size: 14px; color: #000000; margin-top: 15px;\">A telha Decra \u00e9 a telha de metal revestida de pedra ORIGINAL. Desde que o inventamos em 1957 (veja nossa hist\u00f3ria), temos desenvolvido e aprimorado continuamente nossos produtos para criar sistemas de cobertura inovadores do mundo de hoje. Embora outras pe\u00e7as possam ter a mesma apar\u00eancia, os materiais usados \u200b\u200bnunca s\u00e3o os mesmos &#8230;<\/span><\/p>\n<p>[\/vc_column_text][vc_single_image image=&#8221;6932&#8243; img_size=&#8221;large&#8221; alignment=&#8221;center&#8221;][vc_btn title=&#8221;Assista ao nosso v\u00eddeo Decra <sup> \u00ae <\/sup> genu\u00edno&#8221; style=&#8221;flat&#8221; shape=&#8221;square&#8221; color=&#8221;black&#8221; align=&#8221;center&#8221; i_icon_fontawesome=&#8221;&#8221; add_icon=&#8221;true&#8221; custom_onclick=&#8221;true&#8221; link=&#8221;url:%23|||&#8221; custom_onclick_code=&#8221;return lepopup_popup_open(&#8216;zrClNvGNQJ5ceNkr&#8217;);&#8221;][\/vc_column][\/vc_row][vc_row css=&#8221;.vc_custom_1531220916130{margin-top: 30px !important;margin-bottom: 60px !important;}&#8221;][vc_column width=&#8221;1\/2&#8243;][vc_single_image image=&#8221;10238&#8243; img_size=&#8221;large&#8221; css_animation=&#8221;zoomIn&#8221;][\/vc_column][vc_column width=&#8221;1\/2&#8243;][vc_column_text]<span style=\"font-size: 24px;\"><strong><span style=\"color: #144071;\"><br \/>\nSEMPRE VERIFIQUE A PARTE DE TR\u00c1S DE SUAS TELHAS PARA O LOGOTIPO DECRA<\/span><\/strong><\/span><br \/>\n<span style=\"font-size: 24px; color: #144071; text-align: center;\"><strong>SE N\u00c3O EST\u00c1 L\u00c1, N\u00c3O EST\u00c1 <\/strong><\/span><span style=\"font-size: 24px; color: #fbbb26;\"><strong>#GENUINEDECRA<\/strong><\/span>[\/vc_column_text][vc_btn title=&#8221;Certifique-se de que \u00e9 #GenuineDecra&#8221; style=&#8221;flat&#8221; shape=&#8221;round&#8221; color=&#8221;black&#8221; link=&#8221;url:https%3A%2F%2Fwww.decraafrica.com\/pt\/genuine-decra%2F|||&#8221;][\/vc_column][\/vc_row][vc_row gap=&#8221;5&#8243;][vc_column width=&#8221;1\/3&#8243; css=&#8221;.vc_custom_1524752493005{border-top-width: 1px !important;border-right-width: 1px !important;border-bottom-width: 1px !important;border-left-width: 1px !important;padding-top: 20px !important;padding-bottom: 20px !important;border-left-color: #cccccc !important;border-left-style: solid !important;border-right-color: #cccccc !important;border-right-style: solid !important;border-top-color: #cccccc !important;border-top-style: solid !important;border-bottom-color: #cccccc !important;border-bottom-style: solid !important;border-radius: 1px !important;}&#8221;][vc_single_image image=&#8221;6321&#8243; img_size=&#8221;285&#215;171&#8243; alignment=&#8221;center&#8221; onclick=&#8221;custom_link&#8221; link=&#8221;https:\/\/www.decraafrica.com\/pt\/decra-warranty\/&#8221;][vc_custom_heading text=&#8221;GARANTIA DE 50 ANOS&#8221; font_container=&#8221;tag:h1|font_size:22PX|text_align:center|color:%23144071&#8243; google_fonts=&#8221;font_family:Open%20Sans%3A300%2C300italic%2Cregular%2Citalic%2C600%2C600italic%2C700%2C700italic%2C800%2C800italic|font_style:700%20bold%20regular%3A700%3Anormal&#8221; css=&#8221;.vc_custom_1615470282592{margin-top: -30px !important;}&#8221; link=&#8221;url:https%3A%2F%2Fwww.decraafrica.com\/pt\/decra-warranty%2F|||&#8221;][\/vc_column][vc_column width=&#8221;1\/3&#8243; css=&#8221;.vc_custom_1524752556334{border-top-width: 1px !important;border-right-width: 1px !important;border-bottom-width: 1px !important;border-left-width: 1px !important;padding-top: 20px !important;padding-bottom: 20px !important;border-left-color: #cccccc !important;border-left-style: solid !important;border-right-color: #cccccc !important;border-right-style: solid !important;border-top-color: #cccccc !important;border-top-style: solid !important;border-bottom-color: #cccccc !important;border-bottom-style: solid !important;border-radius: 1px !important;}&#8221;][vc_single_image image=&#8221;6310&#8243; img_size=&#8221;285&#215;171&#8243; alignment=&#8221;center&#8221; onclick=&#8221;custom_link&#8221; link=&#8221;https:\/\/www.decraafrica.com\/pt\/performance\/&#8221;][vc_custom_heading text=&#8221;ATUA\u00c7\u00c3O&#8221; font_container=&#8221;tag:h1|font_size:22PX|text_align:center|color:%23144071&#8243; google_fonts=&#8221;font_family:Open%20Sans%3A300%2C300italic%2Cregular%2Citalic%2C600%2C600italic%2C700%2C700italic%2C800%2C800italic|font_style:700%20bold%20regular%3A700%3Anormal&#8221; css=&#8221;.vc_custom_1615470296355{margin-top: -30px !important;}&#8221; link=&#8221;url:https%3A%2F%2Fwww.decraafrica.com\/pt\/performance%2F|||&#8221;][\/vc_column][vc_column width=&#8221;1\/3&#8243; css=&#8221;.vc_custom_1524752505050{border-top-width: 1px !important;border-right-width: 1px !important;border-bottom-width: 1px !important;border-left-width: 1px !important;padding-top: 20px !important;padding-right: 0px !important;padding-bottom: 20px !important;padding-left: 0px !important;border-left-color: #cccccc !important;border-left-style: solid !important;border-right-color: #cccccc !important;border-right-style: solid !important;border-top-color: #cccccc !important;border-top-style: solid !important;border-bottom-color: #cccccc !important;border-bottom-style: solid !important;border-radius: 1px !important;}&#8221;][vc_single_image image=&#8221;6308&#8243; img_size=&#8221;285&#215;171&#8243; alignment=&#8221;center&#8221; onclick=&#8221;custom_link&#8221; link=&#8221;https:\/\/www.decraafrica.com\/pt\/benefits\/&#8221;][vc_custom_heading text=&#8221;CARACTER\u00cdSTICAS E BENEF\u00cdCIOS&#8221; font_container=&#8221;tag:h1|font_size:22PX|text_align:center|color:%23144071&#8243; google_fonts=&#8221;font_family:Open%20Sans%3A300%2C300italic%2Cregular%2Citalic%2C600%2C600italic%2C700%2C700italic%2C800%2C800italic|font_style:700%20bold%20regular%3A700%3Anormal&#8221; css=&#8221;.vc_custom_1615470312161{margin-top: -30px !important;}&#8221; link=&#8221;url:https%3A%2F%2Fwww.decraafrica.com\/pt\/benefits%2F|||&#8221;][\/vc_column][\/vc_row][vc_row css=&#8221;.vc_custom_1543240575602{margin-top: 0px !important;margin-bottom: 25px !important;padding-top: 0px !important;padding-bottom: 0px !important;}&#8221;][vc_column][vc_custom_heading text=&#8221;NOSSAS TELHAS&#8221; font_container=&#8221;tag:h2|font_size:36|text_align:center|color:%23104471&#8243; use_theme_fonts=&#8221;yes&#8221; el_class=&#8221;heading-title&#8221; css=&#8221;.vc_custom_1614599694446{margin-top: 0px !important;border-top-width: 0px !important;padding-top: 0px !important;padding-bottom: 0px !important;}&#8221;][\/vc_column][\/vc_row][vc_row gap=&#8221;10&#8243; css=&#8221;.vc_custom_1532945117440{margin-bottom: 15px !important;padding-top: 0px !important;}&#8221; el_class=&#8221;our-services&#8221;][vc_column width=&#8221;1\/3&#8243;][vc_column_text]<\/p>\n<div class=\"box\">\n<p><a class=\"profiles\" href=\"https:\/\/www.decraafrica.com\/pt\/classic\/\"><img decoding=\"async\" src=\"https:\/\/www.decraafrica.com\/pt\/\/wp-content\/uploads\/sites\/8\/2017\/11\/classic.png\" alt=\"Decra Classic Tile\" \/><\/a><br \/>\n<img decoding=\"async\" id=\"middle\" class=\"imgB1\" style=\"width: 60px; height: auto;\" src=\"https:\/\/www.decraafrica.com\/pt\/\/wp-content\/uploads\/sites\/8\/2017\/11\/decrabox.jpg\" alt=\"\"><\/p>\n<div class=\"top-right\"><a class=\"profiles\" href=\"https:\/\/www.decraafrica.com\/pt\/classic\/\"><i class=\"fa fa-caret-right\" aria-hidden=\"true\"><\/i>\u00a0Ver perfil<\/a><\/div>\n<div class=\"bottom-right\" style=\"text-align: left;\"><a class=\"profiles\" href=\"https:\/\/www.decraafrica.com\/pt\/classic-gallery\/\"><i class=\"fa fa-caret-right\" aria-hidden=\"true\"><\/i>\u00a0Veja a galeria<\/a><\/div>\n<div class=\"top-left\"><strong><span style=\"font-size: 24px;\">CLASSIC<\/span><\/strong><\/div>\n<\/div>\n<p>[\/vc_column_text][\/vc_column][vc_column width=&#8221;1\/3&#8243;][vc_column_text]<\/p>\n<div class=\"box\">\n<p><a class=\"profiles\" href=\"https:\/\/www.decraafrica.com\/pt\/milano-profile\/\"><img loading=\"lazy\" decoding=\"async\" class=\"alignnone wp-image-2331 size-full\" src=\"https:\/\/www.decraafrica.com\/pt\/\/wp-content\/uploads\/sites\/8\/2017\/11\/milano.png\" alt=\"Decra Milano Tile\" width=\"400\" height=\"235\" \/><\/a><br \/>\n<img decoding=\"async\" id=\"middle\" class=\"imgB1\" style=\"width: 60px; height: auto;\" src=\"https:\/\/www.decraafrica.com\/pt\/wp-content\/uploads\/sites\/8\/2017\/11\/decrabox.jpg\" alt=\"\"><\/p>\n<div class=\"top-right\"><a class=\"profiles\" href=\"https:\/\/www.decraafrica.com\/pt\/milano-profile\"><i class=\"fa fa-caret-right\" aria-hidden=\"true\"><\/i> Ver perfil<\/a><\/div>\n<div class=\"bottom-right\" style=\"text-align: left;\"><a class=\"profiles\" href=\"https:\/\/www.decraafrica.com\/pt\/milano-gallery\/\"><i class=\"fa fa-caret-right\" aria-hidden=\"true\"><\/i> Veja a galeria<\/a><\/div>\n<div class=\"top-left\"><strong><span style=\"font-size: 24px;\">MILANO<\/span><\/strong><\/div>\n<\/div>\n<p>[\/vc_column_text][\/vc_column][vc_column width=&#8221;1\/3&#8243;][vc_column_text]<\/p>\n<div class=\"box\">\n<p><a class=\"profiles\" href=\"https:\/\/www.decraafrica.com\/pt\/shingle-profile\/\"><img decoding=\"async\" class=\"alignnone wp-image-2331 size-full\" src=\"https:\/\/www.decraafrica.com\/pt\/wp-content\/uploads\/sites\/8\/2017\/11\/shingle.png\" alt=\"Decra Shingle Tile\" \/><\/a><br \/>\n<img decoding=\"async\" id=\"middle\" class=\"imgB1\" style=\"width: 60px; height: auto;\" src=\"https:\/\/www.decraafrica.com\/pt\/\/wp-content\/uploads\/sites\/8\/2017\/11\/decrabox.jpg\" alt=\"\"><\/p>\n<div class=\"top-right\"><a class=\"profiles\" href=\"https:\/\/www.decraafrica.com\/pt\/shingle-profile\/\"><i class=\"fa fa-caret-right\" aria-hidden=\"true\"><\/i> Ver perfil<\/a><\/div>\n<div class=\"bottom-right\" style=\"text-align: left;\"><a class=\"profiles\" href=\"https:\/\/www.decraafrica.com\/pt\/shingle-gallery\/\"><i class=\"fa fa-caret-right\" aria-hidden=\"true\"><\/i> Veja a galeria<\/a><\/div>\n<div class=\"top-left\"><strong><span style=\"font-size: 24px;\">SHINGLE<\/span><\/strong><\/div>\n<\/div>\n<p>[\/vc_column_text][\/vc_column][\/vc_row][vc_row el_class=&#8221;our-services&#8221; css=&#8221;.vc_custom_1510242621988{margin-bottom: 0px !important;padding-top: 10px !important;padding-bottom: 30px !important;}&#8221;][vc_column width=&#8221;1\/3&#8243;][vc_column_text]<\/p>\n<div class=\"box\">\n<p><a class=\"profiles\" href=\"https:\/\/www.decraafrica.com\/pt\/decra-slate\/\"><img decoding=\"async\" class=\"alignnone wp-image-2330 size-full\" src=\"https:\/\/www.decraafrica.com\/pt\/\/wp-content\/uploads\/sites\/8\/2017\/11\/slate.jpg\" alt=\"Decra Slate Tile\" \/><\/a><br \/>\n<img decoding=\"async\" id=\"middle\" class=\"imgB1\" style=\"width: 60px; height: auto;\" src=\"https:\/\/www.decraafrica.com\/pt\/\/wp-content\/uploads\/sites\/8\/2017\/11\/decrabox.jpg\" alt=\"\"><\/p>\n<div class=\"top-right\"><a class=\"profiles\" href=\"https:\/\/www.decraafrica.com\/pt\/decra-slate\/\"><i class=\"fa fa-caret-right\" aria-hidden=\"true\"><\/i>\u00a0Ver perfil<\/a><\/div>\n<div class=\"bottom-right\" style=\"text-align: left;\"><a class=\"profiles\" href=\"https:\/\/www.decraafrica.com\/pt\/slate-gallery\/\"><i class=\"fa fa-caret-right\" aria-hidden=\"true\"><\/i>\u00a0Veja a galeria<\/a><\/div>\n<div class=\"top-left\"><strong><span style=\"font-size: 24px;\">SLATE<\/span><\/strong><\/div>\n<\/div>\n<p>[\/vc_column_text][\/vc_column][vc_column width=&#8221;1\/3&#8243;][vc_column_text]<\/p>\n<div class=\"box\">\n<p><a class=\"profiles\" href=\"https:\/\/www.decraafrica.com\/pt\/heritage\"><img decoding=\"async\" class=\"alignnone wp-image-2331 size-full\" src=\"https:\/\/www.decraafrica.com\/pt\/wp-content\/uploads\/sites\/8\/2017\/11\/heritage.png\" alt=\"Decra heritage tile\" \/><\/a><br \/>\n<img decoding=\"async\" id=\"middle\" class=\"imgB1\" style=\"width: 60px; height: auto;\" src=\"https:\/\/www.decraafrica.com\/pt\/\/wp-content\/uploads\/sites\/8\/2017\/11\/decrabox.jpg\" alt=\"\"><\/p>\n<div class=\"top-right\"><a class=\"profiles\" href=\"https:\/\/www.decraafrica.com\/pt\/heritage\/\"><i class=\"fa fa-caret-right\" aria-hidden=\"true\"><\/i>\u00a0Ver perfil<\/a><\/div>\n<div class=\"bottom-right\" style=\"text-align: left;\"><a class=\"profiles\" href=\"https:\/\/www.decraafrica.com\/pt\/heritage-gallery\/\"><i class=\"fa fa-caret-right\" aria-hidden=\"true\"><\/i>\u00a0Veja a galeria<\/a><\/div>\n<div class=\"top-left\"><strong><span style=\"font-size: 24px;\">HERITAGE<\/span><\/strong><\/div>\n<\/div>\n<p>[\/vc_column_text][\/vc_column][vc_column width=&#8221;1\/3&#8243;][vc_column_text]<\/p>\n<div class=\"box\">\n<p><a class=\"profiles\" href=\"https:\/\/www.decraafrica.com\/pt\/shake-profile\/\"><img decoding=\"async\" class=\"alignnone wp-image-5378 size-full\" src=\"https:\/\/www.decraafrica.com\/pt\/\/wp-content\/uploads\/sites\/8\/2017\/11\/shake.png\" alt=\"Decra Shake Tile\" \/><\/a><br \/>\n<img decoding=\"async\" id=\"middle\" class=\"imgB1\" style=\"width: 60px; height: auto;\" src=\"https:\/\/www.decraafrica.com\/pt\/\/wp-content\/uploads\/sites\/8\/2017\/11\/decrabox.jpg\" alt=\"\"><\/p>\n<div class=\"top-right\"><a class=\"profiles\" href=\"https:\/\/www.decraafrica.com\/pt\/shake-profile\/\"><i class=\"fa fa-caret-right\" aria-hidden=\"true\"><\/i>\u00a0Ver perfil<\/a><\/div>\n<div class=\"bottom-right\" style=\"text-align: left;\"><a class=\"profiles\" href=\"https:\/\/www.decraafrica.com\/pt\/shake-gallery\/\"><i class=\"fa fa-caret-right\" aria-hidden=\"true\"><\/i>\u00a0Veja a galeria<\/a><\/div>\n<div class=\"top-left\"><strong><span style=\"font-size: 24px;\">SHAKE<\/span><\/strong><\/div>\n<\/div>\n<p>[\/vc_column_text][\/vc_column][\/vc_row][vc_row full_width=&#8221;stretch_row&#8221; css=&#8221;.vc_custom_1532943974139{margin-top: 0px !important;margin-bottom: 0px !important;padding-top: 40px !important;padding-bottom: 40px !important;background-color: #ffd500 !important;}&#8221;][vc_column width=&#8221;1\/3&#8243;][vc_single_image image=&#8221;12356&#8243; img_size=&#8221;large&#8221; alignment=&#8221;center&#8221;][\/vc_column][vc_column width=&#8221;2\/3&#8243;][vc_custom_heading text=&#8221;PR\u00d3XIMOS PASSOS&#8221; font_container=&#8221;tag:h2|font_size:32|text_align:left|color:%23104471&#8243; use_theme_fonts=&#8221;yes&#8221; el_class=&#8221;heading-title&#8221; css=&#8221;.vc_custom_1614599192416{margin-top: 0px !important;border-top-width: 0px !important;border-bottom-width: 0px !important;padding-top: 0px !important;padding-bottom: 0px !important;}&#8221;][vc_column_text css=&#8221;.vc_custom_1614599204278{margin-top: 0px !important;margin-bottom: 0px !important;padding-top: 0px !important;padding-bottom: 0px !important;}&#8221;]<span style=\"font-size: 22px; color: #144071; font-weight: 500;\"><strong>Estamos aqui para orient\u00e1-lo no processo de sele\u00e7\u00e3o do telhado certo para voc\u00ea.<\/strong><\/span>[\/vc_column_text][vc_column_text css=&#8221;.vc_custom_1614599219354{margin-top: 15px !important;margin-bottom: 15px !important;padding-top: 0px !important;padding-bottom: 0px !important;}&#8221;]<span style=\"font-size: 14px; color: #000;\">Os nossos distribuidores s\u00e3o profissionais que ir\u00e3o ouvir as suas necessidades, fazer recomenda\u00e7\u00f5es e calcular as suas necessidades de cobertura. Para o telhado dos seus sonhos, marque uma reuni\u00e3o no dia e na hora que mais lhe convier &#8230;.. <\/span>[\/vc_column_text][vc_btn title=&#8221;Marque uma reuni\u00e3o agora&#8221; style=&#8221;flat&#8221; shape=&#8221;round&#8221; color=&#8221;primary&#8221; link=&#8221;url:https%3A%2F%2Fwww.decraafrica.com\/pt\/contact%2F|||&#8221;][\/vc_column][\/vc_row]<\/p>\n<\/div>","protected":false},"excerpt":{"rendered":"<p>[vc_row full_width=&#8221;stretch_row&#8221; content_placement=&#8221;top&#8221; css=&#8221;.vc_custom_1615470200714{margin-top: 50px !important;padding-top: 0px !important;padding-bottom: 20px !important;}&#8221;][vc_column][vc_custom_heading text=&#8221;60 ANOS NA FABRICA\u00c7\u00c3O&#8221; font_container=&#8221;tag:h1|font_size:32|text_align:center|color:%23144071&#8243; use_theme_fonts=&#8221;yes&#8221; css=&#8221;.vc_custom_1615470210976{margin-top: 0px !important;margin-bottom: 20px !important;}&#8221;][vc_column_text] A telha Decra \u00e9 a telha de metal revestida de pedra ORIGINAL. Desde que o inventamos em 1957 (veja nossa hist\u00f3ria), temos desenvolvido e aprimorado continuamente nossos produtos para criar sistemas de cobertura inovadores [&hellip;]<\/p>\n","protected":false},"author":1,"featured_media":0,"parent":0,"menu_order":0,"comment_status":"open","ping_status":"closed","template":"","meta":{"content-type":"","footnotes":""},"class_list":["post-6977","page","type-page","status-publish","hentry"],"_links":{"self":[{"href":"https:\/\/www.decraafrica.com\/pt\/wp-json\/wp\/v2\/pages\/6977","targetHints":{"allow":["GET"]}}],"collection":[{"href":"https:\/\/www.decraafrica.com\/pt\/wp-json\/wp\/v2\/pages"}],"about":[{"href":"https:\/\/www.decraafrica.com\/pt\/wp-json\/wp\/v2\/types\/page"}],"author":[{"embeddable":true,"href":"https:\/\/www.decraafrica.com\/pt\/wp-json\/wp\/v2\/users\/1"}],"replies":[{"embeddable":true,"href":"https:\/\/www.decraafrica.com\/pt\/wp-json\/wp\/v2\/comments?post=6977"}],"version-history":[{"count":5,"href":"https:\/\/www.decraafrica.com\/pt\/wp-json\/wp\/v2\/pages\/6977\/revisions"}],"predecessor-version":[{"id":12933,"href":"https:\/\/www.decraafrica.com\/pt\/wp-json\/wp\/v2\/pages\/6977\/revisions\/12933"}],"wp:attachment":[{"href":"https:\/\/www.decraafrica.com\/pt\/wp-json\/wp\/v2\/media?parent=6977"}],"curies":[{"name":"wp","href":"https:\/\/api.w.org\/{rel}","templated":true}]}}