{"id":7442,"date":"2018-07-04T14:09:29","date_gmt":"2018-07-04T11:09:29","guid":{"rendered":"https:\/\/www.decraafrica.com\/pt\/?page_id=7442"},"modified":"2021-03-11T16:00:20","modified_gmt":"2021-03-11T16:00:20","slug":"benefits","status":"publish","type":"page","link":"https:\/\/www.decraafrica.com\/pt\/benefits\/","title":{"rendered":"Caracter\u00edsticas e benef\u00edcios"},"content":{"rendered":"<div class=\"wpb-content-wrapper\"><p>[vc_row css=&#8221;.vc_custom_1615477803007{margin-top: 50px !important;}&#8221;][vc_column][vc_custom_heading text=&#8221;CARACTER\u00cdSTICAS E BENEF\u00cdCIOS&#8221; font_container=&#8221;tag:h1|font_size:32|text_align:center|color:%23104471&#8243; use_theme_fonts=&#8221;yes&#8221; el_class=&#8221;heading-title&#8221; css=&#8221;.vc_custom_1615477823017{margin-top: 0px !important;border-top-width: 0px !important;border-bottom-width: 0px !important;padding-top: 0px !important;padding-bottom: 0px !important;}&#8221;][\/vc_column][\/vc_row][vc_row gap=&#8221;10&#8243; css=&#8221;.vc_custom_1526486422676{margin-top: 20px !important;margin-bottom: 20px !important;}&#8221;][vc_column width=&#8221;1\/6&#8243; css=&#8221;.vc_custom_1530701236341{margin-top: 0px !important;padding-top: 0px !important;}&#8221;][vc_single_image image=&#8221;6730&#8243; img_size=&#8221;150&#215;150&#8243; alignment=&#8221;right&#8221; css=&#8221;.vc_custom_1530701249707{margin-top: 0px !important;margin-bottom: 0px !important;padding-top: 0px !important;}&#8221;][\/vc_column][vc_column width=&#8221;1\/3&#8243;][vc_custom_heading text=&#8221;GARANTIA DE 50 ANOS&#8221; font_container=&#8221;tag:h2|font_size:20|text_align:left|color:%23000000&#8243; use_theme_fonts=&#8221;yes&#8221;][vc_column_text css=&#8221;.vc_custom_1615477858090{margin-top: 15px !important;margin-bottom: 0px !important;padding-bottom: 0px !important;}&#8221;]<\/p>\n<p style=\"font-size: 14px; color: #000;\">As telhas Decra\u00ae t\u00eam uma vida \u00fatil comprovada de 6 a 9 vezes maior do que os materiais galvanizados. Se voc\u00ea mora no litoral, Decra\u00ae \u00e9 a escolha perfeita para voc\u00ea, especialmente com nossa garantia por escrito de 50 anos.<\/p>\n<p>[\/vc_column_text][vc_btn title=&#8221;consulte Mais informa\u00e7\u00e3o&#8221; style=&#8221;outline&#8221; shape=&#8221;round&#8221; color=&#8221;warning&#8221; link=&#8221;url:https%3A%2F%2Fwww.decraafrica.com\/pt\/decra-warranty%2F|||&#8221; css=&#8221;.vc_custom_1615478183543{margin-top: 0px !important;padding-top: 20px !important;}&#8221;][\/vc_column][vc_column width=&#8221;1\/6&#8243;][vc_single_image image=&#8221;6732&#8243; img_size=&#8221;150&#215;150&#8243; alignment=&#8221;center&#8221;][\/vc_column][vc_column width=&#8221;1\/3&#8243;][vc_custom_heading text=&#8221;INSTALA\u00c7\u00c3O R\u00c1PIDA&#8221; font_container=&#8221;tag:h2|font_size:20|text_align:left|color:%23000000&#8243; use_theme_fonts=&#8221;yes&#8221;][vc_column_text css=&#8221;.vc_custom_1615477881602{margin-top: 10px !important;margin-bottom: 0px !important;padding-bottom: 0px !important;}&#8221;]<\/p>\n<p style=\"font-size: 14px; color: #000;\">Tempos de instala\u00e7\u00e3o r\u00e1pidos podem levar a maiores economias de custo na constru\u00e7\u00e3o de sua casa. Os ladrilhos Decra\u00ae s\u00e3o de instala\u00e7\u00e3o r\u00e1pida, tornando a sua casa impermeabilizada mais r\u00e1pida.<\/p>\n<p>[\/vc_column_text][vc_btn title=&#8221;consulte Mais informa\u00e7\u00e3o&#8221; style=&#8221;outline&#8221; shape=&#8221;round&#8221; color=&#8221;warning&#8221; link=&#8221;url:https%3A%2F%2Fwww.decraafrica.com\/pt\/fast-installation%2F|||&#8221; css=&#8221;.vc_custom_1615478190173{margin-top: 0px !important;padding-top: 20px !important;}&#8221;][\/vc_column][\/vc_row][vc_row gap=&#8221;10&#8243; css=&#8221;.vc_custom_1533122496705{margin-top: 30px !important;margin-bottom: 20px !important;}&#8221;][vc_column width=&#8221;1\/6&#8243; css=&#8221;.vc_custom_1530701236341{margin-top: 0px !important;padding-top: 0px !important;}&#8221;][vc_single_image image=&#8221;6733&#8243; img_size=&#8221;150&#215;150&#8243; alignment=&#8221;center&#8221;][\/vc_column][vc_column width=&#8221;1\/3&#8243;][vc_custom_heading text=&#8221;FOGO&#8221; font_container=&#8221;tag:h2|font_size:20|text_align:left|color:%23000000&#8243; use_theme_fonts=&#8221;yes&#8221;][vc_column_text css=&#8221;.vc_custom_1615477898090{margin-top: 15px !important;margin-bottom: 0px !important;padding-bottom: 0px !important;}&#8221;]<\/p>\n<p style=\"font-size: 14px; color: #000;\">As telhas Decra\u00ae s\u00e3o testadas at\u00e9 760 \u00b0 C e durante os testes n\u00e3o apresentaram chamas, fa\u00edscas ou fuma\u00e7a. Isso \u00e9 particularmente ben\u00e9fico em \u00e1reas de alta temperatura ou edif\u00edcios p\u00fablicos comerciais.<\/p>\n<p>[\/vc_column_text][vc_btn title=&#8221;consulte Mais informa\u00e7\u00e3o&#8221; style=&#8221;outline&#8221; shape=&#8221;round&#8221; color=&#8221;warning&#8221; link=&#8221;url:https%3A%2F%2Fwww.decraafrica.com\/pt\/fire-resistance%2F|||&#8221; css=&#8221;.vc_custom_1615478197643{margin-top: 0px !important;padding-top: 20px !important;}&#8221;][\/vc_column][vc_column width=&#8221;1\/6&#8243;][vc_single_image image=&#8221;6722&#8243; img_size=&#8221;150&#215;150&#8243; alignment=&#8221;center&#8221;][\/vc_column][vc_column width=&#8221;1\/3&#8243;][vc_custom_heading text=&#8221;LEVE&#8221; font_container=&#8221;tag:h2|font_size:20|text_align:left|color:%23000000&#8243; use_theme_fonts=&#8221;yes&#8221;][vc_column_text css=&#8221;.vc_custom_1615477974866{margin-top: 10px !important;margin-bottom: 0px !important;padding-bottom: 0px !important;}&#8221;]<\/p>\n<p style=\"font-size: 14px; color: #000;\">As telhas Decra\u00ae s\u00e3o testadas at\u00e9 760 \u00b0 C e durante os testes n\u00e3o apresentaram chamas, fa\u00edscas ou fuma\u00e7a. Isso \u00e9 particularmente ben\u00e9fico em \u00e1reas de alta temperatura ou edif\u00edcios p\u00fablicos comerciais.<\/p>\n<p>[\/vc_column_text][vc_btn title=&#8221;consulte Mais informa\u00e7\u00e3o&#8221; style=&#8221;outline&#8221; shape=&#8221;round&#8221; color=&#8221;warning&#8221; link=&#8221;url:https%3A%2F%2Fwww.decraafrica.com\/pt\/lightweight%2F|||&#8221; css=&#8221;.vc_custom_1615478204059{margin-top: 0px !important;padding-top: 20px !important;}&#8221;][\/vc_column][\/vc_row][vc_row gap=&#8221;10&#8243; css=&#8221;.vc_custom_1526486422676{margin-top: 20px !important;margin-bottom: 20px !important;}&#8221;][vc_column width=&#8221;1\/6&#8243; css=&#8221;.vc_custom_1530701236341{margin-top: 0px !important;padding-top: 0px !important;}&#8221;][vc_single_image image=&#8221;6728&#8243; img_size=&#8221;150&#215;150&#8243; alignment=&#8221;center&#8221;][\/vc_column][vc_column width=&#8221;1\/3&#8243;][vc_custom_heading text=&#8221;QUALIDADE&#8221; font_container=&#8221;tag:h2|font_size:20|text_align:left|color:%23000000&#8243; use_theme_fonts=&#8221;yes&#8221;][vc_column_text css=&#8221;.vc_custom_1615477988719{margin-top: 15px !important;margin-bottom: 0px !important;padding-bottom: 0px !important;}&#8221;]<\/p>\n<p style=\"font-size: 14px; color: #000;\">Inventamos a telha de a\u00e7o em 1957. Ningu\u00e9m tem tanta experi\u00eancia quanto n\u00f3s em oferecer qualidade e durabilidade.<\/p>\n<p>[\/vc_column_text][vc_btn title=&#8221;consulte Mais informa\u00e7\u00e3o&#8221; style=&#8221;outline&#8221; shape=&#8221;round&#8221; color=&#8221;warning&#8221; link=&#8221;url:https%3A%2F%2Fwww.decraafrica.com\/pt\/advance-coating%2F|||&#8221; css=&#8221;.vc_custom_1615478210960{margin-top: 0px !important;padding-top: 20px !important;}&#8221;][\/vc_column][vc_column width=&#8221;1\/6&#8243;][vc_single_image image=&#8221;6729&#8243; img_size=&#8221;150&#215;150&#8243; alignment=&#8221;center&#8221;][\/vc_column][vc_column width=&#8221;1\/3&#8243;][vc_custom_heading text=&#8221;FURAC\u00c3O&#8221; font_container=&#8221;tag:h2|font_size:20|text_align:left|color:%23000000&#8243; use_theme_fonts=&#8221;yes&#8221;][vc_column_text css=&#8221;.vc_custom_1615478000300{margin-top: 10px !important;}&#8221;]<\/p>\n<p style=\"font-size: 14px; color: #000;\">Nossas telhas s\u00e3o testadas em condi\u00e7\u00f5es de furac\u00e3o de 200 km \/ h no Laborat\u00f3rio de Pesquisa de Constru\u00e7\u00e3o em Miami e na Esta\u00e7\u00e3o de Teste de Ciclone na Austr\u00e1lia.<\/p>\n<p>[\/vc_column_text][vc_btn title=&#8221;consulte Mais informa\u00e7\u00e3o&#8221; style=&#8221;outline&#8221; shape=&#8221;round&#8221; color=&#8221;warning&#8221; link=&#8221;url:https%3A%2F%2Fwww.decraafrica.com\/pt\/hurricanes%2F|||&#8221; css=&#8221;.vc_custom_1615478217841{margin-top: 0px !important;padding-top: 20px !important;}&#8221;][\/vc_column][\/vc_row][vc_row gap=&#8221;10&#8243; css=&#8221;.vc_custom_1526486422676{margin-top: 20px !important;margin-bottom: 20px !important;}&#8221;][vc_column width=&#8221;1\/6&#8243; css=&#8221;.vc_custom_1530701236341{margin-top: 0px !important;padding-top: 0px !important;}&#8221;][vc_single_image image=&#8221;6723&#8243; img_size=&#8221;150&#215;150&#8243; alignment=&#8221;center&#8221;][\/vc_column][vc_column width=&#8221;1\/3&#8243;][vc_custom_heading text=&#8221;SEGURAN\u00c7A&#8221; font_container=&#8221;tag:h2|font_size:20|text_align:left|color:%23000000&#8243; use_theme_fonts=&#8221;yes&#8221;][vc_column_text css=&#8221;.vc_custom_1615478011588{margin-top: 15px !important;margin-bottom: 0px !important;padding-bottom: 0px !important;}&#8221;]<\/p>\n<p style=\"font-size: 14px; color: #000;\">Uma telha Decra\u00ae sobreposta \u00e9 presa \u00e0s duas telhas em cada lado, a telha acima, a telha abaixo e a viga &#8211; tornando o telhado Decra\u00ae incrivelmente seguro contra intrusos e ventos fortes extremos.<\/p>\n<p>[\/vc_column_text][vc_btn title=&#8221;consulte Mais informa\u00e7\u00e3o&#8221; style=&#8221;outline&#8221; shape=&#8221;round&#8221; color=&#8221;warning&#8221; link=&#8221;url:https%3A%2F%2Fwww.decraafrica.com\/pt\/security%2F|||&#8221; css=&#8221;.vc_custom_1615478232893{margin-top: 0px !important;padding-top: 20px !important;}&#8221;][\/vc_column][vc_column width=&#8221;1\/6&#8243;][vc_single_image image=&#8221;6725&#8243; img_size=&#8221;150&#215;150&#8243; alignment=&#8221;center&#8221;][\/vc_column][vc_column width=&#8221;1\/3&#8243;][vc_custom_heading text=&#8221;ATUA\u00c7\u00c3O&#8221; font_container=&#8221;tag:h2|font_size:20|text_align:left|color:%23000000&#8243; use_theme_fonts=&#8221;yes&#8221;][vc_column_text css=&#8221;.vc_custom_1615478023549{margin-top: 10px !important;}&#8221;]<\/p>\n<p style=\"font-size: 14px; color: #000;\">Cada telha Decra\u00ae \u00e9 inspecionada manualmente para garantir uma qualidade consistente. Tamb\u00e9m testamos nossos pr\u00f3prios produtos e os dos concorrentes em nossos laborat\u00f3rios para garantir que Decra\u00ae continue a ter um desempenho melhor do que qualquer outra telha met\u00e1lica.<\/p>\n<p>[\/vc_column_text][vc_btn title=&#8221;consulte Mais informa\u00e7\u00e3o&#8221; style=&#8221;outline&#8221; shape=&#8221;round&#8221; color=&#8221;warning&#8221; link=&#8221;url:https%3A%2F%2Fwww.decraafrica.com\/pt\/performance%2F|||&#8221; css=&#8221;.vc_custom_1615478239953{margin-top: 0px !important;padding-top: 20px !important;}&#8221;][\/vc_column][\/vc_row][vc_row css=&#8221;.vc_custom_1531220916130{margin-top: 30px !important;margin-bottom: 60px !important;}&#8221;][vc_column width=&#8221;1\/2&#8243;][vc_single_image image=&#8221;10238&#8243; img_size=&#8221;large&#8221; css_animation=&#8221;zoomIn&#8221;][\/vc_column][vc_column width=&#8221;1\/2&#8243;][vc_column_text]<span style=\"font-size: 24px;\"><strong><span style=\"color: #144071;\"><br \/>\nSEMPRE VERIFIQUE A PARTE DE TR\u00c1S DE SUAS TELHAS PARA O LOGOTIPO DECRA<\/span><\/strong><\/span><br \/>\n<span style=\"font-size: 24px; color: #144071; text-align: center;\"><strong>SE N\u00c3O EST\u00c1 L\u00c1, N\u00c3O EST\u00c1 <\/strong><\/span><span style=\"font-size: 24px; color: #fbbb26;\"><strong>#GENUINEDECRA<\/strong><\/span>[\/vc_column_text][vc_btn title=&#8221;Certifique-se de que \u00e9 #GenuineDecra&#8221; style=&#8221;flat&#8221; shape=&#8221;round&#8221; color=&#8221;black&#8221; link=&#8221;url:https%3A%2F%2Fwww.decraafrica.com\/pt\/genuine-decra%2F|||&#8221;][\/vc_column][\/vc_row][vc_row full_width=&#8221;stretch_row&#8221; css=&#8221;.vc_custom_1530801926774{margin-top: 40px !important;padding-top: 25px !important;padding-bottom: 25px !important;background-color: #144071 !important;}&#8221;][vc_column width=&#8221;1\/4&#8243;][\/vc_column][vc_column width=&#8221;1\/4&#8243; css=&#8221;.vc_custom_1531221173026{margin-bottom: 0px !important;padding-bottom: 0px !important;}&#8221;][vc_btn title=&#8221;Download Brochura&#8221; style=&#8221;flat&#8221; shape=&#8221;round&#8221; color=&#8221;warning&#8221; align=&#8221;center&#8221; i_icon_fontawesome=&#8221;&#8221; button_block=&#8221;true&#8221; add_icon=&#8221;true&#8221; css=&#8221;.vc_custom_1615478255983{margin-right: 20px !important;margin-bottom: 0px !important;margin-left: 0px !important;padding-right: 0px !important;padding-bottom: 0px !important;padding-left: 0px !important;}&#8221; link=&#8221;url:https%3A%2F%2Fwww.decraafrica.com\/pt\/wp-content%2Fuploads%2F2018%2F07%2Fbrochure.pdf||target:%20_blank|&#8221;][\/vc_column][vc_column width=&#8221;1\/4&#8243;][vc_btn title=&#8221;Marque uma reuni\u00e3o &#8221; style=&#8221;flat&#8221; shape=&#8221;round&#8221; color=&#8221;warning&#8221; align=&#8221;center&#8221; i_icon_fontawesome=&#8221;&#8221; button_block=&#8221;true&#8221; add_icon=&#8221;true&#8221; link=&#8221;url:https%3A%2F%2Fwww.decraafrica.com\/pt\/contact%2F|||&#8221; css=&#8221;.vc_custom_1615478266767{margin-right: 0px !important;margin-bottom: 0px !important;margin-left: 0px !important;border-right-width: 0px !important;padding-bottom: 0px !important;padding-left: 0px !important;}&#8221;][\/vc_column][vc_column width=&#8221;1\/4&#8243;][\/vc_column][\/vc_row][vc_row content_placement=&#8221;top&#8221; css=&#8221;.vc_custom_1524752651927{padding-top: 20px !important;padding-bottom: 20px !important;}&#8221;][vc_column][vc_custom_heading text=&#8221;NOSSAS TELHAS&#8221; font_container=&#8221;tag:h3|font_size:38|text_align:center|color:%23144071&#8243; use_theme_fonts=&#8221;yes&#8221; css_animation=&#8221;bounceInUp&#8221; css=&#8221;.vc_custom_1615478282388{padding-bottom: 10px !important;}&#8221; link=&#8221;|||&#8221;][vc_row_inner css=&#8221;.vc_custom_1524756003100{margin-top: 20px !important;}&#8221;][vc_column_inner width=&#8221;1\/12&#8243; css=&#8221;.vc_custom_1524752722961{padding-right: 20px !important;padding-left: 20px !important;}&#8221;][\/vc_column_inner][vc_column_inner width=&#8221;2\/12&#8243;][vc_single_image image=&#8221;6628&#8243; img_size=&#8221;large&#8221;][vc_custom_heading text=&#8221;HERITAGE&#8221; font_container=&#8221;tag:h3|font_size:20|text_align:center|color:%23000000&#8243; use_theme_fonts=&#8221;yes&#8221; css=&#8221;.vc_custom_1531140121832{padding-bottom: 10px !important;}&#8221; link=&#8221;url:https%3A%2F%2Fwww.decraafrica.com\/pt\/heritage%2F|||&#8221;][\/vc_column_inner][vc_column_inner width=&#8221;2\/12&#8243;][vc_single_image image=&#8221;6629&#8243; img_size=&#8221;large&#8221;][vc_custom_heading text=&#8221;SHAKE&#8221; font_container=&#8221;tag:h3|font_size:20|text_align:center|color:%23000000&#8243; use_theme_fonts=&#8221;yes&#8221; css=&#8221;.vc_custom_1531140132430{padding-bottom: 10px !important;}&#8221; link=&#8221;url:https%3A%2F%2Fwww.decraafrica.com\/pt\/shake-profile\/|||&#8221;][\/vc_column_inner][vc_column_inner width=&#8221;2\/12&#8243;][vc_single_image image=&#8221;6630&#8243; img_size=&#8221;large&#8221;][vc_custom_heading text=&#8221;CLASSIC&#8221; font_container=&#8221;tag:h3|font_size:20|text_align:center|color:%23000000&#8243; use_theme_fonts=&#8221;yes&#8221; css=&#8221;.vc_custom_1531140143550{padding-bottom: 10px !important;}&#8221; link=&#8221;url:https%3A%2F%2Fwww.decraafrica.com\/pt\/classic%2F|||&#8221;][\/vc_column_inner][vc_column_inner width=&#8221;2\/12&#8243;][vc_single_image image=&#8221;6631&#8243; img_size=&#8221;large&#8221;][vc_custom_heading text=&#8221;SLATE&#8221; font_container=&#8221;tag:h3|font_size:20|text_align:center|color:%23000000&#8243; use_theme_fonts=&#8221;yes&#8221; css=&#8221;.vc_custom_1531140155486{padding-bottom: 10px !important;}&#8221; link=&#8221;url:https%3A%2F%2Fwww.decraafrica.com\/pt\/decra-slate%2F|||&#8221;][\/vc_column_inner][vc_column_inner width=&#8221;2\/12&#8243;][vc_single_image image=&#8221;6627&#8243; img_size=&#8221;large&#8221;][vc_custom_heading text=&#8221;MILANO&#8221; font_container=&#8221;tag:h3|font_size:20|text_align:center|color:%23000000&#8243; use_theme_fonts=&#8221;yes&#8221; css=&#8221;.vc_custom_1531140167357{padding-bottom: 10px !important;}&#8221; link=&#8221;url:https%3A%2F%2Fwww.decraafrica.com\/pt\/milano-profile%2F|||&#8221;][\/vc_column_inner][vc_column_inner width=&#8221;1\/12&#8243;][\/vc_column_inner][\/vc_row_inner][\/vc_column][\/vc_row][vc_row full_width=&#8221;stretch_row&#8221; css=&#8221;.vc_custom_1532943974139{margin-top: 0px !important;margin-bottom: 0px !important;padding-top: 40px !important;padding-bottom: 40px !important;background-color: #ffd500 !important;}&#8221;][vc_column width=&#8221;1\/3&#8243;][vc_single_image image=&#8221;12356&#8243; img_size=&#8221;large&#8221; alignment=&#8221;center&#8221;][\/vc_column][vc_column width=&#8221;2\/3&#8243;][vc_custom_heading text=&#8221;PR\u00d3XIMOS PASSOS&#8221; font_container=&#8221;tag:h2|font_size:32|text_align:left|color:%23104471&#8243; use_theme_fonts=&#8221;yes&#8221; el_class=&#8221;heading-title&#8221; css=&#8221;.vc_custom_1614599192416{margin-top: 0px !important;border-top-width: 0px !important;border-bottom-width: 0px !important;padding-top: 0px !important;padding-bottom: 0px !important;}&#8221;][vc_column_text css=&#8221;.vc_custom_1614599204278{margin-top: 0px !important;margin-bottom: 0px !important;padding-top: 0px !important;padding-bottom: 0px !important;}&#8221;]<span style=\"font-size: 22px; color: #144071; font-weight: 500;\"><strong>Estamos aqui para orient\u00e1-lo no processo de sele\u00e7\u00e3o do telhado certo para voc\u00ea.<\/strong><\/span>[\/vc_column_text][vc_column_text css=&#8221;.vc_custom_1614599219354{margin-top: 15px !important;margin-bottom: 15px !important;padding-top: 0px !important;padding-bottom: 0px !important;}&#8221;]<span style=\"font-size: 14px; color: #000;\">Os nossos distribuidores s\u00e3o profissionais que ir\u00e3o ouvir as suas necessidades, fazer recomenda\u00e7\u00f5es e calcular as suas necessidades de cobertura. Para o telhado dos seus sonhos, marque uma reuni\u00e3o no dia e na hora que mais lhe convier &#8230;.. <\/span>[\/vc_column_text][vc_btn title=&#8221;Marque uma reuni\u00e3o agora&#8221; style=&#8221;flat&#8221; shape=&#8221;round&#8221; color=&#8221;primary&#8221; link=&#8221;url:https%3A%2F%2Fwww.decraafrica.com\/pt\/contact%2F|||&#8221;][\/vc_column][\/vc_row]<\/p>\n<\/div>","protected":false},"excerpt":{"rendered":"<p>[vc_row css=&#8221;.vc_custom_1615477803007{margin-top: 50px !important;}&#8221;][vc_column][vc_custom_heading text=&#8221;CARACTER\u00cdSTICAS E BENEF\u00cdCIOS&#8221; font_container=&#8221;tag:h1|font_size:32|text_align:center|color:%23104471&#8243; use_theme_fonts=&#8221;yes&#8221; el_class=&#8221;heading-title&#8221; css=&#8221;.vc_custom_1615477823017{margin-top: 0px !important;border-top-width: 0px !important;border-bottom-width: 0px !important;padding-top: 0px !important;padding-bottom: 0px !important;}&#8221;][\/vc_column][\/vc_row][vc_row gap=&#8221;10&#8243; css=&#8221;.vc_custom_1526486422676{margin-top: 20px !important;margin-bottom: 20px !important;}&#8221;][vc_column width=&#8221;1\/6&#8243; css=&#8221;.vc_custom_1530701236341{margin-top: 0px !important;padding-top: 0px !important;}&#8221;][vc_single_image image=&#8221;6730&#8243; img_size=&#8221;150&#215;150&#8243; alignment=&#8221;right&#8221; css=&#8221;.vc_custom_1530701249707{margin-top: 0px !important;margin-bottom: 0px !important;padding-top: 0px !important;}&#8221;][\/vc_column][vc_column width=&#8221;1\/3&#8243;][vc_custom_heading text=&#8221;GARANTIA DE 50 ANOS&#8221; font_container=&#8221;tag:h2|font_size:20|text_align:left|color:%23000000&#8243; use_theme_fonts=&#8221;yes&#8221;][vc_column_text css=&#8221;.vc_custom_1615477858090{margin-top: 15px !important;margin-bottom: 0px !important;padding-bottom: [&hellip;]<\/p>\n","protected":false},"author":1,"featured_media":0,"parent":0,"menu_order":0,"comment_status":"open","ping_status":"closed","template":"","meta":{"content-type":"","footnotes":""},"class_list":["post-7442","page","type-page","status-publish","hentry"],"_links":{"self":[{"href":"https:\/\/www.decraafrica.com\/pt\/wp-json\/wp\/v2\/pages\/7442","targetHints":{"allow":["GET"]}}],"collection":[{"href":"https:\/\/www.decraafrica.com\/pt\/wp-json\/wp\/v2\/pages"}],"about":[{"href":"https:\/\/www.decraafrica.com\/pt\/wp-json\/wp\/v2\/types\/page"}],"author":[{"embeddable":true,"href":"https:\/\/www.decraafrica.com\/pt\/wp-json\/wp\/v2\/users\/1"}],"replies":[{"embeddable":true,"href":"https:\/\/www.decraafrica.com\/pt\/wp-json\/wp\/v2\/comments?post=7442"}],"version-history":[{"count":6,"href":"https:\/\/www.decraafrica.com\/pt\/wp-json\/wp\/v2\/pages\/7442\/revisions"}],"predecessor-version":[{"id":12948,"href":"https:\/\/www.decraafrica.com\/pt\/wp-json\/wp\/v2\/pages\/7442\/revisions\/12948"}],"wp:attachment":[{"href":"https:\/\/www.decraafrica.com\/pt\/wp-json\/wp\/v2\/media?parent=7442"}],"curies":[{"name":"wp","href":"https:\/\/api.w.org\/{rel}","templated":true}]}}