{"id":8319,"date":"2018-07-17T15:58:12","date_gmt":"2018-07-17T12:58:12","guid":{"rendered":"https:\/\/www.decraafrica.com\/pt\/?page_id=8319"},"modified":"2021-03-01T12:24:10","modified_gmt":"2021-03-01T12:24:10","slug":"coastal-living","status":"publish","type":"page","link":"https:\/\/www.decraafrica.com\/pt\/coastal-living\/","title":{"rendered":"Coastal Living"},"content":{"rendered":"<div class=\"wpb-content-wrapper\"><p>[vc_row css=&#8221;.vc_custom_1614601253871{margin-top: 50px !important;padding-top: 0px !important;padding-bottom: 0px !important;}&#8221;][vc_column][vc_custom_heading text=&#8221;COASTAL LIVING&#8221; font_container=&#8221;tag:h1|font_size:40|text_align:center|color:%23104471&#8243; use_theme_fonts=&#8221;yes&#8221; el_class=&#8221;heading-title&#8221; css=&#8221;.vc_custom_1613651275852{margin-top: 0px !important;border-top-width: 0px !important;border-bottom-width: 0px !important;padding-top: 0px !important;padding-bottom: 0px !important;}&#8221;][\/vc_column][\/vc_row][vc_row full_width=&#8221;stretch_row&#8221; content_placement=&#8221;top&#8221;][vc_column width=&#8221;1\/2&#8243;][vc_column_text css=&#8221;.vc_custom_1614601282328{margin-top: 20px !important;}&#8221;]<\/p>\n<p style=\"font-size: 14px;\"><span style=\"color: #000000;\">Para propriedades na costa, o alto teor de sal no ar geralmente exclui a cobertura de metal de ser uma escolha de material de constru\u00e7\u00e3o. Felizmente, as telhas Decra\u00ae s\u00e3o projetadas e fabricadas para serem usadas nesses ambientes, de modo que os propriet\u00e1rios n\u00e3o precisam perder nenhum dos benef\u00edcios do uso de Decra\u00ae. Vindo da Nova Zel\u00e2ndia, os ladrilhos Decra\u00ae foram inventados para serem usados \u200b\u200bnesta pequena ilha, de modo que n\u00e3o apenas \u201clidam\u201d com ambientes marinhos, eles se destacam neles, tendo um desempenho t\u00e3o bom quanto no interior. <\/span><\/p>\n<p style=\"font-size: 14px;\"><span style=\"color: #000000;\">O gr\u00e1fico abaixo demonstra a diferen\u00e7a no desempenho de um telhado de Alu-zinc Decra\u00ae e um telhado galvanizado. Em ambientes marinhos, um telhado Decra\u00ae durar\u00e1 mais de 4 vezes mais do que um telhado galvanizado, enquanto em ambientes marinhos severos a diferen\u00e7a \u00e9 de 8 vezes. Muitos hot\u00e9is e propriet\u00e1rios de casas nas costas da \u00c1frica escolheram o Decra\u00ae exatamente por este motivo.<\/span><\/p>\n<p>[\/vc_column_text][vc_btn title=&#8221;Baixar certificado de resist\u00eancia \u00e0s intemp\u00e9ries&#8221; style=&#8221;outline&#8221; shape=&#8221;round&#8221; color=&#8221;black&#8221; size=&#8221;sm&#8221; align=&#8221;center&#8221; i_icon_fontawesome=&#8221;&#8221; button_block=&#8221;true&#8221; add_icon=&#8221;true&#8221; link=&#8221;url:https%3A%2F%2Fwww.decraafrica.com\/pt\/wp-content%2Fuploads%2F2018%2F07%2FAHI-2.1.16-Dynamic-Weather-Resistance-AS-2050-1994.pdf|||&#8221;][\/vc_column][vc_column width=&#8221;1\/2&#8243;][vc_single_image image=&#8221;8320&#8243; img_size=&#8221;large&#8221; onclick=&#8221;link_image&#8221;][\/vc_column][\/vc_row][vc_row full_width=&#8221;stretch_row&#8221; content_placement=&#8221;top&#8221;][vc_column width=&#8221;1\/2&#8243;][vc_single_image image=&#8221;8321&#8243; img_size=&#8221;full&#8221;][\/vc_column][vc_column width=&#8221;1\/2&#8243;][vc_column_text css=&#8221;.vc_custom_1614601350051{margin-top: 20px !important;}&#8221;]<\/p>\n<p style=\"font-size: 14px;\"><span style=\"color: #000000;\">A famosa garantia Decra\u00ae de 50 anos tamb\u00e9m \u00e9 100% v\u00e1lida at\u00e9 750m da arrebenta\u00e7\u00e3o. Mesmo se sua propriedade estiver a menos de 750 metros do in\u00edcio das ondas, voc\u00ea ainda receber\u00e1 uma garantia gratuita e totalmente transfer\u00edvel de 25 anos. Observe, no entanto, que nossa garantia \u00e9 v\u00e1lida apenas para a instala\u00e7\u00e3o de pregos ou parafusos ig Decra. Fixa\u00e7\u00f5es inferiores podem causar danos \u00e0 telha. <\/span><\/p>\n<p style=\"font-size: 14px;\"><span style=\"color: #000000;\"><br \/>\nPor d\u00e9cadas, fornecemos com sucesso propriedades costeiras ao longo da costa leste do Qu\u00eania, Tanz\u00e2nia, Mo\u00e7ambique e \u00c1frica do Sul, e nas costas ocidentais de Angola, Gab\u00e3o, Nig\u00e9ria, Gana, Lib\u00e9ria, Costa do Marfim, Serra Leoa, G\u00e2mbia e Senegal.<br \/>\n<\/span><\/p>\n<p>[\/vc_column_text][vc_btn title=&#8221;Envie-nos mais informa\u00e7\u00f5es&#8221; style=&#8221;outline&#8221; shape=&#8221;round&#8221; color=&#8221;black&#8221; size=&#8221;sm&#8221; align=&#8221;center&#8221; i_icon_fontawesome=&#8221;&#8221; button_block=&#8221;true&#8221; add_icon=&#8221;true&#8221; link=&#8221;url:https%3A%2F%2Fwww.decraafrica.com\/pt\/contact%2F|||&#8221;][\/vc_column][\/vc_row][vc_row css=&#8221;.vc_custom_1531832240931{margin-top: 25px !important;}&#8221;][vc_column][vc_custom_heading text=&#8221;COASTAL DECRA TELHADO GALERIA&#8221; font_container=&#8221;tag:h2|font_size:36|text_align:center|color:%23144071&#8243; use_theme_fonts=&#8221;yes&#8221;][vc_column_text]<\/p>\n<div id='gallery-1' class='gallery galleryid-8319 gallery-columns-7 gallery-size-thumbnail'><figure class='gallery-item'>\n\t\t\t<div class='gallery-icon landscape'>\n\t\t\t\t<a href='https:\/\/www.decraafrica.com\/pt\/wp-content\/uploads\/sites\/8\/2018\/11\/16.jpg'><img loading=\"lazy\" decoding=\"async\" width=\"150\" height=\"150\" src=\"https:\/\/www.decraafrica.com\/pt\/wp-content\/uploads\/sites\/8\/2018\/11\/16-150x150.jpg\" class=\"attachment-thumbnail size-thumbnail\" alt=\"\"><\/a>\n\t\t\t<\/div><\/figure><figure class='gallery-item'>\n\t\t\t<div class='gallery-icon landscape'>\n\t\t\t\t<a href='https:\/\/www.decraafrica.com\/pt\/wp-content\/uploads\/sites\/8\/2018\/11\/17.jpg'><img loading=\"lazy\" decoding=\"async\" width=\"150\" height=\"150\" src=\"https:\/\/www.decraafrica.com\/pt\/wp-content\/uploads\/sites\/8\/2018\/11\/17-150x150.jpg\" class=\"attachment-thumbnail size-thumbnail\" alt=\"\"><\/a>\n\t\t\t<\/div><\/figure><figure class='gallery-item'>\n\t\t\t<div class='gallery-icon landscape'>\n\t\t\t\t<a href='https:\/\/www.decraafrica.com\/pt\/wp-content\/uploads\/sites\/8\/2018\/11\/18.jpg'><img loading=\"lazy\" decoding=\"async\" width=\"150\" height=\"150\" src=\"https:\/\/www.decraafrica.com\/pt\/wp-content\/uploads\/sites\/8\/2018\/11\/18-150x150.jpg\" class=\"attachment-thumbnail size-thumbnail\" alt=\"\"><\/a>\n\t\t\t<\/div><\/figure><figure class='gallery-item'>\n\t\t\t<div class='gallery-icon landscape'>\n\t\t\t\t<a href='https:\/\/www.decraafrica.com\/pt\/wp-content\/uploads\/sites\/8\/2018\/11\/19.jpg'><img loading=\"lazy\" decoding=\"async\" width=\"150\" height=\"150\" src=\"https:\/\/www.decraafrica.com\/pt\/wp-content\/uploads\/sites\/8\/2018\/11\/19-150x150.jpg\" class=\"attachment-thumbnail size-thumbnail\" alt=\"\"><\/a>\n\t\t\t<\/div><\/figure><figure class='gallery-item'>\n\t\t\t<div class='gallery-icon landscape'>\n\t\t\t\t<a href='https:\/\/www.decraafrica.com\/pt\/wp-content\/uploads\/sites\/8\/2018\/11\/20.jpg'><img loading=\"lazy\" decoding=\"async\" width=\"150\" height=\"150\" src=\"https:\/\/www.decraafrica.com\/pt\/wp-content\/uploads\/sites\/8\/2018\/11\/20-150x150.jpg\" class=\"attachment-thumbnail size-thumbnail\" alt=\"\"><\/a>\n\t\t\t<\/div><\/figure><figure class='gallery-item'>\n\t\t\t<div class='gallery-icon landscape'>\n\t\t\t\t<a href='https:\/\/www.decraafrica.com\/pt\/wp-content\/uploads\/sites\/8\/2018\/11\/21.jpg'><img loading=\"lazy\" decoding=\"async\" width=\"150\" height=\"150\" src=\"https:\/\/www.decraafrica.com\/pt\/wp-content\/uploads\/sites\/8\/2018\/11\/21-150x150.jpg\" class=\"attachment-thumbnail size-thumbnail\" alt=\"\"><\/a>\n\t\t\t<\/div><\/figure><figure class='gallery-item'>\n\t\t\t<div class='gallery-icon landscape'>\n\t\t\t\t<a href='https:\/\/www.decraafrica.com\/pt\/wp-content\/uploads\/sites\/8\/2018\/11\/22.jpg'><img loading=\"lazy\" decoding=\"async\" width=\"150\" height=\"150\" src=\"https:\/\/www.decraafrica.com\/pt\/wp-content\/uploads\/sites\/8\/2018\/11\/22-150x150.jpg\" class=\"attachment-thumbnail size-thumbnail\" alt=\"\"><\/a>\n\t\t\t<\/div><\/figure><figure class='gallery-item'>\n\t\t\t<div class='gallery-icon landscape'>\n\t\t\t\t<a href='https:\/\/www.decraafrica.com\/pt\/wp-content\/uploads\/sites\/8\/2018\/11\/23.jpg'><img loading=\"lazy\" decoding=\"async\" width=\"150\" height=\"150\" src=\"https:\/\/www.decraafrica.com\/pt\/wp-content\/uploads\/sites\/8\/2018\/11\/23-150x150.jpg\" class=\"attachment-thumbnail size-thumbnail\" alt=\"\" aria-describedby=\"gallery-1-10345\"><\/a>\n\t\t\t<\/div>\n\t\t\t\t<figcaption class='wp-caption-text gallery-caption' id='gallery-1-10345'>\n\t\t\t\tSAMSUNG TECHWIN DIGIMAX-230\n\t\t\t\t<\/figcaption><\/figure><figure class='gallery-item'>\n\t\t\t<div class='gallery-icon landscape'>\n\t\t\t\t<a href='https:\/\/www.decraafrica.com\/pt\/wp-content\/uploads\/sites\/8\/2018\/11\/01.jpg'><img loading=\"lazy\" decoding=\"async\" width=\"150\" height=\"150\" src=\"https:\/\/www.decraafrica.com\/pt\/wp-content\/uploads\/sites\/8\/2018\/11\/01-150x150.jpg\" class=\"attachment-thumbnail size-thumbnail\" alt=\"\"><\/a>\n\t\t\t<\/div><\/figure><figure class='gallery-item'>\n\t\t\t<div class='gallery-icon landscape'>\n\t\t\t\t<a href='https:\/\/www.decraafrica.com\/pt\/wp-content\/uploads\/sites\/8\/2018\/11\/02.jpg'><img loading=\"lazy\" decoding=\"async\" width=\"150\" height=\"150\" src=\"https:\/\/www.decraafrica.com\/pt\/wp-content\/uploads\/sites\/8\/2018\/11\/02-150x150.jpg\" class=\"attachment-thumbnail size-thumbnail\" alt=\"\" aria-describedby=\"gallery-1-10347\"><\/a>\n\t\t\t<\/div>\n\t\t\t\t<figcaption class='wp-caption-text gallery-caption' id='gallery-1-10347'>\n\t\t\t\t{ &#8220;product_id&#8221;: &#8220;090C&#8221;, &#8220;uuid&#8221;: &#8220;D8BAED10E6BF6885C59573D3C54D0679&#8221;, &#8220;run_date&#8221;: &#8220;2017-07-11T124546+0000&#8221;, &#8220;filename&#8221;: &#8220;Bebop_2_2017-07-11T124809+0000_D8BAED.jpg&#8221;, &#8220;media_date&#8221;: &#8220;2017-07-11T124809+0000&#8221; }\n\t\t\t\t<\/figcaption><\/figure><figure class='gallery-item'>\n\t\t\t<div class='gallery-icon landscape'>\n\t\t\t\t<a href='https:\/\/www.decraafrica.com\/pt\/wp-content\/uploads\/sites\/8\/2018\/11\/03.jpg'><img loading=\"lazy\" decoding=\"async\" width=\"150\" height=\"150\" src=\"https:\/\/www.decraafrica.com\/pt\/wp-content\/uploads\/sites\/8\/2018\/11\/03-150x150.jpg\" class=\"attachment-thumbnail size-thumbnail\" alt=\"\"><\/a>\n\t\t\t<\/div><\/figure><figure class='gallery-item'>\n\t\t\t<div class='gallery-icon landscape'>\n\t\t\t\t<a href='https:\/\/www.decraafrica.com\/pt\/wp-content\/uploads\/sites\/8\/2018\/11\/04.jpg'><img loading=\"lazy\" decoding=\"async\" width=\"150\" height=\"150\" src=\"https:\/\/www.decraafrica.com\/pt\/wp-content\/uploads\/sites\/8\/2018\/11\/04-150x150.jpg\" class=\"attachment-thumbnail size-thumbnail\" alt=\"\"><\/a>\n\t\t\t<\/div><\/figure><figure class='gallery-item'>\n\t\t\t<div class='gallery-icon landscape'>\n\t\t\t\t<a href='https:\/\/www.decraafrica.com\/pt\/wp-content\/uploads\/sites\/8\/2018\/11\/05.jpg'><img loading=\"lazy\" decoding=\"async\" width=\"150\" height=\"150\" src=\"https:\/\/www.decraafrica.com\/pt\/wp-content\/uploads\/sites\/8\/2018\/11\/05-150x150.jpg\" class=\"attachment-thumbnail size-thumbnail\" alt=\"\"><\/a>\n\t\t\t<\/div><\/figure><figure class='gallery-item'>\n\t\t\t<div class='gallery-icon landscape'>\n\t\t\t\t<a href='https:\/\/www.decraafrica.com\/pt\/wp-content\/uploads\/sites\/8\/2018\/11\/06.jpg'><img loading=\"lazy\" decoding=\"async\" width=\"150\" height=\"150\" src=\"https:\/\/www.decraafrica.com\/pt\/wp-content\/uploads\/sites\/8\/2018\/11\/06-150x150.jpg\" class=\"attachment-thumbnail size-thumbnail\" alt=\"\"><\/a>\n\t\t\t<\/div><\/figure><figure class='gallery-item'>\n\t\t\t<div class='gallery-icon landscape'>\n\t\t\t\t<a href='https:\/\/www.decraafrica.com\/pt\/wp-content\/uploads\/sites\/8\/2018\/11\/07.jpg'><img loading=\"lazy\" decoding=\"async\" width=\"150\" height=\"150\" src=\"https:\/\/www.decraafrica.com\/pt\/wp-content\/uploads\/sites\/8\/2018\/11\/07-150x150.jpg\" class=\"attachment-thumbnail size-thumbnail\" alt=\"\"><\/a>\n\t\t\t<\/div><\/figure><figure class='gallery-item'>\n\t\t\t<div class='gallery-icon landscape'>\n\t\t\t\t<a href='https:\/\/www.decraafrica.com\/pt\/wp-content\/uploads\/sites\/8\/2018\/11\/08.jpg'><img loading=\"lazy\" decoding=\"async\" width=\"150\" height=\"150\" src=\"https:\/\/www.decraafrica.com\/pt\/wp-content\/uploads\/sites\/8\/2018\/11\/08-150x150.jpg\" class=\"attachment-thumbnail size-thumbnail\" alt=\"\"><\/a>\n\t\t\t<\/div><\/figure><figure class='gallery-item'>\n\t\t\t<div class='gallery-icon landscape'>\n\t\t\t\t<a href='https:\/\/www.decraafrica.com\/pt\/wp-content\/uploads\/sites\/8\/2018\/11\/09.jpg'><img loading=\"lazy\" decoding=\"async\" width=\"150\" height=\"150\" src=\"https:\/\/www.decraafrica.com\/pt\/wp-content\/uploads\/sites\/8\/2018\/11\/09-150x150.jpg\" class=\"attachment-thumbnail size-thumbnail\" alt=\"\"><\/a>\n\t\t\t<\/div><\/figure><figure class='gallery-item'>\n\t\t\t<div class='gallery-icon landscape'>\n\t\t\t\t<a href='https:\/\/www.decraafrica.com\/pt\/wp-content\/uploads\/sites\/8\/2018\/11\/10.jpg'><img loading=\"lazy\" decoding=\"async\" width=\"150\" height=\"150\" src=\"https:\/\/www.decraafrica.com\/pt\/wp-content\/uploads\/sites\/8\/2018\/11\/10-150x150.jpg\" class=\"attachment-thumbnail size-thumbnail\" alt=\"\"><\/a>\n\t\t\t<\/div><\/figure><figure class='gallery-item'>\n\t\t\t<div class='gallery-icon landscape'>\n\t\t\t\t<a href='https:\/\/www.decraafrica.com\/pt\/wp-content\/uploads\/sites\/8\/2018\/11\/11.jpg'><img loading=\"lazy\" decoding=\"async\" width=\"150\" height=\"150\" src=\"https:\/\/www.decraafrica.com\/pt\/wp-content\/uploads\/sites\/8\/2018\/11\/11-150x150.jpg\" class=\"attachment-thumbnail size-thumbnail\" alt=\"\"><\/a>\n\t\t\t<\/div><\/figure><figure class='gallery-item'>\n\t\t\t<div class='gallery-icon landscape'>\n\t\t\t\t<a href='https:\/\/www.decraafrica.com\/pt\/wp-content\/uploads\/sites\/8\/2018\/11\/12.jpg'><img loading=\"lazy\" decoding=\"async\" width=\"150\" height=\"150\" src=\"https:\/\/www.decraafrica.com\/pt\/wp-content\/uploads\/sites\/8\/2018\/11\/12-150x150.jpg\" class=\"attachment-thumbnail size-thumbnail\" alt=\"\"><\/a>\n\t\t\t<\/div><\/figure><figure class='gallery-item'>\n\t\t\t<div class='gallery-icon landscape'>\n\t\t\t\t<a href='https:\/\/www.decraafrica.com\/pt\/wp-content\/uploads\/sites\/8\/2018\/11\/13.jpg'><img loading=\"lazy\" decoding=\"async\" width=\"150\" height=\"150\" src=\"https:\/\/www.decraafrica.com\/pt\/wp-content\/uploads\/sites\/8\/2018\/11\/13-150x150.jpg\" class=\"attachment-thumbnail size-thumbnail\" alt=\"\"><\/a>\n\t\t\t<\/div><\/figure><figure class='gallery-item'>\n\t\t\t<div class='gallery-icon landscape'>\n\t\t\t\t<a href='https:\/\/www.decraafrica.com\/pt\/wp-content\/uploads\/sites\/8\/2018\/11\/14.jpg'><img loading=\"lazy\" decoding=\"async\" width=\"150\" height=\"150\" src=\"https:\/\/www.decraafrica.com\/pt\/wp-content\/uploads\/sites\/8\/2018\/11\/14-150x150.jpg\" class=\"attachment-thumbnail size-thumbnail\" alt=\"\"><\/a>\n\t\t\t<\/div><\/figure><figure class='gallery-item'>\n\t\t\t<div class='gallery-icon landscape'>\n\t\t\t\t<a href='https:\/\/www.decraafrica.com\/pt\/wp-content\/uploads\/sites\/8\/2018\/11\/15.jpg'><img loading=\"lazy\" decoding=\"async\" width=\"150\" height=\"150\" src=\"https:\/\/www.decraafrica.com\/pt\/wp-content\/uploads\/sites\/8\/2018\/11\/15-150x150.jpg\" class=\"attachment-thumbnail size-thumbnail\" alt=\"\"><\/a>\n\t\t\t<\/div><\/figure>\n\t\t<\/div>\n\n<p>[\/vc_column_text][\/vc_column][\/vc_row][vc_row css=&#8221;.vc_custom_1543240575602{margin-top: 0px !important;margin-bottom: 25px !important;padding-top: 0px !important;padding-bottom: 0px !important;}&#8221;][vc_column][vc_custom_heading text=&#8221;NOSSAS TELHAS&#8221; font_container=&#8221;tag:h2|font_size:36|text_align:center|color:%23104471&#8243; use_theme_fonts=&#8221;yes&#8221; el_class=&#8221;heading-title&#8221; css=&#8221;.vc_custom_1614599694446{margin-top: 0px !important;border-top-width: 0px !important;padding-top: 0px !important;padding-bottom: 0px !important;}&#8221;][\/vc_column][\/vc_row][vc_row gap=&#8221;10&#8243; css=&#8221;.vc_custom_1532945117440{margin-bottom: 15px !important;padding-top: 0px !important;}&#8221; el_class=&#8221;our-services&#8221;][vc_column width=&#8221;1\/3&#8243;][vc_column_text]<\/p>\n<div class=\"box\">\n<p><a class=\"profiles\" href=\"https:\/\/www.decraafrica.com\/pt\/classic\/\"><img decoding=\"async\" src=\"https:\/\/www.decraafrica.com\/pt\/\/wp-content\/uploads\/sites\/8\/2017\/11\/classic.png\" alt=\"Decra Classic Tile\" \/><\/a><br \/>\n<img decoding=\"async\" id=\"middle\" class=\"imgB1\" style=\"width: 60px; height: auto;\" src=\"https:\/\/www.decraafrica.com\/pt\/\/wp-content\/uploads\/sites\/8\/2017\/11\/decrabox.jpg\" alt=\"\"><\/p>\n<div class=\"top-right\"><a class=\"profiles\" href=\"https:\/\/www.decraafrica.com\/pt\/classic\/\"><i class=\"fa fa-caret-right\" aria-hidden=\"true\"><\/i>\u00a0Ver perfil<\/a><\/div>\n<div class=\"bottom-right\" style=\"text-align: left;\"><a class=\"profiles\" href=\"https:\/\/www.decraafrica.com\/pt\/classic-gallery\/\"><i class=\"fa fa-caret-right\" aria-hidden=\"true\"><\/i>\u00a0Veja a galeria<\/a><\/div>\n<div class=\"top-left\"><strong><span style=\"font-size: 24px;\">CLASSIC<\/span><\/strong><\/div>\n<\/div>\n<p>[\/vc_column_text][\/vc_column][vc_column width=&#8221;1\/3&#8243;][vc_column_text]<\/p>\n<div class=\"box\">\n<p><a class=\"profiles\" href=\"https:\/\/www.decraafrica.com\/pt\/milano-profile\/\"><img loading=\"lazy\" decoding=\"async\" class=\"alignnone wp-image-2331 size-full\" src=\"https:\/\/www.decraafrica.com\/pt\/\/wp-content\/uploads\/sites\/8\/2017\/11\/milano.png\" alt=\"Decra Milano Tile\" width=\"400\" height=\"235\" \/><\/a><br \/>\n<img decoding=\"async\" id=\"middle\" class=\"imgB1\" style=\"width: 60px; height: auto;\" src=\"https:\/\/www.decraafrica.com\/pt\/wp-content\/uploads\/sites\/8\/2017\/11\/decrabox.jpg\" alt=\"\"><\/p>\n<div class=\"top-right\"><a class=\"profiles\" href=\"https:\/\/www.decraafrica.com\/pt\/milano-profile\"><i class=\"fa fa-caret-right\" aria-hidden=\"true\"><\/i> Ver perfil<\/a><\/div>\n<div class=\"bottom-right\" style=\"text-align: left;\"><a class=\"profiles\" href=\"https:\/\/www.decraafrica.com\/pt\/milano-gallery\/\"><i class=\"fa fa-caret-right\" aria-hidden=\"true\"><\/i> Veja a galeria<\/a><\/div>\n<div class=\"top-left\"><strong><span style=\"font-size: 24px;\">MILANO<\/span><\/strong><\/div>\n<\/div>\n<p>[\/vc_column_text][\/vc_column][vc_column width=&#8221;1\/3&#8243;][vc_column_text]<\/p>\n<div class=\"box\">\n<p><a class=\"profiles\" href=\"https:\/\/www.decraafrica.com\/pt\/shingle-profile\/\"><img decoding=\"async\" class=\"alignnone wp-image-2331 size-full\" src=\"https:\/\/www.decraafrica.com\/pt\/wp-content\/uploads\/sites\/8\/2017\/11\/shingle.png\" alt=\"Decra Shingle Tile\" \/><\/a><br \/>\n<img decoding=\"async\" id=\"middle\" class=\"imgB1\" style=\"width: 60px; height: auto;\" src=\"https:\/\/www.decraafrica.com\/pt\/\/wp-content\/uploads\/sites\/8\/2017\/11\/decrabox.jpg\" alt=\"\"><\/p>\n<div class=\"top-right\"><a class=\"profiles\" href=\"https:\/\/www.decraafrica.com\/pt\/shingle-profile\/\"><i class=\"fa fa-caret-right\" aria-hidden=\"true\"><\/i> Ver perfil<\/a><\/div>\n<div class=\"bottom-right\" style=\"text-align: left;\"><a class=\"profiles\" href=\"https:\/\/www.decraafrica.com\/pt\/shingle-gallery\/\"><i class=\"fa fa-caret-right\" aria-hidden=\"true\"><\/i> Veja a galeria<\/a><\/div>\n<div class=\"top-left\"><strong><span style=\"font-size: 24px;\">SHINGLE<\/span><\/strong><\/div>\n<\/div>\n<p>[\/vc_column_text][\/vc_column][\/vc_row][vc_row el_class=&#8221;our-services&#8221; css=&#8221;.vc_custom_1510242621988{margin-bottom: 0px !important;padding-top: 10px !important;padding-bottom: 30px !important;}&#8221;][vc_column width=&#8221;1\/3&#8243;][vc_column_text]<\/p>\n<div class=\"box\">\n<p><a class=\"profiles\" href=\"https:\/\/www.decraafrica.com\/pt\/decra-slate\/\"><img decoding=\"async\" class=\"alignnone wp-image-2330 size-full\" src=\"https:\/\/www.decraafrica.com\/pt\/\/wp-content\/uploads\/sites\/8\/2017\/11\/slate.jpg\" alt=\"Decra Slate Tile\" \/><\/a><br \/>\n<img decoding=\"async\" id=\"middle\" class=\"imgB1\" style=\"width: 60px; height: auto;\" src=\"https:\/\/www.decraafrica.com\/pt\/\/wp-content\/uploads\/sites\/8\/2017\/11\/decrabox.jpg\" alt=\"\"><\/p>\n<div class=\"top-right\"><a class=\"profiles\" href=\"https:\/\/www.decraafrica.com\/pt\/decra-slate\/\"><i class=\"fa fa-caret-right\" aria-hidden=\"true\"><\/i>\u00a0Ver perfil<\/a><\/div>\n<div class=\"bottom-right\" style=\"text-align: left;\"><a class=\"profiles\" href=\"https:\/\/www.decraafrica.com\/pt\/slate-gallery\/\"><i class=\"fa fa-caret-right\" aria-hidden=\"true\"><\/i>\u00a0Veja a galeria<\/a><\/div>\n<div class=\"top-left\"><strong><span style=\"font-size: 24px;\">SLATE<\/span><\/strong><\/div>\n<\/div>\n<p>[\/vc_column_text][\/vc_column][vc_column width=&#8221;1\/3&#8243;][vc_column_text]<\/p>\n<div class=\"box\">\n<p><a class=\"profiles\" href=\"https:\/\/www.decraafrica.com\/pt\/heritage\"><img decoding=\"async\" class=\"alignnone wp-image-2331 size-full\" src=\"https:\/\/www.decraafrica.com\/pt\/wp-content\/uploads\/sites\/8\/2017\/11\/heritage.png\" alt=\"Decra heritage tile\" \/><\/a><br \/>\n<img decoding=\"async\" id=\"middle\" class=\"imgB1\" style=\"width: 60px; height: auto;\" src=\"https:\/\/www.decraafrica.com\/pt\/\/wp-content\/uploads\/sites\/8\/2017\/11\/decrabox.jpg\" alt=\"\"><\/p>\n<div class=\"top-right\"><a class=\"profiles\" href=\"https:\/\/www.decraafrica.com\/pt\/heritage\/\"><i class=\"fa fa-caret-right\" aria-hidden=\"true\"><\/i>\u00a0Ver perfil<\/a><\/div>\n<div class=\"bottom-right\" style=\"text-align: left;\"><a class=\"profiles\" href=\"https:\/\/www.decraafrica.com\/pt\/heritage-gallery\/\"><i class=\"fa fa-caret-right\" aria-hidden=\"true\"><\/i>\u00a0Veja a galeria<\/a><\/div>\n<div class=\"top-left\"><strong><span style=\"font-size: 24px;\">HERITAGE<\/span><\/strong><\/div>\n<\/div>\n<p>[\/vc_column_text][\/vc_column][vc_column width=&#8221;1\/3&#8243;][vc_column_text]<\/p>\n<div class=\"box\">\n<p><a class=\"profiles\" href=\"https:\/\/www.decraafrica.com\/pt\/shake-profile\/\"><img decoding=\"async\" class=\"alignnone wp-image-5378 size-full\" src=\"https:\/\/www.decraafrica.com\/pt\/\/wp-content\/uploads\/sites\/8\/2017\/11\/shake.png\" alt=\"Decra Shake Tile\" \/><\/a><br \/>\n<img decoding=\"async\" id=\"middle\" class=\"imgB1\" style=\"width: 60px; height: auto;\" src=\"https:\/\/www.decraafrica.com\/pt\/\/wp-content\/uploads\/sites\/8\/2017\/11\/decrabox.jpg\" alt=\"\"><\/p>\n<div class=\"top-right\"><a class=\"profiles\" href=\"https:\/\/www.decraafrica.com\/pt\/shake-profile\/\"><i class=\"fa fa-caret-right\" aria-hidden=\"true\"><\/i>\u00a0Ver perfil<\/a><\/div>\n<div class=\"bottom-right\" style=\"text-align: left;\"><a class=\"profiles\" href=\"https:\/\/www.decraafrica.com\/pt\/shake-gallery\/\"><i class=\"fa fa-caret-right\" aria-hidden=\"true\"><\/i>\u00a0Veja a galeria<\/a><\/div>\n<div class=\"top-left\"><strong><span style=\"font-size: 24px;\">SHAKE<\/span><\/strong><\/div>\n<\/div>\n<p>[\/vc_column_text][\/vc_column][\/vc_row][vc_row full_width=&#8221;stretch_row&#8221; css=&#8221;.vc_custom_1532943974139{margin-top: 0px !important;margin-bottom: 0px !important;padding-top: 40px !important;padding-bottom: 40px !important;background-color: #ffd500 !important;}&#8221;][vc_column width=&#8221;1\/3&#8243;][vc_single_image image=&#8221;12356&#8243; img_size=&#8221;large&#8221; alignment=&#8221;center&#8221;][\/vc_column][vc_column width=&#8221;2\/3&#8243;][vc_custom_heading text=&#8221;PR\u00d3XIMOS PASSOS&#8221; font_container=&#8221;tag:h2|font_size:32|text_align:left|color:%23104471&#8243; use_theme_fonts=&#8221;yes&#8221; el_class=&#8221;heading-title&#8221; css=&#8221;.vc_custom_1614599192416{margin-top: 0px !important;border-top-width: 0px !important;border-bottom-width: 0px !important;padding-top: 0px !important;padding-bottom: 0px !important;}&#8221;][vc_column_text css=&#8221;.vc_custom_1614599204278{margin-top: 0px !important;margin-bottom: 0px !important;padding-top: 0px !important;padding-bottom: 0px !important;}&#8221;]<span style=\"font-size: 22px; color: #144071; font-weight: 500;\"><strong>Estamos aqui para orient\u00e1-lo no processo de sele\u00e7\u00e3o do telhado certo para voc\u00ea.<\/strong><\/span>[\/vc_column_text][vc_column_text css=&#8221;.vc_custom_1614599219354{margin-top: 15px !important;margin-bottom: 15px !important;padding-top: 0px !important;padding-bottom: 0px !important;}&#8221;]<span style=\"font-size: 14px; color: #000;\">Os nossos distribuidores s\u00e3o profissionais que ir\u00e3o ouvir as suas necessidades, fazer recomenda\u00e7\u00f5es e calcular as suas necessidades de cobertura. Para o telhado dos seus sonhos, marque uma reuni\u00e3o no dia e na hora que mais lhe convier &#8230;.. <\/span>[\/vc_column_text][vc_btn title=&#8221;Marque uma reuni\u00e3o agora&#8221; style=&#8221;flat&#8221; shape=&#8221;round&#8221; color=&#8221;primary&#8221; link=&#8221;url:https%3A%2F%2Fwww.decraafrica.com\/pt\/contact%2F|||&#8221;][\/vc_column][\/vc_row]<\/p>\n<\/div>","protected":false},"excerpt":{"rendered":"<p>[vc_row css=&#8221;.vc_custom_1614601253871{margin-top: 50px !important;padding-top: 0px !important;padding-bottom: 0px !important;}&#8221;][vc_column][vc_custom_heading text=&#8221;COASTAL LIVING&#8221; font_container=&#8221;tag:h1|font_size:40|text_align:center|color:%23104471&#8243; use_theme_fonts=&#8221;yes&#8221; el_class=&#8221;heading-title&#8221; css=&#8221;.vc_custom_1613651275852{margin-top: 0px !important;border-top-width: 0px !important;border-bottom-width: 0px !important;padding-top: 0px !important;padding-bottom: 0px !important;}&#8221;][\/vc_column][\/vc_row][vc_row full_width=&#8221;stretch_row&#8221; content_placement=&#8221;top&#8221;][vc_column width=&#8221;1\/2&#8243;][vc_column_text css=&#8221;.vc_custom_1614601282328{margin-top: 20px !important;}&#8221;] Para propriedades na costa, o alto teor de sal no ar geralmente exclui a cobertura de metal de ser uma escolha de material de constru\u00e7\u00e3o. [&hellip;]<\/p>\n","protected":false},"author":1,"featured_media":0,"parent":0,"menu_order":0,"comment_status":"open","ping_status":"closed","template":"","meta":{"content-type":"","footnotes":""},"class_list":["post-8319","page","type-page","status-publish","hentry"],"_links":{"self":[{"href":"https:\/\/www.decraafrica.com\/pt\/wp-json\/wp\/v2\/pages\/8319","targetHints":{"allow":["GET"]}}],"collection":[{"href":"https:\/\/www.decraafrica.com\/pt\/wp-json\/wp\/v2\/pages"}],"about":[{"href":"https:\/\/www.decraafrica.com\/pt\/wp-json\/wp\/v2\/types\/page"}],"author":[{"embeddable":true,"href":"https:\/\/www.decraafrica.com\/pt\/wp-json\/wp\/v2\/users\/1"}],"replies":[{"embeddable":true,"href":"https:\/\/www.decraafrica.com\/pt\/wp-json\/wp\/v2\/comments?post=8319"}],"version-history":[{"count":5,"href":"https:\/\/www.decraafrica.com\/pt\/wp-json\/wp\/v2\/pages\/8319\/revisions"}],"predecessor-version":[{"id":12831,"href":"https:\/\/www.decraafrica.com\/pt\/wp-json\/wp\/v2\/pages\/8319\/revisions\/12831"}],"wp:attachment":[{"href":"https:\/\/www.decraafrica.com\/pt\/wp-json\/wp\/v2\/media?parent=8319"}],"curies":[{"name":"wp","href":"https:\/\/api.w.org\/{rel}","templated":true}]}}