{"id":9826,"date":"2018-09-18T16:28:53","date_gmt":"2018-09-18T13:28:53","guid":{"rendered":"https:\/\/www.decraafrica.com\/pt\/?page_id=9826"},"modified":"2021-03-11T14:05:25","modified_gmt":"2021-03-11T14:05:25","slug":"accessories","status":"publish","type":"page","link":"https:\/\/www.decraafrica.com\/pt\/accessories\/","title":{"rendered":"Acess\u00f3rios de telhado"},"content":{"rendered":"<div class=\"wpb-content-wrapper\"><p>[vc_row][vc_column][vc_custom_heading text=&#8221;Acess\u00f3rios de telhado&#8221; font_container=&#8221;tag:h1|font_size:36|text_align:center|color:%23144071&#8243; use_theme_fonts=&#8221;yes&#8221; css=&#8221;.vc_custom_1615471514445{margin-top: 50px !important;}&#8221;][\/vc_column][\/vc_row][vc_row][vc_column width=&#8221;1\/3&#8243;][vc_single_image image=&#8221;10289&#8243; img_size=&#8221;full&#8221;][vc_custom_heading text=&#8221;Decra\u00ae Foil&#8221; font_container=&#8221;tag:h2|font_size:24|text_align:left|color:%23144071&#8243; use_theme_fonts=&#8221;yes&#8221; css=&#8221;.vc_custom_1531146154164{margin-bottom: 20px !important;}&#8221;][vc_column_text]<span style=\"color: #000000;\">Da mesma forma que um espelho reflete a luz, Decra Foil reflete 95% do calor e reduz o fluxo de calor em 70-80%. Com o clima quente da \u00c1frica, Decra Foil \u00e9 uma barreira eficaz para o calor que entra em casa.<\/span><\/p>\n<p><span style=\"color: #000000;\">Como cerca de 60-70% do calor em uma propriedade \u00e9 gerado pelo telhado, o Decra Foil reduz significativamente as temperaturas internas, o que pode ajudar a reduzir drasticamente o custo do ar condicionado em at\u00e9 25%. Mas Decra Foil faz muito mais. Fabricado em alum\u00ednio polido de alta qualidade e fibra de vidro refor\u00e7ada, atua como barreira contra umidade, vapor d&#8217;\u00e1gua, vento, poeira e insetos. Tamb\u00e9m cont\u00e9m propriedades retardantes de fogo, reduzindo o risco de danos em caso de inc\u00eandio.<\/span>[\/vc_column_text][vc_btn title=&#8221;Navegar Decra Foil&#8221; style=&#8221;outline&#8221; shape=&#8221;round&#8221; color=&#8221;black&#8221; align=&#8221;center&#8221; button_block=&#8221;true&#8221; link=&#8221;url:https%3A%2F%2Fwww.decraafrica.com\/pt\/decrafoil%2F|||&#8221; css=&#8221;.vc_custom_1615471218046{margin-bottom: 20px !important;padding-top: 20px !important;padding-bottom: 20px !important;}&#8221;][\/vc_column][vc_column width=&#8221;1\/3&#8243;][vc_single_image image=&#8221;10291&#8243; img_size=&#8221;full&#8221;][vc_custom_heading text=&#8221;Ventila\u00e7\u00e3o Decra\u00ae&#8221; font_container=&#8221;tag:h2|font_size:24|text_align:left|color:%23144071&#8243; use_theme_fonts=&#8221;yes&#8221; css=&#8221;.vc_custom_1615471258448{margin-bottom: 20px !important;}&#8221;][vc_column_text]<span style=\"color: #000000;\">Os sistemas de ventila\u00e7\u00e3o Decra podem gerar economia no uso do ar condicionado. Ao extrair o ar quente de sua casa, Decra Roof Vents combinado com Decra Foil pode reduzir a temperatura m\u00e9dia ambiente em at\u00e9 5 \u00b0 C. Desenvolvido para fornecer fluxo de ar de alta capacidade, o Ventilador Sanit\u00e1rio \u00e9 ideal para ventila\u00e7\u00e3o de cozinhas e banheiros.<\/span><\/p>\n<p><span style=\"color: #000000;\">J\u00e1 o Decra Cowl Vent \u00e9 uma escolha discreta e eficiente para ventila\u00e7\u00e3o, liberando uma \u00e1rea de 12.500 mm\u00b2.<\/span><\/p>\n<p><span style=\"color: #000000;\">Cada ventila\u00e7\u00e3o \u00e9 constru\u00edda em uma telha Decra revestida de pedra para que corresponda perfeitamente ao telhado e desfrute de estabilidade UV \/ cor, enquanto o design inclui uma grade de malha super fina para evitar que insetos e chuva entrem no telhado.<\/span>[\/vc_column_text][vc_btn title=&#8221;Mostrar ventila\u00e7\u00e3o Decra&#8221; style=&#8221;outline&#8221; shape=&#8221;round&#8221; color=&#8221;black&#8221; align=&#8221;center&#8221; button_block=&#8221;true&#8221; link=&#8221;url:https%3A%2F%2Fwww.decraafrica.com\/pt\/ventilation%2F|||&#8221; css=&#8221;.vc_custom_1615471246089{margin-bottom: 20px !important;padding-top: 20px !important;padding-bottom: 20px !important;}&#8221;][\/vc_column][vc_column width=&#8221;1\/3&#8243;][vc_single_image image=&#8221;10292&#8243; img_size=&#8221;full&#8221;][vc_custom_heading text=&#8221;Decra\u00ae Sun Tunnel&#8221; font_container=&#8221;tag:h2|font_size:24|text_align:left|color:%23144071&#8243; use_theme_fonts=&#8221;yes&#8221; css=&#8221;.vc_custom_1531146165000{margin-bottom: 20px !important;}&#8221;][vc_column_text]<span style=\"color: #000000;\">O Decra Sun Tunnel traz luz natural para dentro de casa, proporcionando um ambiente mais saud\u00e1vel, enquanto reduz os custos de eletricidade.<\/span><\/p>\n<p><span style=\"color: #000000;\">Montado em uma base de perfil Decra genu\u00edno, combina perfeitamente com seus telhados. A c\u00fapula leve captura a luz natural do sol de qualquer \u00e2ngulo e a direciona at\u00e9 mesmo para as \u00e1reas mais escuras de sua casa. Um difusor de vidro duplo reflete a luz atrav\u00e9s do encaixe do teto que se parece com qualquer luz comum. A efici\u00eancia energ\u00e9tica do Decra Sun Tunnel pode fazer com que suas contas de luz e energia caiam. \u00c9 f\u00e1cil de instalar e vem em 3 partes j\u00e1 montadas: Se\u00e7\u00e3o do telhado, Se\u00e7\u00e3o do s\u00f3t\u00e3o e Se\u00e7\u00e3o do teto.<\/span>[\/vc_column_text][vc_btn title=&#8221;Saiba mais sobre t\u00fanel solar&#8221; style=&#8221;outline&#8221; shape=&#8221;round&#8221; color=&#8221;black&#8221; align=&#8221;center&#8221; button_block=&#8221;true&#8221; link=&#8221;url:https%3A%2F%2Fwww.decraafrica.com\/pt\/suntunnels%2F|||&#8221; css=&#8221;.vc_custom_1615471269041{margin-bottom: 20px !important;padding-top: 20px !important;padding-bottom: 20px !important;}&#8221;][\/vc_column][\/vc_row][vc_row full_width=&#8221;stretch_row&#8221; css=&#8221;.vc_custom_1531144955883{padding-top: 25px !important;background-color: #144071 !important;background-position: center !important;background-repeat: no-repeat !important;background-size: cover !important;}&#8221;][vc_column][vc_btn title=&#8221;Baixe o Folheto de Vida Saud\u00e1vel&#8221; style=&#8221;flat&#8221; shape=&#8221;round&#8221; color=&#8221;warning&#8221; i_icon_fontawesome=&#8221;fas fa-download&#8221; add_icon=&#8221;true&#8221; link=&#8221;url:https%3A%2F%2Fwww.decraafrica.com\/pt\/wp-content%2Fuploads%2F2018%2F07%2Fenergy-saving.pdf||target:%20_blank|&#8221; css=&#8221;.vc_custom_1615471454792{margin-left: 200px !important;}&#8221;][vc_btn title=&#8221;Assista ao V\u00eddeo de Vida Saud\u00e1vel&#8221; style=&#8221;flat&#8221; shape=&#8221;round&#8221; color=&#8221;warning&#8221; i_icon_fontawesome=&#8221;far fa-eye&#8221; add_icon=&#8221;true&#8221; custom_onclick=&#8221;true&#8221; link=&#8221;url:%23|||&#8221; custom_onclick_code=&#8221;return lepopup_popup_open(&#8216;VVoDWIWs9fyhabnW&#8217;);&#8221; css=&#8221;.vc_custom_1615471202881{margin-left: 20px !important;}&#8221;][\/vc_column][\/vc_row][vc_row][vc_column width=&#8221;1\/3&#8243;][vc_single_image image=&#8221;10293&#8243; img_size=&#8221;full&#8221;][vc_custom_heading text=&#8221;Janela do telhado&#8221; font_container=&#8221;tag:h2|font_size:24|text_align:left|color:%23144071&#8243; google_fonts=&#8221;font_family:Montserrat%3Aregular%2C700|font_style:700%20bold%20regular%3A700%3Anormal&#8221; css=&#8221;.vc_custom_1615471147552{margin-bottom: 20px !important;}&#8221;][vc_column_text]<span style=\"color: #000000;\">Permitindo a entrada de luz natural em sua casa, a janela Decra Roof abre na parte inferior para fornecer ventila\u00e7\u00e3o extra, espa\u00e7o adicional e vistas panor\u00e2micas.<\/span><\/p>\n<p><span style=\"color: #000000;\">A janela \u00e9 fabricada em policarbonato com filtro de arc\u00edclico. A combina\u00e7\u00e3o tem durabilidade e resist\u00eancia aos raios ultravioleta supremas e \u00e9 \u00e0 prova de impacto contra todos os tipos de clima adverso, incluindo chuvas de mon\u00e7\u00e3o.<\/span><\/p>\n<p><span style=\"color: #000000;\">F\u00e1cil de instalar, a janela de telhado Decra est\u00e1 dispon\u00edvel em todos os perfis de telha Decra genu\u00edno para garantir total seguran\u00e7a clim\u00e1tica ap\u00f3s a instala\u00e7\u00e3o. Medindo 510 x 466 mm, essas janelas v\u00eam com uma estrutura de madeira totalmente refor\u00e7ada e s\u00e3o oferecidas como uma janela de escape para uso em caso de inc\u00eandio.<\/span>[\/vc_column_text][vc_btn title=&#8221;Ver janelas de telhado&#8221; style=&#8221;outline&#8221; shape=&#8221;round&#8221; color=&#8221;black&#8221; align=&#8221;center&#8221; button_block=&#8221;true&#8221; link=&#8221;url:https%3A%2F%2Fwww.decraafrica.com\/pt\/roofwindows%2F|||&#8221; css=&#8221;.vc_custom_1615471136374{margin-bottom: 20px !important;padding-top: 20px !important;padding-bottom: 20px !important;}&#8221;][\/vc_column][vc_column width=&#8221;2\/3&#8243;][\/vc_column][\/vc_row][vc_row content_placement=&#8221;top&#8221; css=&#8221;.vc_custom_1524752651927{padding-top: 20px !important;padding-bottom: 20px !important;}&#8221;][vc_column][vc_custom_heading text=&#8221;SELECIONE OUTROS PERFIS DE DECRA\u00c7\u00c3O&#8221; font_container=&#8221;tag:h2|font_size:32|text_align:center|color:%23144071&#8243; use_theme_fonts=&#8221;yes&#8221; css_animation=&#8221;fadeInDown&#8221; css=&#8221;.vc_custom_1615471116816{margin-bottom: 15px !important;}&#8221;][vc_row_inner css=&#8221;.vc_custom_1524756003100{margin-top: 20px !important;}&#8221;][vc_column_inner width=&#8221;1\/12&#8243; css=&#8221;.vc_custom_1524752722961{padding-right: 20px !important;padding-left: 20px !important;}&#8221;][\/vc_column_inner][vc_column_inner width=&#8221;2\/12&#8243;][vc_single_image image=&#8221;7055&#8243; img_size=&#8221;large&#8221; onclick=&#8221;custom_link&#8221; link=&#8221;https:\/\/www.decraafrica.com\/pt\/shingle-profile\/&#8221;][vc_custom_heading text=&#8221;SHINGLE&#8221; font_container=&#8221;tag:h3|font_size:20PX|text_align:center|color:%23000000&#8243; use_theme_fonts=&#8221;yes&#8221; css_animation=&#8221;bounceInUp&#8221; css=&#8221;.vc_custom_1573643713358{padding-bottom: 10px !important;}&#8221; link=&#8221;url:https%3A%2F%2Fwww.decraafrica.com\/pt%2Fshingle-profile\/|title:Discover%20Decra%20Shingle||&#8221;][\/vc_column_inner][vc_column_inner width=&#8221;2\/12&#8243;][vc_single_image image=&#8221;11960&#8243; img_size=&#8221;large&#8221; onclick=&#8221;custom_link&#8221; link=&#8221;https:\/\/www.decraafrica.com\/pt\/heritage\/&#8221;][vc_custom_heading text=&#8221;HERITAGE&#8221; font_container=&#8221;tag:h3|font_size:20PX|text_align:center|color:%23000000&#8243; use_theme_fonts=&#8221;yes&#8221; css_animation=&#8221;bounceInUp&#8221; css=&#8221;.vc_custom_1531127080433{padding-bottom: 10px !important;}&#8221; link=&#8221;url:https%3A%2F%2Fwww.decraafrica.com\/pt\/heritage%2F|||&#8221;][\/vc_column_inner][vc_column_inner width=&#8221;2\/12&#8243;][vc_single_image image=&#8221;7229&#8243; img_size=&#8221;large&#8221; onclick=&#8221;custom_link&#8221; link=&#8221;https:\/\/www.decraafrica.com\/pt\/milano-profile\/&#8221;][vc_custom_heading text=&#8221;MILANO&#8221; font_container=&#8221;tag:h3|font_size:20PX|text_align:center|color:%23000000&#8243; use_theme_fonts=&#8221;yes&#8221; css_animation=&#8221;bounceInUp&#8221; css=&#8221;.vc_custom_1531127090720{padding-bottom: 10px !important;}&#8221; link=&#8221;url:https%3A%2F%2Fwww.decraafrica.com\/pt\/milano-profile%2F|||&#8221;][\/vc_column_inner][vc_column_inner width=&#8221;2\/12&#8243;][vc_single_image image=&#8221;6631&#8243; img_size=&#8221;large&#8221; onclick=&#8221;custom_link&#8221; link=&#8221;https:\/\/www.decraafrica.com\/pt\/decra-slate\/&#8221;][vc_custom_heading text=&#8221;SLATE&#8221; font_container=&#8221;tag:h3|font_size:20PX|text_align:center|color:%23000000&#8243; use_theme_fonts=&#8221;yes&#8221; css_animation=&#8221;bounceInUp&#8221; css=&#8221;.vc_custom_1531127100429{padding-bottom: 10px !important;}&#8221; link=&#8221;url:https%3A%2F%2Fwww.decraafrica.com\/pt\/decra-slate%2F|||&#8221;][\/vc_column_inner][vc_column_inner width=&#8221;2\/12&#8243;][vc_single_image image=&#8221;6629&#8243; img_size=&#8221;large&#8221; onclick=&#8221;custom_link&#8221; link=&#8221;https:\/\/www.decraafrica.com\/pt\/shake-profile\/&#8221;][vc_custom_heading text=&#8221;SHAKE&#8221; font_container=&#8221;tag:h3|font_size:20PX|text_align:center|color:%23000000&#8243; use_theme_fonts=&#8221;yes&#8221; css_animation=&#8221;bounceInUp&#8221; css=&#8221;.vc_custom_1531127111571{padding-bottom: 10px !important;}&#8221; link=&#8221;url:https%3A%2F%2Fwww.decraafrica.com\/pt\/shake-profile\/|||&#8221;][\/vc_column_inner][vc_column_inner width=&#8221;1\/12&#8243;][\/vc_column_inner][\/vc_row_inner][\/vc_column][\/vc_row][vc_row full_width=&#8221;stretch_row&#8221; css=&#8221;.vc_custom_1532943974139{margin-top: 0px !important;margin-bottom: 0px !important;padding-top: 40px !important;padding-bottom: 40px !important;background-color: #ffd500 !important;}&#8221;][vc_column width=&#8221;1\/3&#8243;][vc_single_image image=&#8221;12356&#8243; img_size=&#8221;large&#8221; alignment=&#8221;center&#8221;][\/vc_column][vc_column width=&#8221;2\/3&#8243;][vc_custom_heading text=&#8221;PR\u00d3XIMOS PASSOS&#8221; font_container=&#8221;tag:h3|font_size:32|text_align:left|color:%23104471&#8243; use_theme_fonts=&#8221;yes&#8221; el_class=&#8221;heading-title&#8221; css=&#8221;.vc_custom_1615471507524{margin-top: 0px !important;border-top-width: 0px !important;border-bottom-width: 0px !important;padding-top: 0px !important;padding-bottom: 0px !important;}&#8221;][vc_column_text css=&#8221;.vc_custom_1614599204278{margin-top: 0px !important;margin-bottom: 0px !important;padding-top: 0px !important;padding-bottom: 0px !important;}&#8221;]<span style=\"font-size: 22px; color: #144071; font-weight: 500;\"><strong>Estamos aqui para orient\u00e1-lo no processo de sele\u00e7\u00e3o do telhado certo para voc\u00ea.<\/strong><\/span>[\/vc_column_text][vc_column_text css=&#8221;.vc_custom_1614599219354{margin-top: 15px !important;margin-bottom: 15px !important;padding-top: 0px !important;padding-bottom: 0px !important;}&#8221;]<span style=\"font-size: 14px; color: #000;\">Os nossos distribuidores s\u00e3o profissionais que ir\u00e3o ouvir as suas necessidades, fazer recomenda\u00e7\u00f5es e calcular as suas necessidades de cobertura. Para o telhado dos seus sonhos, marque uma reuni\u00e3o no dia e na hora que mais lhe convier &#8230;.. <\/span>[\/vc_column_text][vc_btn title=&#8221;Marque uma reuni\u00e3o agora&#8221; style=&#8221;flat&#8221; shape=&#8221;round&#8221; color=&#8221;primary&#8221; link=&#8221;url:https%3A%2F%2Fwww.decraafrica.com\/pt\/contact%2F|||&#8221;][\/vc_column][\/vc_row]<\/p>\n<\/div>","protected":false},"excerpt":{"rendered":"<p>[vc_row][vc_column][vc_custom_heading text=&#8221;Acess\u00f3rios de telhado&#8221; font_container=&#8221;tag:h1|font_size:36|text_align:center|color:%23144071&#8243; use_theme_fonts=&#8221;yes&#8221; css=&#8221;.vc_custom_1615471514445{margin-top: 50px !important;}&#8221;][\/vc_column][\/vc_row][vc_row][vc_column width=&#8221;1\/3&#8243;][vc_single_image image=&#8221;10289&#8243; img_size=&#8221;full&#8221;][vc_custom_heading text=&#8221;Decra\u00ae Foil&#8221; font_container=&#8221;tag:h2|font_size:24|text_align:left|color:%23144071&#8243; use_theme_fonts=&#8221;yes&#8221; css=&#8221;.vc_custom_1531146154164{margin-bottom: 20px !important;}&#8221;][vc_column_text]Da mesma forma que um espelho reflete a luz, Decra Foil reflete 95% do calor e reduz o fluxo de calor em 70-80%. Com o clima quente da \u00c1frica, Decra Foil \u00e9 uma barreira eficaz para o [&hellip;]<\/p>\n","protected":false},"author":1,"featured_media":0,"parent":0,"menu_order":0,"comment_status":"closed","ping_status":"closed","template":"","meta":{"content-type":"","footnotes":""},"class_list":["post-9826","page","type-page","status-publish","hentry"],"_links":{"self":[{"href":"https:\/\/www.decraafrica.com\/pt\/wp-json\/wp\/v2\/pages\/9826","targetHints":{"allow":["GET"]}}],"collection":[{"href":"https:\/\/www.decraafrica.com\/pt\/wp-json\/wp\/v2\/pages"}],"about":[{"href":"https:\/\/www.decraafrica.com\/pt\/wp-json\/wp\/v2\/types\/page"}],"author":[{"embeddable":true,"href":"https:\/\/www.decraafrica.com\/pt\/wp-json\/wp\/v2\/users\/1"}],"replies":[{"embeddable":true,"href":"https:\/\/www.decraafrica.com\/pt\/wp-json\/wp\/v2\/comments?post=9826"}],"version-history":[{"count":7,"href":"https:\/\/www.decraafrica.com\/pt\/wp-json\/wp\/v2\/pages\/9826\/revisions"}],"predecessor-version":[{"id":12938,"href":"https:\/\/www.decraafrica.com\/pt\/wp-json\/wp\/v2\/pages\/9826\/revisions\/12938"}],"wp:attachment":[{"href":"https:\/\/www.decraafrica.com\/pt\/wp-json\/wp\/v2\/media?parent=9826"}],"curies":[{"name":"wp","href":"https:\/\/api.w.org\/{rel}","templated":true}]}}